{"id":22757,"date":"2025-10-27T15:59:54","date_gmt":"2025-10-27T07:59:54","guid":{"rendered":"https:\/\/yebodaglass.com\/?post_type=product&#038;p=22757"},"modified":"2026-04-14T09:35:09","modified_gmt":"2026-04-14T01:35:09","slug":"bulk-empty-jam-pots-for-honey-or-fruit-spread","status":"publish","type":"product","link":"https:\/\/yebodaglass.com\/tr\/bulk-empty-jam-pots-for-honey-or-fruit-spread\/","title":{"rendered":"Bal veya meyve re\u00e7eli i\u00e7in 50 ml - 380 ml aras\u0131 b\u00fcy\u00fck boy bo\u015f re\u00e7el kavanozlar\u0131."},"content":{"rendered":"<p>Bu bo\u015f re\u00e7el kavanozlar\u0131 klasik yivli, kristal berrakl\u0131\u011f\u0131nda camdan yap\u0131lm\u0131\u015f ve g\u00fczel k\u0131rm\u0131z\u0131 beyaz kareli kapaklara sahip. Alt\u0131 farkl\u0131 boyutta mevcuttur.<\/p>\n<h2>\u00dcr\u00fcn \u00d6zellikleri<\/h2>\n<ul>\n<li><strong>Ayn\u0131 kareli kapak:<\/strong> Standart k\u0131rm\u0131z\u0131 ve beyaz kareli kuma\u015f kapak, \u00e7ok sevimli, rustik ve kolayca tan\u0131nabilir bir dekorasyon unsurudur.<\/li>\n<li><strong>Dikey Oluklu Kaplama:<\/strong> Dikey \u00e7izgilerin eklenmesiyle, basit bir kavanoz yarat\u0131c\u0131, dokulu bir tasar\u0131ma d\u00f6n\u00fc\u015f\u00fcyor; bu da \u00fcr\u00fcn\u00fcn g\u00f6rsel \u00e7ekicili\u011fini art\u0131r\u0131yor ve daha tan\u0131n\u0131r hale getiriyor.<\/li>\n<li><strong>\u00c7e\u015fitli Boyutlar Mevcuttur:<\/strong> \u0130htiyac\u0131n\u0131za en uygun bal kavanozunu se\u00e7ebilmeniz i\u00e7in \u00e7e\u015fitli boyutlarda bal kavanozlar\u0131m\u0131z mevcuttur.<\/li>\n<\/ul>\n<h2 style=\"text-align: left;\">Temel \u00d6zellikler<\/h2>\n<table class=\"aligncenter\" style=\"border-collapse: collapse; width: 406.52pt;\" border=\"0\" width=\"542\" cellspacing=\"0\" cellpadding=\"0\">\n<tbody>\n<tr style=\"height: 13.50pt;\">\n<td style=\"height: 13.50pt; width: 90.00pt;\" width=\"120\" height=\"18\">\u00d6zellik<\/td>\n<td style=\"width: 316.50pt;\" width=\"422\">\u015eartname<\/td>\n<\/tr>\n<tr style=\"height: 13.50pt;\">\n<td style=\"height: 13.50pt;\" height=\"18\">Kapasite<\/td>\n<td>50 ml, 100 ml, 150 ml, 200 ml, 250 ml, 380 ml<\/td>\n<\/tr>\n<tr style=\"height: 13.50pt;\">\n<td style=\"height: 13.50pt;\" height=\"18\">\u015eekil<\/td>\n<td>Silindirik<\/td>\n<\/tr>\n<tr style=\"height: 13.50pt;\">\n<td style=\"height: 13.50pt;\" height=\"18\">Boyutlar<\/td>\n<td>3,95\u00d75,3 cm ila 8,7\u00d711,3 cm<\/td>\n<\/tr>\n<tr style=\"height: 13.50pt;\">\n<td style=\"height: 13.50pt;\" height=\"18\">Boyun Tipi<\/td>\n<td>Geni\u015f a\u011f\u0131z (i\u00e7 \u00e7ap\u0131 3,5 cm ila 7 cm aras\u0131)<\/td>\n<\/tr>\n<tr style=\"height: 13.50pt;\">\n<td style=\"height: 13.50pt;\" height=\"18\">Malzeme<\/td>\n<td>\u015eeffaf cam, kuma\u015f contal\u0131 kapak<\/td>\n<\/tr>\n<tr style=\"height: 13.50pt;\">\n<td style=\"height: 13.50pt;\" height=\"18\">Kapak Se\u00e7enekleri<\/td>\n<td>K\u0131rm\u0131z\u0131\/beyaz kareli, d\u00fcz renkler (\u00f6zel sipari\u015f imkan\u0131 mevcuttur)<\/td>\n<\/tr>\n<tr style=\"height: 13.50pt;\">\n<td style=\"height: 13.50pt;\" height=\"18\">En \u0130yisi \u0130\u00e7in<\/td>\n<td>Bal, re\u00e7el, konserveler, hediye setleri<\/td>\n<\/tr>\n<tr style=\"height: 13.50pt;\">\n<td style=\"height: 13.50pt;\" height=\"18\">\u0130deal Kullan\u0131m<\/td>\n<td>Re\u00e7el kavanozlar\u0131, toptan bo\u015f re\u00e7el kavanozlar\u0131<\/td>\n<\/tr>\n<\/tbody>\n<\/table>\n<h2>Ba\u015far\u0131 Hikayesi<\/h2>\n<p>Bir \u0130ngiliz re\u00e7el \u00fcreticisi, bo\u015f re\u00e7el kavanozlar\u0131m\u0131z\u0131 sat\u0131n ald\u0131 ve g\u0131da s\u0131n\u0131f\u0131 kehribar camdan \u00f6zel tasar\u0131m kavanozlar sipari\u015f etti. Tasar\u0131m\u0131n tam uyumlu olmas\u0131 b\u00fcy\u00fck bir ba\u015far\u0131yd\u0131: \u00f6zel kavanozlar onlar\u0131n ticari markas\u0131 haline geldi ve m\u00fc\u015fteri anketine g\u00f6re t\u00fcketicilerin &#039;i markay\u0131 yaln\u0131zca bu kavanozdan tan\u0131yabiliyordu. Kehribar cam, hafif bir \u0131\u015f\u0131k engelleme etkisi sa\u011flad\u0131 ve \u00fcretici bunun hassas re\u00e7ellerinin raf \u00f6mr\u00fcn\u00fc art\u0131rd\u0131\u011f\u0131n\u0131 d\u00fc\u015f\u00fcn\u00fcyor. Bu ba\u015far\u0131ya dayanarak, ABD ve Asya pazar\u0131na yeni bir ihracat program\u0131 ba\u015flatmaya haz\u0131rlan\u0131rken 450.000 adet daha kavanoz sipari\u015f ettiler.<\/p>\n<h2>Bo\u015f Re\u00e7el Kavanozlar\u0131 \u0130\u00e7in \u00d6zelle\u015ftirme \u00d6nerileri<\/h2>\n<ul>\n<li><strong>Kabartmal\u0131 Kapak Logosu:<\/strong> Kapak tepesine g\u00fczel bir kabartma logo yerle\u015ftirilerek zarif ve l\u00fcks bir detay elde edilebilir.<\/li>\n<li><strong>Cam Rengi:<\/strong> I\u015f\u0131k hassasiyeti olan \u00fcr\u00fcnleri korumak ve ayn\u0131 zamanda rafa \u00f6zel bir g\u00f6r\u00fcn\u00fcm kazand\u0131rmak i\u00e7in kehribar veya ye\u015fil cam tercih edin.<\/li>\n<li><strong>\u00d6zel Kapasite:<\/strong> \u00dcr\u00fcnlerinizin a\u011f\u0131rl\u0131\u011f\u0131na veya fiyat\u0131na ba\u011fl\u0131 olarak i\u015fletmenize en uygun kapasiteyi \u00f6zelle\u015ftirmek i\u00e7in bizimle ileti\u015fime ge\u00e7in.<\/li>\n<\/ul>","protected":false},"excerpt":{"rendered":"<p>Dikey \u00e7izgili, vintage tarz\u0131 bo\u015f cam re\u00e7el kavanozlar\u0131. Bal, re\u00e7el veya hediye paketleme i\u00e7in m\u00fckemmeldir. Toplu al\u0131mlarda indirimlerden, h\u0131zl\u0131 teslimattan ve \u00fccretsiz \u00f6rneklerden yararlan\u0131n.<\/p>","protected":false},"featured_media":25456,"template":"","meta":[],"product_brand":[],"product_cat":[127,124,122],"product_tag":[],"class_list":{"0":"post-22757","1":"product","2":"type-product","3":"status-publish","4":"has-post-thumbnail","6":"product_cat-glass-honey-jars","7":"product_cat-custom-glass-jars","8":"product_cat-custom-glass-packaging","10":"first","11":"instock","12":"shipping-taxable","13":"product-type-simple"},"jetpack_sharing_enabled":true,"_links":{"self":[{"href":"https:\/\/yebodaglass.com\/tr\/wp-json\/wp\/v2\/product\/22757","targetHints":{"allow":["GET"]}}],"collection":[{"href":"https:\/\/yebodaglass.com\/tr\/wp-json\/wp\/v2\/product"}],"about":[{"href":"https:\/\/yebodaglass.com\/tr\/wp-json\/wp\/v2\/types\/product"}],"version-history":[{"count":5,"href":"https:\/\/yebodaglass.com\/tr\/wp-json\/wp\/v2\/product\/22757\/revisions"}],"predecessor-version":[{"id":25771,"href":"https:\/\/yebodaglass.com\/tr\/wp-json\/wp\/v2\/product\/22757\/revisions\/25771"}],"wp:featuredmedia":[{"embeddable":true,"href":"https:\/\/yebodaglass.com\/tr\/wp-json\/wp\/v2\/media\/25456"}],"wp:attachment":[{"href":"https:\/\/yebodaglass.com\/tr\/wp-json\/wp\/v2\/media?parent=22757"}],"wp:term":[{"taxonomy":"product_brand","embeddable":true,"href":"https:\/\/yebodaglass.com\/tr\/wp-json\/wp\/v2\/product_brand?post=22757"},{"taxonomy":"product_cat","embeddable":true,"href":"https:\/\/yebodaglass.com\/tr\/wp-json\/wp\/v2\/product_cat?post=22757"},{"taxonomy":"product_tag","embeddable":true,"href":"https:\/\/yebodaglass.com\/tr\/wp-json\/wp\/v2\/product_tag?post=22757"}],"curies":[{"name":"wp","href":"https:\/\/api.w.org\/{rel}","templated":true}]}}