{"id":22744,"date":"2025-10-27T13:12:16","date_gmt":"2025-10-27T05:12:16","guid":{"rendered":"https:\/\/yebodaglass.com\/?post_type=product&#038;p=22744"},"modified":"2026-04-10T13:30:20","modified_gmt":"2026-04-10T05:30:20","slug":"wholesale-unique-honeycomb-glass-jars-for-honey-storage","status":"publish","type":"product","link":"https:\/\/yebodaglass.com\/tr\/wholesale-unique-honeycomb-glass-jars-for-honey-storage\/","title":{"rendered":"Toptan Benzersiz Petek Cam Kavanozlar Bal Saklama \u0130\u00e7in 175ml 380ml 750ml"},"content":{"rendered":"<p>Bu, petek g\u00f6r\u00fcn\u00fcm\u00fcnde yatay dalgal\u0131 desenlere sahip oval \u015fekilli bir cam kavanozdur. Kristal berrakl\u0131\u011f\u0131nda camdan yap\u0131lm\u0131\u015f olup i\u00e7indeki bal\u0131 veya re\u00e7eli m\u00fckemmel bir \u015fekilde sergiler.<\/p>\n<h2>\u00dcr\u00fcn \u00d6zellikleri<\/h2>\n<ul>\n<li><strong>Yatay Petek Oluklu Doku:<\/strong> Kavanoz tasar\u0131m\u0131nda, hem estetik bir g\u00f6r\u00fcn\u00fcm hem de etkili kullan\u0131m sa\u011flayan petek deseni olu\u015fturan derin yatay oluklar bulunmaktad\u0131r.<\/li>\n<li><strong>Canl\u0131 Metal Kapak Se\u00e7enekleri:<\/strong> Markan\u0131z\u0131n raflardaki g\u00f6r\u00fcn\u00fcm\u00fcn\u00fc belirlemek i\u00e7in klasik siyah veya dikkat \u00e7ekici k\u0131rm\u0131z\u0131 metal vidal\u0131 kapak se\u00e7eneklerinden birini tercih edin.<\/li>\n<li><strong>\u00dc\u00e7 farkl\u0131 dekoratif boyut:<\/strong> K\u00fc\u00e7\u00fck, orta ve b\u00fcy\u00fck boy kavanoz tasar\u0131mlar\u0131, \u015firketin tad\u0131ml\u0131k hediyelerden aile boyu porsiyonlara kadar her boyutta \u00fcr\u00fcn sunmas\u0131n\u0131 sa\u011fl\u0131yor.<\/li>\n<\/ul>\n<h2 style=\"text-align: left;\">Temel \u00d6zellikler<\/h2>\n<table class=\"aligncenter\" style=\"border-collapse: collapse; width: 453.02pt;\" border=\"0\" width=\"604\" cellspacing=\"0\" cellpadding=\"0\">\n<tbody>\n<tr style=\"height: 13.50pt;\">\n<td style=\"height: 13.50pt; width: 92.25pt;\" width=\"123\" height=\"18\">\u00d6zellik<\/td>\n<td style=\"width: 360.75pt;\" width=\"481\">\u015eartname<\/td>\n<\/tr>\n<tr style=\"height: 13.50pt;\">\n<td style=\"height: 13.50pt;\" height=\"18\">Kapasite<\/td>\n<td>175ml, 380ml, 750ml<\/td>\n<\/tr>\n<tr style=\"height: 13.50pt;\">\n<td style=\"height: 13.50pt;\" height=\"18\">Boyutlar<\/td>\n<td>6,4\u00d79,5 cm ila 10,2\u00d714,6 cm<\/td>\n<\/tr>\n<tr style=\"height: 13.50pt;\">\n<td style=\"height: 13.50pt;\" height=\"18\">Boyun Tipi<\/td>\n<td>Geni\u015f a\u011f\u0131z (42 mm ila 58 mm)<\/td>\n<\/tr>\n<tr style=\"height: 13.50pt;\">\n<td style=\"height: 13.50pt;\" height=\"18\">Malzeme<\/td>\n<td>\u015eeffaf cam, PP vidal\u0131 kapak<\/td>\n<\/tr>\n<tr style=\"height: 13.50pt;\">\n<td style=\"height: 13.50pt;\" height=\"18\">Kapak Se\u00e7enekleri<\/td>\n<td>Siyah, k\u0131rm\u0131z\u0131 (\u00f6zel renkler mevcuttur)<\/td>\n<\/tr>\n<tr style=\"height: 13.50pt;\">\n<td style=\"height: 13.50pt;\" height=\"18\">En \u0130yisi \u0130\u00e7in<\/td>\n<td>Bal, re\u00e7el, hediye setleri, gurme \u00fcr\u00fcnler<\/td>\n<\/tr>\n<tr style=\"height: 13.50pt;\">\n<td style=\"height: 13.50pt;\" height=\"18\">\u0130deal Kullan\u0131m<\/td>\n<td>Petek cam kavanoz, benzersiz bal kavanozlar\u0131, toplu bal kaplar\u0131<\/td>\n<\/tr>\n<\/tbody>\n<\/table>\n<h2>Ba\u015far\u0131 \u00d6yk\u00fcs\u00fc: Orta Bat\u0131&#039;da Yeni Bir El Yap\u0131m\u0131 Bal Markas\u0131n\u0131n Lansman\u0131<\/h2>\n<p>Orta Bat\u0131&#039;dan bir el yap\u0131m\u0131 bal markas\u0131, mat siyah metal kapaklara serigrafi bask\u0131 y\u00f6ntemiyle ar\u0131 logolar\u0131n\u0131 basarak ki\u015fiselle\u015ftirilmi\u015f ambalaj olu\u015fturmak istedikleri i\u00e7in \u00f6zel bal kavanozlar\u0131m\u0131z\u0131 se\u00e7ti. Bu kavanozlarla markan\u0131n an\u0131nda elde etti\u011fi ba\u015far\u0131, ilk \u00e7eyrekte sosyal medya etkile\u015fiminde 0, fiziksel ma\u011faza gelirlerinde ise art\u0131\u015fa yol a\u00e7t\u0131. Markan\u0131n b\u00fcy\u00fck ba\u015far\u0131s\u0131, yeni aromal\u0131 kremal\u0131 bal ve bal hediye seti koleksiyonunun lansman\u0131 i\u00e7in 380.000 adetlik ek bir sipari\u015fe neden oldu.<\/p>\n<h2>Cam Ambalaj \u00d6zelle\u015ftirme \u00d6nerileri<\/h2>\n<ul>\n<li><strong>Milchflasche<\/strong> Parlak, mat veya ah\u015fap desenli plastik kapaklar se\u00e7erek farkl\u0131 dokular elde edebilirsiniz.<\/li>\n<li><strong>Cam Berrakl\u0131\u011f\u0131:<\/strong> Genellikle \u015feffaf cam kullan\u0131l\u0131r; ancak benzersiz bir g\u00f6r\u00fcn\u00fcm i\u00e7in kehribar veya ye\u015fil gibi hafif renk tonlar\u0131 da sunuyoruz.<\/li>\n<li><strong>Renk Doldurma:<\/strong> Daha \u00e7ekici bir sonu\u00e7 ar\u0131yorsan\u0131z, g\u00f6m\u00fcl\u00fc petek desenini kal\u0131c\u0131 renkli mine ile doldurarak bunu ba\u015farabiliriz.<\/li>\n<li><strong>\u00d6zel Kapasite:<\/strong> Listede olmayan bir beden isterseniz ne olur? Kapasiteyi \u00fcr\u00fcn\u00fcn\u00fcze uyacak \u015fekilde de\u011fi\u015ftirebiliriz.<\/li>\n<\/ul>","protected":false},"excerpt":{"rendered":"<p>\u015e\u0131k, petek desenli, oluklu dokulu ve y\u00fcksek \u015feffafl\u0131\u011fa sahip cam kavanoz. Bal, \u015furup veya re\u00e7el saklamak i\u00e7in m\u00fckemmel, benzersiz bal kavanozlar\u0131. \u00dccretsiz \u00f6rnekler mevcuttur.<\/p>","protected":false},"featured_media":22746,"template":"","meta":[],"product_brand":[],"product_cat":[127,124,122],"product_tag":[],"class_list":{"0":"post-22744","1":"product","2":"type-product","3":"status-publish","4":"has-post-thumbnail","6":"product_cat-glass-honey-jars","7":"product_cat-custom-glass-jars","8":"product_cat-custom-glass-packaging","10":"first","11":"instock","12":"shipping-taxable","13":"product-type-simple"},"jetpack_sharing_enabled":true,"_links":{"self":[{"href":"https:\/\/yebodaglass.com\/tr\/wp-json\/wp\/v2\/product\/22744","targetHints":{"allow":["GET"]}}],"collection":[{"href":"https:\/\/yebodaglass.com\/tr\/wp-json\/wp\/v2\/product"}],"about":[{"href":"https:\/\/yebodaglass.com\/tr\/wp-json\/wp\/v2\/types\/product"}],"version-history":[{"count":5,"href":"https:\/\/yebodaglass.com\/tr\/wp-json\/wp\/v2\/product\/22744\/revisions"}],"predecessor-version":[{"id":25730,"href":"https:\/\/yebodaglass.com\/tr\/wp-json\/wp\/v2\/product\/22744\/revisions\/25730"}],"wp:featuredmedia":[{"embeddable":true,"href":"https:\/\/yebodaglass.com\/tr\/wp-json\/wp\/v2\/media\/22746"}],"wp:attachment":[{"href":"https:\/\/yebodaglass.com\/tr\/wp-json\/wp\/v2\/media?parent=22744"}],"wp:term":[{"taxonomy":"product_brand","embeddable":true,"href":"https:\/\/yebodaglass.com\/tr\/wp-json\/wp\/v2\/product_brand?post=22744"},{"taxonomy":"product_cat","embeddable":true,"href":"https:\/\/yebodaglass.com\/tr\/wp-json\/wp\/v2\/product_cat?post=22744"},{"taxonomy":"product_tag","embeddable":true,"href":"https:\/\/yebodaglass.com\/tr\/wp-json\/wp\/v2\/product_tag?post=22744"}],"curies":[{"name":"wp","href":"https:\/\/api.w.org\/{rel}","templated":true}]}}