{"id":22714,"date":"2025-10-24T17:22:39","date_gmt":"2025-10-24T09:22:39","guid":{"rendered":"https:\/\/yebodaglass.com\/?post_type=product&#038;p=22714"},"modified":"2025-10-27T13:13:23","modified_gmt":"2025-10-27T05:13:23","slug":"wholesale-glass-hexagon-honey-jars-with-dipper","status":"publish","type":"product","link":"https:\/\/yebodaglass.com\/tr\/wholesale-glass-hexagon-honey-jars-with-dipper\/","title":{"rendered":"Toptan Cam Alt\u0131gen Bal Kavanozlar\u0131 (Kep\u00e7eli) 100ml, 220ml, 380ml"},"content":{"rendered":"<p>Bu alt\u0131gen bal kavanozlar\u0131, farkl\u0131 boyutlarda olmalar\u0131, \u015feffaf alt\u0131gen cam g\u00f6vdeleri, do\u011fal ah\u015fap kapaklar\u0131 ve entegre bal ka\u015f\u0131klar\u0131yla m\u00fckemmel bir se\u00e7imdir. Bal\u0131 en iyi \u015fekilde sergilemenin yan\u0131 s\u0131ra, geometrik bir tasar\u0131m\u0131 sade ve pratik bir zarafetle birle\u015ftirirler.<\/p>\n<h2>\u00dcr\u00fcn \u00d6zellikleri<\/h2>\n<ul>\n<li><strong>Alt\u0131gen \u015ei\u015fe:<\/strong> Geometrik cazibesiyle d\u00fczenli alt\u0131gen \u015fekil, bal\u0131n do\u011fal \u00f6zellikleriyle iyi bir uyum sa\u011flar ve g\u00f6rsel kimli\u011fini g\u00fc\u00e7lendirmeye yard\u0131mc\u0131 olur.<\/li>\n<li><strong>Entegre Tasar\u0131m:<\/strong> Bunun yan\u0131 s\u0131ra, kavanozlar\u0131n i\u00e7inde ah\u015fap kapakla uyumlu, do\u011fal ve tutarl\u0131 bir g\u00f6r\u00fcn\u00fcm sa\u011flayan ah\u015fap bir bal kar\u0131\u015ft\u0131r\u0131c\u0131 da bulunmaktad\u0131r.<\/li>\n<li><strong>\u015eeffaf Cam:<\/strong> Bunun yan\u0131 s\u0131ra, \u015feffaf cam, bal\u0131n miktar\u0131n\u0131 ve kalitesini tam olarak g\u00f6rmeyi sa\u011flar ve bu da yeniden doldurmay\u0131 daha kolay hale getirir.<\/li>\n<\/ul>\n<h2 style=\"text-align: left;\">Temel \u00d6zellikler<\/h2>\n<table style=\"border-collapse: collapse; margin-left: auto; margin-right: auto; width: 453.02pt;\" border=\"0\" width=\"604\" cellspacing=\"0\" cellpadding=\"0\">\n<tbody>\n<tr style=\"height: 13.50pt;\">\n<td style=\"height: 13.50pt; width: 92.25pt;\" width=\"123\" height=\"18\">\u00d6zellik<\/td>\n<td style=\"width: 360.75pt;\" width=\"481\">\u015eartname<\/td>\n<\/tr>\n<tr style=\"height: 13.50pt;\">\n<td style=\"height: 13.50pt;\" height=\"18\">Kapasite<\/td>\n<td>100 ml, 220 ml, 380 ml<\/td>\n<\/tr>\n<tr style=\"height: 13.50pt;\">\n<td style=\"height: 13.50pt;\" height=\"18\">\u015eekil<\/td>\n<td>Alt\u0131gen (alt\u0131 kenarl\u0131)<\/td>\n<\/tr>\n<tr style=\"height: 13.50pt;\">\n<td style=\"height: 13.50pt;\" height=\"18\">Boyutlar<\/td>\n<td>7,7\u00d78,3 cm ila 11,7\u00d712,1 cm<\/td>\n<\/tr>\n<tr style=\"height: 13.50pt;\">\n<td style=\"height: 13.50pt;\" height=\"18\">Malzeme<\/td>\n<td>\u015eeffaf cam, masif ah\u015fap kapak ve kep\u00e7e<\/td>\n<\/tr>\n<tr style=\"height: 13.50pt;\">\n<td style=\"height: 13.50pt;\" height=\"18\">Kapak Se\u00e7enekleri<\/td>\n<td>Do\u011fal ah\u015fap (iste\u011fe ba\u011fl\u0131 renk tonu se\u00e7ene\u011fi mevcuttur)<\/td>\n<\/tr>\n<tr style=\"height: 13.50pt;\">\n<td style=\"height: 13.50pt;\" height=\"18\">En \u0130yisi \u0130\u00e7in<\/td>\n<td>Bal, hediye setleri, gurme g\u0131da \u00fcr\u00fcnleri<\/td>\n<\/tr>\n<tr style=\"height: 13.50pt;\">\n<td style=\"height: 13.50pt;\" height=\"18\">\u0130deal Kullan\u0131m<\/td>\n<td>Alt\u0131gen bal kavanozlar\u0131 ve bal ka\u015f\u0131\u011f\u0131, zanaatkar i\u015fletme \u00fcr\u00fcnleri<\/td>\n<\/tr>\n<\/tbody>\n<\/table>\n<h2>Ba\u015far\u0131 \u00d6yk\u00fcs\u00fc: Bir Ar\u0131c\u0131l\u0131k Kooperatifinin B\u00fcy\u00fcmesi<\/h2>\n<p>Taze ballar\u0131n\u0131 en iyi \u015fekilde yans\u0131tacak m\u00fckemmel bir cam bal kab\u0131na ihtiya\u00e7 duyan \u00fcnl\u00fc bir ar\u0131c\u0131l\u0131k kooperatifi, uzun \u00f6m\u00fcrl\u00fcl\u00fc\u011f\u00fc ve \u015f\u0131k g\u00f6r\u00fcn\u00fcm\u00fc nedeniyle 380 ml&#039;lik, kep\u00e7eli cam bal kavanozumuzu tercih etti. \u00dcr\u00fcn\u00fcm\u00fcz\u00fc kullanmaya ba\u015flad\u0131ktan sonraki ilk alt\u0131 ay i\u00e7inde sat\u0131\u015flar\u0131 artt\u0131; bu art\u0131\u015f\u0131n b\u00fcy\u00fck bir k\u0131sm\u0131, kavanozlar\u0131n g\u00fczel tasar\u0131m\u0131ndan kaynaklan\u0131yor ve bu da onlar\u0131 \u00e7ift\u00e7i pazarlar\u0131nda \u00f6ne \u00e7\u0131kard\u0131. Ayr\u0131ca, kavanozla birlikte gelen ka\u015f\u0131\u011f\u0131n kullan\u0131m kolayl\u0131\u011f\u0131 da m\u00fc\u015fterilerden \u00e7ok olumlu geri bildirimler ald\u0131 ve m\u00fc\u015fteri sadakatinde &#039;lik bir art\u0131\u015f sa\u011flad\u0131. \u00dcr\u00fcn kalitesinden ve toplu sipari\u015fler i\u00e7in verimli s\u00fcre\u00e7ten memnun kalan kooperatif, her biri 150.000 kavanozluk \u00fc\u00e7 sipari\u015f daha verdi ve b\u00f6ylece kavanoz, ambalajlar\u0131n\u0131n vazge\u00e7ilmez bir par\u00e7as\u0131 haline geldi.<\/p>\n<h2>Bal Kavanozu \u00d6zelle\u015ftirme \u00d6nerileri<\/h2>\n<ul>\n<li><strong>Kapak Markalamas\u0131:<\/strong> Kavanozun ah\u015fap kapa\u011f\u0131na, s\u0131cak bask\u0131 veya lazer grav\u00fcr y\u00f6ntemiyle \u015firket logonuz bas\u0131labilir.<\/li>\n<li><strong>\u00d6zel Ka\u015f\u0131k:<\/strong> Bal \u00e7ubu\u011funu marka renklerinizle boyayarak veya \u00fczerine k\u00fc\u00e7\u00fck, markal\u0131 bir etiket yap\u0131\u015ft\u0131rarak markan\u0131z\u0131 tan\u0131t\u0131n.<\/li>\n<li><strong>Buzlu cam:<\/strong> \u00dcr\u00fcn\u00fcn \u00e7ekici \u00f6zelliklerinden biri, alt\u0131gen \u015fekilli cama buzlu y\u00fczeyin kazand\u0131rd\u0131\u011f\u0131 yumu\u015fak \u0131\u015f\u0131kl\u0131, \u015f\u0131k g\u00f6r\u00fcn\u00fcm olacakt\u0131r.<\/li>\n<li><strong>\u00d6zel Kapasite:<\/strong> Belirli bir boyutta \u00fcr\u00fcn talep ediyorsan\u0131z, i\u015fletmenizin ihtiya\u00e7lar\u0131na en uygun hacmi belirlemek i\u00e7in sizinle bir toplant\u0131 ayarlayabiliriz.<\/li>\n<\/ul>\n<p>\u00d6nceden haz\u0131rl\u0131kl\u0131 olmak m\u0131 istiyorsunuz? \u0130htiyac\u0131n\u0131z olan toplu bal kavanozu hakk\u0131nda konu\u015fmak ve harika bir toptan fiyat almak i\u00e7in bug\u00fcn bizimle ileti\u015fime ge\u00e7in. \u0130\u015fletmeniz i\u00e7in ideal bal ambalaj\u0131n\u0131 bulman\u0131za yard\u0131mc\u0131 olmam\u0131za izin verin.<\/p>","protected":false},"excerpt":{"rendered":"<p>\uc131\uacf5 \uc0ac\ub840: \uc9c0\uc5ed \uafc0 \uc0dd\uc0b0\uc5c5\uccb4\uc758 \ud310\ub9e4 \uc5ec\uc815<\/p>","protected":false},"featured_media":22736,"template":"","meta":[],"product_brand":[],"product_cat":[122,124,127],"product_tag":[],"class_list":{"0":"post-22714","1":"product","2":"type-product","3":"status-publish","4":"has-post-thumbnail","6":"product_cat-custom-glass-packaging","7":"product_cat-custom-glass-jars","8":"product_cat-glass-honey-jars","10":"first","11":"instock","12":"shipping-taxable","13":"product-type-simple"},"jetpack_sharing_enabled":true,"_links":{"self":[{"href":"https:\/\/yebodaglass.com\/tr\/wp-json\/wp\/v2\/product\/22714","targetHints":{"allow":["GET"]}}],"collection":[{"href":"https:\/\/yebodaglass.com\/tr\/wp-json\/wp\/v2\/product"}],"about":[{"href":"https:\/\/yebodaglass.com\/tr\/wp-json\/wp\/v2\/types\/product"}],"version-history":[{"count":5,"href":"https:\/\/yebodaglass.com\/tr\/wp-json\/wp\/v2\/product\/22714\/revisions"}],"predecessor-version":[{"id":22745,"href":"https:\/\/yebodaglass.com\/tr\/wp-json\/wp\/v2\/product\/22714\/revisions\/22745"}],"wp:featuredmedia":[{"embeddable":true,"href":"https:\/\/yebodaglass.com\/tr\/wp-json\/wp\/v2\/media\/22736"}],"wp:attachment":[{"href":"https:\/\/yebodaglass.com\/tr\/wp-json\/wp\/v2\/media?parent=22714"}],"wp:term":[{"taxonomy":"product_brand","embeddable":true,"href":"https:\/\/yebodaglass.com\/tr\/wp-json\/wp\/v2\/product_brand?post=22714"},{"taxonomy":"product_cat","embeddable":true,"href":"https:\/\/yebodaglass.com\/tr\/wp-json\/wp\/v2\/product_cat?post=22714"},{"taxonomy":"product_tag","embeddable":true,"href":"https:\/\/yebodaglass.com\/tr\/wp-json\/wp\/v2\/product_tag?post=22714"}],"curies":[{"name":"wp","href":"https:\/\/api.w.org\/{rel}","templated":true}]}}