{"id":22702,"date":"2025-10-24T15:45:33","date_gmt":"2025-10-24T07:45:33","guid":{"rendered":"https:\/\/yebodaglass.com\/?post_type=product&#038;p=22702"},"modified":"2025-10-24T17:20:26","modified_gmt":"2025-10-24T09:20:26","slug":"bulk-round-honey-jars-with-lids-and-vertical-stripes","status":"publish","type":"product","link":"https:\/\/yebodaglass.com\/tr\/bulk-round-honey-jars-with-lids-and-vertical-stripes\/","title":{"rendered":"Kapakl\u0131 ve Dikey \u00c7izgili Toplu Yuvarlak Bal Kavanozlar\u0131 150ml 200ml 280ml 380ml"},"content":{"rendered":"<p>Kapakl\u0131 bu bal kavanozlar\u0131, \u015feffaf camdan \u00fcretilmi\u015ftir ve kavanozlar\u0131n \u00fczerinde dikey \u00e7izgiler bulunur. Kapaklar g\u00fcl rengi, k\u0131rm\u0131z\u0131 veya alt\u0131n rengi olabilir. Alt\u0131n renginden kehribara kadar de\u011fi\u015fen bal\u0131 sergilemek i\u00e7in m\u00fckemmel bir ara\u00e7 olmalar\u0131n\u0131n yan\u0131 s\u0131ra, farkl\u0131 boyutlarda sunulmalar\u0131 sayesinde sofistike ve zarif bir \u00e7ekicilik de sergilerler.<\/p>\n<h2>\u00dcr\u00fcn \u00d6zellikleri<\/h2>\n<ul>\n<li><strong>\u015eeffaf Cam:<\/strong> Zava\u0159ovac\u00ed sklenice s \u0161irok\u00fdm hrdlem a v\u00ed\u010dkem<\/li>\n<li><strong>FAQ | Fornitore di imballaggi in vetro YEBODA - Bottiglie e barattoli all&#039;ingrosso<\/strong> \u015ei\u015fenin \u00fczerine sanatsal bir \u015fekilde yay\u0131lm\u0131\u015f g\u00fczel dokulu dikey \u00e7izgili desen, sadece tasar\u0131m\u0131 y\u00fckseltmekle kalm\u0131yor, ayn\u0131 zamanda \u015fi\u015feyi daha g\u00f6r\u00fcn\u00fcr k\u0131l\u0131yor.<\/li>\n<li><strong>\u00c7e\u015fitli Boyutlar:<\/strong> Kullan\u0131m\u0131n\u0131za veya \u00f6zel durumunuza en uygun \u015fi\u015feyi se\u00e7ebilece\u011finiz \u00e7ok \u00e7e\u015fitli boyutlar mevcuttur.<\/li>\n<\/ul>\n<h2 style=\"text-align: left;\">Temel \u00d6zellikler<\/h2>\n<table class=\"aligncenter\" style=\"border-collapse: collapse; width: 412.52pt;\" border=\"0\" width=\"550\" cellspacing=\"0\" cellpadding=\"0\">\n<tbody>\n<tr style=\"height: 13.50pt;\">\n<td style=\"height: 13.50pt; width: 90.00pt;\" width=\"120\" height=\"18\">\u00d6zellik<\/td>\n<td style=\"width: 322.50pt;\" width=\"430\">\u015eartname<\/td>\n<\/tr>\n<tr style=\"height: 13.50pt;\">\n<td style=\"height: 13.50pt;\" height=\"18\">Kapasite<\/td>\n<td>150ml, 200ml, 280ml, 380ml<\/td>\n<\/tr>\n<tr style=\"height: 13.50pt;\">\n<td style=\"height: 13.50pt;\" height=\"18\">\u015eekil<\/td>\n<td>Dikey s\u0131rtl\u0131 yuvarlak<\/td>\n<\/tr>\n<tr style=\"height: 13.50pt;\">\n<td style=\"height: 13.50pt;\" height=\"18\">Boyutlar<\/td>\n<td>6,1\u00d77,4 cm ila 8,5\u00d79,7 cm<\/td>\n<\/tr>\n<tr style=\"height: 13.50pt;\">\n<td style=\"height: 13.50pt;\" height=\"18\">Malzeme<\/td>\n<td>\u015eeffaf cam, PP vidal\u0131 kapak<\/td>\n<\/tr>\n<tr style=\"height: 13.50pt;\">\n<td style=\"height: 13.50pt;\" height=\"18\">Kapak Se\u00e7enekleri<\/td>\n<td>G\u00fcl alt\u0131n, k\u0131rm\u0131z\u0131, alt\u0131n (\u00f6zel renkler mevcuttur)<\/td>\n<\/tr>\n<tr style=\"height: 13.50pt;\">\n<td style=\"height: 13.50pt;\" height=\"18\">\u0130deal Kullan\u0131m<\/td>\n<td>Kapakl\u0131 bal kavanozlar\u0131, bal kavanozu, toplu bal kavanozlar\u0131<\/td>\n<\/tr>\n<\/tbody>\n<\/table>\n<h2>Ba\u015far\u0131 Hikayesi: Marka Fark\u0131ndal\u0131\u011f\u0131 ve Sat\u0131\u015flar \u200b\u200d\u200b\u200c\u200d\u200b\u200d\u200c\u200b\u200d\u200b\u200c\u200d\u200b\u200cGeli\u015fmi\u015f<\/h2>\n<p>Aile i\u015fletmesi olan ar\u0131c\u0131l\u0131k i\u015fletmesinin harika bir \u00fcr\u00fcn\u00fc vard\u0131, ancak ambalaj\u0131 pek de iyi de\u011fildi. Sade, yuvarlak re\u00e7el kavanozlar\u0131n\u0131n sat\u0131\u015flar\u0131 d\u00fc\u015f\u00fckt\u00fc. 280 ml&#039;lik dikey \u00e7izgili bal kavanozlar\u0131m\u0131z\u0131 denemeye karar verdiler ve b\u00f6ylece 3.000 adetlik bir ilk sipari\u015f verdiler. Etkisi hemen g\u00f6r\u00fcld\u00fc. Se\u00e7kin dikey \u00e7izgili tasar\u0131m ve metal kapak, sat\u0131\u015flarda &#039;lik bir art\u0131\u015fa yol a\u00e7t\u0131 ve \u015firket ayr\u0131ca iki gurme g\u0131da abonelik kutusunda yer edinmeyi ba\u015fard\u0131. Tekrarlayan al\u0131\u015fveri\u015f yapan m\u00fc\u015fteri say\u0131s\u0131 artt\u0131. O zamandan beri d\u00fczenli olarak sipari\u015f veriyorlar, bu nedenle her \u00fc\u00e7 ayda bir 100.000 \u015fi\u015fe sat\u0131n ald\u0131lar ve yak\u0131n zamanda 150 ml&#039;lik deneme boyuna geni\u015flettiler.<\/p>\n<h2>\u00d6zel Cam Kavanoz \u00d6nerileri<\/h2>\n<ul>\n<li><strong>\u200b\u200d\u200b\u200c\u200d\u200b\u200d\u200c\u200b\u200d\u200b\u200c\u200d\u200b\u200d\u200cYiv Derinli\u011fi ve Geni\u015fli\u011fi:<\/strong> Dokuyu daha fazla veya daha az g\u00f6rsel olarak g\u00f6stermek i\u00e7in oluk geni\u015fli\u011fini veya s\u0131rtlar aras\u0131ndaki mesafeyi ayarlay\u0131n.<\/li>\n<li><strong>Renkli Cam:<\/strong> \u00d6rne\u011fin a\u00e7\u0131k kehribar gibi yumu\u015fak bir renk, bal\u0131n daha s\u0131cak g\u00f6r\u00fcnmesini sa\u011flaman\u0131n yan\u0131 s\u0131ra onu UV \u0131\u015f\u0131nlar\u0131na kar\u015f\u0131 korumak i\u00e7in de kullan\u0131labilir.<\/li>\n<li><strong>\u00d6zel\u200b\u200d\u200b\u200c\u200d\u200b\u200d\u200c\u200b\u200d\u200b\u200c\u200d\u200b\u200d\u200c Taban \u015eekli:<\/strong> Taban\u0131 biraz alt\u0131gen veya kare \u015fekline \u00e7evirin ancak tutarl\u0131l\u0131k i\u00e7in yuvarlak oluklar\u0131 koruyun.<\/li>\n<\/ul>\n<p>Markan\u0131z\u0131 bir ad\u0131m \u00f6teye ta\u015f\u0131maya ne dersiniz? Toptan bal kavanozu fiyat teklifi almak ve \u00f6zel cam ambalajlar\u0131m\u0131zla sonsuz olas\u0131l\u0131klar\u0131 hayal etmek i\u00e7in bizimle ileti\u015fime ge\u00e7in.<\/p>","protected":false},"excerpt":{"rendered":"<p>Dikey nerv\u00fcrl\u00fc dokuya sahip kapakl\u0131 \u015f\u0131k bal kavanozlar\u0131. Bal, re\u00e7el veya g\u0131da ambalajlar\u0131 i\u00e7in m\u00fckemmel, toplu sipari\u015fler ve marka \u00f6zelle\u015ftirmesi i\u00e7in mevcuttur.<\/p>","protected":false},"featured_media":22705,"template":"","meta":[],"product_brand":[],"product_cat":[122,124,127],"product_tag":[],"class_list":{"0":"post-22702","1":"product","2":"type-product","3":"status-publish","4":"has-post-thumbnail","6":"product_cat-custom-glass-packaging","7":"product_cat-custom-glass-jars","8":"product_cat-glass-honey-jars","10":"first","11":"instock","12":"shipping-taxable","13":"product-type-simple"},"jetpack_sharing_enabled":true,"_links":{"self":[{"href":"https:\/\/yebodaglass.com\/tr\/wp-json\/wp\/v2\/product\/22702","targetHints":{"allow":["GET"]}}],"collection":[{"href":"https:\/\/yebodaglass.com\/tr\/wp-json\/wp\/v2\/product"}],"about":[{"href":"https:\/\/yebodaglass.com\/tr\/wp-json\/wp\/v2\/types\/product"}],"version-history":[{"count":5,"href":"https:\/\/yebodaglass.com\/tr\/wp-json\/wp\/v2\/product\/22702\/revisions"}],"predecessor-version":[{"id":22712,"href":"https:\/\/yebodaglass.com\/tr\/wp-json\/wp\/v2\/product\/22702\/revisions\/22712"}],"wp:featuredmedia":[{"embeddable":true,"href":"https:\/\/yebodaglass.com\/tr\/wp-json\/wp\/v2\/media\/22705"}],"wp:attachment":[{"href":"https:\/\/yebodaglass.com\/tr\/wp-json\/wp\/v2\/media?parent=22702"}],"wp:term":[{"taxonomy":"product_brand","embeddable":true,"href":"https:\/\/yebodaglass.com\/tr\/wp-json\/wp\/v2\/product_brand?post=22702"},{"taxonomy":"product_cat","embeddable":true,"href":"https:\/\/yebodaglass.com\/tr\/wp-json\/wp\/v2\/product_cat?post=22702"},{"taxonomy":"product_tag","embeddable":true,"href":"https:\/\/yebodaglass.com\/tr\/wp-json\/wp\/v2\/product_tag?post=22702"}],"curies":[{"name":"wp","href":"https:\/\/api.w.org\/{rel}","templated":true}]}}