{"id":22695,"date":"2025-10-24T14:50:28","date_gmt":"2025-10-24T06:50:28","guid":{"rendered":"https:\/\/yebodaglass.com\/?post_type=product&#038;p=22695"},"modified":"2026-04-09T15:59:51","modified_gmt":"2026-04-09T07:59:51","slug":"glass-jars-with-lids-wholesale-round-honey-jars-bulk","status":"publish","type":"product","link":"https:\/\/yebodaglass.com\/tr\/glass-jars-with-lids-wholesale-round-honey-jars-bulk\/","title":{"rendered":"Kapakl\u0131 Cam Kavanozlar Toptan Sat\u0131\u015f | 180ml 360ml 500ml 720ml Yuvarlak Bal Kavanozlar\u0131 Toplu Sat\u0131\u015f"},"content":{"rendered":"<p>Bu kapakl\u0131 cam kavanozlar modern bir tasar\u0131ma sahip. Camdan yap\u0131lm\u0131\u015f olup ma\u011faza raflar\u0131nda olduk\u00e7a profesyonel bir g\u00f6r\u00fcn\u00fcm sunuyorlar. Bu da onlar\u0131 farkl\u0131 t\u00fcrdeki \u00fcr\u00fcnlerin ambalajlanmas\u0131 i\u00e7in uygun hale getiriyor. Bu kapakl\u0131 cam kavanozlar bal, j\u00f6le, \u015furup, sos ve hatta mum gibi bir\u00e7ok \u015fey i\u00e7in kullan\u0131labilir. Kavanozun geni\u015f a\u011fz\u0131, i\u00e7indeki \u00fcr\u00fcnleri doldurmay\u0131, saklamay\u0131 ve kullanmay\u0131 kolayla\u015ft\u0131r\u0131yor. Bu nedenle hem b\u00fcy\u00fck hem de k\u00fc\u00e7\u00fck markalar bu kavanozlar\u0131 kullanmay\u0131 tercih ediyor.<\/p>\n<h2>Ba\u015fl\u0131ca \u00d6zellikler<\/h2>\n<ol>\n<li><strong>Dayan\u0131kl\u0131 G\u0131da S\u0131n\u0131f\u0131 Cam<\/strong>Y\u00fcksek beyazl\u0131kta soda-kire\u00e7 cam\u0131ndan \u00fcretilen t\u00fcm yuvarlak bal kavanozlar\u0131m\u0131z dayan\u0131kl\u0131, tekrar kullan\u0131labilir ve g\u0131da saklama ve uzun s\u00fcreli kullan\u0131m i\u00e7in g\u00fcvenlidir.<\/li>\n<li><strong>Tazeli\u011fi Korumak \u0130\u00e7in G\u00fcvenli S\u0131zd\u0131rmazl\u0131k<\/strong>Bas\u0131nca duyarl\u0131 veya folyo astarlarla birle\u015ftirilmi\u015f vidal\u0131 kapak, m\u00fckemmel s\u0131zd\u0131rmazl\u0131k performans\u0131 sa\u011flar; bal, \u015furup ve sos kaplar\u0131 i\u00e7in s\u0131z\u0131nt\u0131 olmadan idealdir.<\/li>\n<li><strong>Markalamaya Haz\u0131r \u00d6zel Tasar\u0131m<\/strong>Profesyonel bir \u00fcretici olarak, toptan bal ve di\u011fer sekt\u00f6rlerdeki i\u015f b\u00fcy\u00fcmenizi desteklemek amac\u0131yla bask\u0131, kaplama, grav\u00fcr ve etiketleme dahil olmak \u00fczere tamamen \u00f6zelle\u015ftirilebilir se\u00e7enekler sunuyoruz.<\/li>\n<\/ol>\n<h2>Temel \u00d6zellikler<\/h2>\n<table style=\"border-collapse: collapse; width: 80%; margin-left: auto; margin-right: auto;\" border=\"0\" width=\"590\" cellspacing=\"0\" cellpadding=\"0\">\n<tbody>\n<tr style=\"height: 13.50pt;\">\n<td style=\"height: 13.50pt; width: 90.00pt;\" width=\"120\" height=\"18\">\u00d6zellik<\/td>\n<td style=\"width: 352.50pt;\" width=\"470\">\u015eartname<\/td>\n<\/tr>\n<tr style=\"height: 13.50pt;\">\n<td style=\"height: 13.50pt;\" height=\"18\">Kapasite<\/td>\n<td>180ml, 360ml, 500ml, 720ml<\/td>\n<\/tr>\n<tr style=\"height: 13.50pt;\">\n<td style=\"height: 13.50pt;\" height=\"18\">\u015eekil<\/td>\n<td>Yuvarlak (silindirik)<\/td>\n<\/tr>\n<tr style=\"height: 13.50pt;\">\n<td style=\"height: 13.50pt;\" height=\"18\">S\u0131zd\u0131rmazl\u0131k Y\u00f6ntemi<\/td>\n<td>Vidal\u0131 kapak<\/td>\n<\/tr>\n<tr style=\"height: 13.50pt;\">\n<td style=\"height: 13.50pt;\" height=\"18\">Malzeme<\/td>\n<td>Y\u00fcksek Beyazl\u0131kta Soda-Kire\u00e7 Cam\u0131<\/td>\n<\/tr>\n<tr style=\"height: 13.50pt;\">\n<td style=\"height: 13.50pt;\" height=\"18\">Kapak Se\u00e7enekleri<\/td>\n<td>siyah plastik kapak, alt\u0131n plastik kapak, g\u00fcm\u00fc\u015f eloksall\u0131 al\u00fcminyum kapak, alt\u0131n eloksall\u0131 al\u00fcminyum kapak, ah\u015fap desenli plastik kapak<\/td>\n<\/tr>\n<tr style=\"height: 13.50pt;\">\n<td style=\"height: 13.50pt;\" height=\"18\">Astarlar<\/td>\n<td>Bas\u0131nca duyarl\u0131 astarlar, al\u00fcminyum folyo astarlar<\/td>\n<\/tr>\n<tr style=\"height: 13.50pt;\">\n<td style=\"height: 13.50pt;\" height=\"18\">Kullan\u0131m Alanlar\u0131<\/td>\n<td>Bal, re\u00e7eller, tah\u0131llar, \u00e7ikolata par\u00e7alar\u0131, i\u00e7ecekler, tozlar vb.<\/td>\n<\/tr>\n<\/tbody>\n<\/table>\n<h2>\u0130\u015fletme Vaka \u00c7al\u0131\u015fmas\u0131<\/h2>\n<p>Almanya&#039;dan organik ar\u0131c\u0131l\u0131k \u00fcr\u00fcnlerinde uzmanla\u015fm\u0131\u015f, \u00fcst d\u00fczey bir butik bal markas\u0131, \u00f6nceki tedarik\u00e7ilerinin cam kaplar\u0131nda s\u00fcrekli olarak ya\u015fad\u0131klar\u0131 s\u0131zd\u0131rmazl\u0131k sorunlar\u0131 nedeniyle bize ba\u015fvurdu. Daha \u00f6nceki bal kavanozlar\u0131 ve \u015fi\u015feleri, ta\u015f\u0131ma s\u0131ras\u0131nda s\u0131k s\u0131k s\u0131z\u0131nt\u0131ya neden oluyor, bu da \u00fcr\u00fcn kalitesini ve m\u00fc\u015fteri g\u00fcvenini etkiliyordu.<\/p>\n<p>Sonra kapakl\u0131 cam kavanozlar\u0131m\u0131z\u0131 kullanmaya ba\u015flad\u0131lar.<\/p>\n<p>Bal\u0131n tazeli\u011fini korumak i\u00e7in alt\u0131n kapakl\u0131 ve al\u00fcminyum folyo astarl\u0131 180 ml ve 360 \u200b\u200bml&#039;lik cam kavanozlar\u0131 tercih ettiler. Ayr\u0131ca, ambalaj\u0131n raflarda daha g\u00fczel g\u00f6r\u00fcnmesi i\u00e7in cam ve kapak \u00fczerine \u00f6zel etiketler konusunda da onlara yard\u0131mc\u0131 olduk.<\/p>\n<p>Sat\u0131\u015flar\u0131 artt\u0131ktan sonra, her \u00fc\u00e7 ayda bir bizden \u00e7ok say\u0131da kavanoz al\u0131yorlar. 10.000 kavanozla ba\u015flad\u0131lar. \u015eimdi her y\u0131l 80.000&#039;den fazla kavanoz al\u0131yorlar. Bu kadar \u00e7ok kavanoz ald\u0131klar\u0131 i\u00e7in onlara iyi bir fiyat verme konusunda onlarla bir anla\u015fmam\u0131z var.<\/p>\n<h2>Kurumsal Al\u0131c\u0131lar \u0130\u00e7in \u00d6zelle\u015ftirme \u0130pu\u00e7lar\u0131<\/h2>\n<ol>\n<li><strong>Bal ve Ar\u0131c\u0131l\u0131k Markalar\u0131 \u0130\u00e7in<\/strong>Alt\u0131n veya ah\u015fap desenli kapaklar ve kabartmal\u0131 logolar kullanarak, el yap\u0131m\u0131 ve organik \u00fcr\u00fcn pazarlar\u0131n\u0131 hedefleyen \u00fcst d\u00fczey bir cam bal kavanozu serisi olu\u015fturun.<\/li>\n<li><strong>Yiyecek ve Sos Markalar\u0131 \u0130\u00e7in<\/strong>Geni\u015f a\u011f\u0131zl\u0131 cam kavanozlar\u0131, s\u0131zd\u0131rmaz sos ve \u015furup ambalaj\u0131 i\u00e7in al\u00fcminyum folyo astarlarla birle\u015ftirerek toplu cam kavanoz tedarikinde kullan\u0131n.<\/li>\n<li><strong>\u00c7oklu \u00dcr\u00fcn Gruplar\u0131 \u0130\u00e7in<\/strong>Farkl\u0131 kapasitelerdeki (180 ml \u2013 720 ml) \u00fcr\u00fcnlerde d\u00fcz kenarl\u0131 tasar\u0131m\u0131 standartla\u015ft\u0131rarak ambalajlar\u0131n\u0131z\u0131 birle\u015ftirin ve toptan cam tedarikinde kaynak bulma karma\u015f\u0131kl\u0131\u011f\u0131n\u0131 azalt\u0131n.<\/li>\n<\/ol>","protected":false},"excerpt":{"rendered":"<p>180ml \u2013 720ml Durable glass jars with lids and round honey jars for wholesale. Ideal for honey, sauce, and storage with custom options and bulk pricing.<\/p>","protected":false},"featured_media":22696,"template":"","meta":[],"product_brand":[],"product_cat":[137,124,122],"product_tag":[],"class_list":{"0":"post-22695","1":"product","2":"type-product","3":"status-publish","4":"has-post-thumbnail","6":"product_cat-glass-jars-with-lids","7":"product_cat-custom-glass-jars","8":"product_cat-custom-glass-packaging","10":"first","11":"instock","12":"shipping-taxable","13":"product-type-simple"},"jetpack_sharing_enabled":true,"_links":{"self":[{"href":"https:\/\/yebodaglass.com\/tr\/wp-json\/wp\/v2\/product\/22695","targetHints":{"allow":["GET"]}}],"collection":[{"href":"https:\/\/yebodaglass.com\/tr\/wp-json\/wp\/v2\/product"}],"about":[{"href":"https:\/\/yebodaglass.com\/tr\/wp-json\/wp\/v2\/types\/product"}],"version-history":[{"count":5,"href":"https:\/\/yebodaglass.com\/tr\/wp-json\/wp\/v2\/product\/22695\/revisions"}],"predecessor-version":[{"id":25704,"href":"https:\/\/yebodaglass.com\/tr\/wp-json\/wp\/v2\/product\/22695\/revisions\/25704"}],"wp:featuredmedia":[{"embeddable":true,"href":"https:\/\/yebodaglass.com\/tr\/wp-json\/wp\/v2\/media\/22696"}],"wp:attachment":[{"href":"https:\/\/yebodaglass.com\/tr\/wp-json\/wp\/v2\/media?parent=22695"}],"wp:term":[{"taxonomy":"product_brand","embeddable":true,"href":"https:\/\/yebodaglass.com\/tr\/wp-json\/wp\/v2\/product_brand?post=22695"},{"taxonomy":"product_cat","embeddable":true,"href":"https:\/\/yebodaglass.com\/tr\/wp-json\/wp\/v2\/product_cat?post=22695"},{"taxonomy":"product_tag","embeddable":true,"href":"https:\/\/yebodaglass.com\/tr\/wp-json\/wp\/v2\/product_tag?post=22695"}],"curies":[{"name":"wp","href":"https:\/\/api.w.org\/{rel}","templated":true}]}}