{"id":22689,"date":"2025-10-24T14:26:22","date_gmt":"2025-10-24T06:26:22","guid":{"rendered":"https:\/\/yebodaglass.com\/?post_type=product&#038;p=22689"},"modified":"2026-04-10T11:31:20","modified_gmt":"2026-04-10T03:31:20","slug":"wholesale-oval-hexagonal-honey-jam-jars-500ml-1000ml","status":"publish","type":"product","link":"https:\/\/yebodaglass.com\/tr\/wholesale-oval-hexagonal-honey-jam-jars-500ml-1000ml\/","title":{"rendered":"Toptan Oval Alt\u0131gen Bal Re\u00e7eli Kavanozlar\u0131 500ml 1000ml"},"content":{"rendered":"<p>Bu alt\u0131gen bal ve re\u00e7el kavanozlar\u0131, tam yuvarlak bir \u015fekil ve alt\u0131 ayr\u0131 dikey kenardan olu\u015fan \u00e7ekici bir tasar\u0131ma sahiptir. Ultra \u015feffaf cam kap, s\u0131zd\u0131rmaz bir conta olu\u015fturan alt\u0131n renkli metal vidal\u0131 kapa\u011fa sahiptir.<\/p>\n<h2>\u00dcr\u00fcn \u00d6zellikleri<\/h2>\n<ul>\n<li><strong>Alt\u0131gen \u015ei\u015fe \u015eekli:<\/strong> Alt\u0131gen y\u00fczeylere sahip yuvarlak, davul \u015feklindeki tasar\u0131m, \u015fi\u015feyi hem g\u00fczelle\u015ftiriyor hem de yap\u0131sal olarak g\u00fc\u00e7lendiriyor.<\/li>\n<li><strong>Alt\u0131n Vidal\u0131 Kapak:<\/strong> Alt\u0131n renkli metal vidal\u0131 kapak, sa\u011flam bir s\u0131zd\u0131rmazl\u0131k sa\u011flayarak nemi ve s\u0131z\u0131nt\u0131lar\u0131 etkili bir \u015fekilde engeller.<\/li>\n<li><strong>\u0130ki Boyut Mevcuttur:<\/strong> \u00dcr\u00fcn, ev t\u00fcketimi, ticari ama\u00e7lar ve hediye paketleme malzemesi olarak kullan\u0131labilecek iki farkl\u0131 boyutta mevcuttur.<\/li>\n<\/ul>\n<h2 style=\"text-align: left;\">Temel \u00d6zellikler<\/h2>\n<table class=\"aligncenter\" style=\"border-collapse: collapse; width: 328.52pt;\" border=\"0\" width=\"438\" cellspacing=\"0\" cellpadding=\"0\">\n<tbody>\n<tr style=\"height: 13.50pt;\">\n<td style=\"height: 13.50pt; width: 90.00pt;\" width=\"120\" height=\"18\">\u00d6zellik<\/td>\n<td style=\"width: 238.50pt;\" width=\"318\">\u015eartname<\/td>\n<\/tr>\n<tr style=\"height: 13.50pt;\">\n<td style=\"height: 13.50pt;\" height=\"18\">Kapasite<\/td>\n<td>500ml, 1000ml<\/td>\n<\/tr>\n<tr style=\"height: 13.50pt;\">\n<td style=\"height: 13.50pt;\" height=\"18\">\u015eekil<\/td>\n<td>Alt\u0131gen<\/td>\n<\/tr>\n<tr style=\"height: 13.50pt;\">\n<td style=\"height: 13.50pt;\" height=\"18\">Boyutlar<\/td>\n<td>8,8\u00d712,5 cm, 10,6\u00d715,7 cm<\/td>\n<\/tr>\n<tr style=\"height: 13.50pt;\">\n<td style=\"height: 13.50pt;\" height=\"18\">Malzeme<\/td>\n<td>\u015eeffaf cam, alt\u0131n PP vidal\u0131 kapak<\/td>\n<\/tr>\n<tr style=\"height: 13.50pt;\">\n<td style=\"height: 13.50pt;\" height=\"18\">Kapak Se\u00e7enekleri<\/td>\n<td>Alt\u0131n (\u00f6zel renkler mevcuttur)<\/td>\n<\/tr>\n<tr style=\"height: 13.50pt;\">\n<td style=\"height: 13.50pt;\" height=\"18\">\u0130deal Kullan\u0131m<\/td>\n<td>Alt\u0131gen bal re\u00e7eli kavanozu, bal kavanozlar\u0131<\/td>\n<\/tr>\n<\/tbody>\n<\/table>\n<h2>Ba\u015far\u0131 Hikayesi<\/h2>\n<p>Manuka bal\u0131 \u00fcreticilerinden biri, alt\u0131gen re\u00e7el kavanozlar\u0131m\u0131z\u0131 se\u00e7ti ve \u00fczerlerine Maori do\u011fas\u0131n\u0131 yans\u0131tan bir tasar\u0131m ve g\u00fcl alt\u0131n rengi kapaklar i\u015fletti. Bu \u00f6zel tasar\u0131m\u0131n sonu\u00e7lar\u0131 etkileyiciydi: kabartmal\u0131 tasar\u0131m ve y\u00fcksek kalite hissi, UMF 20+ ballar\u0131n\u0131n fiyat\u0131n\u0131 art\u0131rd\u0131 ve ay\u0131rt edici ambalaj, m\u00fc\u015fterilerin hediye olarak be\u011fenmesi nedeniyle kendi sitelerindeki do\u011frudan t\u00fcketiciye sat\u0131\u015flar\u0131n\u0131 da oran\u0131nda art\u0131rd\u0131. Bu ba\u015far\u0131ya dayanarak, bir sonraki \u00e7eyrekte 400.000 adet daha bal kavanozu sipari\u015fi verdiler.<\/p>\n<h2>Re\u00e7el Kavanozlar\u0131 \u00d6zelle\u015ftirme \u00d6nerileri<\/h2>\n<ul>\n<li><strong>Cam Rengi:<\/strong> \u00c7o\u011funlukla \u015feffaf cam kullansak da \u0131\u015f\u0131\u011fa duyarl\u0131 malzemeler i\u00e7in kehribar veya ye\u015fil renk se\u00e7enekleri de sunabiliyoruz.<\/li>\n<li><strong>Kapak \u00d6zelle\u015ftirme:<\/strong> \u00d6zel olarak \u00fcretilmi\u015f, s\u0131k\u0131ca kapatan astarlara sahip kapaklar\u0131m\u0131zla, \u00fcr\u00fcn\u00fcn\u00fcz\u00fcn en taze \u015fekilde saklanmas\u0131n\u0131 sa\u011fl\u0131yoruz.<\/li>\n<li><strong>Kabartmal\u0131:<\/strong> Logonuzu veya herhangi bir karma\u015f\u0131k deseni do\u011frudan cam\u0131n \u00fczerine kabartmal\u0131\/y\u00fckseltilmi\u015f olarak yapt\u0131rabilirsiniz, b\u00f6ylece hissedilebilir ve l\u00fcks, \u015f\u0131k bir izlenim yarat\u0131labilir.<\/li>\n<li><strong>Serigrafi Bask\u0131:<\/strong> Camdan yap\u0131lm\u0131\u015f kal\u0131c\u0131 bir seramik marka logosuna (herhangi bir renk) m\u00fcrekkep do\u011frudan uygulanabilir ve bu da parlak ve uzun \u00f6m\u00fcrl\u00fc bir \u015fi\u015fe yarat\u0131r.<\/li>\n<\/ul>","protected":false},"excerpt":{"rendered":"<p>Alt\u0131n kapakl\u0131, \u015f\u0131k oval alt\u0131gen bal re\u00e7eli kavanozlar\u0131. Bal ve re\u00e7el paketlemesi i\u00e7in ideal, \u015feffaf cam tasar\u0131m\u0131, toptan ve \u00f6zel etiketleme i\u00e7in mevcuttur.<\/p>","protected":false},"featured_media":25722,"template":"","meta":[],"product_brand":[],"product_cat":[127,124,122],"product_tag":[],"class_list":{"0":"post-22689","1":"product","2":"type-product","3":"status-publish","4":"has-post-thumbnail","6":"product_cat-glass-honey-jars","7":"product_cat-custom-glass-jars","8":"product_cat-custom-glass-packaging","10":"first","11":"instock","12":"shipping-taxable","13":"product-type-simple"},"jetpack_sharing_enabled":true,"_links":{"self":[{"href":"https:\/\/yebodaglass.com\/tr\/wp-json\/wp\/v2\/product\/22689","targetHints":{"allow":["GET"]}}],"collection":[{"href":"https:\/\/yebodaglass.com\/tr\/wp-json\/wp\/v2\/product"}],"about":[{"href":"https:\/\/yebodaglass.com\/tr\/wp-json\/wp\/v2\/types\/product"}],"version-history":[{"count":5,"href":"https:\/\/yebodaglass.com\/tr\/wp-json\/wp\/v2\/product\/22689\/revisions"}],"predecessor-version":[{"id":25724,"href":"https:\/\/yebodaglass.com\/tr\/wp-json\/wp\/v2\/product\/22689\/revisions\/25724"}],"wp:featuredmedia":[{"embeddable":true,"href":"https:\/\/yebodaglass.com\/tr\/wp-json\/wp\/v2\/media\/25722"}],"wp:attachment":[{"href":"https:\/\/yebodaglass.com\/tr\/wp-json\/wp\/v2\/media?parent=22689"}],"wp:term":[{"taxonomy":"product_brand","embeddable":true,"href":"https:\/\/yebodaglass.com\/tr\/wp-json\/wp\/v2\/product_brand?post=22689"},{"taxonomy":"product_cat","embeddable":true,"href":"https:\/\/yebodaglass.com\/tr\/wp-json\/wp\/v2\/product_cat?post=22689"},{"taxonomy":"product_tag","embeddable":true,"href":"https:\/\/yebodaglass.com\/tr\/wp-json\/wp\/v2\/product_tag?post=22689"}],"curies":[{"name":"wp","href":"https:\/\/api.w.org\/{rel}","templated":true}]}}