{"id":22669,"date":"2025-10-24T13:02:11","date_gmt":"2025-10-24T05:02:11","guid":{"rendered":"https:\/\/yebodaglass.com\/?post_type=product&#038;p=22669"},"modified":"2026-04-10T13:09:23","modified_gmt":"2026-04-10T05:09:23","slug":"wholesale-clear-square-jam-jars-for-canning","status":"publish","type":"product","link":"https:\/\/yebodaglass.com\/tr\/wholesale-clear-square-jam-jars-for-canning\/","title":{"rendered":"Konserveleme i\u00e7in Toptan \u015eeffaf Kare Re\u00e7el Kavanozlar\u0131 100ml \u2013 500ml"},"content":{"rendered":"<p>Bu kare re\u00e7el kavanozlar\u0131, p\u00fcr\u00fczs\u00fcz ve sade bir tasar\u0131ma sahip kristal berrakl\u0131\u011f\u0131nda camdan \u00fcretilmi\u015ftir ve alt\u0131n veya g\u00fcm\u00fc\u015f renkli zarif metal kapaklara sahiptir. M\u00fckemmel s\u0131zd\u0131rmazl\u0131klar\u0131 sayesinde toplu depolama, ev yap\u0131m\u0131 konserveleme ve el yap\u0131m\u0131 \u00fcr\u00fcnlerin paketlenmesi i\u00e7in idealdirler.<\/p>\n<h2>\u00dcr\u00fcn \u00d6zellikleri<\/h2>\n<ul>\n<li><strong>Basit, yuvarlak k\u00f6\u015feli kare \u015fi\u015fe tasar\u0131m\u0131:<\/strong> \u015ei\u015fe tasar\u0131m\u0131, yuvarlak k\u00f6\u015feli kare bir \u015fekle sahip olup, insanlar\u0131n \u015fi\u015feyi tutmas\u0131n\u0131, mutfakta saklama ve hediye paketleme gibi ama\u00e7larla kullanmas\u0131n\u0131 kolayla\u015ft\u0131r\u0131r.<\/li>\n<li><strong>\u0130ki farkl\u0131 renkte s\u0131zd\u0131rma kapa\u011f\u0131 mevcuttur:<\/strong> Sistem, m\u00fc\u015fterilerin kaplar\u0131na vidalayarak nem ve s\u0131z\u0131nt\u0131ya kar\u015f\u0131 koruma sa\u011flayan g\u00fcvenli bir kapatma elde edebilecekleri iki metal kapak sunmaktad\u0131r.<\/li>\n<li><strong>\u00c7e\u015fitli kapasiteler mevcuttur:<\/strong> M\u00fc\u015fterilerin evde t\u00fcketim ama\u00e7l\u0131, ticari \u015fi\u015feleme ihtiya\u00e7lar\u0131, numune da\u011f\u0131t\u0131m\u0131 ve hediye paketleme gereksinimleri i\u00e7in kullanabilece\u011fi \u00e7e\u015fitli boyut se\u00e7eneklerini kapsar.<\/li>\n<\/ul>\n<h2 style=\"text-align: left;\">Temel \u00d6zellikler<\/h2>\n<table class=\"aligncenter\" style=\"border-collapse: collapse; width: 453.02pt;\" border=\"0\" width=\"604\" cellspacing=\"0\" cellpadding=\"0\">\n<tbody>\n<tr style=\"height: 13.50pt;\">\n<td style=\"height: 13.50pt; width: 90.00pt;\" width=\"120\" height=\"18\">\u00d6zellik<\/td>\n<td style=\"width: 363.00pt;\" width=\"484\">\u015eartname<\/td>\n<\/tr>\n<tr style=\"height: 13.50pt;\">\n<td style=\"height: 13.50pt;\" height=\"18\">Kapasite<\/td>\n<td>100ml, 200ml, 280ml, 380ml, 500ml<\/td>\n<\/tr>\n<tr style=\"height: 13.50pt;\">\n<td style=\"height: 13.50pt;\" height=\"18\">\u015eekil<\/td>\n<td>Kare<\/td>\n<\/tr>\n<tr style=\"height: 13.50pt;\">\n<td style=\"height: 13.50pt;\" height=\"18\">Boyutlar<\/td>\n<td>5,8\u00d77,5 cm ila 7,8\u00d713,5 cm<\/td>\n<\/tr>\n<tr style=\"height: 13.50pt;\">\n<td style=\"height: 13.50pt;\" height=\"18\">Malzeme<\/td>\n<td>Garrafas de leite vintage quadradas de 946 ml (32 oz) para atacado. Perfeitas para suco, leite, caf\u00e9s e personaliza\u00e7\u00e3o de marcas. Tampas \u00e0 prova de vazamentos e pre\u00e7os especiais para compras em grande quantidade para empresas e eventos.<\/td>\n<\/tr>\n<tr style=\"height: 13.50pt;\">\n<td style=\"height: 13.50pt;\" height=\"18\">Kapak Se\u00e7enekleri<\/td>\n<td>G\u00fcm\u00fc\u015f, alt\u0131n (\u00f6zel renkler mevcuttur)<\/td>\n<\/tr>\n<tr style=\"height: 13.50pt;\">\n<td style=\"height: 13.50pt;\" height=\"18\">En \u0130yisi \u0130\u00e7in<\/td>\n<td>garrafa de leite<\/td>\n<\/tr>\n<tr style=\"height: 13.50pt;\">\n<td style=\"height: 13.50pt;\" height=\"18\">\u0130deal Kullan\u0131m<\/td>\n<td>Kare re\u00e7el kavanozlar\u0131, konserve i\u00e7in bal kavanozlar\u0131, bal kaplar\u0131<\/td>\n<\/tr>\n<\/tbody>\n<\/table>\n<h2>Ba\u015far\u0131 Hikayesi<\/h2>\n<p>Washington eyaletinde bulunan organik bir meyve \u00e7iftli\u011fi, konserveleme i\u00e7in orta boy kare re\u00e7el kavanozlar\u0131m\u0131z\u0131 ve kabartmal\u0131 meyve desenli g\u00fcm\u00fc\u015f kapaklar\u0131n\u0131 tercih etti. Bu \u00f6zel tasar\u0131mlar\u0131n sonu\u00e7lar\u0131 ola\u011fan\u00fcst\u00fcyd\u00fc: kare kavanozlar, ambalajlama hatlar\u0131nda verimlilik art\u0131\u015f\u0131 sa\u011flad\u0131 ve sofistike ve ki\u015fiselle\u015ftirilmi\u015f g\u00f6r\u00fcn\u00fcm, ulusal bir s\u00fcpermarket zincirinin premium serisiyle s\u00f6zle\u015fme imzalamalar\u0131na ve 500 ma\u011fazaya yay\u0131lmalar\u0131na olanak tan\u0131d\u0131. Bunun \u00fczerine, yaz meyve hasat sezonunda ve yeni el yap\u0131m\u0131 re\u00e7el serileri i\u00e7in 200.000 adet daha kavanoz sipari\u015fi verdiler.<\/p>\n<h2>Konserve Yap\u0131m\u0131 \u0130\u00e7in Re\u00e7el Kavanozlar\u0131 \u00d6zelle\u015ftirme \u00d6nerileri<\/h2>\n<ul>\n<li>\u00d6zel Buzlu Etiket Panelleri: Kare kavanozlar\u0131n bir veya her iki taraf\u0131na e\u015fit, buzlu dikd\u00f6rtgenler yerle\u015ftirilir; b\u00f6ylece etiketlere iyi yap\u0131\u015f\u0131r ve leke olu\u015fmas\u0131 \u00f6nlenir.<\/li>\n<li>Kabartmal\u0131 Kapak Tasar\u0131m\u0131: \u015e\u0131k bir g\u00f6r\u00fcn\u00fcm kazand\u0131rmak i\u00e7in metal kapa\u011f\u0131n \u00fcst\u00fcne \u00f6zel bir logo, \u00e7iftlik ad\u0131 veya meyve\/sebze deseni kabartma olarak i\u015fletebilirsiniz.<\/li>\n<li>Kapak \u0130\u00e7 Kaplama Se\u00e7enekleri: \u00c7ok fazla asit veya ya\u011fl\u0131 yiyecek bulunan yerlerde, \u00e7e\u015fitli malzemelerle (\u00f6rne\u011fin BPA i\u00e7ermeyen plastisol, PVC i\u00e7ermeyen) kaplanabilen kapaklara sahiptir.<\/li>\n<li>Kaymaz Doku: Daha iyi tutu\u015f sa\u011flamak i\u00e7in kare kavanozlar\u0131n kenarlar\u0131na hafif dikey dokular veya buzlu bir y\u00fczey ekleyin.<\/li>\n<\/ul>","protected":false},"excerpt":{"rendered":"<p>\u015eeffaf camdan \u00fcretilmi\u015f, g\u00fcm\u00fc\u015f veya alt\u0131n kapakl\u0131 kare re\u00e7el kavanozlar\u0131. Bal, re\u00e7el veya soslar i\u00e7in idealdir. Fabrikadan do\u011frudan sat\u0131\u015f ve toptan indirimler.<\/p>","protected":false},"featured_media":25726,"template":"","meta":[],"product_brand":[],"product_cat":[127,124,122],"product_tag":[],"class_list":{"0":"post-22669","1":"product","2":"type-product","3":"status-publish","4":"has-post-thumbnail","6":"product_cat-glass-honey-jars","7":"product_cat-custom-glass-jars","8":"product_cat-custom-glass-packaging","10":"first","11":"instock","12":"shipping-taxable","13":"product-type-simple"},"jetpack_sharing_enabled":true,"_links":{"self":[{"href":"https:\/\/yebodaglass.com\/tr\/wp-json\/wp\/v2\/product\/22669","targetHints":{"allow":["GET"]}}],"collection":[{"href":"https:\/\/yebodaglass.com\/tr\/wp-json\/wp\/v2\/product"}],"about":[{"href":"https:\/\/yebodaglass.com\/tr\/wp-json\/wp\/v2\/types\/product"}],"version-history":[{"count":5,"href":"https:\/\/yebodaglass.com\/tr\/wp-json\/wp\/v2\/product\/22669\/revisions"}],"predecessor-version":[{"id":25728,"href":"https:\/\/yebodaglass.com\/tr\/wp-json\/wp\/v2\/product\/22669\/revisions\/25728"}],"wp:featuredmedia":[{"embeddable":true,"href":"https:\/\/yebodaglass.com\/tr\/wp-json\/wp\/v2\/media\/25726"}],"wp:attachment":[{"href":"https:\/\/yebodaglass.com\/tr\/wp-json\/wp\/v2\/media?parent=22669"}],"wp:term":[{"taxonomy":"product_brand","embeddable":true,"href":"https:\/\/yebodaglass.com\/tr\/wp-json\/wp\/v2\/product_brand?post=22669"},{"taxonomy":"product_cat","embeddable":true,"href":"https:\/\/yebodaglass.com\/tr\/wp-json\/wp\/v2\/product_cat?post=22669"},{"taxonomy":"product_tag","embeddable":true,"href":"https:\/\/yebodaglass.com\/tr\/wp-json\/wp\/v2\/product_tag?post=22669"}],"curies":[{"name":"wp","href":"https:\/\/api.w.org\/{rel}","templated":true}]}}