{"id":22577,"date":"2025-10-22T13:09:13","date_gmt":"2025-10-22T05:09:13","guid":{"rendered":"https:\/\/yebodaglass.com\/?post_type=product&#038;p=22577"},"modified":"2025-11-04T11:54:26","modified_gmt":"2025-11-04T03:54:26","slug":"kucuk-yogurt-siseleri-muzlu-sut-cam-siseleri-tedarikcisi","status":"publish","type":"product","link":"https:\/\/yebodaglass.com\/tr\/urun\/kucuk-yogurt-siseleri-muzlu-sut-cam-siseleri-tedarikcisi\/","title":{"rendered":"100 \u2013 200ml Planet K\u00fc\u00e7\u00fck Yo\u011furt \u015ei\u015feleri-Tatl\u0131 Kab\u0131"},"content":{"rendered":"<p>S\u0131radan ve s\u0131zd\u0131ran s\u00fct \u00fcr\u00fcnleri kaplar\u0131ndan s\u0131k\u0131ld\u0131n\u0131z m\u0131? Y\u0131ld\u0131zl\u0131 k\u00fcre \u015feklinde k\u00fc\u00e7\u00fck yo\u011furt \u015fi\u015feleri tasarl\u0131yoruz; art\u0131k s\u0131k\u0131c\u0131 ambalajlara son. Bu muzlu s\u00fct cam \u015fi\u015fe par\u00e7alar\u0131, depolamay\u0131 keyfe d\u00f6n\u00fc\u015ft\u00fcr\u00fcyor. Toplu sipari\u015flerde, markan\u0131z\u0131n havas\u0131na uygun \u00f6zel cam \u015fi\u015feler sunuyoruz.<\/p>\n<h2>\u00dcr\u00fcn \u00d6zellikleri<\/h2>\n<p><strong>Tasar\u0131m \u00d6zellikleri<\/strong><\/p>\n<p>Nesnenin haval\u0131, yuvarlak, gezegen benzeri tasar\u0131m\u0131 farkl\u0131 ve \u00fc\u00e7 boyutlu bir g\u00f6r\u00fcn\u00fcm kazand\u0131r\u0131yor, bu sayede harika bir tatl\u0131 kab\u0131 ve ayn\u0131 zamanda dekoratif ve sergileme \u00f6\u011fesi olarak da kullan\u0131labilir.<\/p>\n<p><strong>Malzeme Kalitesi<\/strong><\/p>\n<p>Son derece \u015feffaf g\u0131da s\u0131n\u0131f\u0131 camdan \u00fcretilen bu \u00fcr\u00fcn kur\u015funsuz, kokusuz ve hem s\u0131ca\u011fa hem de so\u011fu\u011fa dayan\u0131kl\u0131d\u0131r, bu nedenle buzdolab\u0131nda saklamaya, tekrar tekrar y\u0131kamaya ve yeniden kullan\u0131ma uygundur.<\/p>\n<p><strong>Fonksiyonel Performans<\/strong><\/p>\n<p>Geni\u015f a\u011f\u0131z tasar\u0131m\u0131n\u0131n a\u00e7\u0131lmas\u0131, doldurmay\u0131 ve servis etmeyi kolayla\u015ft\u0131r\u0131r, s\u0131k\u0131 bir s\u0131zd\u0131rmazl\u0131k sa\u011flar ve \u00e7e\u015fitli kapak tiplerine (al\u00fcminyum folyo veya plastik) sahipseniz, bunlar\u0131 s\u0131z\u0131nt\u0131lar\u0131 \u00f6nlemek ve \u00fcr\u00fcn\u00fc taze tutmak i\u00e7in kullanabilirsiniz, bu nedenle hem ev hem de i\u015f yeri i\u00e7in m\u00fckemmel bir ara\u00e7t\u0131r.<\/p>\n<h2>Temel \u00d6zellikler<\/h2>\n<table style=\"border-collapse: collapse; width: 80%; margin-left: auto; margin-right: auto;\" border=\"0\" width=\"288\" cellspacing=\"0\" cellpadding=\"0\">\n<tbody>\n<tr style=\"height: 13.50pt;\">\n<td style=\"height: 13.5pt; width: 54pt; text-align: center;\" width=\"72\" height=\"18\">Model<\/td>\n<td style=\"width: 54pt; text-align: center;\" width=\"72\">Kapasite(ml)<\/td>\n<td style=\"width: 54pt; text-align: center;\" width=\"72\">Boyut (cm)<\/td>\n<td style=\"width: 54pt; text-align: center;\" width=\"72\">\u015eekil<\/td>\n<\/tr>\n<tr style=\"height: 13.50pt;\">\n<td style=\"height: 13.5pt; text-align: center;\" align=\"right\" height=\"18\">64010045<\/td>\n<td style=\"text-align: center;\" align=\"right\">100<\/td>\n<td style=\"text-align: center;\">6.9&#215;6.2<\/td>\n<td class=\"et2\" style=\"text-align: center;\" rowspan=\"2\">K\u00fcre Kupas\u0131<\/td>\n<\/tr>\n<tr style=\"height: 13.50pt;\">\n<td style=\"height: 13.5pt; text-align: center;\" align=\"right\" height=\"18\">64020046<\/td>\n<td style=\"text-align: center;\" align=\"right\">200<\/td>\n<td style=\"text-align: center;\">7.9&#215;7.3<\/td>\n<\/tr>\n<\/tbody>\n<\/table>\n<h2>Ba\u015far\u0131 \u00d6rne\u011fi<\/h2>\n<p>G\u00fcney Kore&#039;deki butik bir yo\u011furt fabrikas\u0131ndan, tatl\u0131 \u00fcr\u00fcn serisini geli\u015ftirmek i\u00e7in gezegen \u015feklinde bir cam puding kab\u0131 \u00fcretmemiz i\u00e7in bir sipari\u015f ald\u0131k. Benzersiz kavisli taban tasar\u0131m\u0131, rafta t\u00fcketicilerin dikkatini an\u0131nda \u00e7ekmeyi ba\u015fard\u0131 ve b\u00f6ylece yo\u011furt ve mus markas\u0131na e\u011flenceli, l\u00fcks ve el yap\u0131m\u0131 bir hava katt\u0131.<\/p>\n<p>Marka ayr\u0131ca, s\u0131zd\u0131rmaz bir conta i\u00e7in g\u00fcm\u00fc\u015f al\u00fcminyum kapa\u011f\u0131n tasar\u0131m\u0131n\u0131 de\u011fi\u015ftirdi ve &#034;do\u011fal ve taze&#034; marka temas\u0131na uygun olarak \u00e7i\u00e7ek desenli bir s\u00fcsleme yapt\u0131. Yenilenen ambalaj, \u00fcr\u00fcn\u00fcn yaln\u0131zca g\u00f6r\u00fcn\u00fcm\u00fcn\u00fc de\u011fil, ayn\u0131 zamanda teslimat s\u0131ras\u0131ndaki saklama ko\u015fullar\u0131n\u0131 da iyile\u015ftirdi.<\/p>\n<p>\u00dcr\u00fcn, piyasaya s\u00fcr\u00fclmesinden \u00fc\u00e7 ay sonra perakende sat\u0131\u015flar\u0131nda art\u0131\u015f ya\u015fad\u0131 ve bir\u00e7ok l\u00fcks kafe ve tatl\u0131 d\u00fckkan\u0131nda sat\u0131\u015fa sunuldu.<\/p>\n<h2>\u00d6zelle\u015ftirme K\u0131lavuzunuz<\/h2>\n<ol>\n<li><strong>\u00d6zelle\u015ftirilmi\u015f Kapaklar ve Contalar:<\/strong>\u00d6rne\u011fin, farkl\u0131 renklerde (g\u00fcm\u00fc\u015f, alt\u0131n ve beyaz gibi) metal, plastik veya emniyetli kapaklar gibi bir\u00e7ok kapak se\u00e7ene\u011fi mevcuttur. Ayr\u0131ca, \u00fcr\u00fcn\u00fc daha kullan\u0131\u015fl\u0131 hale getirmek ve g\u00f6rsel olarak m\u00fc\u015fteri \u00e7ekmesini sa\u011flamak i\u00e7in bir marka logosu veya desen bas\u0131labilir.<\/li>\n<li><strong>\u00d6zelle\u015ftirilmi\u015f Y\u00fczey ve Tasar\u0131m:<\/strong>Bu g\u00f6revlerden bir veya daha fazlas\u0131n\u0131 ger\u00e7ekle\u015ftirebiliriz: krema s\u00fcrme, s\u0131cak damgalama, sprey boyama veya ambalaj\u0131n daha modaya uygun ve \u00e7ekici olmas\u0131 i\u00e7in marka mesaj\u0131n\u0131 veya \u015fi\u015fenin dokusunu eklemek \u00fczere \u00e7\u0131kartma.<\/li>\n<\/ol>","protected":false},"excerpt":{"rendered":"<p>Ki\u015fiye \u00f6zel gezegen \u015feklindeki k\u00fc\u00e7\u00fck yo\u011furt \u015fi\u015feleri, muzlu s\u00fct, tatl\u0131lar ve muhallebi i\u00e7in m\u00fckemmeldir. Dayan\u0131kl\u0131, tekrar kullan\u0131labilir ve g\u0131da ambalaj markalar\u0131 i\u00e7in idealdir.<\/p>","protected":false},"featured_media":22595,"template":"","meta":[],"product_brand":[],"product_cat":[124,122,130],"product_tag":[],"class_list":{"0":"post-22577","1":"product","2":"type-product","3":"status-publish","4":"has-post-thumbnail","6":"product_cat-custom-glass-jars","7":"product_cat-custom-glass-packaging","8":"product_cat-glass-yogurt-jars","10":"first","11":"instock","12":"shipping-taxable","13":"product-type-simple"},"jetpack_sharing_enabled":true,"_links":{"self":[{"href":"https:\/\/yebodaglass.com\/tr\/wp-json\/wp\/v2\/product\/22577","targetHints":{"allow":["GET"]}}],"collection":[{"href":"https:\/\/yebodaglass.com\/tr\/wp-json\/wp\/v2\/product"}],"about":[{"href":"https:\/\/yebodaglass.com\/tr\/wp-json\/wp\/v2\/types\/product"}],"version-history":[{"count":5,"href":"https:\/\/yebodaglass.com\/tr\/wp-json\/wp\/v2\/product\/22577\/revisions"}],"predecessor-version":[{"id":22613,"href":"https:\/\/yebodaglass.com\/tr\/wp-json\/wp\/v2\/product\/22577\/revisions\/22613"}],"wp:featuredmedia":[{"embeddable":true,"href":"https:\/\/yebodaglass.com\/tr\/wp-json\/wp\/v2\/media\/22595"}],"wp:attachment":[{"href":"https:\/\/yebodaglass.com\/tr\/wp-json\/wp\/v2\/media?parent=22577"}],"wp:term":[{"taxonomy":"product_brand","embeddable":true,"href":"https:\/\/yebodaglass.com\/tr\/wp-json\/wp\/v2\/product_brand?post=22577"},{"taxonomy":"product_cat","embeddable":true,"href":"https:\/\/yebodaglass.com\/tr\/wp-json\/wp\/v2\/product_cat?post=22577"},{"taxonomy":"product_tag","embeddable":true,"href":"https:\/\/yebodaglass.com\/tr\/wp-json\/wp\/v2\/product_tag?post=22577"}],"curies":[{"name":"wp","href":"https:\/\/api.w.org\/{rel}","templated":true}]}}