{"id":22567,"date":"2025-10-22T10:39:21","date_gmt":"2025-10-22T02:39:21","guid":{"rendered":"https:\/\/yebodaglass.com\/?post_type=product&#038;p=22567"},"modified":"2025-11-04T11:54:40","modified_gmt":"2025-11-04T03:54:40","slug":"yuvarlak-cam-yogurt-sut-si%cc%87sesi%cc%87-kucuk-tatli-kavanozlari-dokme","status":"publish","type":"product","link":"https:\/\/yebodaglass.com\/tr\/yuvarlak-cam-yogurt-sut-si%cc%87sesi%cc%87-kucuk-tatli-kavanozlari-dokme\/","title":{"rendered":"100-300ml Yuvarlak Cam Yo\u011furt S\u00fct \u015ei\u015fesi-K\u00fc\u00e7\u00fck Tatl\u0131 Kavanozlar\u0131 D\u00f6kme"},"content":{"rendered":"<article class=\"text-token-text-primary w-full focus:outline-none [--shadow-height:45px] has-data-writing-block:pointer-events-none has-data-writing-block:-mt-(--shadow-height) has-data-writing-block:pt-(--shadow-height) [&amp;:has([data-writing-block])&gt;*]:pointer-events-auto [content-visibility:auto] supports-[content-visibility:auto]:[contain-intrinsic-size:auto_100lvh] scroll-mt-[calc(var(--header-height)+min(200px,max(70px,20svh)))]\" dir=\"auto\" tabindex=\"-1\" data-turn-id=\"request-68f5dfe9-a6a4-8332-b080-aa3dc157db0d-1\" data-testid=\"conversation-turn-42\" data-scroll-anchor=\"true\" data-turn=\"assistant\">S\u0131k\u0131c\u0131 g\u00f6r\u00fcnen veya s\u0131zd\u0131ran s\u00fct \u00fcr\u00fcnleri kaplar\u0131ndan s\u0131k\u0131ld\u0131n\u0131z m\u0131? Yuvarlak bir tasar\u0131mla yo\u011furt ve s\u00fct \u015fi\u015fesi sihrini yarat\u0131yoruz; art\u0131k da\u011f\u0131n\u0131k d\u00f6k\u00fclmelere son. Bu k\u00fc\u00e7\u00fck cam s\u00fct \u015fi\u015feleri, basit saklamay\u0131 markan\u0131z\u0131n g\u00f6zdesi haline getiriyor. Toplu sipari\u015flerde, vizyonunuza uygun \u00f6zel cam \u015fi\u015feler sunuyoruz.<\/p>\n<h2>\u00dcr\u00fcn \u00d6zellikleri<\/h2>\n<p><strong>Yuvarlak Charm<\/strong><\/p>\n<p>Yumu\u015fak k\u0131vr\u0131mlar\u0131 elinizde harika bir his b\u0131rak\u0131yor; cam k\u00fc\u00e7\u00fck s\u00fct \u015fi\u015feleriniz her yudumu keyifli hale getiriyor.<\/p>\n<p><strong>Geni\u015f A\u00e7\u0131k E\u011flence<\/strong><\/p>\n<p>Kolay doldurma ve kep\u00e7eleme - yo\u011furtlu s\u00fct \u015fi\u015fesi tasar\u0131m\u0131yla art\u0131k d\u00f6k\u00fclme yok.<\/p>\n<p><strong>Kristal Berrakl\u0131\u011f\u0131<\/strong><\/p>\n<p>Y\u00fcksek \u015feffafl\u0131\u011fa sahip cam, s\u00fct \u00fcr\u00fcnlerinin her k\u0131vr\u0131m\u0131n\u0131 g\u00f6sterir; m\u00fc\u015fteriler cam k\u00fc\u00e7\u00fck s\u00fct \u015fi\u015felerinize an\u0131nda g\u00fcvenir.<\/p>\n<h2>Temel \u00d6zellikler<\/h2>\n<table style=\"border-collapse: collapse; width: 80%; margin-right: auto; margin-left: auto;\" border=\"0\" width=\"288\" cellspacing=\"0\" cellpadding=\"0\">\n<tbody>\n<tr style=\"height: 13.50pt;\">\n<td style=\"height: 13.5pt; width: 54pt; text-align: center;\" width=\"72\" height=\"18\">Model<\/td>\n<td style=\"width: 54pt; text-align: center;\" width=\"72\">Kapasite(ml)<\/td>\n<td style=\"width: 54pt; text-align: center;\" width=\"72\">Boyut (cm)<\/td>\n<td style=\"width: 54pt; text-align: center;\" width=\"72\">\u015eekil<\/td>\n<\/tr>\n<tr style=\"height: 13.50pt;\">\n<td style=\"height: 13.5pt; text-align: center;\" align=\"right\" height=\"18\">64010042<\/td>\n<td style=\"text-align: center;\" align=\"right\">100<\/td>\n<td style=\"text-align: center;\">6.4&#215;6.5<\/td>\n<td class=\"et2\" style=\"text-align: center;\" rowspan=\"3\">Yuvarlak \u015ei\u015fkinlik<\/td>\n<\/tr>\n<tr style=\"height: 13.50pt;\">\n<td style=\"height: 13.5pt; text-align: center;\" align=\"right\" height=\"18\">64020043<\/td>\n<td style=\"text-align: center;\" align=\"right\">200<\/td>\n<td style=\"text-align: center;\">7.3&#215;7.2<\/td>\n<\/tr>\n<tr style=\"height: 13.50pt;\">\n<td style=\"height: 13.5pt; text-align: center;\" align=\"right\" height=\"18\">64030044<\/td>\n<td style=\"text-align: center;\" align=\"right\">300<\/td>\n<td style=\"text-align: center;\">8.3&#215;8.6<\/td>\n<\/tr>\n<\/tbody>\n<\/table>\n<h2>Ba\u015far\u0131 \u00d6rne\u011fi<\/h2>\n<p>Bir puding at\u00f6lyesi, pudingleri i\u00e7in \u00f6zel olarak geni\u015f a\u011f\u0131zl\u0131 bir cam yo\u011furt \u015fi\u015fesi tasarlamam\u0131z i\u00e7in bize ula\u015ft\u0131. Her 200 ml&#039;lik \u015fi\u015fenin geni\u015f a\u011fz\u0131, \u015fi\u015feleme ve doldurma i\u015flemini kolayla\u015ft\u0131r\u0131yor ve yuvarlak \u015fekli, \u015fi\u015feye premium tatl\u0131 konseptine m\u00fckemmel uyum sa\u011flayan el yap\u0131m\u0131 bir g\u00f6r\u00fcn\u00fcm kazand\u0131r\u0131yor.<\/p>\n<p>\u015ei\u015fe, kapal\u0131 al\u00fcminyum kapa\u011fa ek olarak, tazelik ve rahatl\u0131k i\u00e7in ka\u015f\u0131k kapakla da sunuluyor. Saf cam \u015fi\u015fe, pudingi m\u00fckemmel bir \u015fekilde sergilemek i\u00e7in m\u00fckemmel bir se\u00e7im.<\/p>\n<p>Yeni ambalaj\u0131n devreye girmesinden sadece 2 ay sonra, s\u0131zd\u0131rmazl\u0131k sorunlar\u0131yla ilgili \u015fikayetlerde oran\u0131nda azalma oldu ve distrib\u00fct\u00f6rlerden gelen toplu sipari\u015f hacmi oran\u0131nda artt\u0131.<\/p>\n<h2>\u00d6zelle\u015ftirme K\u0131lavuzunuz<\/h2>\n<ol>\n<li><strong>\u00d6zelle\u015ftirilmi\u015f Kapak ve Etiket \u00c7\u00f6z\u00fcmleri:<\/strong>Kapaklar\u0131 metal \u00e7evirmeli kapaklar, ah\u015fap kapaklar veya plastik ge\u00e7meli kapaklar aras\u0131ndan se\u00e7ebilir ve ard\u0131ndan g\u00f6rsel olarak \u00e7ekici marka tan\u0131n\u0131rl\u0131\u011f\u0131 i\u00e7in logonuzu kabartma, serigrafi bask\u0131 veya etiketleme yoluyla yerle\u015ftirebilirsiniz.<\/li>\n<li><strong>Renk Tonu ve Malzeme \u00d6zelle\u015ftirmesi:<\/strong>\u00dcr\u00fcn\u00fcn\u00fcz\u00fcn tarz\u0131na uygun olarak cam\u0131 \u015feffaf, kehribar veya buzlu olarak ki\u015fiselle\u015ftirebilir veya raflarda katmanl\u0131 pudinglerin ve yo\u011furtlar\u0131n g\u00f6rsel olarak \u00e7ekici ve g\u00f6z al\u0131c\u0131 olmas\u0131n\u0131 sa\u011flamak i\u00e7in degrade renklendirmeyi se\u00e7ebilirsiniz.<\/li>\n<\/ol>\n<\/article>","protected":false},"excerpt":{"rendered":"<p>Yuvarlak cam yo\u011furt \u015fi\u015fesi ve k\u00fc\u00e7\u00fck cam s\u00fct \u015fi\u015feleri, yo\u011furt, puding veya re\u00e7el i\u00e7in idealdir. Yeniden kullan\u0131labilir, dayan\u0131kl\u0131 ve tatl\u0131 ambalajlar\u0131 i\u00e7in \u00f6zelle\u015ftirilebilir.<\/p>","protected":false},"featured_media":22571,"template":"","meta":[],"product_brand":[],"product_cat":[124,122,130],"product_tag":[],"class_list":{"0":"post-22567","1":"product","2":"type-product","3":"status-publish","4":"has-post-thumbnail","6":"product_cat-custom-glass-jars","7":"product_cat-custom-glass-packaging","8":"product_cat-glass-yogurt-jars","10":"first","11":"instock","12":"shipping-taxable","13":"product-type-simple"},"jetpack_sharing_enabled":true,"_links":{"self":[{"href":"https:\/\/yebodaglass.com\/tr\/wp-json\/wp\/v2\/product\/22567","targetHints":{"allow":["GET"]}}],"collection":[{"href":"https:\/\/yebodaglass.com\/tr\/wp-json\/wp\/v2\/product"}],"about":[{"href":"https:\/\/yebodaglass.com\/tr\/wp-json\/wp\/v2\/types\/product"}],"version-history":[{"count":5,"href":"https:\/\/yebodaglass.com\/tr\/wp-json\/wp\/v2\/product\/22567\/revisions"}],"predecessor-version":[{"id":22610,"href":"https:\/\/yebodaglass.com\/tr\/wp-json\/wp\/v2\/product\/22567\/revisions\/22610"}],"wp:featuredmedia":[{"embeddable":true,"href":"https:\/\/yebodaglass.com\/tr\/wp-json\/wp\/v2\/media\/22571"}],"wp:attachment":[{"href":"https:\/\/yebodaglass.com\/tr\/wp-json\/wp\/v2\/media?parent=22567"}],"wp:term":[{"taxonomy":"product_brand","embeddable":true,"href":"https:\/\/yebodaglass.com\/tr\/wp-json\/wp\/v2\/product_brand?post=22567"},{"taxonomy":"product_cat","embeddable":true,"href":"https:\/\/yebodaglass.com\/tr\/wp-json\/wp\/v2\/product_cat?post=22567"},{"taxonomy":"product_tag","embeddable":true,"href":"https:\/\/yebodaglass.com\/tr\/wp-json\/wp\/v2\/product_tag?post=22567"}],"curies":[{"name":"wp","href":"https:\/\/api.w.org\/{rel}","templated":true}]}}