{"id":22553,"date":"2025-10-21T17:17:58","date_gmt":"2025-10-21T09:17:58","guid":{"rendered":"https:\/\/yebodaglass.com\/?post_type=product&#038;p=22553"},"modified":"2025-11-04T11:54:58","modified_gmt":"2025-11-04T03:54:58","slug":"custom-glass-milk-bottles-bulk-pudding-container","status":"publish","type":"product","link":"https:\/\/yebodaglass.com\/tr\/custom-glass-milk-bottles-bulk-pudding-container\/","title":{"rendered":"Kare \u00d6zel Cam S\u00fct \u015ei\u015feleri Toplu \u2013 100-350 ml Yeniden Kullan\u0131labilir Puding ve \u0130\u00e7ecek Kab\u0131"},"content":{"rendered":"<p>Arka planda kalan s\u00fct \u00fcr\u00fcnleri kaplar\u0131ndan s\u0131k\u0131ld\u0131n\u0131z m\u0131? Kare tasar\u0131ml\u0131 \u00f6zel cam s\u00fct \u015fi\u015feleri \u00fcretiyoruz; art\u0131k s\u0131k\u0131c\u0131 ambalajlara son. Bu cam s\u00fct \u015fi\u015fesi toplu al\u0131m par\u00e7alar\u0131, basit saklamay\u0131 marka b\u00fcy\u00fcs\u00fcne d\u00f6n\u00fc\u015ft\u00fcr\u00fcyor. Toplu sipari\u015flerde vizyonunuza uygun \u00f6zel cam \u015fi\u015feler elde edersiniz.<\/p>\n<h2>\u00dcr\u00fcn \u00d6zellikleri<\/h2>\n<p><strong>Tasar\u0131m \u00d6zellikleri<\/strong><\/p>\n<p>Kare ve dikey formlu \u015fi\u015fe, s\u00fcslemesiz sade geometrik unsurlara ve uyumlu bir sil\u00fcete sahip olup, modaya uygun ve g\u00f6z al\u0131c\u0131 bir g\u00f6rsel \u00fcr\u00fcn ortaya \u00e7\u0131karmaktad\u0131r. Ta\u00e7 \u015feklindeki kapa\u011f\u0131, rahat bir s\u0131zd\u0131rmazl\u0131k sa\u011flayarak hem ticari hem de ev ortamlar\u0131nda kullan\u0131labilir.<\/p>\n<p><strong>Malzeme Kalitesi<\/strong><\/p>\n<p>Kur\u015funsuz, y\u00fcksek \u015feffafl\u0131\u011fa sahip g\u0131da s\u0131n\u0131f\u0131 camdan \u00fcretilmi\u015ftir. Koku yapmaz ve d\u00fc\u015f\u00fck ve y\u00fcksek s\u0131cakl\u0131klara kar\u015f\u0131 \u00e7ok iyi diren\u00e7 g\u00f6sterir, bu nedenle i\u00e7eceklerin veya tatl\u0131lar\u0131n taze ve lezzetli bir \u015fekilde saklanmas\u0131 i\u00e7in m\u00fckemmel bir \u00e7\u00f6z\u00fcmd\u00fcr.<\/p>\n<p><strong>Fonksiyonel Performans<\/strong><\/p>\n<p>Bu kal\u0131n ve s\u0131zd\u0131rmaz \u015fi\u015fe, \u00e7ok ama\u00e7l\u0131 kullan\u0131ma uygun olarak tasarlanm\u0131\u015ft\u0131r ve bu nedenle tazeli\u011fi korumak i\u00e7in m\u00fckemmel bir \u00e7\u00f6z\u00fcmd\u00fcr. Kare tasar\u0131m\u0131 sayesinde \u015fi\u015feyi rafa yerle\u015ftirip katlar\u0131 \u00fcst \u00fcste istiflemek m\u00fcmk\u00fcnd\u00fcr, bu da ta\u015f\u0131ma s\u0131ras\u0131nda daha fazla stabilite sa\u011flar.<\/p>\n<p><strong>\u00d6zelle\u015ftirme Se\u00e7enekleri<\/strong><\/p>\n<p>Kapasiteyi de\u011fi\u015ftirerek, logo yerle\u015ftirerek, \u015fi\u015fenizi etiketleyerek ve bir kapak (al\u00fcminyum, plastik veya emniyetli) se\u00e7erek, di\u011ferlerinden farkl\u0131 bir marka imaj\u0131 kolayca yaratabilirsiniz.<\/p>\n<h2>Temel \u00d6zellikler<\/h2>\n<table style=\"border-collapse: collapse; width: 80%; margin-left: auto; margin-right: auto;\" border=\"0\" width=\"288\" cellspacing=\"0\" cellpadding=\"0\">\n<tbody>\n<tr style=\"height: 13.50pt;\">\n<td style=\"height: 13.5pt; width: 54pt; text-align: center;\" width=\"72\" height=\"18\">Model<\/td>\n<td style=\"width: 54pt; text-align: center;\" width=\"72\">Kapasite(ml)<\/td>\n<td style=\"width: 54pt; text-align: center;\" width=\"72\">Boyut (cm)<\/td>\n<td style=\"width: 54pt; text-align: center;\" width=\"72\">\u015eekil<\/td>\n<\/tr>\n<tr style=\"height: 13.50pt;\">\n<td style=\"height: 13.5pt; text-align: center;\" align=\"right\" height=\"18\">64010040<\/td>\n<td style=\"text-align: center;\" align=\"right\">100<\/td>\n<td style=\"text-align: center;\">5,0\u00d75,0x9,6<\/td>\n<td class=\"et2\" style=\"text-align: center;\" rowspan=\"2\">Kare<\/td>\n<\/tr>\n<tr style=\"height: 13.50pt;\">\n<td style=\"height: 13.5pt; text-align: center;\" align=\"right\" height=\"18\">64035041<\/td>\n<td style=\"text-align: center;\" align=\"right\">350<\/td>\n<td style=\"text-align: center;\">6,0\u00d76,0x16,1<\/td>\n<\/tr>\n<\/tbody>\n<\/table>\n<h2>Ba\u015far\u0131 Hikayesi<\/h2>\n<p>Bir s\u00fct \u00fcr\u00fcnleri markas\u0131, imaj\u0131n\u0131 tazelemek i\u00e7in ambalaj de\u011fi\u015fikliklerine gitti ve \u00f6zel bir kare cam s\u00fct \u015fi\u015fesi \u00fcretmek i\u00e7in bizimle i\u015f birli\u011fi yapt\u0131. Kare tasar\u0131m\u0131yla \u015fi\u015fenin \u015f\u0131k ve g\u00f6z al\u0131c\u0131 g\u00f6r\u00fcnmesinin yan\u0131 s\u0131ra, bu tasar\u0131m hem perakende so\u011futucularda hem de teslimat kasalar\u0131nda depolama ve raf alan\u0131n\u0131 en \u00fcst d\u00fczeye \u00e7\u0131karmaya da yard\u0131mc\u0131 oluyor. \u00c7ok y\u00fcksek berrakl\u0131\u011fa sahip cam sayesinde s\u00fct en y\u00fcksek kalitede g\u00f6r\u00fcn\u00fcyor.<\/p>\n<p>S\u00fct \u00fcr\u00fcnleri \u00fcreticisi, paket de\u011fi\u015fikli\u011finden sonraki ilk ayda s\u00fct d\u00f6k\u00fclmesi \u015fikayetlerinde oran\u0131nda azalma, toplu sipari\u015flerde ise oran\u0131nda art\u0131\u015f oldu\u011funu bildirdi.<\/p>\n<h2>\u00d6zelle\u015ftirme K\u0131lavuzunuz<\/h2>\n<ol>\n<li><strong>Ki\u015fiye \u00d6zel Kapak ve Conta Yap\u0131land\u0131rmas\u0131:<\/strong>Metal, plastik veya h\u0131rs\u0131zl\u0131\u011fa kar\u015f\u0131 korumal\u0131 \u015fapkalar gibi \u00e7ok say\u0131da \u015fapka malzemesi ve stili aras\u0131ndan se\u00e7im yapabilirsiniz. Marka logonuz veya deseninizle bas\u0131lan \u015fapkalar, markan\u0131z\u0131n tan\u0131d\u0131k bir par\u00e7as\u0131 haline gelebilir ve genel kaliteyi de art\u0131rabilir.<\/li>\n<li><strong>\u00d6zelle\u015ftirilmi\u015f G\u00f6r\u00fcn\u00fcm ve Marka Kimli\u011fi:<\/strong>\u015ei\u015fe \u00fczerinde serigrafi bask\u0131, buzlanma, etiketleme veya s\u0131cak damgalama gibi y\u00f6ntemlerle markala\u015fmay\u0131 sa\u011fl\u0131yoruz. Markan\u0131z\u0131n tonuna ve pazardaki konumuna tam olarak uyacak \u015fekilde \u015feffaf, buzlu veya renkli cam \u00fcretebiliyoruz.<\/li>\n<\/ol>","protected":false},"excerpt":{"rendered":"<p>Kare \u00f6zel cam s\u00fct \u015fi\u015feleri ve cam s\u00fct \u015fi\u015fesi toplu olarak, puding, s\u00fct veya meyve suyu paketlemek i\u00e7in idealdir. Dayan\u0131kl\u0131, yeniden kullan\u0131labilir ve birinci s\u0131n\u0131f markalar i\u00e7in \u00f6zelle\u015ftirilebilir.<\/p>","protected":false},"featured_media":22557,"template":"","meta":[],"product_brand":[],"product_cat":[123,122,131],"product_tag":[],"class_list":{"0":"post-22553","1":"product","2":"type-product","3":"status-publish","4":"has-post-thumbnail","6":"product_cat-custom-glass-bottles","7":"product_cat-custom-glass-packaging","8":"product_cat-glass-milk-bottles","10":"first","11":"instock","12":"shipping-taxable","13":"product-type-simple"},"jetpack_sharing_enabled":true,"_links":{"self":[{"href":"https:\/\/yebodaglass.com\/tr\/wp-json\/wp\/v2\/product\/22553","targetHints":{"allow":["GET"]}}],"collection":[{"href":"https:\/\/yebodaglass.com\/tr\/wp-json\/wp\/v2\/product"}],"about":[{"href":"https:\/\/yebodaglass.com\/tr\/wp-json\/wp\/v2\/types\/product"}],"version-history":[{"count":4,"href":"https:\/\/yebodaglass.com\/tr\/wp-json\/wp\/v2\/product\/22553\/revisions"}],"predecessor-version":[{"id":22561,"href":"https:\/\/yebodaglass.com\/tr\/wp-json\/wp\/v2\/product\/22553\/revisions\/22561"}],"wp:featuredmedia":[{"embeddable":true,"href":"https:\/\/yebodaglass.com\/tr\/wp-json\/wp\/v2\/media\/22557"}],"wp:attachment":[{"href":"https:\/\/yebodaglass.com\/tr\/wp-json\/wp\/v2\/media?parent=22553"}],"wp:term":[{"taxonomy":"product_brand","embeddable":true,"href":"https:\/\/yebodaglass.com\/tr\/wp-json\/wp\/v2\/product_brand?post=22553"},{"taxonomy":"product_cat","embeddable":true,"href":"https:\/\/yebodaglass.com\/tr\/wp-json\/wp\/v2\/product_cat?post=22553"},{"taxonomy":"product_tag","embeddable":true,"href":"https:\/\/yebodaglass.com\/tr\/wp-json\/wp\/v2\/product_tag?post=22553"}],"curies":[{"name":"wp","href":"https:\/\/api.w.org\/{rel}","templated":true}]}}