{"id":22542,"date":"2025-10-21T15:24:16","date_gmt":"2025-10-21T07:24:16","guid":{"rendered":"https:\/\/yebodaglass.com\/?post_type=product&#038;p=22542"},"modified":"2026-03-17T18:29:50","modified_gmt":"2026-03-17T10:29:50","slug":"clear-glass-yogurt-jars-with-lids-bulk","status":"publish","type":"product","link":"https:\/\/yebodaglass.com\/tr\/clear-glass-yogurt-jars-with-lids-bulk\/","title":{"rendered":"100ml 200ml Clear Glass Yogurt Jars with Lids Bulk"},"content":{"rendered":"<p>These glass yogurt jars have a classic pudding bottle shape, made of crystal-clear glass and have a smooth transparent, airtight cap, which makes these glass yogurt jars better suited to serve in a cafe, make home-cooked desserts, or package in bulk.<\/p>\n<h2>\u00dcr\u00fcn \u00d6zellikleri<\/h2>\n<ul>\n<li><strong>Classic Design Pudding Bottle:<\/strong> Curved body lines and broad rim replicate the appearance of an old milk bottle, which is easy to hold and pleasing to view.<\/li>\n<li><strong>Y\u00fcksek \u015eeffafl\u0131kta Cam Malzeme:<\/strong> These jars are made of food grade high-clarity glass and thus have great transparency to be able to clearly display the color and texture of the beverage or food in the jar.<\/li>\n<li><strong>Wide Rimmed Design of Neck:<\/strong> It will have a wide rim of the neck that will make the neck have a secure seal with the cap and also easy to fill, clean and dispense.<\/li>\n<\/ul>\n<h2>Temel \u00d6zellikler<\/h2>\n<table style=\"border-collapse: collapse; width: 80%; margin-left: auto; margin-right: auto;\" border=\"0\" width=\"80%\" cellspacing=\"0\" cellpadding=\"0\">\n<tbody>\n<tr style=\"height: 13.50pt;\">\n<td style=\"height: 13.50pt; width: 109.50pt;\" width=\"146\" height=\"18\"><strong>\u00dcr\u00fcn Tipi<\/strong><\/td>\n<td style=\"width: 549.00pt;\" width=\"732\"><strong>\u0130nce uzun cam s\u00fct \u015fi\u015fesi \/ cam yo\u011furt kavanozu<\/strong><\/td>\n<\/tr>\n<tr style=\"height: 13.50pt;\">\n<td style=\"height: 13.50pt;\" height=\"18\">Boyutlar<\/td>\n<td>100 ml: 45 \u00d7 95 mm; 200 ml: 60 \u00d7 128 mm<\/td>\n<\/tr>\n<tr style=\"height: 13.50pt;\">\n<td style=\"height: 13.50pt;\" height=\"18\">Cam Rengi<\/td>\n<td>\u015eeffaf cam, \u00f6zel renk se\u00e7enekleri mevcuttur.<\/td>\n<\/tr>\n<tr style=\"height: 13.50pt;\">\n<td style=\"height: 13.50pt;\" height=\"18\">Malzeme<\/td>\n<td>Kur\u015funsuz soda-kire\u00e7 cam ambalaj<\/td>\n<\/tr>\n<tr style=\"height: 13.50pt;\">\n<td style=\"height: 13.50pt;\" height=\"18\">\u015eekil<\/td>\n<td>\u0130nce, uzun, yuvarlak \u015fi\u015fe<\/td>\n<\/tr>\n<tr style=\"height: 13.50pt;\">\n<td style=\"height: 13.50pt;\" height=\"18\">S\u0131zd\u0131rmazl\u0131k Y\u00f6ntemi<\/td>\n<td>K\u0131vr\u0131ml\u0131 kapak<\/td>\n<\/tr>\n<tr style=\"height: 13.50pt;\">\n<td style=\"height: 13.50pt;\" height=\"18\">Kapak Se\u00e7enekleri<\/td>\n<td>Plastik pres kapak, mantar kapak veya \u00f6zel \u015fi\u015fe kapaklar\u0131<\/td>\n<\/tr>\n<tr style=\"height: 13.50pt;\">\n<td style=\"height: 13.50pt;\" height=\"18\">Tipik Kullan\u0131m Alanlar\u0131<\/td>\n<td>S\u00fct, yo\u011furt kavanozlar\u0131, \u00e7ikolatal\u0131 s\u00fct cam \u015fi\u015fesi, meyve suyu, i\u00e7ecek kab\u0131, mini \u00e7i\u00e7ek vazosu<\/td>\n<\/tr>\n<tr style=\"height: 13.50pt;\">\n<td style=\"height: 13.50pt;\" height=\"18\">Tedarik Modu<\/td>\n<td>Toptan, toplu, do\u011frudan fabrika \u00fcreticisi ve tedarik\u00e7isi<\/td>\n<\/tr>\n<\/tbody>\n<\/table>\n<h2>M\u00fc\u015fteri Ba\u015far\u0131 \u00d6yk\u00fcs\u00fc<\/h2>\n<p>A dairy beverage brand in Germany partnered with our factory to source glass milk bottles with lids wholesale for its premium yogurt drink line.\u00a0The client initially ordered 50,000 units of the 200 ml glass yogurt jars for chocolate milk glass bottle and drinkable yogurt packaging. To distinguish the product in shelves we gave personalized bottle caps that had the brand logo and milk glass finish that was light in color. With the new glass packaging on the market, the brand alleges that retail sales had gone up by 27 per cent in the first quarter solely because of the perceived freshness and eco-friendly image of the reusable glass bottle. It is also one of our long term partners since the customer now makes bulk wholesale orders every quarter averaging 120,000 bottles.<\/p>\n<h2>B2B m\u00fc\u015fterilerine y\u00f6nelik ki\u015fiselle\u015ftirme \u00f6nerisi<\/h2>\n<ol>\n<li><strong>\u00d6zel \u015eapka ve Markalama<\/strong>Kabartmal\u0131 logolar, bask\u0131l\u0131 \u015fi\u015fe kapaklar\u0131 veya renkli kapaklar kullan\u0131larak yo\u011furtlu i\u00e7ecekler veya aromal\u0131 s\u00fctler i\u00e7in benzersiz bir s\u00fct \u00fcr\u00fcnleri ambalaj\u0131 \u00fcretilebilir.<\/li>\n<li><strong>Renkli Cam veya Kaplama<\/strong>\u0130ste\u011fe ba\u011fl\u0131 olarak, y\u00fcksek kaliteli i\u00e7ecek ambalaj\u0131 \u00fcretmek ve hassas s\u00fct \u00fcr\u00fcnlerini korumak i\u00e7in renkli cam s\u00fct \u015fi\u015feleri de (kehribar, buzlu veya marka renkleri) se\u00e7ilebilir.<\/li>\n<li><strong>\u00c7ok Ama\u00e7l\u0131 Ambalaj Tasar\u0131m\u0131<\/strong>Bir\u00e7ok marka, marka bilinirli\u011fini art\u0131rmak amac\u0131yla bu yo\u011furt cam kavanozlar\u0131n\u0131 \u00e7ift kullan\u0131ml\u0131 \u015fekillerde \u00fcretiyor; ambalajlar tatl\u0131 kab\u0131, baharat kavanozu veya mini \u00e7i\u00e7ek vazosu olarak da kullan\u0131labiliyor.<\/li>\n<\/ol>","protected":false},"excerpt":{"rendered":"<p>Premium glass yogurt jars made from high-clarity glass with secure lids. Durable glass milk bottles with lids wholesale for yogurt, milk, pudding. Free samples.<\/p>","protected":false},"featured_media":25491,"template":"","meta":[],"product_brand":[],"product_cat":[130,124,122],"product_tag":[],"class_list":{"0":"post-22542","1":"product","2":"type-product","3":"status-publish","4":"has-post-thumbnail","6":"product_cat-glass-yogurt-jars","7":"product_cat-custom-glass-jars","8":"product_cat-custom-glass-packaging","10":"first","11":"instock","12":"shipping-taxable","13":"product-type-simple"},"jetpack_sharing_enabled":true,"_links":{"self":[{"href":"https:\/\/yebodaglass.com\/tr\/wp-json\/wp\/v2\/product\/22542","targetHints":{"allow":["GET"]}}],"collection":[{"href":"https:\/\/yebodaglass.com\/tr\/wp-json\/wp\/v2\/product"}],"about":[{"href":"https:\/\/yebodaglass.com\/tr\/wp-json\/wp\/v2\/types\/product"}],"version-history":[{"count":5,"href":"https:\/\/yebodaglass.com\/tr\/wp-json\/wp\/v2\/product\/22542\/revisions"}],"predecessor-version":[{"id":25473,"href":"https:\/\/yebodaglass.com\/tr\/wp-json\/wp\/v2\/product\/22542\/revisions\/25473"}],"wp:featuredmedia":[{"embeddable":true,"href":"https:\/\/yebodaglass.com\/tr\/wp-json\/wp\/v2\/media\/25491"}],"wp:attachment":[{"href":"https:\/\/yebodaglass.com\/tr\/wp-json\/wp\/v2\/media?parent=22542"}],"wp:term":[{"taxonomy":"product_brand","embeddable":true,"href":"https:\/\/yebodaglass.com\/tr\/wp-json\/wp\/v2\/product_brand?post=22542"},{"taxonomy":"product_cat","embeddable":true,"href":"https:\/\/yebodaglass.com\/tr\/wp-json\/wp\/v2\/product_cat?post=22542"},{"taxonomy":"product_tag","embeddable":true,"href":"https:\/\/yebodaglass.com\/tr\/wp-json\/wp\/v2\/product_tag?post=22542"}],"curies":[{"name":"wp","href":"https:\/\/api.w.org\/{rel}","templated":true}]}}