{"id":22539,"date":"2025-10-21T11:23:10","date_gmt":"2025-10-21T03:23:10","guid":{"rendered":"https:\/\/yebodaglass.com\/?post_type=product&#038;p=22539"},"modified":"2026-04-14T10:09:05","modified_gmt":"2026-04-14T02:09:05","slug":"wholesale-clear-hexagonal-jam-jars-280ml-380ml-500ml-730ml","status":"publish","type":"product","link":"https:\/\/yebodaglass.com\/tr\/wholesale-clear-hexagonal-jam-jars-280ml-380ml-500ml-730ml\/","title":{"rendered":"Toptan \u015eeffaf Alt\u0131gen Re\u00e7el Kavanozlar\u0131 280ml 380ml 500ml 730ml"},"content":{"rendered":"<p>Bu alt\u0131gen re\u00e7el kavanozlar\u0131, \u015feffaf cam malzeme ve s\u0131z\u0131nt\u0131 korumas\u0131 sa\u011flayan siyah metal vidal\u0131 kapakla birle\u015fen tamamen alt\u0131gen \u015fekilleriyle tasar\u0131mlar\u0131n\u0131 sergiliyor.<\/p>\n<h2>\u00dcr\u00fcn \u00d6zellikleri<\/h2>\n<ul>\n<li><strong>G\u00fcvenli Siyah Metal Kapak:<\/strong> Siyah metal vidal\u0131 kapak, y\u00fcksek derecede g\u00fcvenilirlik ve sa\u011flaml\u0131k sunar ve \u015f\u0131k, temiz bir g\u00f6r\u00fcn\u00fcm kazand\u0131r\u0131r.<\/li>\n<li><strong>Verimli Alt\u0131gen Tasar\u0131m:<\/strong> Alt\u0131gen tasar\u0131m, yerden tasarruf sa\u011flamak amac\u0131yla birbirine yak\u0131n \u015fekilde istiflenebilmesine olanak tan\u0131r ve g\u00fc\u00e7l\u00fc bir devrilme \u00f6nleyici \u00e7er\u00e7eve olu\u015fturur.<\/li>\n<li><strong>\u00c7e\u015fitli Boyutlar Mevcuttur:<\/strong> Farkl\u0131 ebatlarda konteyner se\u00e7enekleri sunularak, ki\u015finin depolama ihtiyac\u0131na en uygun olan\u0131 se\u00e7mesi sa\u011flanabilir.<\/li>\n<\/ul>\n<h2 style=\"text-align: left;\">Temel \u00d6zellikler<\/h2>\n<table class=\"aligncenter\" style=\"border-collapse: collapse; width: 327.02pt;\" border=\"0\" width=\"436\" cellspacing=\"0\" cellpadding=\"0\">\n<tbody>\n<tr style=\"height: 13.50pt;\">\n<td style=\"height: 13.50pt; width: 90.00pt;\" width=\"120\" height=\"18\">\u00d6zellik<\/td>\n<td style=\"width: 237.00pt;\" width=\"316\">\u015eartname<\/td>\n<\/tr>\n<tr style=\"height: 13.50pt;\">\n<td style=\"height: 13.50pt;\" height=\"18\">Kapasite<\/td>\n<td>280ml, 380ml, 500ml, 730ml<\/td>\n<\/tr>\n<tr style=\"height: 13.50pt;\">\n<td style=\"height: 13.50pt;\" height=\"18\">\u015eekil<\/td>\n<td>Alt\u0131gen<\/td>\n<\/tr>\n<tr style=\"height: 13.50pt;\">\n<td style=\"height: 13.50pt;\" height=\"18\">Boyutlar<\/td>\n<td>5,8\u00d710,0 cm ila 7,5\u00d712,2 cm<\/td>\n<\/tr>\n<tr style=\"height: 13.50pt;\">\n<td style=\"height: 13.50pt;\" height=\"18\">Malzeme<\/td>\n<td>\u015eeffaf cam, siyah PP vidal\u0131 kapak<\/td>\n<\/tr>\n<tr style=\"height: 13.50pt;\">\n<td style=\"height: 13.50pt;\" height=\"18\">Kapak Se\u00e7enekleri<\/td>\n<td>Siyah (\u00f6zel renkler mevcuttur)<\/td>\n<\/tr>\n<tr style=\"height: 13.50pt;\">\n<td style=\"height: 13.50pt;\" height=\"18\">En \u0130yisi \u0130\u00e7in<\/td>\n<td>\u00c7i\u011f bal, demlenmi\u015f kar\u0131\u015f\u0131mlar, hediye setleri<\/td>\n<\/tr>\n<tr style=\"height: 13.50pt;\">\n<td style=\"height: 13.50pt;\" height=\"18\">\u0130deal Kullan\u0131m<\/td>\n<td>Alt\u0131gen re\u00e7el kavanozlar\u0131, bal kaplar\u0131<\/td>\n<\/tr>\n<\/tbody>\n<\/table>\n<h2>Ba\u015far\u0131 \u00d6yk\u00fcs\u00fc: \u0130sko\u00e7 Bir Zanaatkar Bal Markas\u0131n\u0131n Premium \u00dcr\u00fcn Serisi<\/h2>\n<p>Alt\u0131gen re\u00e7el kavanozlar\u0131m\u0131z, kapak tasar\u0131m\u0131 i\u00e7in \u00f6zel olarak serigrafi bask\u0131l\u0131 alt\u0131n petek deseni geli\u015ftiren \u0130sko\u00e7 bir bal \u00fcreticisinin tercih etti\u011fi \u00fcr\u00fcn oldu. E\u015fsiz \u015fi\u015fe tasar\u0131m\u0131, \u00fcr\u00fcnlerinin \u00f6zel g\u0131da ma\u011fazalar\u0131n\u0131n raflar\u0131nda \u00f6ne \u00e7\u0131kmas\u0131n\u0131 sa\u011flayarak sat\u0131\u015flar\u0131 art\u0131rd\u0131. Geometrik \u015fekil, yuvarlak kavanozlara k\u0131yasla daha fazla bask\u0131 yap\u0131labilir etiket alan\u0131 sa\u011flad\u0131. Marka b\u00fcy\u00fck bir ba\u015far\u0131 elde etti ve bu da, yak\u0131nda piyasaya s\u00fcr\u00fclecek petek hediye ve aromal\u0131 \u015furup \u00fcr\u00fcn serisi i\u00e7in gerekli olan 280.000 adet re\u00e7el kavanozu sipari\u015fine yol a\u00e7t\u0131.<\/p>\n<h2>Bal Kaplar\u0131 \u00d6zelle\u015ftirme \u00d6nerisi<\/h2>\n<ul>\n<li>\u00d6zel Cam \u0130\u015fleme: Lazerle i\u015flenmi\u015f desenler, logolar veya b\u00f6lgesel \u00f6zellikler, \u015firkete benzersiz ve kaliteli bir marka kimli\u011fi kazand\u0131rmak i\u00e7in cam panele eklenebilir.<\/li>\n<li>T\u00fcm Kapak Renkleri ve Kaplamalar\u0131: \u00c7e\u015fitli kapak renkleri ve kaplama se\u00e7enekleri mevcuttur (alt\u0131n, bronz, f\u0131r\u00e7alanm\u0131\u015f \u00e7elik veya beyaz).<\/li>\n<li>Deri veya \u0130p Kolye: Kavanoz, deri veya ip \u015ferit eklenmesiyle rustik, el yap\u0131m\u0131 bir g\u00f6r\u00fcn\u00fcm kazan\u0131r; bu \u015ferit, kavanoz i\u00e7in ek bir boyun s\u00fcs\u00fc g\u00f6revi g\u00f6r\u00fcr.<\/li>\n<\/ul>","protected":false},"excerpt":{"rendered":"<p>\u015eeffaf g\u00f6vdeli ve hava ge\u00e7irmez kapakl\u0131, dayan\u0131kl\u0131 alt\u0131gen re\u00e7el kavanozlar\u0131. Perakende sat\u0131\u015f, hediye ve toplu bal depolama i\u00e7in pratik bal kaplar\u0131. H\u0131zl\u0131 kargo.<\/p>","protected":false},"featured_media":22649,"template":"","meta":[],"product_brand":[],"product_cat":[127,124,122],"product_tag":[],"class_list":{"0":"post-22539","1":"product","2":"type-product","3":"status-publish","4":"has-post-thumbnail","6":"product_cat-glass-honey-jars","7":"product_cat-custom-glass-jars","8":"product_cat-custom-glass-packaging","10":"first","11":"instock","12":"shipping-taxable","13":"product-type-simple"},"jetpack_sharing_enabled":true,"_links":{"self":[{"href":"https:\/\/yebodaglass.com\/tr\/wp-json\/wp\/v2\/product\/22539","targetHints":{"allow":["GET"]}}],"collection":[{"href":"https:\/\/yebodaglass.com\/tr\/wp-json\/wp\/v2\/product"}],"about":[{"href":"https:\/\/yebodaglass.com\/tr\/wp-json\/wp\/v2\/types\/product"}],"version-history":[{"count":5,"href":"https:\/\/yebodaglass.com\/tr\/wp-json\/wp\/v2\/product\/22539\/revisions"}],"predecessor-version":[{"id":25772,"href":"https:\/\/yebodaglass.com\/tr\/wp-json\/wp\/v2\/product\/22539\/revisions\/25772"}],"wp:featuredmedia":[{"embeddable":true,"href":"https:\/\/yebodaglass.com\/tr\/wp-json\/wp\/v2\/media\/22649"}],"wp:attachment":[{"href":"https:\/\/yebodaglass.com\/tr\/wp-json\/wp\/v2\/media?parent=22539"}],"wp:term":[{"taxonomy":"product_brand","embeddable":true,"href":"https:\/\/yebodaglass.com\/tr\/wp-json\/wp\/v2\/product_brand?post=22539"},{"taxonomy":"product_cat","embeddable":true,"href":"https:\/\/yebodaglass.com\/tr\/wp-json\/wp\/v2\/product_cat?post=22539"},{"taxonomy":"product_tag","embeddable":true,"href":"https:\/\/yebodaglass.com\/tr\/wp-json\/wp\/v2\/product_tag?post=22539"}],"curies":[{"name":"wp","href":"https:\/\/api.w.org\/{rel}","templated":true}]}}