{"id":22531,"date":"2025-10-21T11:32:49","date_gmt":"2025-10-21T03:32:49","guid":{"rendered":"https:\/\/yebodaglass.com\/?post_type=product&#038;p=22531"},"modified":"2025-11-04T11:55:47","modified_gmt":"2025-11-04T03:55:47","slug":"romanti%cc%87k-tatli-toplu-i%cc%87ci%cc%87n-ozel-kalpli%cc%87-cam-yogurt-si%cc%87seleri%cc%87","status":"publish","type":"product","link":"https:\/\/yebodaglass.com\/tr\/romanti%cc%87k-tatli-toplu-i%cc%87ci%cc%87n-ozel-kalpli%cc%87-cam-yogurt-si%cc%87seleri%cc%87\/","title":{"rendered":"tatl\u0131 i\u00e7in 100ml 150ml 250ml \u00c7ift Kalpli Cam Yo\u011furt \u015ei\u015feleri"},"content":{"rendered":"<div class=\"text-base my-auto mx-auto pb-10 [--thread-content-margin:--spacing(4)] thread-sm:[--thread-content-margin:--spacing(6)] thread-lg:[--thread-content-margin:--spacing(16)] px-(--thread-content-margin)\">\n<div class=\"[--thread-content-max-width:40rem] thread-lg:[--thread-content-max-width:48rem] mx-auto max-w-(--thread-content-max-width) flex-1 group\/turn-messages focus-visible:outline-hidden relative flex w-full min-w-0 flex-col agent-turn\" tabindex=\"-1\">\n<div class=\"flex max-w-full flex-col grow\">\n<div class=\"min-h-8 text-message relative flex w-full flex-col items-end gap-2 text-start break-words whitespace-normal [.text-message+&amp;]:mt-1\" dir=\"auto\" data-message-author-role=\"assistant\" data-message-id=\"8d18012a-fb48-4b95-868b-4e577d237289\" data-message-model-slug=\"gpt-5\">\n<div class=\"flex w-full flex-col gap-1 empty:hidden first:pt-[1px]\">\n<div class=\"markdown prose dark:prose-invert w-full break-words light markdown-new-styling\">\n<p>Arka planda kalan s\u00fct \u00fcr\u00fcnleri kaplar\u0131ndan s\u0131k\u0131ld\u0131n\u0131z m\u0131? Kalp \u015feklinde cam yo\u011furt \u015fi\u015feleri \u00fcretiyoruz; art\u0131k s\u0131k\u0131c\u0131 ambalajlara son. Bu cam yo\u011furt \u015fi\u015feleri, basit saklama alan\u0131n\u0131 romantik bir hikaye anlat\u0131m\u0131na d\u00f6n\u00fc\u015ft\u00fcr\u00fcyor. Toplu sipari\u015flerde, markan\u0131z\u0131n ruhuna uygun \u00f6zel cam yo\u011furt \u015fi\u015feleri sunuyoruz.<\/p>\n<h2>\u00dcr\u00fcn \u00d6zellikleri<\/h2>\n<p><strong>Kalp \u015feklinde t\u0131ls\u0131m<\/strong><\/p>\n<p>\u00c7ift kalp kabartmal\u0131 tasar\u0131m \u2013 cam yo\u011furt \u015fi\u015feleriniz ilk g\u00f6r\u00fc\u015fte sizi b\u00fcy\u00fcleyecek.<\/p>\n<p><strong>G\u00fcvenli m\u00fch\u00fcr<\/strong><\/p>\n<p>Hafif\u00e7e geni\u015fleyen boyun \u2013 tazeli\u011fi korur ve ta\u015f\u0131ma s\u0131ras\u0131nda s\u0131z\u0131nt\u0131lar\u0131 \u00f6nler.<\/p>\n<p><strong>Kristal berrakl\u0131\u011f\u0131nda<\/strong><\/p>\n<p>Y\u00fcksek \u015feffafl\u0131ktaki cam, kaliteyi an\u0131nda ortaya \u00e7\u0131kar\u0131r ve m\u00fc\u015fteri g\u00fcvenini kazand\u0131r\u0131r.<\/p>\n<p><strong>Ki\u015fiye \u00f6zel a\u015fk b\u00fcy\u00fcs\u00fc<\/strong><\/p>\n<p>Logonuzu cam yo\u011furt \u015fi\u015felerine bast\u0131r\u0131n; \u00fcr\u00fcn\u00fcn\u00fcz\u00fc daha ak\u0131lda kal\u0131c\u0131 hale getirin.<\/p>\n<h2>Temel \u00d6zellikler<\/h2>\n<table style=\"border-collapse: collapse; width: 80%; margin-left: auto; margin-right: auto;\" border=\"0\" width=\"288\" cellspacing=\"0\" cellpadding=\"0\">\n<tbody>\n<tr style=\"height: 13.50pt;\">\n<td style=\"height: 13.5pt; width: 54pt; text-align: center;\" width=\"72\" height=\"18\">Model<\/td>\n<td style=\"width: 54pt; text-align: center;\" width=\"72\">Kapasite(ml)<\/td>\n<td style=\"width: 54pt; text-align: center;\" width=\"72\">Boyut (cm)<\/td>\n<td style=\"width: 54pt; text-align: center;\" width=\"72\">Model<\/td>\n<\/tr>\n<tr style=\"height: 13.50pt;\">\n<td style=\"height: 13.5pt; text-align: center;\" align=\"right\" height=\"18\">64010035<\/td>\n<td style=\"text-align: center;\" align=\"right\">100<\/td>\n<td style=\"text-align: center;\">6.2&#215;6.7<\/td>\n<td class=\"et2\" style=\"text-align: center;\" rowspan=\"3\">\u00c7ift kalp<\/td>\n<\/tr>\n<tr style=\"height: 13.50pt;\">\n<td style=\"height: 13.5pt; text-align: center;\" align=\"right\" height=\"18\">64015036<\/td>\n<td style=\"text-align: center;\" align=\"right\">150<\/td>\n<td style=\"text-align: center;\">6.3&#215;7.9<\/td>\n<\/tr>\n<tr style=\"height: 13.50pt;\">\n<td style=\"height: 13.5pt; text-align: center;\" align=\"right\" height=\"18\">64025037<\/td>\n<td style=\"text-align: center;\" align=\"right\">250<\/td>\n<td style=\"text-align: center;\">7.0&#215;9.6<\/td>\n<\/tr>\n<\/tbody>\n<\/table>\n<h2>Ba\u015far\u0131 \u00d6rne\u011fi<\/h2>\n<p>Avrupal\u0131 \u200b\u200bbir yo\u011furt markas\u0131, \u00f6zel 200 ml&#039;lik cam yo\u011furt \u015fi\u015feleri tasarlamam\u0131z i\u00e7in bize ba\u015fvurdu. Folyo kapakla kapat\u0131lan, tek kalp kabartmal\u0131 \u015fi\u015feler, sadece b\u00fcy\u00fcleyici ve el yap\u0131m\u0131 bir g\u00f6r\u00fcn\u00fcm yaratmakla kalm\u0131yor, ayn\u0131 zamanda perakende buzdolab\u0131 t\u00fcketicileri i\u00e7in de olduk\u00e7a \u00e7ekici.<\/p>\n<p>Kapaklara aromalarla uyumlu olmas\u0131 i\u00e7in mat bir y\u00fczey de ekledik: \u00e7ilek i\u00e7in pembe, yaban mersini i\u00e7in a\u00e7\u0131k mavi ve vanilya i\u00e7in bej. Cam\u0131n kal\u0131n ve g\u0131daya uygun olmas\u0131n\u0131n yan\u0131 s\u0131ra, \u00fcr\u00fcn\u00fcn tazeli\u011fini de koruyor ve \u015fi\u015feler daha a\u011f\u0131rla\u015f\u0131yor, b\u00f6ylece &#034;\u00f6zenle haz\u0131rlanm\u0131\u015f&#034; marka imaj\u0131 daha da g\u00fc\u00e7leniyor.<\/p>\n<p>Yani ambalaj de\u011fi\u015fikli\u011finden sonra m\u00fc\u015fteri \u015fikayetleri y\u00fczde 60 oran\u0131nda azald\u0131, toplu sipari\u015flerde ise y\u00fczde 50 art\u0131\u015f ya\u015fand\u0131.<\/p>\n<h2>\u00d6zelle\u015ftirme K\u0131lavuzunuz<\/h2>\n<ol>\n<li><strong>Ki\u015fiselle\u015ftirilmi\u015f Grav\u00fcr:<\/strong>D\u00fc\u011f\u00fcnleriniz veya hediye koleksiyonlar\u0131n\u0131z i\u00e7in kavanozun \u00fczerine \u00f6zel isimler, tarihler veya k\u0131sa mesajlar ekleyebilirsiniz.<\/li>\n<li><strong>\u00d6zel Kapak Se\u00e7enekleri:<\/strong>Farkl\u0131 temalara veya markalama stillerine uyacak \u015fekilde mantar, bambu veya renkli metal kapaklardan birini se\u00e7in.<\/li>\n<\/ol>\n<\/div>\n<\/div>\n<\/div>\n<\/div>\n<\/div>\n<\/div>","protected":false},"excerpt":{"rendered":"<p>Tatl\u0131lar, re\u00e7eller veya mumlar i\u00e7in ideal, sevimli \u00e7ift kalpli cam yo\u011furt \u015fi\u015feleri. Hediyelik veya \u00f6zel g\u00fcnler i\u00e7in m\u00fckemmel, romantik cam kavanozlar.<\/p>","protected":false},"featured_media":22536,"template":"","meta":[],"product_brand":[],"product_cat":[124,122,130],"product_tag":[],"class_list":{"0":"post-22531","1":"product","2":"type-product","3":"status-publish","4":"has-post-thumbnail","6":"product_cat-custom-glass-jars","7":"product_cat-custom-glass-packaging","8":"product_cat-glass-yogurt-jars","10":"first","11":"instock","12":"shipping-taxable","13":"product-type-simple"},"jetpack_sharing_enabled":true,"_links":{"self":[{"href":"https:\/\/yebodaglass.com\/tr\/wp-json\/wp\/v2\/product\/22531","targetHints":{"allow":["GET"]}}],"collection":[{"href":"https:\/\/yebodaglass.com\/tr\/wp-json\/wp\/v2\/product"}],"about":[{"href":"https:\/\/yebodaglass.com\/tr\/wp-json\/wp\/v2\/types\/product"}],"version-history":[{"count":6,"href":"https:\/\/yebodaglass.com\/tr\/wp-json\/wp\/v2\/product\/22531\/revisions"}],"predecessor-version":[{"id":22563,"href":"https:\/\/yebodaglass.com\/tr\/wp-json\/wp\/v2\/product\/22531\/revisions\/22563"}],"wp:featuredmedia":[{"embeddable":true,"href":"https:\/\/yebodaglass.com\/tr\/wp-json\/wp\/v2\/media\/22536"}],"wp:attachment":[{"href":"https:\/\/yebodaglass.com\/tr\/wp-json\/wp\/v2\/media?parent=22531"}],"wp:term":[{"taxonomy":"product_brand","embeddable":true,"href":"https:\/\/yebodaglass.com\/tr\/wp-json\/wp\/v2\/product_brand?post=22531"},{"taxonomy":"product_cat","embeddable":true,"href":"https:\/\/yebodaglass.com\/tr\/wp-json\/wp\/v2\/product_cat?post=22531"},{"taxonomy":"product_tag","embeddable":true,"href":"https:\/\/yebodaglass.com\/tr\/wp-json\/wp\/v2\/product_tag?post=22531"}],"curies":[{"name":"wp","href":"https:\/\/api.w.org\/{rel}","templated":true}]}}