{"id":22511,"date":"2025-10-21T10:29:18","date_gmt":"2025-10-21T02:29:18","guid":{"rendered":"https:\/\/yebodaglass.com\/?post_type=product&#038;p=22511"},"modified":"2025-11-28T15:58:15","modified_gmt":"2025-11-28T07:58:15","slug":"mini-transparent-glass-yogurt-bottles-wholesale-dessert-container","status":"publish","type":"product","link":"https:\/\/yebodaglass.com\/tr\/mini-transparent-glass-yogurt-bottles-wholesale-dessert-container\/","title":{"rendered":"Mini \u015eeffaf Cam Yo\u011furt \u015ei\u015feleri Toptan Sat\u0131\u015f - Tatl\u0131 Kab\u0131 100 - 200 ml"},"content":{"rendered":"<div class=\"text-base my-auto mx-auto pb-10 [--thread-content-margin:--spacing(4)] thread-sm:[--thread-content-margin:--spacing(6)] thread-lg:[--thread-content-margin:--spacing(16)] px-(--thread-content-margin)\">\n<div class=\"[--thread-content-max-width:40rem] thread-lg:[--thread-content-max-width:48rem] mx-auto max-w-(--thread-content-max-width) flex-1 group\/turn-messages focus-visible:outline-hidden relative flex w-full min-w-0 flex-col agent-turn\" tabindex=\"-1\">\n<div class=\"flex max-w-full flex-col grow\">\n<div class=\"min-h-8 text-message relative flex w-full flex-col items-end gap-2 text-start break-words whitespace-normal [.text-message+&amp;]:mt-1\" dir=\"auto\" data-message-author-role=\"assistant\" data-message-id=\"26beda35-2f10-4dda-a7c4-c139e3bf47ff\" data-message-model-slug=\"gpt-5\">\n<div class=\"flex w-full flex-col gap-1 empty:hidden first:pt-[1px]\">\n<div class=\"markdown prose dark:prose-invert w-full break-words light markdown-new-styling\">\n<p>Tazeli\u011fini gizleyen veya d\u00f6k\u00fclen s\u00fct kaplar\u0131ndan b\u0131kt\u0131n\u0131z m\u0131? Puding i\u00e7in kapakl\u0131 cam s\u00fct \u015fi\u015fesi \u00fcretiyoruz; da\u011f\u0131n\u0131k kep\u00e7elere son. Bu cam s\u00fct saklama \u015fi\u015feleri, tatl\u0131 ambalaj\u0131 g\u00fcvene d\u00f6n\u00fc\u015ft\u00fcr\u00fcyor. Toplu sipari\u015flerde, markan\u0131z\u0131n havas\u0131na uygun \u00f6zel cam \u015fi\u015feler elde edersiniz.<\/p>\n<h2>\u00dcr\u00fcn \u00d6zellikleri<\/h2>\n<p><strong>\u015e\u0131k F\u0131rf\u0131rl\u0131 Tasar\u0131m<\/strong><\/p>\n<p>Dikey kaburgalar y\u00fczeye dokunsal bir kalite kazand\u0131r\u0131r ve cam\u0131 g\u00f6rsel olarak daha \u00e7ekici hale getirir.<\/p>\n<p><strong>Sa\u011flam Cam Bile\u015feni<\/strong><\/p>\n<p>\u00dcr\u00fcn\u00fcn \u00fcretiminde y\u00fcksek kaliteli ve kal\u0131n camlar kullan\u0131ld\u0131\u011f\u0131 i\u00e7in dayan\u0131kl\u0131 bir yap\u0131ya sahiptir.<\/p>\n<p><strong>\u00c7ok Fonksiyonlu<\/strong><\/p>\n<p>Tatl\u0131larda, yo\u011furtlarda, dondurmalarda hatta mum yap\u0131m\u0131nda bile kullan\u0131labilir.<\/p>\n<p><strong>Tekrar Kullan\u0131labilir ve \u00c7evre Dostu<\/strong><\/p>\n<p>\u00dcr\u00fcn hijyenik ko\u015fullarda bak\u0131m\u0131n\u0131n kolay olmas\u0131 sebebiyle \u00e7evre dostu ya\u015fam i\u00e7in m\u00fckemmel bir \u00fcr\u00fcnd\u00fcr.<\/p>\n<h2>Temel \u00d6zellikler<\/h2>\n<table style=\"border-collapse: collapse; width: 80%; margin-left: auto; margin-right: auto;\" border=\"0\" width=\"288\" cellspacing=\"0\" cellpadding=\"0\">\n<tbody>\n<tr style=\"height: 13.50pt;\">\n<td style=\"height: 13.5pt; width: 54pt; text-align: center;\" width=\"72\" height=\"18\">Model<\/td>\n<td style=\"width: 54pt; text-align: center;\" width=\"72\">Kapasite(ml)<\/td>\n<td style=\"width: 54pt; text-align: center;\" width=\"72\">Boyut (cm)<\/td>\n<td style=\"width: 54pt; text-align: center;\" width=\"72\">Model<\/td>\n<\/tr>\n<tr style=\"height: 13.50pt;\">\n<td style=\"height: 13.5pt; text-align: center;\" align=\"right\" height=\"18\">64010031<\/td>\n<td style=\"text-align: center;\" align=\"right\">100<\/td>\n<td style=\"text-align: center;\">6.8&#215;6.7<\/td>\n<td class=\"et2\" style=\"text-align: center;\" rowspan=\"4\">Dikey<\/td>\n<\/tr>\n<tr style=\"height: 13.50pt;\">\n<td style=\"height: 13.5pt; text-align: center;\" align=\"right\" height=\"18\">64013032<\/td>\n<td style=\"text-align: center;\" align=\"right\">130<\/td>\n<td style=\"text-align: center;\">6.6&#215;7.4<\/td>\n<\/tr>\n<tr style=\"height: 13.50pt;\">\n<td style=\"height: 13.5pt; text-align: center;\" align=\"right\" height=\"18\">64015033<\/td>\n<td style=\"text-align: center;\" align=\"right\">150<\/td>\n<td style=\"text-align: center;\">6.4&#215;7.7<\/td>\n<\/tr>\n<tr style=\"height: 13.50pt;\">\n<td style=\"height: 13.5pt; text-align: center;\" align=\"right\" height=\"18\">64020034<\/td>\n<td style=\"text-align: center;\" align=\"right\">200<\/td>\n<td style=\"text-align: center;\">7.2&#215;7.5<\/td>\n<\/tr>\n<\/tbody>\n<\/table>\n<h2>Ba\u015far\u0131 \u00d6rne\u011fi<\/h2>\n<p>Avrupal\u0131 \u200b\u200bbir tatl\u0131 fabrikas\u0131, yeni panna cotta serisi i\u00e7in \u00fcst d\u00fczey bir ambalaj ar\u0131yordu. Hava ge\u00e7irmez al\u00fcminyum kapakl\u0131, \u00f6zel yap\u0131m 130 ml&#039;lik cam yo\u011furt \u015fi\u015felerimizi se\u00e7tiler. Bu tasar\u0131m, tatl\u0131lar\u0131n p\u00fcr\u00fczs\u00fcz dokusunu vurgularken ayn\u0131 zamanda nakliye s\u0131ras\u0131nda tazeli\u011fini de garanti alt\u0131na almak i\u00e7in tasarland\u0131. Zarif ve el yap\u0131m\u0131 bir g\u00f6r\u00fcn\u00fcm i\u00e7in \u015fi\u015feye dikey cam \u015feritler eklendi ve omuzdaki \u00f6zel kabartma, marka logosunu zarif bir \u015fekilde sergiledi.<\/p>\n<p>Sonu\u00e7? Toplu sipari\u015fler artt\u0131 ve panna cotta serisi, piyasaya s\u00fcr\u00fcld\u00fc\u011f\u00fc ilk aydan itibaren en \u00e7ok sat\u0131lan \u00fcr\u00fcnler aras\u0131na girdi.<\/p>\n<h2>\u00d6zelle\u015ftirme K\u0131lavuzunuz<\/h2>\n<ol>\n<li><strong>\u201cTatl\u0131 Paleti\u201d Gruplar\u0131: <\/strong>Puding \u015fi\u015fesine pastel bantlar ekleyin (\u00f6rne\u011fin, &#034;Nane Ye\u015fili&#034;). M\u00fc\u015fterilere \u015funu s\u00f6yleyin: &#034;Taze tatl\u0131, taze mutluluk.&#034;<\/li>\n<li><strong>Kapak ve Paketleme Se\u00e7enekleri: <\/strong>Farkl\u0131 pazar stillerine uyacak \u015fekilde metal, bambu veya mantar kapaklar ve markal\u0131 hediye ambalajlar\u0131 ile \u00f6zelle\u015ftirin.<\/li>\n<\/ol>\n<\/div>\n<\/div>\n<\/div>\n<\/div>\n<\/div>\n<\/div>","protected":false},"excerpt":{"rendered":"<p>Toptan \u015feffaf cam yo\u011furt \u015fi\u015feleri, tatl\u0131lar, yo\u011furt veya mumlar i\u00e7in idealdir. Cam ambalajlar i\u00e7in m\u00fckemmel, dayan\u0131kl\u0131 ve tekrar kullan\u0131labilir cam kavanozlar.<\/p>","protected":false},"featured_media":22518,"template":"","meta":[],"product_brand":[],"product_cat":[124,122,130],"product_tag":[],"class_list":{"0":"post-22511","1":"product","2":"type-product","3":"status-publish","4":"has-post-thumbnail","6":"product_cat-custom-glass-jars","7":"product_cat-custom-glass-packaging","8":"product_cat-glass-yogurt-jars","10":"first","11":"instock","12":"shipping-taxable","13":"product-type-simple"},"jetpack_sharing_enabled":true,"_links":{"self":[{"href":"https:\/\/yebodaglass.com\/tr\/wp-json\/wp\/v2\/product\/22511","targetHints":{"allow":["GET"]}}],"collection":[{"href":"https:\/\/yebodaglass.com\/tr\/wp-json\/wp\/v2\/product"}],"about":[{"href":"https:\/\/yebodaglass.com\/tr\/wp-json\/wp\/v2\/types\/product"}],"version-history":[{"count":5,"href":"https:\/\/yebodaglass.com\/tr\/wp-json\/wp\/v2\/product\/22511\/revisions"}],"predecessor-version":[{"id":24186,"href":"https:\/\/yebodaglass.com\/tr\/wp-json\/wp\/v2\/product\/22511\/revisions\/24186"}],"wp:featuredmedia":[{"embeddable":true,"href":"https:\/\/yebodaglass.com\/tr\/wp-json\/wp\/v2\/media\/22518"}],"wp:attachment":[{"href":"https:\/\/yebodaglass.com\/tr\/wp-json\/wp\/v2\/media?parent=22511"}],"wp:term":[{"taxonomy":"product_brand","embeddable":true,"href":"https:\/\/yebodaglass.com\/tr\/wp-json\/wp\/v2\/product_brand?post=22511"},{"taxonomy":"product_cat","embeddable":true,"href":"https:\/\/yebodaglass.com\/tr\/wp-json\/wp\/v2\/product_cat?post=22511"},{"taxonomy":"product_tag","embeddable":true,"href":"https:\/\/yebodaglass.com\/tr\/wp-json\/wp\/v2\/product_tag?post=22511"}],"curies":[{"name":"wp","href":"https:\/\/api.w.org\/{rel}","templated":true}]}}