{"id":22431,"date":"2025-10-16T17:32:53","date_gmt":"2025-10-16T09:32:53","guid":{"rendered":"https:\/\/yebodaglass.com\/?post_type=product&#038;p=22431"},"modified":"2026-04-10T14:44:12","modified_gmt":"2026-04-10T06:44:12","slug":"glass-milk-bottles-with-lids-dairy-glass-bottle-supplier","status":"publish","type":"product","link":"https:\/\/yebodaglass.com\/tr\/glass-milk-bottles-with-lids-dairy-glass-bottle-supplier\/","title":{"rendered":"100-930 ml Aras\u0131 Kapasiteli, G\u00fcvenlik Kilitli Kapakl\u0131 Toptan Cam S\u00fct \u015ei\u015feleri"},"content":{"rendered":"<p>D\u00f6k\u00fclen veya bayat tad\u0131 olan s\u00fct \u015fi\u015felerinden b\u0131kt\u0131n\u0131z m\u0131? H\u0131rs\u0131zl\u0131\u011fa kar\u015f\u0131 korumal\u0131 vidal\u0131 cam s\u00fct \u015fi\u015feleri \u00fcretiyoruz; art\u0131k s\u00fct israf\u0131 yok. Bu cam s\u00fct \u015fi\u015feleri, i\u00e7ecek \u015fi\u015feleme i\u015fini g\u00fcvene d\u00f6n\u00fc\u015ft\u00fcr\u00fcyor. Toplu sipari\u015flerde, markan\u0131z\u0131n tarz\u0131na uygun \u00f6zel cam \u015fi\u015feler sunuyoruz.<\/p>\n<h2>\u00dcr\u00fcn \u00d6zellikleri<\/h2>\n<ol>\n<li><strong>Kurcalamaya Kar\u015f\u0131 Korumal\u0131 Boyun Tasar\u0131m\u0131:\u00a0<\/strong>\u00dcr\u00fcn\u00fc s\u0131k\u0131ca kapat\u0131lm\u0131\u015f, tek kullan\u0131ml\u0131k bir conta ile kapat\u0131ld\u0131\u011f\u0131 andan itibaren g\u00fcvenli ve taze tutar.<\/li>\n<li><strong>Sa\u011flam ve Geri D\u00f6n\u00fc\u015ft\u00fcr\u00fclebilir:\u00a0<\/strong>Uzun \u00f6m\u00fcrl\u00fc ve kullan\u0131m\u0131 kolay olmas\u0131 i\u00e7in kal\u0131n, y\u00fcksek kaliteli camdan yap\u0131lm\u0131\u015ft\u0131r.<\/li>\n<li><strong>\u00c7ok \u00c7e\u015fitli Kullan\u0131m Alanlar\u0131:\u00a0<\/strong>S\u00fct, smoothie, kahve, meyve suyu, su ve di\u011fer i\u00e7ecekler i\u00e7in m\u00fckemmeldir.<\/li>\n<li><strong>Pazarlama Avantajlar\u0131:\u00a0<\/strong>Marka bilinirli\u011fi i\u00e7in \u00f6zelle\u015ftirilmi\u015f kapaklar\u0131n, marka logolar\u0131n\u0131n yazd\u0131r\u0131lmas\u0131n\u0131n ve etiketlemenin kullan\u0131m\u0131n\u0131 kolayla\u015ft\u0131r\u0131r.<\/li>\n<\/ol>\n<h2>Temel \u00d6zellikler<\/h2>\n<table style=\"border-collapse: collapse; width: 80%; margin-left: auto; margin-right: auto;\" border=\"0\" width=\"288\" cellspacing=\"0\" cellpadding=\"0\">\n<tbody>\n<tr style=\"height: 13.50pt;\">\n<td style=\"height: 13.5pt; width: 54pt; text-align: center;\" width=\"72\" height=\"18\">Model<\/td>\n<td style=\"width: 54pt; text-align: center;\" width=\"72\">Kapasite(ml)<\/td>\n<td style=\"width: 54pt; text-align: center;\" width=\"72\">Boyut (cm)<\/td>\n<td style=\"width: 54pt; text-align: center;\" width=\"72\">Boyun Tipi<\/td>\n<\/tr>\n<tr style=\"height: 13.50pt;\">\n<td style=\"height: 13.5pt; text-align: center;\" align=\"right\" height=\"18\">64010012<\/td>\n<td style=\"text-align: center;\" align=\"right\">100<\/td>\n<td style=\"text-align: center;\">4.5&#215;4.5&#215;10.5<\/td>\n<td class=\"et2\" style=\"text-align: center;\" rowspan=\"7\">Kurcalamaya Kar\u015f\u0131 Korumal\u0131 Plastik Vidal\u0131 Kapak<\/td>\n<\/tr>\n<tr style=\"height: 13.50pt;\">\n<td style=\"height: 13.5pt; text-align: center;\" align=\"right\" height=\"18\">64024013<\/td>\n<td style=\"text-align: center;\" align=\"right\">240<\/td>\n<td style=\"text-align: center;\">5. 4x5x14. 4<\/td>\n<\/tr>\n<tr style=\"height: 13.50pt;\">\n<td style=\"height: 13.5pt; text-align: center;\" align=\"right\" height=\"18\">64030014<\/td>\n<td style=\"text-align: center;\" align=\"right\">300<\/td>\n<td style=\"text-align: center;\">5.9&#215;5.9&#215;15.9<\/td>\n<\/tr>\n<tr style=\"height: 13.50pt;\">\n<td style=\"height: 13.5pt; text-align: center;\" align=\"right\" height=\"18\">64036015<\/td>\n<td style=\"text-align: center;\" align=\"right\">360<\/td>\n<td style=\"text-align: center;\">6.1&#215;5.7&#215;16.6<\/td>\n<\/tr>\n<tr style=\"height: 13.50pt;\">\n<td style=\"height: 13.5pt; text-align: center;\" align=\"right\" height=\"18\">64040016<\/td>\n<td style=\"text-align: center;\" align=\"right\">400<\/td>\n<td style=\"text-align: center;\">6.5&#215;6.2&#215;17.1<\/td>\n<\/tr>\n<tr style=\"height: 13.50pt;\">\n<td style=\"height: 13.5pt; text-align: center;\" align=\"right\" height=\"18\">64050017<\/td>\n<td style=\"text-align: center;\" align=\"right\">500<\/td>\n<td style=\"text-align: center;\">6.8&#215;6.8&#215;18.6<\/td>\n<\/tr>\n<tr style=\"height: 13.50pt;\">\n<td style=\"height: 13.5pt; text-align: center;\" align=\"right\" height=\"18\">64093018<\/td>\n<td style=\"text-align: center;\" align=\"right\">930<\/td>\n<td style=\"text-align: center;\">8.3&#215;8.3&#215;21.9<\/td>\n<\/tr>\n<\/tbody>\n<\/table>\n<h2>Ba\u015far\u0131 \u00d6rne\u011fi<\/h2>\n<p>Avustralya&#039;dan h\u0131zla b\u00fcy\u00fcyen bir s\u00fct \u00fcr\u00fcnleri markas\u0131, yeni bir \u00e7ilekli s\u00fct serisi olu\u015ftururken bizimle ileti\u015fime ge\u00e7ti. Ba\u015fl\u0131ca hedeflerinden biri, yaln\u0131zca tazeli\u011fi korumakla kalmay\u0131p ayn\u0131 zamanda \u00fcr\u00fcn\u00fc rafta g\u00f6rsel olarak da \u00e7ekici hale getirecek, s\u0131zd\u0131rmaz, birinci s\u0131n\u0131f cam ambalajlar olu\u015fturmakt\u0131. 500 ml&#039;lik cam s\u00fct \u015fi\u015fesini se\u00e7tiler ve cam y\u00fczeyine logolar\u0131n\u0131 ve \u00fcr\u00fcn \u00f6zelliklerini g\u00f6steren \u00e7\u0131kartmalar yap\u0131\u015ft\u0131rd\u0131lar; bu da \u00e7ilekli s\u00fct\u00fcn do\u011fal pembe rengini vurgulamaya yard\u0131mc\u0131 oldu. \u015ei\u015fe, kurcalamaya kar\u015f\u0131 korumal\u0131 di\u015flere ve s\u0131k\u0131 bir s\u0131zd\u0131rmazl\u0131k i\u00e7in hassas bir \u015fekilde tasarlanm\u0131\u015f bir boyuna sahipti, kapak ise kurcalamaya kar\u015f\u0131 g\u00fcvenli\u011fi sa\u011flamak i\u00e7in konumland\u0131r\u0131lm\u0131\u015ft\u0131.<\/p>\n<p>\u0130lk \u00e7eyrekte s\u0131z\u0131nt\u0131 \u015fikayetlerinin say\u0131s\u0131 , toplu sipari\u015f hacmi ise artt\u0131.<\/p>\n<h2>\u00d6zelle\u015ftirme K\u0131lavuzunuz<\/h2>\n<ul>\n<li><strong>\u00c7ilek Mevsim Bantlar\u0131: <\/strong>\u00c7ilekli s\u00fct cam \u015fi\u015fesine pembe bantlar ekleyin (\u00f6rne\u011fin, \u201cYaz \u00c7ile\u011fi\u201d). M\u00fc\u015fterilere \u015funlar\u0131 s\u00f6yleyin: &#034;Taze s\u00fct, taze ne\u015fe.\u201d<\/li>\n<li><strong>\u201d Aile Boyu &#034; Setleri: <\/strong>\u0130ki adet 500 ml&#039;lik s\u00fct \u015fi\u015fesi ve bir adet 930 ml&#039;lik \u015fi\u015fe kullanarak &#034;\u00c7eyrek ve Yar\u0131m Galonluk Paket&#034; olu\u015fturun; yar\u0131m litrelik ve \u00e7eyrek litrelik ihtiya\u00e7lar\u0131n\u0131z i\u00e7in m\u00fckemmeldir.<\/li>\n<\/ul>\n<p>&nbsp;<\/p>","protected":false},"excerpt":{"rendered":"<p>S\u00fct \u00fcr\u00fcnleri, meyve suyu, \u00e7ay, kahve ve di\u011fer i\u00e7eceklerin ambalajlanmas\u0131 i\u00e7in dayan\u0131kl\u0131, kurcalamaya kar\u015f\u0131 korumal\u0131 kapakl\u0131 cam s\u00fct \u015fi\u015feleri. \u00d6zelle\u015ftirme ve toplu sipari\u015fler mevcuttur.<\/p>","protected":false},"featured_media":22437,"template":"","meta":[],"product_brand":[],"product_cat":[131,123,122],"product_tag":[],"class_list":{"0":"post-22431","1":"product","2":"type-product","3":"status-publish","4":"has-post-thumbnail","6":"product_cat-glass-milk-bottles","7":"product_cat-custom-glass-bottles","8":"product_cat-custom-glass-packaging","10":"first","11":"instock","12":"shipping-taxable","13":"product-type-simple"},"jetpack_sharing_enabled":true,"_links":{"self":[{"href":"https:\/\/yebodaglass.com\/tr\/wp-json\/wp\/v2\/product\/22431","targetHints":{"allow":["GET"]}}],"collection":[{"href":"https:\/\/yebodaglass.com\/tr\/wp-json\/wp\/v2\/product"}],"about":[{"href":"https:\/\/yebodaglass.com\/tr\/wp-json\/wp\/v2\/types\/product"}],"version-history":[{"count":5,"href":"https:\/\/yebodaglass.com\/tr\/wp-json\/wp\/v2\/product\/22431\/revisions"}],"predecessor-version":[{"id":25737,"href":"https:\/\/yebodaglass.com\/tr\/wp-json\/wp\/v2\/product\/22431\/revisions\/25737"}],"wp:featuredmedia":[{"embeddable":true,"href":"https:\/\/yebodaglass.com\/tr\/wp-json\/wp\/v2\/media\/22437"}],"wp:attachment":[{"href":"https:\/\/yebodaglass.com\/tr\/wp-json\/wp\/v2\/media?parent=22431"}],"wp:term":[{"taxonomy":"product_brand","embeddable":true,"href":"https:\/\/yebodaglass.com\/tr\/wp-json\/wp\/v2\/product_brand?post=22431"},{"taxonomy":"product_cat","embeddable":true,"href":"https:\/\/yebodaglass.com\/tr\/wp-json\/wp\/v2\/product_cat?post=22431"},{"taxonomy":"product_tag","embeddable":true,"href":"https:\/\/yebodaglass.com\/tr\/wp-json\/wp\/v2\/product_tag?post=22431"}],"curies":[{"name":"wp","href":"https:\/\/api.w.org\/{rel}","templated":true}]}}