{"id":22423,"date":"2025-10-16T16:12:47","date_gmt":"2025-10-16T08:12:47","guid":{"rendered":"https:\/\/yebodaglass.com\/?post_type=product&#038;p=22423"},"modified":"2026-04-10T18:34:30","modified_gmt":"2026-04-10T10:34:30","slug":"310oz-glass-milk-bottles-wholesale-twist-off-ct-finish-storage-bottles","status":"publish","type":"product","link":"https:\/\/yebodaglass.com\/tr\/310oz-glass-milk-bottles-wholesale-twist-off-ct-finish-storage-bottles\/","title":{"rendered":"310 oz Cam S\u00fct \u015ei\u015feleri Toptan Sat\u0131\u015f | Vidal\u0131 Kapakl\u0131 ve CT Kaplamal\u0131 Saklama \u015ei\u015feleri"},"content":{"rendered":"<p>Toptan sat\u0131\u015f\u0131n\u0131 yapt\u0131\u011f\u0131m\u0131z 310 ml&#039;lik cam s\u00fct \u015fi\u015felerimiz hem \u015f\u0131k bir g\u00f6r\u00fcn\u00fcme sahip hem de olduk\u00e7a sa\u011flamd\u0131r. \u0130\u00e7inde zararl\u0131 madde bulunmayan camdan \u00fcretilmi\u015ftir. Bu \u015fi\u015feler kolayca tutulabilir. Raflarda g\u00fczel dururlar. \u015eeffaf olduklar\u0131 i\u00e7in s\u00fct\u00fcn veya meyve suyunun ne kadar taze oldu\u011funu g\u00f6rebilirsiniz. Bu \u00f6zellikleriyle kaliteli i\u00e7ecek satmak isteyen \u015firketler i\u00e7in m\u00fckemmeldirler.<\/p>\n<h2>Temel \u00d6zellikler<\/h2>\n<table style=\"border-collapse: collapse; width: 80%; margin-left: auto; margin-right: auto;\" border=\"0\" width=\"288\" cellspacing=\"0\" cellpadding=\"0\">\n<tbody>\n<tr style=\"height: 13.50pt;\">\n<td style=\"height: 13.5pt; width: 54pt; text-align: center;\" width=\"72\" height=\"18\">Model<\/td>\n<td style=\"width: 54pt; text-align: center;\" width=\"72\">Kapasite<\/td>\n<td style=\"width: 54pt; text-align: center;\" width=\"72\">Rozpocznij swoj\u0105 dzia\u0142alno\u015b\u0107 w zakresie opakowa\u0144 szklanych<\/td>\n<td style=\"width: 54pt; text-align: center;\" width=\"72\">Boyun Tipi<\/td>\n<\/tr>\n<tr style=\"height: 13.50pt;\">\n<td style=\"height: 13.5pt; text-align: center;\" align=\"right\" height=\"18\">64031010<\/td>\n<td class=\"et2\" style=\"text-align: center;\" rowspan=\"2\">310 ml<\/td>\n<td style=\"text-align: center;\">6,1*6,1*15,2 mm<\/td>\n<td style=\"text-align: center;\">\u00e7evirerek a\u00e7\u0131lan kapak<\/td>\n<\/tr>\n<tr style=\"height: 13.50pt;\">\n<td style=\"height: 13.5pt; text-align: center;\" align=\"right\" height=\"18\">64031011<\/td>\n<td style=\"text-align: center;\">6,1*6,1*15,4 mm<\/td>\n<td style=\"text-align: center;\">S\u00fcrekli \u0130plik \u00fcst<\/td>\n<\/tr>\n<\/tbody>\n<\/table>\n<h2>Bu \u015fi\u015feler \u00e7e\u015fitli \u015fekillerde kullan\u0131labilir. Bunlar i\u00e7in iki \u00e7e\u015fit kapa\u011f\u0131m\u0131z var:<\/h2>\n<ol>\n<li><strong>Vidal\u0131 kapak<\/strong>Bu kapak, cam s\u00fct saklama \u015fi\u015felerini doldurman\u0131z gerekti\u011finde harika bir \u00e7\u00f6z\u00fcmd\u00fcr. H\u0131zl\u0131ca kapanabilmesi, \u015fi\u015felerin \u00fczerine kapak takan makineler i\u00e7in idealdir. Bu tip kapaklar genellikle i\u00e7ecekler i\u00e7in kullan\u0131l\u0131r \u00e7\u00fcnk\u00fc i\u00e7ece\u011fin g\u00fcvenli ve taze kalmas\u0131n\u0131 sa\u011flar.<\/li>\n<li><strong>S\u00fcrekli \u0130plik \u00fcst<\/strong>Birden fazla kez kullanmak istedi\u011finiz \u015fi\u015feler i\u00e7in idealdir. Farkl\u0131 kapak t\u00fcrleriyle kullan\u0131labilir ve a\u00e7\u0131l\u0131p kapanmas\u0131 kolayd\u0131r. Bu kapak t\u00fcr\u00fc genellikle i\u00e7ecekler i\u00e7in kullan\u0131l\u0131r ve \u015fi\u015feyi evde kullanmak isteyenler i\u00e7in uygundur.<\/li>\n<\/ol>\n<h2>Vaka \u00c7al\u0131\u015fmas\u0131<\/h2>\n<p>Organik krema \u00fcreten bir firmayla \u00e7al\u0131\u015farak s\u00fct \u00fcr\u00fcnleri \u015fi\u015felerinin \u00f6zel g\u00f6r\u00fcnmesini sa\u011flad\u0131k. Logolar\u0131n\u0131 \u015fi\u015feye yerle\u015ftirmek i\u00e7in bir y\u00f6ntem kulland\u0131k ve sonu\u00e7 \u00e7ok iyi oldu. Logo \u015fu \u015fekildedir:<\/p>\n<ol>\n<li>\u00c7izilmesi \u00e7ok zor. \u015ei\u015feyi bula\u015f\u0131k makinesinde y\u0131kayabilirsiniz.<\/li>\n<li>Dokunmas\u0131 \u00e7ok ho\u015f. Sadece bir etiket de\u011fil, \u015fi\u015fenin bir par\u00e7as\u0131 gibi g\u00f6r\u00fcn\u00fcyor.<\/li>\n<li>Birden \u00e7ok kez kullan\u0131labilir, bu da ambalaj maliyetlerinden tasarruf etmek isteyen \u015firketler i\u00e7in iyidir.<\/li>\n<\/ol>\n<p>\u0130\u015fletmeniz i\u00e7in de bu tarz cam s\u00fct \u015fi\u015felerini toptan \u00fcretebiliriz. \u0130stedi\u011finiz kapak tipini se\u00e7ebilirsiniz. Logonuzu da kendi y\u00f6ntemimizle \u015fi\u015feye basabiliriz.<\/p>","protected":false},"excerpt":{"rendered":"<p>High-quality 310ml glass milk storage bottles for wholesale. Available in Twist-off and Continuous Thread finishes. Custom decal branding for beverage brands.<\/p>","protected":false},"featured_media":22426,"template":"","meta":[],"product_brand":[],"product_cat":[131,123,122],"product_tag":[],"class_list":{"0":"post-22423","1":"product","2":"type-product","3":"status-publish","4":"has-post-thumbnail","6":"product_cat-glass-milk-bottles","7":"product_cat-custom-glass-bottles","8":"product_cat-custom-glass-packaging","10":"first","11":"instock","12":"shipping-taxable","13":"product-type-simple"},"jetpack_sharing_enabled":true,"_links":{"self":[{"href":"https:\/\/yebodaglass.com\/tr\/wp-json\/wp\/v2\/product\/22423","targetHints":{"allow":["GET"]}}],"collection":[{"href":"https:\/\/yebodaglass.com\/tr\/wp-json\/wp\/v2\/product"}],"about":[{"href":"https:\/\/yebodaglass.com\/tr\/wp-json\/wp\/v2\/types\/product"}],"version-history":[{"count":5,"href":"https:\/\/yebodaglass.com\/tr\/wp-json\/wp\/v2\/product\/22423\/revisions"}],"predecessor-version":[{"id":25751,"href":"https:\/\/yebodaglass.com\/tr\/wp-json\/wp\/v2\/product\/22423\/revisions\/25751"}],"wp:featuredmedia":[{"embeddable":true,"href":"https:\/\/yebodaglass.com\/tr\/wp-json\/wp\/v2\/media\/22426"}],"wp:attachment":[{"href":"https:\/\/yebodaglass.com\/tr\/wp-json\/wp\/v2\/media?parent=22423"}],"wp:term":[{"taxonomy":"product_brand","embeddable":true,"href":"https:\/\/yebodaglass.com\/tr\/wp-json\/wp\/v2\/product_brand?post=22423"},{"taxonomy":"product_cat","embeddable":true,"href":"https:\/\/yebodaglass.com\/tr\/wp-json\/wp\/v2\/product_cat?post=22423"},{"taxonomy":"product_tag","embeddable":true,"href":"https:\/\/yebodaglass.com\/tr\/wp-json\/wp\/v2\/product_tag?post=22423"}],"curies":[{"name":"wp","href":"https:\/\/api.w.org\/{rel}","templated":true}]}}