{"id":22414,"date":"2025-10-16T17:52:23","date_gmt":"2025-10-16T09:52:23","guid":{"rendered":"https:\/\/yebodaglass.com\/?post_type=product&#038;p=22414"},"modified":"2026-04-13T09:49:20","modified_gmt":"2026-04-13T01:49:20","slug":"glass-milk-bottle-with-crimp-neck-for-dairy-drinks-bulk","status":"publish","type":"product","link":"https:\/\/yebodaglass.com\/tr\/glass-milk-bottle-with-crimp-neck-for-dairy-drinks-bulk\/","title":{"rendered":"S\u00fctl\u00fc \u0130\u00e7ecekler \u0130\u00e7in 200-1000 ml&#039;lik, K\u0131vr\u0131ml\u0131 Boyunlu Cam \u015ei\u015fe (Toptan Sat\u0131\u015f)"},"content":{"rendered":"<p>Klasik bir tasar\u0131ma sahip olan cam s\u00fct \u015fi\u015fesi, s\u00fct \u00fcr\u00fcnleri, meyve sular\u0131 ve di\u011fer t\u00fcm i\u00e7ecek kaplar\u0131 i\u00e7in uygun, net ve saf bir g\u00f6r\u00fcn\u00fcm sunar. Cam s\u00fct \u015fi\u015feleri, \u00fcr\u00fcnler ma\u011fazalarda sergilenirken korunmas\u0131n\u0131 sa\u011flayan ve m\u00fc\u015fterilerin eve g\u00f6t\u00fcr\u00fcp ki\u015fiselle\u015ftirilmi\u015f markalama i\u00e7in kullanmalar\u0131na olanak tan\u0131yan g\u00fcvenli kapaklar da dahil olmak \u00fczere \u00e7e\u015fitli boyut se\u00e7enekleri sunar.<\/p>\n<h2>\u00dcr\u00fcn \u00d6zellikleri<\/h2>\n<ul>\n<li><strong>G\u00fc\u00e7l\u00fc S\u0131k\u0131\u015ft\u0131rma Contas\u0131: <\/strong>K\u0131vr\u0131ml\u0131 boyun tasar\u0131m\u0131 havay\u0131 i\u00e7eri hapseder; cam s\u00fct \u015fi\u015feniz s\u00fct\u00fcn daha uzun s\u00fcre taze kalmas\u0131n\u0131 sa\u011flar.<\/li>\n<li><strong>Kristal Netli\u011finde: <\/strong>Cam\u0131n y\u00fcksek berrakl\u0131\u011f\u0131 s\u00fct\u00fcn tazeli\u011fini a\u00e7\u0131k\u00e7a g\u00f6sterir; cam s\u00fct \u015fi\u015feniz markan\u0131za olan g\u00fcveni an\u0131nda olu\u015fturur.<\/li>\n<li><strong>Dayan\u0131kl\u0131 ve Yeniden Kullan\u0131labilir: <\/strong>Kal\u0131n duvar\u0131 al\u0131\u015fveri\u015f arabalar\u0131n\u0131n \u00e7arpmas\u0131na dayan\u0131kl\u0131d\u0131r; m\u00fc\u015fteriler bunu smoothieler ve daha fazlas\u0131 i\u00e7in tekrar kullanabilirler.<\/li>\n<li><strong>Esnek Boyutlar: <\/strong>200 ml&#039;den 1000 ml&#039;ye kadar farkl\u0131 boyutlarda mevcut olup, pint, quart veya galonluk ihtiya\u00e7lar\u0131n\u0131z\u0131 kar\u015f\u0131layabilirsiniz.<\/li>\n<\/ul>\n<h2>Temel \u00d6zellikler<\/h2>\n<table style=\"border-collapse: collapse; width: 80%; margin-left: auto; margin-right: auto;\" border=\"0\" width=\"288\" cellspacing=\"0\" cellpadding=\"0\">\n<tbody>\n<tr style=\"height: 13.50pt;\">\n<td style=\"height: 13.5pt; width: 54pt; text-align: center;\" width=\"72\" height=\"18\">Model<\/td>\n<td style=\"width: 54pt; text-align: center;\" width=\"72\">Kapasite(ml)<\/td>\n<td style=\"width: 54pt; text-align: center;\" width=\"72\">Boyut (cm)<\/td>\n<td style=\"width: 54pt; text-align: center;\" width=\"72\">Boyun Tipi<\/td>\n<\/tr>\n<tr style=\"height: 13.50pt;\">\n<td style=\"height: 13.5pt; text-align: center;\" align=\"right\" height=\"18\">64020006<\/td>\n<td style=\"text-align: center;\" align=\"right\">200<\/td>\n<td style=\"text-align: center;\">6.0&#215;12.0<\/td>\n<td class=\"et2\" style=\"text-align: center;\" rowspan=\"4\">K\u0131vr\u0131ml\u0131 Boyun<\/td>\n<\/tr>\n<tr style=\"height: 13.50pt;\">\n<td style=\"height: 13.5pt; text-align: center;\" align=\"right\" height=\"18\">62025007<\/td>\n<td style=\"text-align: center;\" align=\"right\">250<\/td>\n<td style=\"text-align: center;\">5.9&#215;14.05<\/td>\n<\/tr>\n<tr style=\"height: 13.50pt;\">\n<td style=\"height: 13.5pt; text-align: center;\" align=\"right\" height=\"18\">62050008<\/td>\n<td style=\"text-align: center;\" align=\"right\">500<\/td>\n<td style=\"text-align: center;\">7.32&#215;20.8<\/td>\n<\/tr>\n<tr style=\"height: 13.50pt;\">\n<td style=\"height: 13.5pt; text-align: center;\" align=\"right\" height=\"18\">64100009<\/td>\n<td style=\"text-align: center;\" align=\"right\">1000<\/td>\n<td style=\"text-align: center;\">8.5&#215;25.7<\/td>\n<\/tr>\n<\/tbody>\n<\/table>\n<h2>Ba\u015far\u0131 \u00d6rne\u011fi<\/h2>\n<p>Yeni Zelanda&#039;daki bir organik \u00e7iftlik, premium organik s\u00fct \u00fcr\u00fcnlerinin ambalaj\u0131n\u0131 yenilemek i\u00e7in bizimle i\u015f birli\u011fi yapt\u0131. Kapak s\u0131zd\u0131rmazl\u0131\u011f\u0131n\u0131n sorunsuz olmas\u0131n\u0131 ve dolum hatt\u0131n\u0131n montaj\u0131n\u0131 h\u0131zland\u0131rmak i\u00e7in k\u0131vr\u0131ml\u0131 a\u011f\u0131zl\u0131 cam s\u00fct \u015fi\u015feleri \u00fcrettiler. Her \u015fi\u015fe, kal\u0131n ve son derece \u015feffaf camdan \u00fcretilerek, s\u00fct\u00fcn do\u011fal yumu\u015fak tad\u0131n\u0131n hissedilmesini sa\u011flayan sa\u011flam bir his ve kristal berrakl\u0131\u011f\u0131nda bir y\u00fczey sa\u011fl\u0131yor.<\/p>\n<p>Tasar\u0131mla m\u00fckemmel bir uyum i\u00e7inde, marka logosu ve \u00e7iftlik amblemi \u015fi\u015fe kapa\u011f\u0131na kabartma olarak bas\u0131lm\u0131\u015f, b\u00f6ylece \u00e7evre dostu t\u00fcketiciler i\u00e7in \u00e7ekici olan otantik, el yap\u0131m\u0131 bir his yarat\u0131lm\u0131\u015ft\u0131r.<\/p>\n<p>Yeni ambalaj, k\u0131sa s\u00fcrede yerel t\u00fcketiciler taraf\u0131ndan b\u00fcy\u00fck ilgi g\u00f6rd\u00fc ve t\u00fcm parti 48 saat i\u00e7inde t\u00fckendi.<\/p>\n<h2>\u00d6zelle\u015ftirme K\u0131lavuzunuz<\/h2>\n<ol>\n<li><strong>Kapak Se\u00e7enekleri:<\/strong> Markan\u0131z\u0131n tarz\u0131na g\u00f6re metal, mantar veya bambu kapaklardan birini se\u00e7in.<\/li>\n<li><strong>Renk De\u011fi\u015fikli\u011fi:<\/strong> \u015eeffaf, buzlu, kehribar ve renkli olmak \u00fczere d\u00f6rt farkl\u0131 renk se\u00e7ene\u011fi mevcuttur.<\/li>\n<li><strong>Markala\u015fma:<\/strong> Marka logonuzu serigrafi bask\u0131, \u00e7\u0131kartma veya kabartma yoluyla uygulay\u0131n.<\/li>\n<\/ol>","protected":false},"excerpt":{"rendered":"<p>S\u00fct, meyve suyu ve kahve ambalajlar\u0131 i\u00e7in ideal, dayan\u0131kl\u0131, \u015feffaf cam s\u00fct \u015fi\u015feleri. Kafeler, mand\u0131ralar ve ev kullan\u0131m\u0131 i\u00e7in idealdir. \u00d6zel logolar ve kapaklar mevcuttur.<\/p>","protected":false},"featured_media":22419,"template":"","meta":[],"product_brand":[],"product_cat":[123,122,131],"product_tag":[],"class_list":{"0":"post-22414","1":"product","2":"type-product","3":"status-publish","4":"has-post-thumbnail","6":"product_cat-custom-glass-bottles","7":"product_cat-custom-glass-packaging","8":"product_cat-glass-milk-bottles","10":"first","11":"instock","12":"shipping-taxable","13":"product-type-simple"},"jetpack_sharing_enabled":true,"_links":{"self":[{"href":"https:\/\/yebodaglass.com\/tr\/wp-json\/wp\/v2\/product\/22414","targetHints":{"allow":["GET"]}}],"collection":[{"href":"https:\/\/yebodaglass.com\/tr\/wp-json\/wp\/v2\/product"}],"about":[{"href":"https:\/\/yebodaglass.com\/tr\/wp-json\/wp\/v2\/types\/product"}],"version-history":[{"count":5,"href":"https:\/\/yebodaglass.com\/tr\/wp-json\/wp\/v2\/product\/22414\/revisions"}],"predecessor-version":[{"id":25756,"href":"https:\/\/yebodaglass.com\/tr\/wp-json\/wp\/v2\/product\/22414\/revisions\/25756"}],"wp:featuredmedia":[{"embeddable":true,"href":"https:\/\/yebodaglass.com\/tr\/wp-json\/wp\/v2\/media\/22419"}],"wp:attachment":[{"href":"https:\/\/yebodaglass.com\/tr\/wp-json\/wp\/v2\/media?parent=22414"}],"wp:term":[{"taxonomy":"product_brand","embeddable":true,"href":"https:\/\/yebodaglass.com\/tr\/wp-json\/wp\/v2\/product_brand?post=22414"},{"taxonomy":"product_cat","embeddable":true,"href":"https:\/\/yebodaglass.com\/tr\/wp-json\/wp\/v2\/product_cat?post=22414"},{"taxonomy":"product_tag","embeddable":true,"href":"https:\/\/yebodaglass.com\/tr\/wp-json\/wp\/v2\/product_tag?post=22414"}],"curies":[{"name":"wp","href":"https:\/\/api.w.org\/{rel}","templated":true}]}}