{"id":22391,"date":"2025-10-16T10:42:19","date_gmt":"2025-10-16T02:42:19","guid":{"rendered":"https:\/\/yebodaglass.com\/?post_type=product&#038;p=22391"},"modified":"2025-11-04T11:58:15","modified_gmt":"2025-11-04T03:58:15","slug":"sutlu-meyve-suyu-smoothieleri-icin-cam-sut-siseleri","status":"publish","type":"product","link":"https:\/\/yebodaglass.com\/tr\/sutlu-meyve-suyu-smoothieleri-icin-cam-sut-siseleri\/","title":{"rendered":"s\u00fct, Meyve Suyu, Smoothies i\u00e7in 200-1000ml \u015eeffaf Cam S\u00fct \u015ei\u015feleri"},"content":{"rendered":"<p>S\u0131zd\u0131ran veya \u00e7atlayan s\u00fct \u015fi\u015felerinden b\u0131kt\u0131n\u0131z m\u0131? Kal\u0131n duvarl\u0131 cam s\u00fct \u015fi\u015feleri \u00fcretiyoruz; art\u0131k \u0131slak kartonlar yok. Bu cam s\u00fct \u015fi\u015feleri, i\u00e7ecek saklamay\u0131 ayr\u0131cal\u0131kl\u0131 anlara d\u00f6n\u00fc\u015ft\u00fcr\u00fcyor. Toplu sipari\u015flerde, markan\u0131z\u0131n tazelik vaadine uygun \u00f6zel cam \u015fi\u015feler sunuyoruz.<\/p>\n<h2>\u00dcr\u00fcn \u00d6zellikleri<\/h2>\n<p><strong>M\u00fch\u00fcrl\u00fc tasar\u0131m\u0131 sayesinde da\u011f\u0131n\u0131kl\u0131\u011f\u0131 \u00f6nler.<\/strong><\/p>\n<p>Di\u015fli a\u011f\u0131z yap\u0131s\u0131 havay\u0131 etkili bir \u015fekilde d\u0131\u015far\u0131da tutarak koku \u015fikayetlerini ortadan kald\u0131r\u0131r.<\/p>\n<p><strong>S\u0131f\u0131r at\u0131k i\u00e7in kal\u0131n cam<\/strong><\/p>\n<p>Kal\u0131n duvar tasar\u0131m\u0131 sayesinde al\u0131\u015fveri\u015f arabas\u0131 darbelerinden bile etkilenmez. M\u00fc\u015fteriler, smoothie kavanozu olarak tekrar kullanabilir ve b\u00f6ylece de\u011fi\u015ftirme maliyetlerinden tasarruf edebilirler.<\/p>\n<p><strong>\u00c7e\u015fitli boyutlar mevcuttur<\/strong><\/p>\n<p>Tek porsiyonluk s\u00fct i\u00e7in ideal olan 200 ml&#039;den 310 ml&#039;ye kadar k\u00fc\u00e7\u00fck boylar ve aile boyu i\u00e7in ideal olan 500 ml&#039;den 1000 ml&#039;ye kadar b\u00fcy\u00fck boylar sunuyoruz.<\/p>\n<p><strong>Markan\u0131z bir \u015fi\u015fenin \u00f6tesine ge\u00e7iyor<\/strong><\/p>\n<p>Logonuzu cam s\u00fct \u015fi\u015fenize ekleyin, m\u00fc\u015fterileriniz sizi an\u0131nda rafta bulsun.<\/p>\n<h2>Temel \u00d6zellikler<\/h2>\n<table style=\"border-collapse: collapse; width: 80%; margin-left: auto; margin-right: auto;\" border=\"0\" width=\"360\" cellspacing=\"0\" cellpadding=\"0\">\n<tbody>\n<tr style=\"height: 13.50pt;\">\n<td style=\"height: 13.5pt; width: 54pt; text-align: center;\" width=\"72\" height=\"18\">Model<\/td>\n<td style=\"width: 54pt; text-align: center;\" width=\"72\">Kapasite(ml)<\/td>\n<td style=\"width: 54pt; text-align: center;\" width=\"72\">Boyut (cm)<\/td>\n<td style=\"width: 54pt; text-align: center;\" width=\"72\">Renk Se\u00e7enekleri<\/td>\n<td style=\"width: 54pt; text-align: center;\" width=\"72\">Boyun Tipi<\/td>\n<\/tr>\n<tr style=\"height: 13.50pt;\">\n<td style=\"height: 13.5pt; text-align: center;\" align=\"right\" height=\"18\">64020001<\/td>\n<td style=\"text-align: center;\" align=\"right\">200<\/td>\n<td style=\"text-align: center;\">5.8&#215;12.0<\/td>\n<td class=\"et2\" style=\"text-align: center;\" rowspan=\"5\">Temizle (\u00d6zel)<\/td>\n<td class=\"et2\" style=\"text-align: center;\" rowspan=\"5\">Di\u015fli<\/td>\n<\/tr>\n<tr style=\"height: 13.50pt;\">\n<td style=\"height: 13.5pt; text-align: center;\" align=\"right\" height=\"18\">64025002<\/td>\n<td style=\"text-align: center;\" align=\"right\">250<\/td>\n<td style=\"text-align: center;\">5.9&#215;13.7<\/td>\n<\/tr>\n<tr style=\"height: 13.50pt;\">\n<td style=\"height: 13.5pt; text-align: center;\" align=\"right\" height=\"18\">64031003<\/td>\n<td style=\"text-align: center;\" align=\"right\">310<\/td>\n<td style=\"text-align: center;\">6.4&#215;15.3<\/td>\n<\/tr>\n<tr style=\"height: 13.50pt;\">\n<td style=\"height: 13.5pt; text-align: center;\" align=\"right\" height=\"18\">64050004<\/td>\n<td style=\"text-align: center;\" align=\"right\">500<\/td>\n<td style=\"text-align: center;\">7.5&#215;20.85<\/td>\n<\/tr>\n<tr style=\"height: 13.50pt;\">\n<td style=\"height: 13.5pt; text-align: center;\" align=\"right\" height=\"18\">64100005<\/td>\n<td style=\"text-align: center;\" align=\"right\">1000<\/td>\n<td style=\"text-align: center;\">8.5&#215;26.0<\/td>\n<\/tr>\n<\/tbody>\n<\/table>\n<h2>Ba\u015far\u0131 \u00d6rne\u011fi<\/h2>\n<p>Organik bir \u00e7iftlik, yeni premium organik s\u00fct serisini yeniden markalamam\u0131z\u0131 istedi. S\u00fct\u00fcn do\u011fal renginin a\u00e7\u0131k\u00e7a g\u00f6r\u00fclebilmesi i\u00e7in ekstra kal\u0131n, y\u00fcksek \u00e7\u00f6z\u00fcn\u00fcrl\u00fckl\u00fc soda-kire\u00e7 cam\u0131ndan \u00fcretilen cam s\u00fct \u015fi\u015feleri i\u00e7in \u00f6zel bir sipari\u015f verdiler. \u00c7iftli\u011fin logosu ve kolay d\u00f6kme i\u00e7in p\u00fcr\u00fczs\u00fcz bir a\u011f\u0131z, her \u015fi\u015feyi s\u00fcsl\u00fcyor. Marka, g\u00f6r\u00fcn\u00fcm\u00fc tamamlamak i\u00e7in g\u00fcm\u00fc\u015f renkli, \u00e7evir-a\u00e7 metal bir kapak ve nakliye s\u0131ras\u0131nda tazeli\u011fi garantilemek ve s\u0131z\u0131nt\u0131lar\u0131 \u00f6nlemek i\u00e7in emniyetli silikon astar da tercih etti.<\/p>\n<p>Tekil ambalaj, lansmandan itibaren 30 g\u00fcn i\u00e7inde sat\u0131\u015flar\u0131n iki kat\u0131na \u00e7\u0131kmas\u0131n\u0131 sa\u011flad\u0131 ve bu da \u00e7iftli\u011fin t\u00fcm organik \u00fcr\u00fcn serisinde \u00f6zel cam s\u00fct \u015fi\u015felerimizi kullanmaya devam etme ve ayr\u0131ca di\u011fer s\u00fctl\u00fc i\u00e7ecek kategorilerine de girme karar\u0131 almas\u0131na neden oldu.<\/p>\n<h2>\u00d6zelle\u015ftirme K\u0131lavuzunuz<\/h2>\n<ol>\n<li><strong>\u015ei\u015fe Tasar\u0131m\u0131:<\/strong> Daha l\u00fcks bir g\u00f6r\u00fcn\u00fcm ve doku i\u00e7in kabartmal\u0131 veya boyal\u0131 desenler se\u00e7enekleriniz aras\u0131nda.<\/li>\n<li><strong>Kapak:<\/strong> \u00dcr\u00fcn\u00fcn\u00fcz i\u00e7in kapak malzemesini belirleyin, \u00f6rne\u011fin plastik, ah\u015fap, metal ve daha fazlas\u0131, ayr\u0131ca kapa\u011f\u0131n rengi ki\u015fiselle\u015ftirilebilir.<\/li>\n<li><strong>Logo Bask\u0131s\u0131:<\/strong> Logonuzu kapak veya \u015fi\u015fe \u00fczerine bast\u0131rarak \u00f6ne \u00e7\u0131kar\u0131n.<\/li>\n<\/ol>","protected":false},"excerpt":{"rendered":"<p>Dayan\u0131kl\u0131, \u015feffaf cam s\u00fct \u015fi\u015feleri ve klasik tasar\u0131ml\u0131 s\u00fct cam \u015fi\u015fesi, s\u00fct, meyve suyu veya smoothie servis etmek i\u00e7in m\u00fckemmeldir. Ev veya kafe kullan\u0131m\u0131 i\u00e7in idealdir.<\/p>","protected":false},"featured_media":22410,"template":"","meta":[],"product_brand":[],"product_cat":[123,122,131],"product_tag":[],"class_list":{"0":"post-22391","1":"product","2":"type-product","3":"status-publish","4":"has-post-thumbnail","6":"product_cat-custom-glass-bottles","7":"product_cat-custom-glass-packaging","8":"product_cat-glass-milk-bottles","10":"first","11":"instock","12":"shipping-taxable","13":"product-type-simple"},"jetpack_sharing_enabled":true,"_links":{"self":[{"href":"https:\/\/yebodaglass.com\/tr\/wp-json\/wp\/v2\/product\/22391","targetHints":{"allow":["GET"]}}],"collection":[{"href":"https:\/\/yebodaglass.com\/tr\/wp-json\/wp\/v2\/product"}],"about":[{"href":"https:\/\/yebodaglass.com\/tr\/wp-json\/wp\/v2\/types\/product"}],"version-history":[{"count":3,"href":"https:\/\/yebodaglass.com\/tr\/wp-json\/wp\/v2\/product\/22391\/revisions"}],"predecessor-version":[{"id":22441,"href":"https:\/\/yebodaglass.com\/tr\/wp-json\/wp\/v2\/product\/22391\/revisions\/22441"}],"wp:featuredmedia":[{"embeddable":true,"href":"https:\/\/yebodaglass.com\/tr\/wp-json\/wp\/v2\/media\/22410"}],"wp:attachment":[{"href":"https:\/\/yebodaglass.com\/tr\/wp-json\/wp\/v2\/media?parent=22391"}],"wp:term":[{"taxonomy":"product_brand","embeddable":true,"href":"https:\/\/yebodaglass.com\/tr\/wp-json\/wp\/v2\/product_brand?post=22391"},{"taxonomy":"product_cat","embeddable":true,"href":"https:\/\/yebodaglass.com\/tr\/wp-json\/wp\/v2\/product_cat?post=22391"},{"taxonomy":"product_tag","embeddable":true,"href":"https:\/\/yebodaglass.com\/tr\/wp-json\/wp\/v2\/product_tag?post=22391"}],"curies":[{"name":"wp","href":"https:\/\/api.w.org\/{rel}","templated":true}]}}