{"id":22336,"date":"2025-10-13T15:53:39","date_gmt":"2025-10-13T07:53:39","guid":{"rendered":"https:\/\/yebodaglass.com\/?post_type=product&#038;p=22336"},"modified":"2026-03-24T11:54:50","modified_gmt":"2026-03-24T03:54:50","slug":"bulk-clear-cooking-oil-bottle-for-kitchen-with-pouring-lid","status":"publish","type":"product","link":"https:\/\/yebodaglass.com\/tr\/bulk-clear-cooking-oil-bottle-for-kitchen-with-pouring-lid\/","title":{"rendered":"Mutfak \u0130\u00e7in D\u00f6kme Kapakl\u0131 200 ml \u015eeffaf Yemeklik Ya\u011f \u015ei\u015fesi"},"content":{"rendered":"<p>Mutfak i\u00e7in tasarlanm\u0131\u015f bu yemeklik ya\u011f \u015fi\u015fesi, kendine \u00f6zg\u00fc kum saati \u015fekli ve \u015f\u0131k, incelen g\u00f6r\u00fcn\u00fcm\u00fcyle tutmas\u0131 ve d\u00f6kmesi kolayd\u0131r. Kristal berrakl\u0131\u011f\u0131nda camdan \u00fcretilmi\u015ftir ve \u00fcst k\u0131sm\u0131nda, d\u00fc\u011fmeye bas\u0131larak a\u00e7\u0131lan ve damlamay\u0131 \u00f6nlemek i\u00e7in otomatik olarak kapanan paslanmaz \u00e7elik bir a\u011f\u0131zl\u0131k bulunur.<\/p>\n<h2>\u00dcr\u00fcn \u00d6zellikleri<\/h2>\n<ul>\n<li><strong>Her Zaman Damlamas\u0131z D\u00f6kme:<\/strong> Hassas kapak ak\u0131\u015f\u0131 d\u00fczenler, b\u00f6ylece \u015fi\u015felerin yap\u0131\u015fmas\u0131 ve ya\u011f israf\u0131 durumu tamamen ortadan kalkar.<\/li>\n<li><strong>\u015eeffaf Cam Malzemesi:<\/strong>Cam g\u00f6vdesi sayesinde bo\u015f ya\u011f veya sirke \u015fi\u015fesi kolayca g\u00f6r\u00fclebildi\u011finden, pi\u015firme s\u0131ras\u0131nda ya\u011f veya sirke temini kesintiye u\u011framaz.<\/li>\n<li><strong>\u0130nce Tasar\u0131m:<\/strong> \u0130nce yap\u0131s\u0131 sayesinde mutfa\u011fa yerle\u015ftirmek olduk\u00e7a kolayd\u0131r ve b\u00f6ylece daha fazla depolama alan\u0131na sahip olursunuz.<\/li>\n<\/ul>\n<h2>Temel \u00d6zellikler<\/h2>\n<table style=\"border-collapse: collapse; margin-left: auto; margin-right: auto; width: 614.27pt;\" border=\"0\" width=\"819\" cellspacing=\"0\" cellpadding=\"0\">\n<tbody>\n<tr style=\"height: 13.50pt;\">\n<td style=\"height: 13.50pt; width: 99.75pt;\" width=\"133\" height=\"18\">\u00d6zellik<\/td>\n<td style=\"width: 514.50pt;\" width=\"686\">\u015eartname<\/td>\n<\/tr>\n<tr style=\"height: 13.50pt;\">\n<td style=\"height: 13.50pt;\" height=\"18\">Kapasite<\/td>\n<td>200 ml<\/td>\n<\/tr>\n<tr style=\"height: 13.50pt;\">\n<td style=\"height: 13.50pt;\" height=\"18\">Boyutlar<\/td>\n<td>6,5\u00d719,0 cm (\u00e7ap \u00d7 y\u00fckseklik)<\/td>\n<\/tr>\n<tr style=\"height: 13.50pt;\">\n<td style=\"height: 13.50pt;\" height=\"18\">\u015eekil<\/td>\n<td>Konik yuvarlak cam<\/td>\n<\/tr>\n<tr style=\"height: 13.50pt;\">\n<td style=\"height: 13.50pt;\" height=\"18\">Kapak Se\u00e7enekleri<\/td>\n<td>Siyah\/g\u00fcm\u00fc\u015f kapakl\u0131, sa\u011flam kapakl\u0131<\/td>\n<\/tr>\n<tr style=\"height: 13.50pt;\">\n<td style=\"height: 13.50pt;\" height=\"18\">En \u0130yisi \u0130\u00e7in<\/td>\n<td>Zeytinya\u011f\u0131, sirke, yemeklik ya\u011flar, marine soslar<\/td>\n<\/tr>\n<tr style=\"height: 13.50pt;\">\n<td style=\"height: 13.50pt;\" height=\"18\">\u0130deal Kullan\u0131m<\/td>\n<td>Mutfak i\u00e7in yemeklik ya\u011f \u015fi\u015fesi, ya\u011f ve sirke \u015fi\u015feleri, toptan cam ambalaj<\/td>\n<\/tr>\n<\/tbody>\n<\/table>\n<h2>Ba\u015far\u0131 Hikayesi<\/h2>\n<p>Avrupa&#039;n\u0131n l\u00fcks g\u0131da perakendecilerinden biri, da\u011f\u0131t\u0131c\u0131 ya\u011f \u015fi\u015femizi se\u00e7ti ve \u00f6zel olarak tasarlanm\u0131\u015f, kum p\u00fcsk\u00fcrtme g\u00f6r\u00fcn\u00fcml\u00fc ve bak\u0131r kaplama a\u011f\u0131zl\u0131kl\u0131 bir \u015fi\u015fe sipari\u015f etti. Bu, onlar\u0131n logo \u00fcr\u00fcn\u00fc haline gelen geleneksel ya\u011f \u015fi\u015fesi oldu. \u015e\u0131k tasar\u0131m\u0131 ve damlama direnci sayesinde, aromal\u0131 ya\u011flar\u0131n\u0131 orijinaline g\u00f6re daha y\u00fcksek fiyata satabildiler ve daha iyi s\u0131zd\u0131rmazl\u0131k sayesinde ma\u011faza i\u00e7i d\u00f6k\u00fclme\/israf oran\u0131nda azald\u0131. Bu ba\u015far\u0131ya dayanarak, yeni k\u00fc\u00e7\u00fck parti sirke ve y\u0131lba\u015f\u0131 hediye setlerinden 650.000 \u015fi\u015fe daha sipari\u015f verdiler.<\/p>\n<h2>Ya\u011f \u015ei\u015fesi Dispenseri Ki\u015fiselle\u015ftirme Fikirleri<\/h2>\n<ul>\n<li><strong>Serigrafi Bask\u0131:\u200b\u200b<\/strong> Markan\u0131z\u0131n kolayca tan\u0131nmas\u0131 ve kal\u0131c\u0131 marka bilinci olu\u015fturmas\u0131 i\u00e7in logonuzu veya tasar\u0131m\u0131n\u0131z\u0131 do\u011frudan cam \u015fi\u015fenin \u00fczerine bast\u0131rabilirsiniz.<\/li>\n<li><strong>\u200b\u200bRenklendirme:\u200b\u200b<\/strong> G\u00fcn\u00fcm\u00fczde olduk\u00e7a pop\u00fcler olan sade kehribar veya ye\u015fil cam ambalajda \u00fcr\u00fcn\u00fcn\u00fcz\u00fc paketlemeyi tercih edin, \u00e7\u00fcnk\u00fc bu hem UV \u0131\u015f\u0131nlar\u0131ndan korur hem de \u00fcr\u00fcn\u00fc g\u00f6rsel olarak daha \u00e7ekici hale getirir.<\/li>\n<li><strong>\u200b\u200bKapak Rengi:\u200b\u200b<\/strong> Vidal\u0131 kapa\u011f\u0131n rengi siyah, alt\u0131n veya g\u00fcm\u00fc\u015f gibi istedi\u011finiz herhangi bir renk olabilir, tamamen size ve marka paletinizdeki di\u011fer renklere kalm\u0131\u015f.<\/li>\n<li><strong>\u200b\u200bIs\u0131 Transfer Etiketleme:\u200b\u200b<\/strong> Mutfa\u011f\u0131n en dayan\u0131kl\u0131 ve neme dayan\u0131kl\u0131 etiket t\u00fcrlerinden biri olan \u0131s\u0131 transfer etiketlerinde tam renkli, y\u00fcksek \u00e7\u00f6z\u00fcn\u00fcrl\u00fckl\u00fc g\u00f6rsellerinizin yer almas\u0131n\u0131 sa\u011flay\u0131n.<\/li>\n<\/ul>","protected":false},"excerpt":{"rendered":"<p>Mutfakta kullan\u0131ma uygun \u015feffaf cam yemeklik ya\u011f \u015fi\u015fesi. Siyah ve g\u00fcm\u00fc\u015f d\u00f6kme aparat\u0131 ile \u015f\u0131k ve uzun tasar\u0131m. Mutfak markala\u015fmas\u0131, restoranlar veya toplu sipari\u015fler i\u00e7in m\u00fckemmel.<\/p>","protected":false},"featured_media":22341,"template":"","meta":[],"product_brand":[],"product_cat":[126,123,122],"product_tag":[],"class_list":{"0":"post-22336","1":"product","2":"type-product","3":"status-publish","4":"has-post-thumbnail","6":"product_cat-olive-oil-bottles","7":"product_cat-custom-glass-bottles","8":"product_cat-custom-glass-packaging","10":"first","11":"instock","12":"shipping-taxable","13":"product-type-simple"},"jetpack_sharing_enabled":true,"_links":{"self":[{"href":"https:\/\/yebodaglass.com\/tr\/wp-json\/wp\/v2\/product\/22336","targetHints":{"allow":["GET"]}}],"collection":[{"href":"https:\/\/yebodaglass.com\/tr\/wp-json\/wp\/v2\/product"}],"about":[{"href":"https:\/\/yebodaglass.com\/tr\/wp-json\/wp\/v2\/types\/product"}],"version-history":[{"count":5,"href":"https:\/\/yebodaglass.com\/tr\/wp-json\/wp\/v2\/product\/22336\/revisions"}],"predecessor-version":[{"id":25580,"href":"https:\/\/yebodaglass.com\/tr\/wp-json\/wp\/v2\/product\/22336\/revisions\/25580"}],"wp:featuredmedia":[{"embeddable":true,"href":"https:\/\/yebodaglass.com\/tr\/wp-json\/wp\/v2\/media\/22341"}],"wp:attachment":[{"href":"https:\/\/yebodaglass.com\/tr\/wp-json\/wp\/v2\/media?parent=22336"}],"wp:term":[{"taxonomy":"product_brand","embeddable":true,"href":"https:\/\/yebodaglass.com\/tr\/wp-json\/wp\/v2\/product_brand?post=22336"},{"taxonomy":"product_cat","embeddable":true,"href":"https:\/\/yebodaglass.com\/tr\/wp-json\/wp\/v2\/product_cat?post=22336"},{"taxonomy":"product_tag","embeddable":true,"href":"https:\/\/yebodaglass.com\/tr\/wp-json\/wp\/v2\/product_tag?post=22336"}],"curies":[{"name":"wp","href":"https:\/\/api.w.org\/{rel}","templated":true}]}}