{"id":22320,"date":"2025-10-13T11:40:39","date_gmt":"2025-10-13T03:40:39","guid":{"rendered":"https:\/\/yebodaglass.com\/?post_type=product&#038;p=22320"},"modified":"2026-03-26T14:43:27","modified_gmt":"2026-03-26T06:43:27","slug":"wholesale-olive-oil-mister-bottles-glass-oil-spray-bottles","status":"publish","type":"product","link":"https:\/\/yebodaglass.com\/tr\/urun\/wholesale-olive-oil-mister-bottles-glass-oil-spray-bottles\/","title":{"rendered":"Zeytinya\u011f\u0131 Sprey \u015ei\u015feleri \u2013 200 ml 300 ml Tetikli Cam Ya\u011f Sprey \u015ei\u015feleri"},"content":{"rendered":"<p>This series of olive oil mister bottles features a modern, ergonomic design combining a clear glass bottle with a durable trigger spray head. The bottle is of high quality, food grade glass and the glass is smooth on the surface with a threaded neck that allows secure and leak proof connection of the sprayer. The spray head comes in various finishes including matte white and shiny black with a comfortable grip and touchy trigger that gives the hand worthy of functional reliability and a consistent look. Our clear bodies make it easy to monitor the level of liquid in it, and the whole body is stable and simple to manipulate.<\/p>\n<h2>Temel \u00d6zellikler<\/h2>\n<table style=\"border-collapse: collapse; margin-left: auto; margin-right: auto; width: 614.27pt;\" border=\"0\" width=\"819\" cellspacing=\"0\" cellpadding=\"0\">\n<tbody>\n<tr style=\"height: 13.50pt;\">\n<td style=\"height: 13.50pt; width: 99.75pt;\" width=\"133\" height=\"18\">\u00d6zellik<\/td>\n<td style=\"width: 514.50pt;\" width=\"686\">\u015eartname<\/td>\n<\/tr>\n<tr style=\"height: 13.50pt;\">\n<td style=\"height: 13.50pt;\" height=\"18\">Boyutlar<\/td>\n<td>6\u00d720,5 cm (200 ml) veya 6\u00d722,5 cm (300 ml)<\/td>\n<\/tr>\n<tr style=\"height: 13.50pt;\">\n<td style=\"height: 13.50pt;\" height=\"18\">\u015eekil<\/td>\n<td>D\u00fcz yuvarlak cam silindir<\/td>\n<\/tr>\n<tr style=\"height: 13.50pt;\">\n<td style=\"height: 13.50pt;\" height=\"18\">Kapak Se\u00e7enekleri<\/td>\n<td>Siyah veya beyaz zeytinya\u011f\u0131 p\u00fcsk\u00fcrtme \u015fi\u015fesi pompas\u0131, sa\u011flam kapak<\/td>\n<\/tr>\n<tr style=\"height: 13.50pt;\">\n<td style=\"height: 13.50pt;\" height=\"18\">En \u0130yisi \u0130\u00e7in<\/td>\n<td>Zeytinya\u011f\u0131, sirke, pi\u015firme spreyleri, marine soslar\u0131, soslar<\/td>\n<\/tr>\n<tr style=\"height: 13.50pt;\">\n<td style=\"height: 13.50pt;\" height=\"18\">\u0130deal Kullan\u0131m<\/td>\n<td>Cam ya\u011f sprey \u015fi\u015fesi, ya\u011f \u015fi\u015feleri, mutfak depolama, toptan \u015fi\u015feleme<\/td>\n<\/tr>\n<\/tbody>\n<\/table>\n<h2>Ba\u015fvuru<\/h2>\n<p>These glass oil spray bottles are widely used for dispensing olive oil, vinegar, soy sauce, and other liquid seasonings in kitchens, restaurants, and food processing environments. They can be used in controlled oil use when cooking, grilling, baking, and making salads, making sure to use a lot less oil and be able to control portions. In B2B, the product best fits kitchenware brands, own brand programs, and bulk supply to the hotel and retail clientele. The threaded glass bottle can also be customized by printing logos, coating them in colors and incorporating packaging options.<\/p>\n<h2>Ba\u015far\u0131 \u00d6yk\u00fcs\u00fc: Sa\u011fl\u0131kl\u0131 G\u0131da Markas\u0131ndan Yemeklik Ya\u011f Serisi<\/h2>\n<p>Avustralyal\u0131 bir sa\u011fl\u0131kl\u0131 g\u0131da markas\u0131, siyah p\u00fcsk\u00fcrtme ba\u015fl\u0131\u011f\u0131 ve \u00f6zel olarak serigrafi bask\u0131l\u0131 &#034;S\u0131f\u0131r At\u0131k&#034; logosu ile donat\u0131lm\u0131\u015f, kalibre edilmi\u015f 250 ml&#039;lik zeytinya\u011f\u0131 p\u00fcsk\u00fcrtme \u015fi\u015femizi se\u00e7ti. Bu p\u00fcsk\u00fcrtme \u015fi\u015fesi, kullan\u0131c\u0131lar\u0131n \u00f6\u011f\u00fcn ba\u015f\u0131na ortalama ya\u011f t\u00fcketimini oran\u0131nda azaltmas\u0131na yard\u0131mc\u0131 oluyor. Dayan\u0131kl\u0131 cam yap\u0131s\u0131, ma\u011fazalarda %1&#039;den daha d\u00fc\u015f\u00fck bir k\u0131r\u0131lma oran\u0131 sa\u011fl\u0131yor. Bu ba\u015far\u0131ya dayanarak, marka yeni aroma spreyi pi\u015firme serisi i\u00e7in \u00fcr\u00fcnden 200.000 \u015fi\u015fe daha sipari\u015f verdi.<\/p>\n<h2>\u00d6zelle\u015ftirme \u00d6nerileri<\/h2>\n<ul>\n<li>Kaz\u0131nm\u0131\u015f Marka Logolar\u0131: \u015eeffaf cam \u00fczerine sinsice kaz\u0131nm\u0131\u015f, net bir logo yap\u0131n. Bu, zeytinya\u011f\u0131 \u015fi\u015fesi gibi bir \u00fcr\u00fcn\u00fcn \u00fczerine isimlerini koymak isteyen B2B m\u00fc\u015fterileri i\u00e7in m\u00fckemmeldir.<\/li>\n<li>Buzlu \u00d6l\u00e7\u00fcm \u0130\u015faretleri: Kullan\u0131c\u0131lar\u0131n ne kadar ya\u011f kulland\u0131klar\u0131n\u0131 kolayca kontrol edebilmeleri i\u00e7in cam\u0131n \u00fczerine k\u00fc\u00e7\u00fck \u00e7izgiler (\u00f6rne\u011fin 50ml, 100ml, 150ml) \u00e7izin.<\/li>\n<li>Sprey Ba\u015fl\u0131\u011f\u0131 Rengi:\u200b\u200b Sprey pompas\u0131n\u0131n en \u00e7ok be\u011fendi\u011finiz rengini (\u00f6rne\u011fin siyah, beyaz veya g\u00fcm\u00fc\u015f) de\u011fi\u015ftirmek, piyasada g\u00f6rsel olarak \u00e7arp\u0131c\u0131 bir \u00fcr\u00fcn elde etmenin \u00e7ok basit ama etkili bir yoludur.<\/li>\n<\/ul>\n<p>Birinci s\u0131n\u0131f zeytinya\u011f\u0131 da\u011f\u0131t\u0131c\u0131 \u015fi\u015felerimizle ya\u011f ve sirke ambalajlar\u0131n\u0131z\u0131 bir \u00fcst seviyeye ta\u015f\u0131y\u0131n. Rekabet\u00e7i toptan sat\u0131\u015f fiyatlar\u0131ndan yararlanmak i\u00e7in orijinal \u00fcreticimizle ileti\u015fime ge\u00e7in ve m\u00fckemmel cam ambalaj\u0131n\u0131z\u0131 bug\u00fcn tedarik etmeye ba\u015flay\u0131n.<\/p>","protected":false},"excerpt":{"rendered":"<p>Olive oil mister bottles with threaded top design. Durable glass oil spray bottles for cooking, kitchens, and wholesale customization.<\/p>","protected":false},"featured_media":25634,"template":"","meta":[],"product_brand":[],"product_cat":[126,123,122],"product_tag":[],"class_list":{"0":"post-22320","1":"product","2":"type-product","3":"status-publish","4":"has-post-thumbnail","6":"product_cat-olive-oil-bottles","7":"product_cat-custom-glass-bottles","8":"product_cat-custom-glass-packaging","10":"first","11":"instock","12":"shipping-taxable","13":"product-type-simple"},"jetpack_sharing_enabled":true,"_links":{"self":[{"href":"https:\/\/yebodaglass.com\/tr\/wp-json\/wp\/v2\/product\/22320","targetHints":{"allow":["GET"]}}],"collection":[{"href":"https:\/\/yebodaglass.com\/tr\/wp-json\/wp\/v2\/product"}],"about":[{"href":"https:\/\/yebodaglass.com\/tr\/wp-json\/wp\/v2\/types\/product"}],"version-history":[{"count":5,"href":"https:\/\/yebodaglass.com\/tr\/wp-json\/wp\/v2\/product\/22320\/revisions"}],"predecessor-version":[{"id":25609,"href":"https:\/\/yebodaglass.com\/tr\/wp-json\/wp\/v2\/product\/22320\/revisions\/25609"}],"wp:featuredmedia":[{"embeddable":true,"href":"https:\/\/yebodaglass.com\/tr\/wp-json\/wp\/v2\/media\/25634"}],"wp:attachment":[{"href":"https:\/\/yebodaglass.com\/tr\/wp-json\/wp\/v2\/media?parent=22320"}],"wp:term":[{"taxonomy":"product_brand","embeddable":true,"href":"https:\/\/yebodaglass.com\/tr\/wp-json\/wp\/v2\/product_brand?post=22320"},{"taxonomy":"product_cat","embeddable":true,"href":"https:\/\/yebodaglass.com\/tr\/wp-json\/wp\/v2\/product_cat?post=22320"},{"taxonomy":"product_tag","embeddable":true,"href":"https:\/\/yebodaglass.com\/tr\/wp-json\/wp\/v2\/product_tag?post=22320"}],"curies":[{"name":"wp","href":"https:\/\/api.w.org\/{rel}","templated":true}]}}