{"id":22277,"date":"2025-10-11T16:41:58","date_gmt":"2025-10-11T08:41:58","guid":{"rendered":"https:\/\/yebodaglass.com\/?post_type=product&#038;p=22277"},"modified":"2025-10-11T17:35:40","modified_gmt":"2025-10-11T09:35:40","slug":"wholesale-glass-olive-oil-spray-bottle-with-metal-press-pump","status":"publish","type":"product","link":"https:\/\/yebodaglass.com\/tr\/wholesale-glass-olive-oil-spray-bottle-with-metal-press-pump\/","title":{"rendered":"Toptan 100 ml Cam Zeytinya\u011f\u0131 Sprey \u015ei\u015fesi ve Metal Pres Pompas\u0131"},"content":{"rendered":"<p>Bu 100 ml&#039;lik cam zeytinya\u011f\u0131 sprey \u015fi\u015fesi, \u015feffaf cam g\u00f6vdesi ve g\u00fcm\u00fc\u015f metal itmeli ya\u011f p\u00fcsk\u00fcrtme mekanizmas\u0131yla \u015f\u0131k bir silindirik tasar\u0131ma sahiptir. Modern estetik ve mutfak pratikli\u011finizin m\u00fckemmel bir kar\u0131\u015f\u0131m\u0131n\u0131 yans\u0131t\u0131r.<\/p>\n<h2>\u00dcr\u00fcn \u00d6zellikleri<\/h2>\n<ul>\n<li><strong>\u0130nce Silindirik Tasar\u0131m:<\/strong> \u0130nce silindirik g\u00f6vdesi hem kavramas\u0131 kolayd\u0131r hem de her yere saklanabildi\u011fi i\u00e7in mutfa\u011f\u0131n\u0131zda yer tasarrufu sa\u011flar.<\/li>\n<li><strong>Metalik Sprey Mekanizmas\u0131:<\/strong> G\u00fcm\u00fc\u015f metalden yap\u0131lm\u0131\u015f \u00fcst p\u00fcsk\u00fcrtme mekanizmas\u0131 sadece estetik katmakla kalm\u0131yor, ayn\u0131 zamanda e\u015fit p\u00fcsk\u00fcrtme da\u011f\u0131l\u0131m\u0131n\u0131n da ana nedeni oluyor.<\/li>\n<li><strong>\u015eeffaf Cam:<\/strong> \u015eeffaf cam, \u015fi\u015fede kalan ya\u011f\u0131 tamamen g\u00f6rmenizi sa\u011flar.<\/li>\n<\/ul>\n<h2>Temel \u00d6zellikler<\/h2>\n<table style=\"border-collapse: collapse; margin-left: auto; margin-right: auto; width: 510.77pt;\" border=\"0\" width=\"681\" cellspacing=\"0\" cellpadding=\"0\">\n<tbody>\n<tr style=\"height: 13.50pt;\">\n<td style=\"height: 13.50pt; width: 99.75pt;\" width=\"133\" height=\"18\">\u00d6zellik<\/td>\n<td style=\"width: 411.00pt;\" width=\"548\">\u015eartname<\/td>\n<\/tr>\n<tr style=\"height: 13.50pt;\">\n<td style=\"height: 13.50pt;\" height=\"18\">Kapasite<\/td>\n<td>100 ml<\/td>\n<\/tr>\n<tr style=\"height: 13.50pt;\">\n<td style=\"height: 13.50pt;\" height=\"18\">Boyutlar<\/td>\n<td>4,0\u00d718,5 cm (\u00e7ap \u00d7 y\u00fckseklik)<\/td>\n<\/tr>\n<tr style=\"height: 13.50pt;\">\n<td style=\"height: 13.50pt;\" height=\"18\">Malzeme<\/td>\n<td>\u015eeffaf cam g\u00f6vde, paslanmaz \u00e7elik pompa<\/td>\n<\/tr>\n<tr style=\"height: 13.50pt;\">\n<td style=\"height: 13.50pt;\" height=\"18\">\u015eekil<\/td>\n<td>D\u00fcz silindir<\/td>\n<\/tr>\n<tr style=\"height: 13.50pt;\">\n<td style=\"height: 13.50pt;\" height=\"18\">Kapak Se\u00e7enekleri<\/td>\n<td>\u0130nce sisli zeytinya\u011f\u0131 sprey \u015fi\u015fesi pompas\u0131, kat\u0131 kapak<\/td>\n<\/tr>\n<tr style=\"height: 13.50pt;\">\n<td style=\"height: 13.50pt;\" height=\"18\">En \u0130yisi \u0130\u00e7in<\/td>\n<td>Ya\u011f, sirke, yemeklik spreyler<\/td>\n<\/tr>\n<tr style=\"height: 13.50pt;\">\n<td style=\"height: 13.50pt;\" height=\"18\">\u0130deal Kullan\u0131m<\/td>\n<td>Zeytinya\u011f\u0131 sprey \u015fi\u015fesi, ya\u011f ve sirke \u015fi\u015feleri, mutfak saklama kab\u0131<\/td>\n<\/tr>\n<\/tbody>\n<\/table>\n<h2>Ba\u015far\u0131 \u00d6yk\u00fcs\u00fc: Verimlilik ve Marka Geli\u015ftirme<\/h2>\n<p>B\u00f6lgesel bir zeytinya\u011f\u0131 zinciri, plastik sprey \u015fi\u015felerinin a\u015f\u0131r\u0131 d\u00f6k\u00fclmesi ve k\u0131r\u0131lmas\u0131 sorununu \u00e7ok basit ve etkili bir \u015fekilde \u00e7\u00f6zd\u00fc: ya\u011f sprey \u015fi\u015felerimize y\u00f6nelerek. Geli\u015ftirilmi\u015f zeytinya\u011f\u0131 sprey \u015fi\u015fesindeki nozul, ya\u011f kullan\u0131m\u0131n\u0131 oran\u0131nda \u00f6nemli \u00f6l\u00e7\u00fcde azaltarak israf\u0131 \u00f6nemli \u00f6l\u00e7\u00fcde azalt\u0131yor; ayn\u0131 zamanda ya\u011f sprey \u015fi\u015fesi, k\u0131r\u0131lma sorununa da \u00e7\u00f6z\u00fcm getiriyor. Bu de\u011fi\u015fiklik sadece mutfak i\u015flerini kolayla\u015ft\u0131rmakla kalm\u0131yor, ayn\u0131 zamanda sofistike tasar\u0131m\u0131yla da markan\u0131n premium bir hava verdi\u011fi y\u00f6n\u00fcndeki m\u00fc\u015fteri yorumlar\u0131n\u0131 en \u00fcst d\u00fczeye \u00e7\u0131kar\u0131yor. Yemeklik ya\u011f zinciri \u015fu anda y\u0131lda d\u00f6rt kez bu cam sprey \u015fi\u015felerinden sipari\u015f veriyor ve hatta zeytinya\u011f\u0131 tedarik\u00e7ilerine tavsiye etmeye ba\u015flad\u0131. Bu k\u00fc\u00e7\u00fck de\u011fi\u015fiklik, k\u00e2rl\u0131l\u0131klar\u0131nda b\u00fcy\u00fck bir fark yaratt\u0131!<\/p>\n<h2>\u00d6zelle\u015ftirme \u00d6nerileri<\/h2>\n<ul>\n<li>Kaz\u0131nm\u0131\u015f Marka Logolar\u0131: \u015eeffaf cam \u00fczerine ince bir kaz\u0131nm\u0131\u015f marka logosu veya tasar\u0131m\u0131 olu\u015fturun; mutfak aletlerinde markalar\u0131n\u0131n daha g\u00f6r\u00fcn\u00fcr olmas\u0131n\u0131 isteyen toptanc\u0131 m\u00fc\u015fteriler i\u00e7in idealdir.<\/li>\n<li>Mat Cam Kaplama: Cam\u0131 mat bir kaplama ile kaplay\u0131n, b\u00f6ylece parmak izlerine daha az maruz kal\u0131r ve \u015fi\u015fe, yo\u011fun bir mutfakta s\u0131k\u00e7a kullan\u0131lsa bile temizli\u011fini korur.<\/li>\n<li>Kaz\u0131nm\u0131\u015f \u00d6l\u00e7\u00fcm \u0130\u015faretleri: Kullan\u0131c\u0131lar\u0131n ya\u011f kullan\u0131m\u0131n\u0131 ve dolum i\u015flemini takip edebilmelerini sa\u011flamak i\u00e7in cam\u0131n \u00fczerine 50ml, 100ml gibi k\u00fc\u00e7\u00fck kaz\u0131nm\u0131\u015f \u00e7izgiler yerle\u015ftirin.<\/li>\n<\/ul>","protected":false},"excerpt":{"rendered":"<p>G\u00fcm\u00fc\u015f pompal\u0131 \u015feffaf cam zeytinya\u011f\u0131 sprey \u015fi\u015fesi. Modern tasar\u0131m, h\u0131zl\u0131 teslimat, \u00fccretsiz numuneler ve ki\u015fiye \u00f6zel hizmetler mevcuttur.<\/p>","protected":false},"featured_media":22279,"template":"","meta":[],"product_brand":[],"product_cat":[122,123,126],"product_tag":[],"class_list":{"0":"post-22277","1":"product","2":"type-product","3":"status-publish","4":"has-post-thumbnail","6":"product_cat-custom-glass-packaging","7":"product_cat-custom-glass-bottles","8":"product_cat-olive-oil-bottles","10":"first","11":"instock","12":"shipping-taxable","13":"product-type-simple"},"jetpack_sharing_enabled":true,"_links":{"self":[{"href":"https:\/\/yebodaglass.com\/tr\/wp-json\/wp\/v2\/product\/22277","targetHints":{"allow":["GET"]}}],"collection":[{"href":"https:\/\/yebodaglass.com\/tr\/wp-json\/wp\/v2\/product"}],"about":[{"href":"https:\/\/yebodaglass.com\/tr\/wp-json\/wp\/v2\/types\/product"}],"version-history":[{"count":4,"href":"https:\/\/yebodaglass.com\/tr\/wp-json\/wp\/v2\/product\/22277\/revisions"}],"predecessor-version":[{"id":22286,"href":"https:\/\/yebodaglass.com\/tr\/wp-json\/wp\/v2\/product\/22277\/revisions\/22286"}],"wp:featuredmedia":[{"embeddable":true,"href":"https:\/\/yebodaglass.com\/tr\/wp-json\/wp\/v2\/media\/22279"}],"wp:attachment":[{"href":"https:\/\/yebodaglass.com\/tr\/wp-json\/wp\/v2\/media?parent=22277"}],"wp:term":[{"taxonomy":"product_brand","embeddable":true,"href":"https:\/\/yebodaglass.com\/tr\/wp-json\/wp\/v2\/product_brand?post=22277"},{"taxonomy":"product_cat","embeddable":true,"href":"https:\/\/yebodaglass.com\/tr\/wp-json\/wp\/v2\/product_cat?post=22277"},{"taxonomy":"product_tag","embeddable":true,"href":"https:\/\/yebodaglass.com\/tr\/wp-json\/wp\/v2\/product_tag?post=22277"}],"curies":[{"name":"wp","href":"https:\/\/api.w.org\/{rel}","templated":true}]}}