{"id":22245,"date":"2025-10-15T09:36:05","date_gmt":"2025-10-15T01:36:05","guid":{"rendered":"https:\/\/yebodaglass.com\/?post_type=product&#038;p=22245"},"modified":"2026-03-19T18:12:33","modified_gmt":"2026-03-19T10:12:33","slug":"clear-mason-glass-jars-with-handles-bulk","status":"publish","type":"product","link":"https:\/\/yebodaglass.com\/tr\/urun\/clear-mason-glass-jars-with-handles-bulk\/","title":{"rendered":"40 ml \u2013 600 ml \u015eeffaf Kulplu Mason Cam Kavanozlar (Toptan)"},"content":{"rendered":"<p>Bu kulplu cam kavanozlar, \u015feffaf silindirik g\u00f6vdeye ve p\u00fcr\u00fczs\u00fcz yuvarlak yan kulplara sahiptir, b\u00f6ylece kavanoz dolu olsa bile kolayca tutulabilir. \u015ei\u015fenin standart vidal\u0131 boynu vard\u0131r ve boyuna alt\u0131n veya g\u00fcm\u00fc\u015f metal vida takma imkan\u0131 da mevcuttur.<\/p>\n<h2>\u00dcr\u00fcn \u00d6zellikleri<\/h2>\n<ul>\n<li><strong>Yan Sap Tasar\u0131m\u0131:<\/strong> Kavanozun \u015feffaf cam sap\u0131, rahat ve \u0131s\u0131ya dayan\u0131kl\u0131 olacak \u015fekilde tasarlanm\u0131\u015ft\u0131r; bu sayede kavanozun kullan\u0131m\u0131 ve ta\u015f\u0131nmas\u0131 kolayla\u015f\u0131r, b\u00f6ylece kullan\u0131m kolayl\u0131\u011f\u0131 artar.<\/li>\n<li><strong>\u00c7e\u015fitli Boyut Se\u00e7enekleri:<\/strong> \u00c7e\u015fitli boyutlarda sunulmaktad\u0131r; mini, k\u00fc\u00e7\u00fck, orta ve b\u00fcy\u00fck olmak \u00fczere, k\u00fc\u00e7\u00fck porsiyonlar, tek i\u00e7eceklik porsiyonlar ve t\u00fcm aileye yetecek miktarda i\u00e7ecek gibi \u00f6zel ihtiya\u00e7lar\u0131 kar\u015f\u0131lamak \u00fczere tasarlanm\u0131\u015ft\u0131r.<\/li>\n<li><strong>Y\u00fcksek \u015eeffafl\u0131kta Cam:<\/strong> G\u0131da s\u0131n\u0131f\u0131 y\u00fcksek \u015feffafl\u0131k \u00f6zelli\u011fine sahip cam\u0131n y\u00fcksek berrakl\u0131k seviyesi, i\u00e7eri\u011fin net bir \u015fekilde g\u00f6r\u00fclebilmesi nedeniyle hem estetik hem de pratikli\u011fin birle\u015fimidir.<\/li>\n<\/ul>\n<h2>Temel \u00d6zellikler<\/h2>\n<table style=\"border-collapse: collapse; width: 80%; margin-left: auto; margin-right: auto;\" border=\"0\" width=\"288\" cellspacing=\"0\" cellpadding=\"0\">\n<tbody>\n<tr style=\"height: 13.50pt;\">\n<td style=\"height: 13.5pt; width: 54pt; text-align: center;\" width=\"72\" height=\"18\">Model<\/td>\n<td style=\"width: 54pt; text-align: center;\" width=\"72\">Kapasite(ml)<\/td>\n<td style=\"width: 54pt; text-align: center;\" width=\"72\">Boyut (cm)<\/td>\n<td style=\"width: 54pt; text-align: center;\" width=\"72\">Renk Se\u00e7enekleri<\/td>\n<\/tr>\n<tr style=\"height: 13.50pt;\">\n<td style=\"height: 13.5pt; text-align: center;\" align=\"right\" height=\"18\">63004054<\/td>\n<td style=\"text-align: center;\" align=\"right\">40<\/td>\n<td style=\"text-align: center;\">4.9&#215;3.6&#215;6.1<\/td>\n<td class=\"et2\" style=\"text-align: center;\" rowspan=\"7\">Temizle (\u00d6zel)<\/td>\n<\/tr>\n<tr style=\"height: 13.50pt;\">\n<td style=\"height: 13.5pt; text-align: center;\" align=\"right\" height=\"18\">63013055<\/td>\n<td style=\"text-align: center;\" align=\"right\">130<\/td>\n<td style=\"text-align: center;\">7.4&#215;5.4&#215;8.4<\/td>\n<\/tr>\n<tr style=\"height: 13.50pt;\">\n<td style=\"height: 13.5pt; text-align: center;\" align=\"right\" height=\"18\">63020056<\/td>\n<td style=\"text-align: center;\" align=\"right\">200<\/td>\n<td style=\"text-align: center;\">8.4\u00d76.0x10.3<\/td>\n<\/tr>\n<tr style=\"height: 13.50pt;\">\n<td style=\"height: 13.5pt; text-align: center;\" align=\"right\" height=\"18\">63030057<\/td>\n<td style=\"text-align: center;\" align=\"right\">300<\/td>\n<td style=\"text-align: center;\">\u2014<\/td>\n<\/tr>\n<tr style=\"height: 13.50pt;\">\n<td style=\"height: 13.5pt; text-align: center;\" align=\"right\" height=\"18\">63040058<\/td>\n<td style=\"text-align: center;\" align=\"right\">400<\/td>\n<td style=\"text-align: center;\">\u2014<\/td>\n<\/tr>\n<tr style=\"height: 13.50pt;\">\n<td style=\"height: 13.5pt; text-align: center;\" align=\"right\" height=\"18\">63048059<\/td>\n<td style=\"text-align: center;\" align=\"right\">480<\/td>\n<td style=\"text-align: center;\">10.7&#215;7.8&#215;13.2<\/td>\n<\/tr>\n<tr style=\"height: 13.50pt;\">\n<td style=\"height: 13.5pt; text-align: center;\" align=\"right\" height=\"18\">63060060<\/td>\n<td style=\"text-align: center;\" align=\"right\">600<\/td>\n<td style=\"text-align: center;\">12.4&#215;8.8&#215;14.5<\/td>\n<\/tr>\n<\/tbody>\n<\/table>\n<h2>Ba\u015far\u0131 Hikayesi<\/h2>\n<p>G\u00fcney Kaliforniya&#039;daki meyve suyu bar zincirlerinden biri, kulplu 16 onsluk cam kavanozlar\u0131m\u0131z\u0131 se\u00e7ti ve lazerle derecelendirdi. Bu \u00f6zel tasar\u0131m kavanozlar b\u00fcy\u00fck bir ba\u015far\u0131 yakalad\u0131: \u00c7al\u0131\u015fanlar\u0131n tarifleri ayn\u0131 seviyede tutmalar\u0131n\u0131 sa\u011flayarak malzeme maliyetinde tasarruf etmelerine olanak tan\u0131makla kalmad\u0131, ayn\u0131 zamanda kulplar\u0131 sayesinde kolayca ta\u015f\u0131nabilmelerini ve sonu\u00e7 olarak d\u00f6k\u00fclmeyi oran\u0131nda azaltmalar\u0131n\u0131 sa\u011flad\u0131. Zincir \u00e7ok ba\u015far\u0131l\u0131 oldu ve ard\u0131ndan perakende sat\u0131\u015f ve yeni abonelik \u00fcr\u00fcnlerinin ana ambalaj\u0131 olarak 250.000 adet kavanoz sipari\u015f etti.<\/p>\n<h2>Sapl\u0131 Mason Cam Kavanozlar \u00d6zelle\u015ftirilebilir<\/h2>\n<ul>\n<li>Sap Malzemesi ve Stili - Saplar, kavanozla ayn\u0131 renkte camdan, renkli emaye saplardan veya j\u00fct veya deri gibi bir malzemeyle sar\u0131lm\u0131\u015f saplardan olabilir.<\/li>\n<li>Kapak Fonksiyonlar\u0131: \u0130\u00e7ecek kapaklar\u0131, a\u00e7\u0131l\u0131r kapan\u0131r pipetli kapaklar, pipetlerin ge\u00e7ti\u011fi delikli kapaklar veya salata kaplar\u0131 i\u00e7in kapaklar gibi \u00e7e\u015fitli stillerde mevcuttur.<\/li>\n<li>Boyut \u00d6zelle\u015ftirme: Piyasadaki \u00f6zel ihtiya\u00e7lara uygun olarak \u00f6zel boyutlar sa\u011flanabilir (\u00f6rne\u011fin 12 onsluk kahve kavanozlar\u0131, 32 onsluk limonata kavanozlar\u0131).<\/li>\n<\/ul>","protected":false},"excerpt":{"rendered":"<p>\u015eeffaf camdan yap\u0131lm\u0131\u015f, metal kapakl\u0131, \u015f\u0131k tasar\u0131ml\u0131 cam kavanoz. \u0130\u00e7ecekler, tatl\u0131lar ve saklama i\u00e7in ideal, sapl\u0131 cam kavanozlar. \u00dccretsiz \u00f6rnekler.<\/p>","protected":false},"featured_media":25529,"template":"","meta":[],"product_brand":[],"product_cat":[124,122,125],"product_tag":[],"class_list":{"0":"post-22245","1":"product","2":"type-product","3":"status-publish","4":"has-post-thumbnail","6":"product_cat-custom-glass-jars","7":"product_cat-custom-glass-packaging","8":"product_cat-mason-glass-jars","10":"first","11":"instock","12":"shipping-taxable","13":"product-type-simple"},"jetpack_sharing_enabled":true,"_links":{"self":[{"href":"https:\/\/yebodaglass.com\/tr\/wp-json\/wp\/v2\/product\/22245","targetHints":{"allow":["GET"]}}],"collection":[{"href":"https:\/\/yebodaglass.com\/tr\/wp-json\/wp\/v2\/product"}],"about":[{"href":"https:\/\/yebodaglass.com\/tr\/wp-json\/wp\/v2\/types\/product"}],"version-history":[{"count":5,"href":"https:\/\/yebodaglass.com\/tr\/wp-json\/wp\/v2\/product\/22245\/revisions"}],"predecessor-version":[{"id":25532,"href":"https:\/\/yebodaglass.com\/tr\/wp-json\/wp\/v2\/product\/22245\/revisions\/25532"}],"wp:featuredmedia":[{"embeddable":true,"href":"https:\/\/yebodaglass.com\/tr\/wp-json\/wp\/v2\/media\/25529"}],"wp:attachment":[{"href":"https:\/\/yebodaglass.com\/tr\/wp-json\/wp\/v2\/media?parent=22245"}],"wp:term":[{"taxonomy":"product_brand","embeddable":true,"href":"https:\/\/yebodaglass.com\/tr\/wp-json\/wp\/v2\/product_brand?post=22245"},{"taxonomy":"product_cat","embeddable":true,"href":"https:\/\/yebodaglass.com\/tr\/wp-json\/wp\/v2\/product_cat?post=22245"},{"taxonomy":"product_tag","embeddable":true,"href":"https:\/\/yebodaglass.com\/tr\/wp-json\/wp\/v2\/product_tag?post=22245"}],"curies":[{"name":"wp","href":"https:\/\/api.w.org\/{rel}","templated":true}]}}