{"id":22238,"date":"2025-10-11T13:14:08","date_gmt":"2025-10-11T05:14:08","guid":{"rendered":"https:\/\/yebodaglass.com\/?post_type=product&#038;p=22238"},"modified":"2026-03-26T14:45:20","modified_gmt":"2026-03-26T06:45:20","slug":"rectangular-amber-glass-olive-oil-bottles-for-cooking-bulk","status":"publish","type":"product","link":"https:\/\/yebodaglass.com\/tr\/urun\/rectangular-amber-glass-olive-oil-bottles-for-cooking-bulk\/","title":{"rendered":"250 ml, 500 ml, 750 ml Dikd\u00f6rtgen Amber Cam Zeytinya\u011f\u0131 \u015ei\u015feleri (Yemek Pi\u015firme Ama\u00e7l\u0131, Toplu)"},"content":{"rendered":"<p>Bunlar, ince yap\u0131l\u0131, dikd\u00f6rtgen \u015feklinde olan ve bu sayede kaliteli zeytinya\u011f\u0131n\u0131n \u0131\u015f\u0131ktan etkilenmesini \u00f6nleyen kehribar rengi cam zeytinya\u011f\u0131 \u015fi\u015feleridir. Her boyutta mevcuttur ve g\u00fcvenli, sa\u011flam siyah vidal\u0131 kapa\u011fa sahiptirler.<\/p>\n<h2>\u00dcr\u00fcn \u00d6zellikleri<\/h2>\n<ul>\n<li><strong>Amber Renkli I\u015f\u0131k Ge\u00e7irmez \u015ei\u015fe:<\/strong> Amber renkli cam son derece \u015feffaft\u0131r ve \u015feffaf cam UV \u0131\u015f\u0131nlar\u0131n\u0131 etkili bir \u015fekilde engelleyerek ya\u011f\u0131n raf \u00f6mr\u00fcn\u00fc uzat\u0131r.<\/li>\n<li><strong>Yuvarlak K\u00f6\u015feli Kare \u015ei\u015fe \u015eekli:<\/strong> \u015ei\u015felerin yuvarlak k\u00f6\u015feli kare \u015fekli tutmay\u0131 kolayla\u015ft\u0131r\u0131r; kaygan de\u011fildir ve bu da istiflemeyi kolayla\u015ft\u0131r\u0131r.<\/li>\n<li><strong>Siyah S\u0131zd\u0131rmazl\u0131k Vidal\u0131 Kapak:<\/strong> Siyah vidal\u0131 kapak \u00e7ok iyi s\u0131zd\u0131rmazl\u0131k sa\u011flayarak ya\u011f s\u0131z\u0131nt\u0131s\u0131n\u0131 ve buharla\u015fmas\u0131n\u0131 \u00f6nler.<\/li>\n<\/ul>\n<h2>Temel \u00d6zellikler<\/h2>\n<table style=\"border-collapse: collapse; margin-left: auto; margin-right: auto; width: 642.77pt;\" border=\"0\" width=\"857\" cellspacing=\"0\" cellpadding=\"0\">\n<tbody>\n<tr style=\"height: 13.50pt;\">\n<td style=\"height: 13.50pt; width: 99.75pt;\" width=\"133\" height=\"18\">\u00d6zellik<\/td>\n<td style=\"width: 543.00pt;\" width=\"724\">\u015eartname<\/td>\n<\/tr>\n<tr style=\"height: 13.50pt;\">\n<td style=\"height: 13.50pt;\" height=\"18\">Boyutlar<\/td>\n<td>4,7\u00d74,7\u00d721 cm (250 ml), 5,8\u00d75,8\u00d726,4 cm (500 ml), 6,5\u00d76,5\u00d730,2 cm (750 ml)<\/td>\n<\/tr>\n<tr style=\"height: 13.50pt;\">\n<td style=\"height: 13.50pt;\" height=\"18\">Boyun Boyutu<\/td>\n<td>19mm*30mm vida di\u015fi<\/td>\n<\/tr>\n<tr style=\"height: 13.50pt;\">\n<td style=\"height: 13.50pt;\" height=\"18\">Malzeme<\/td>\n<td>UV korumal\u0131 kehribar cam<\/td>\n<\/tr>\n<tr style=\"height: 13.50pt;\">\n<td style=\"height: 13.50pt;\" height=\"18\">\u015eekil<\/td>\n<td>Dikd\u00f6rtgen (kare cam)<\/td>\n<\/tr>\n<tr style=\"height: 13.50pt;\">\n<td style=\"height: 13.50pt;\" height=\"18\">En \u0130yisi \u0130\u00e7in<\/td>\n<td>Zeytinya\u011f\u0131, sirke, yemeklik ya\u011flar, marine soslar<\/td>\n<\/tr>\n<tr style=\"height: 13.50pt;\">\n<td style=\"height: 13.50pt;\" height=\"18\">\u0130deal Kullan\u0131m<\/td>\n<td>Yemeklik ya\u011f \u015fi\u015feleri, ya\u011f ve sirke kaplar\u0131, toptan \u015fi\u015feleme, mutfak depolama<\/td>\n<\/tr>\n<\/tbody>\n<\/table>\n<h2>Ba\u015far\u0131 \u00d6rne\u011fi: \u0130talyan zeytinya\u011f\u0131 ithalat\u00e7\u0131s\u0131n\u0131n l\u00fcks markas\u0131<\/h2>\n<p>ABD Bat\u0131 K\u0131y\u0131s\u0131&#039;ndaki bir \u0130talyan zeytinya\u011f\u0131 ithalat\u00e7\u0131s\u0131, 500 ml&#039;lik kehribar renkli cam zeytinya\u011f\u0131 \u015fi\u015felerimizi se\u00e7ti ve vintage tarzda serigrafi bask\u0131l\u0131 etiketler ve damlama \u00f6nleyici astarlar \u00f6zel olarak tasarland\u0131. UV korumas\u0131, zeytinya\u011f\u0131n\u0131n optimum raf \u00f6mr\u00fcn\u00fc 6 ay uzatt\u0131\u011f\u0131 ve sat\u0131\u015flar\u0131 art\u0131rd\u0131\u011f\u0131 i\u00e7in \u00e7ok \u00f6nemliydi. \u0130thalat\u00e7\u0131 bu durumdan o kadar memnun kald\u0131 ki, yeni tr\u00fcf ve ac\u0131 biber aromal\u0131 zeytinya\u011f\u0131 serisinden 500.000 \u015fi\u015fe daha sipari\u015f verdi.<\/p>\n<h2>\u00d6zelle\u015ftirme \u00d6nerileri<\/h2>\n<ul>\n<li><strong>Grav\u00fcr Logolar:<\/strong> Markan\u0131za \u015f\u0131kl\u0131k katman\u0131n en iyi yolu, kare cam \u00fczerine marka logonuzu kaz\u0131makt\u0131r. Bu, marka bilinirli\u011fini art\u0131rmak isteyen toptan sat\u0131\u015f m\u00fc\u015fterileri i\u00e7in m\u00fckemmeldir.<\/li>\n<li><strong>Renkli Cam Filmleri:<\/strong> Yemek pi\u015firmek i\u00e7in s\u0131ra d\u0131\u015f\u0131 bir kehribar ya\u011f \u015fi\u015fesi istiyorsan\u0131z, mevcut ye\u015fil rengi markan\u0131z\u0131n renklerine uygun daha koyu veya daha a\u00e7\u0131k bir ye\u015fil tonuna d\u00f6n\u00fc\u015ft\u00fcrmek do\u011fru yoldur.<\/li>\n<li><strong>Mezuniyet Notlar\u0131:<\/strong> Kullan\u0131c\u0131lar\u0131n tam olarak istenilen miktarda s\u0131v\u0131y\u0131 d\u00f6kmesini kolayla\u015ft\u0131rmak i\u00e7in, \u00f6rne\u011fin yemeklik ya\u011f barda\u011f\u0131n\u0131n \u00fczerine hacim bo\u015fluklar\u0131 kaz\u0131nabilir, bu da onu mutfak i\u00e7in ideal hale getirecektir.<\/li>\n<li><strong>Mat Biti\u015f:<\/strong> Cam y\u00fczeyinde mat bir kaplama bulunur ve parmak izi b\u0131rakmaz, \u015fi\u015fe yumu\u015fak ve zarif karakterini korur - bu \u00f6zellik esas olarak se\u00e7kin zeytinya\u011f\u0131 pazar\u0131na y\u00f6neliktir.<\/li>\n<\/ul>","protected":false},"excerpt":{"rendered":"<p>Siyah kapakl\u0131, dikd\u00f6rtgen \u015feklinde, birinci s\u0131n\u0131f kehribar renkli cam zeytinya\u011f\u0131 \u015fi\u015feleri. Dayan\u0131kl\u0131 ve \u015f\u0131k pi\u015firme zeytinya\u011f\u0131 \u015fi\u015feleri. Fabrikadan do\u011frudan sat\u0131\u015f, h\u0131zl\u0131 teslimat.<\/p>","protected":false},"featured_media":25637,"template":"","meta":[],"product_brand":[],"product_cat":[126,123,122],"product_tag":[],"class_list":{"0":"post-22238","1":"product","2":"type-product","3":"status-publish","4":"has-post-thumbnail","6":"product_cat-olive-oil-bottles","7":"product_cat-custom-glass-bottles","8":"product_cat-custom-glass-packaging","10":"first","11":"instock","12":"shipping-taxable","13":"product-type-simple"},"jetpack_sharing_enabled":true,"_links":{"self":[{"href":"https:\/\/yebodaglass.com\/tr\/wp-json\/wp\/v2\/product\/22238","targetHints":{"allow":["GET"]}}],"collection":[{"href":"https:\/\/yebodaglass.com\/tr\/wp-json\/wp\/v2\/product"}],"about":[{"href":"https:\/\/yebodaglass.com\/tr\/wp-json\/wp\/v2\/types\/product"}],"version-history":[{"count":5,"href":"https:\/\/yebodaglass.com\/tr\/wp-json\/wp\/v2\/product\/22238\/revisions"}],"predecessor-version":[{"id":25573,"href":"https:\/\/yebodaglass.com\/tr\/wp-json\/wp\/v2\/product\/22238\/revisions\/25573"}],"wp:featuredmedia":[{"embeddable":true,"href":"https:\/\/yebodaglass.com\/tr\/wp-json\/wp\/v2\/media\/25637"}],"wp:attachment":[{"href":"https:\/\/yebodaglass.com\/tr\/wp-json\/wp\/v2\/media?parent=22238"}],"wp:term":[{"taxonomy":"product_brand","embeddable":true,"href":"https:\/\/yebodaglass.com\/tr\/wp-json\/wp\/v2\/product_brand?post=22238"},{"taxonomy":"product_cat","embeddable":true,"href":"https:\/\/yebodaglass.com\/tr\/wp-json\/wp\/v2\/product_cat?post=22238"},{"taxonomy":"product_tag","embeddable":true,"href":"https:\/\/yebodaglass.com\/tr\/wp-json\/wp\/v2\/product_tag?post=22238"}],"curies":[{"name":"wp","href":"https:\/\/api.w.org\/{rel}","templated":true}]}}