{"id":22237,"date":"2025-10-11T13:14:04","date_gmt":"2025-10-11T05:14:04","guid":{"rendered":"https:\/\/yebodaglass.com\/?post_type=product&#038;p=22237"},"modified":"2025-10-11T16:34:58","modified_gmt":"2025-10-11T08:34:58","slug":"bulk-stainless-steel-oil-glass-container-with-glass-base","status":"publish","type":"product","link":"https:\/\/yebodaglass.com\/tr\/bulk-stainless-steel-oil-glass-container-with-glass-base\/","title":{"rendered":"Cam Tabanl\u0131 Toplu Paslanmaz \u00c7elik Ya\u011f Cam Kab\u0131 \u2013 200ml 300ml 500ml"},"content":{"rendered":"<p>Bu cam ya\u011f kaplar\u0131, \u00f6zel bir d\u00f6kme a\u011fz\u0131yla birlikte gelir ve g\u00fcm\u00fc\u015f metalik detaylara sahip \u015feffaf camdan \u00fcretilmi\u015ftir. \u00c7e\u015fitli boyutlarda mevcuttur.<\/p>\n<h2>\u00dcr\u00fcn \u00d6zellikleri<\/h2>\n<ul>\n<li><strong>\u00c7a\u011fda\u015f, Minimalist Tasar\u0131m:<\/strong> Cam ve metalin sadeli\u011fiyle bir araya gelen bu \u00fcr\u00fcn, her t\u00fcrl\u00fc mutfak stiline uyum sa\u011flayarak, hem g\u00fczelli\u011fin hem de kullan\u0131\u015fl\u0131l\u0131\u011f\u0131n kusursuz bir kar\u0131\u015f\u0131m\u0131n\u0131 sunuyor.<\/li>\n<li><strong>\u00d6zel D\u00f6kme A\u011fz\u0131:<\/strong> \u00c7e\u015fitli metal d\u00f6kme a\u011f\u0131zl\u0131k stilleri mevcuttur, bunlar sadece d\u00f6kme ak\u0131\u015f\u0131n\u0131 do\u011fru bir \u015fekilde kontrol etmekle kalmaz, ayn\u0131 zamanda d\u00f6k\u00fclmeyi azalt\u0131r ve kullan\u0131c\u0131 dostu olmas\u0131n\u0131 maksimum d\u00fczeyde art\u0131r\u0131r.<\/li>\n<li><strong>Cam-Metal Kombinasyonu:<\/strong> \u015ei\u015fenin alt yar\u0131s\u0131nda kalan ya\u011f seviyesinin rahat\u00e7a g\u00f6r\u00fclebilmesi i\u00e7in \u015feffaf cam kullan\u0131lm\u0131\u015f, \u00fcst yar\u0131s\u0131nda ise kaliteli ve dayan\u0131kl\u0131 bir his veren metal kullan\u0131lm\u0131\u015f.<\/li>\n<\/ul>\n<h2>Temel \u00d6zellikler<\/h2>\n<table style=\"border-collapse: collapse; margin-left: auto; margin-right: auto; width: 642.77pt;\" border=\"0\" width=\"857\" cellspacing=\"0\" cellpadding=\"0\">\n<tbody>\n<tr style=\"height: 13.50pt;\">\n<td style=\"height: 13.50pt; width: 99.75pt;\" width=\"133\" height=\"18\">\u00d6zellik<\/td>\n<td style=\"width: 543.00pt;\" width=\"724\">\u015eartname<\/td>\n<\/tr>\n<tr style=\"height: 13.50pt;\">\n<td style=\"height: 13.50pt;\" height=\"18\">Boyutlar<\/td>\n<td>3,0\u00d76,5\u00d715,0 cm (200 ml), 3,0\u00d76,5\u00d721,0 cm (300 ml), 3,0\u00d77,4\u00d724,7 cm (500 ml)<\/td>\n<\/tr>\n<tr style=\"height: 13.50pt;\">\n<td style=\"height: 13.50pt;\" height=\"18\">Malzeme<\/td>\n<td>\u015eeffaf cam g\u00f6vde, paslanmaz \u00e7elik a\u011f\u0131z<\/td>\n<\/tr>\n<tr style=\"height: 13.50pt;\">\n<td style=\"height: 13.50pt;\" height=\"18\">Kapak Se\u00e7enekleri<\/td>\n<td>Kapakl\u0131 paslanmaz \u00e7elik a\u011f\u0131z, sa\u011flam kapak<\/td>\n<\/tr>\n<tr style=\"height: 13.50pt;\">\n<td style=\"height: 13.50pt;\" height=\"18\">En \u0130yisi \u0130\u00e7in<\/td>\n<td>Zeytinya\u011f\u0131, sirke, soslar, ya\u011f ve sirke setleri<\/td>\n<\/tr>\n<tr style=\"height: 13.50pt;\">\n<td style=\"height: 13.50pt;\" height=\"18\">\u0130deal Kullan\u0131m<\/td>\n<td>Ya\u011f \u015fi\u015fesi paslanmaz \u00e7elik tarz\u0131, mutfak depolama, toptan ya\u011f cam kab\u0131<\/td>\n<\/tr>\n<\/tbody>\n<\/table>\n<h2>Ba\u015far\u0131 \u00d6yk\u00fcs\u00fc: Catering Sekt\u00f6r\u00fc \u0130\u00e7in D\u00f6n\u00fc\u015ft\u00fcr\u00fcc\u00fc Bir Se\u00e7im<\/h2>\n<p>Orta \u00f6l\u00e7ekli yemek \u015firketi, s\u0131zd\u0131ran ve hassas ya\u011f \u015fi\u015felerinin s\u00fcrekli kullan\u0131m\u0131ndan memnun de\u011fildi. Toplu cam ya\u011f \u015fi\u015felerimize ge\u00e7tikten sonra her \u015fey de\u011fi\u015fti. \u0130lk olarak, paslanmaz \u00e7elik \u015fi\u015feler sa\u011flamd\u0131 ve k\u0131r\u0131lma say\u0131s\u0131 oran\u0131nda azald\u0131. \u0130kinci olarak, hassas d\u00f6kme a\u011fz\u0131 \u015feflerin kolayca ya\u011f veya sirke eklemesini sa\u011flayarak temizlik s\u00fcrecinde \u00f6nemli \u00f6l\u00e7\u00fcde zaman tasarrufu sa\u011flad\u0131. En \u00f6nemlisi, t\u00fcketiciler \u015fi\u015fenin modern g\u00f6r\u00fcn\u00fcm\u00fcne hayran kald\u0131 ve bunun sonucunda tekrarlayan sat\u0131n al\u0131mlar artt\u0131. Hatta baz\u0131lar\u0131 evlerine daha fazla \u015fi\u015fe almak istediklerini bile s\u00f6yl\u00fcyor! \u015eu anda yemek ekibimiz her \u00e7eyrekte toplu sipari\u015f veriyor.<\/p>\n<h2>\u00d6zelle\u015ftirme Fikirleri<\/h2>\n<p>Cam ya\u011f \u015fi\u015fenizin benzersiz g\u00f6r\u00fcnmesini mi istiyorsunuz? Bu d\u00f6n\u00fc\u015f\u00fcmleri deneyin!<\/p>\n<ul>\n<li>Renkli Cam Renkleri: Zeytinya\u011f\u0131 \u015fi\u015feleri i\u00e7in marka renklerine uymas\u0131 amac\u0131yla \u015feffaf cam\u0131 yumu\u015fak ye\u015fil veya mavi (d\u00fcz \u015feffaf cam yerine) renklendirin.<\/li>\n<li>Buzlu Logolar: M\u00fc\u015fterilerinizin logolar\u0131 i\u00e7in cam\u0131n \u00fczerinde buzlu bir alan yarat\u0131n; bu, kaliteli g\u00f6r\u00fcn\u00fcr ve \u00e7\u0131kartmalar gibi soyulmaz.<\/li>\n<li>Lazerle Kaz\u0131nm\u0131\u015f Dolum \u00c7izgileri \u2013 ml kalemlerini barda\u011fa kaz\u0131y\u0131n. \u015ei\u015feleme s\u0131ras\u0131nda yard\u0131mc\u0131 olur ve kullan\u0131c\u0131lara hassas kontrol sa\u011flar.<\/li>\n<\/ul>\n<p>Ya\u011f \u015fi\u015fesi se\u00e7iminizi geli\u015ftirmeye haz\u0131r m\u0131s\u0131n\u0131z? Toplu sipari\u015finizi veya \u00f6zelle\u015ftirme ihtiya\u00e7lar\u0131n\u0131z\u0131 g\u00f6r\u00fc\u015fmek i\u00e7in bug\u00fcn bizimle ileti\u015fime ge\u00e7in; ba\u015far\u0131n\u0131za yard\u0131mc\u0131 olmak i\u00e7in buraday\u0131z!<\/p>","protected":false},"excerpt":{"rendered":"<p>Paslanmaz \u00e7elik kapakl\u0131 ve a\u011f\u0131zl\u0131 modern cam ya\u011f kab\u0131. Dayan\u0131kl\u0131, \u00f6zelle\u015ftirilebilir ve mutfak markala\u015fmas\u0131 i\u00e7in idealdir. Toplu al\u0131mlarda indirim mevcuttur.<\/p>","protected":false},"featured_media":22262,"template":"","meta":[],"product_brand":[],"product_cat":[122,123,126],"product_tag":[],"class_list":{"0":"post-22237","1":"product","2":"type-product","3":"status-publish","4":"has-post-thumbnail","6":"product_cat-custom-glass-packaging","7":"product_cat-custom-glass-bottles","8":"product_cat-olive-oil-bottles","10":"first","11":"instock","12":"shipping-taxable","13":"product-type-simple"},"jetpack_sharing_enabled":true,"_links":{"self":[{"href":"https:\/\/yebodaglass.com\/tr\/wp-json\/wp\/v2\/product\/22237","targetHints":{"allow":["GET"]}}],"collection":[{"href":"https:\/\/yebodaglass.com\/tr\/wp-json\/wp\/v2\/product"}],"about":[{"href":"https:\/\/yebodaglass.com\/tr\/wp-json\/wp\/v2\/types\/product"}],"version-history":[{"count":5,"href":"https:\/\/yebodaglass.com\/tr\/wp-json\/wp\/v2\/product\/22237\/revisions"}],"predecessor-version":[{"id":22270,"href":"https:\/\/yebodaglass.com\/tr\/wp-json\/wp\/v2\/product\/22237\/revisions\/22270"}],"wp:featuredmedia":[{"embeddable":true,"href":"https:\/\/yebodaglass.com\/tr\/wp-json\/wp\/v2\/media\/22262"}],"wp:attachment":[{"href":"https:\/\/yebodaglass.com\/tr\/wp-json\/wp\/v2\/media?parent=22237"}],"wp:term":[{"taxonomy":"product_brand","embeddable":true,"href":"https:\/\/yebodaglass.com\/tr\/wp-json\/wp\/v2\/product_brand?post=22237"},{"taxonomy":"product_cat","embeddable":true,"href":"https:\/\/yebodaglass.com\/tr\/wp-json\/wp\/v2\/product_cat?post=22237"},{"taxonomy":"product_tag","embeddable":true,"href":"https:\/\/yebodaglass.com\/tr\/wp-json\/wp\/v2\/product_tag?post=22237"}],"curies":[{"name":"wp","href":"https:\/\/api.w.org\/{rel}","templated":true}]}}