{"id":22236,"date":"2025-10-11T17:47:19","date_gmt":"2025-10-11T09:47:19","guid":{"rendered":"https:\/\/yebodaglass.com\/?post_type=product&#038;p=22236"},"modified":"2026-03-19T15:32:24","modified_gmt":"2026-03-19T07:32:24","slug":"cylindrical-clear-small-glass-mason-jars-bulk","status":"publish","type":"product","link":"https:\/\/yebodaglass.com\/tr\/urun\/cylindrical-clear-small-glass-mason-jars-bulk\/","title":{"rendered":"100 ml \u2013 480 ml Silindir \u015eeffaf K\u00fc\u00e7\u00fck Cam Kavanozlar (Toptan)"},"content":{"rendered":"<p>Bunlar, \u015feffaf camdan yap\u0131lm\u0131\u015f, p\u00fcr\u00fczs\u00fcz ve d\u00fcz kenarl\u0131 k\u00fc\u00e7\u00fck cam kavanozlard\u0131r. Geni\u015f a\u011f\u0131zlar\u0131 ve d\u00fczg\u00fcn di\u015fleri sayesinde doldurma ve kapatma kolay ve pratiktir. Bu kavanozlar g\u00fcm\u00fc\u015f, alt\u0131n veya siyah metal vidal\u0131 kapaklarla kullan\u0131labilir.<\/p>\n<h2>\u00dcr\u00fcn \u00d6zellikleri<\/h2>\n<ul>\n<li><strong>Geni\u015f A\u011f\u0131zl\u0131 Vidal\u0131 Tasar\u0131m:<\/strong> Geni\u015f a\u011f\u0131zl\u0131 tasar\u0131m\u0131 sayesinde doldurmas\u0131, almas\u0131 ve temizlemesi kolayd\u0131r; bal ka\u015f\u0131\u011f\u0131 gibi aletlerle de kullan\u0131labilir.<\/li>\n<li><strong>\u00c7ok Renkli Metal Kapaklar:<\/strong> \u00dcr\u00fcnlerin metal kapaklar\u0131ndaki \u00e7e\u015fitli kaplama se\u00e7enekleri (g\u00fcm\u00fc\u015f, alt\u0131n, siyah) sayesinde kolayca ay\u0131rt edilebilmeleri, y\u00fcksek kalite imaj\u0131 yaratmaktad\u0131r.<\/li>\n<li><strong>Kristal Berrakl\u0131\u011f\u0131nda Vitrin Cam\u0131:<\/strong> Barda\u011f\u0131n \u015feffafl\u0131\u011f\u0131 sayesinde i\u00e7indeki alt\u0131n rengi bal ve rengarenk baharatlar gibi \u015feyleri g\u00f6rebilir ve g\u00fczelliklerine hayran kalabilirsiniz.<\/li>\n<\/ul>\n<h2><strong data-spm-anchor-id=\"5176.28103460.0.i18.29ab2e31DydezZ\">Temel \u00d6zellikler <\/strong><\/h2>\n<table style=\"border-collapse: collapse; width: 80%; margin-left: auto; margin-right: auto;\" border=\"0\" width=\"288\" cellspacing=\"0\" cellpadding=\"0\">\n<tbody>\n<tr style=\"height: 13.50pt;\">\n<td style=\"height: 13.5pt; width: 54pt; text-align: center;\" width=\"72\" height=\"18\">Model<\/td>\n<td style=\"width: 54pt; text-align: center;\" width=\"72\">Kapasite(ml)<\/td>\n<td style=\"width: 54pt; text-align: center;\" width=\"72\">Boyut (cm)<\/td>\n<td style=\"width: 54pt; text-align: center;\" width=\"72\">Renk Se\u00e7enekleri<\/td>\n<\/tr>\n<tr style=\"height: 13.50pt;\">\n<td style=\"height: 13.5pt; text-align: center;\" align=\"right\" height=\"18\">63010050<\/td>\n<td style=\"text-align: center;\" align=\"right\">100<\/td>\n<td style=\"text-align: center;\">7.4&#215;4.2<\/td>\n<td class=\"et2\" style=\"text-align: center;\" rowspan=\"4\">Temizle (\u00d6zel)<\/td>\n<\/tr>\n<tr style=\"height: 13.50pt;\">\n<td style=\"height: 13.5pt; text-align: center;\" align=\"right\" height=\"18\">63028051<\/td>\n<td style=\"text-align: center;\" align=\"right\">280<\/td>\n<td style=\"text-align: center;\">7.4&#215;9.5<\/td>\n<\/tr>\n<tr style=\"height: 13.50pt;\">\n<td style=\"height: 13.5pt; text-align: center;\" align=\"right\" height=\"18\">63035052<\/td>\n<td style=\"text-align: center;\" align=\"right\">350<\/td>\n<td style=\"text-align: center;\">7.4&#215;12.0<\/td>\n<\/tr>\n<tr style=\"height: 13.50pt;\">\n<td style=\"height: 13.5pt; text-align: center;\" align=\"right\" height=\"18\">63048053<\/td>\n<td style=\"text-align: center;\" align=\"right\">480<\/td>\n<td style=\"text-align: center;\">7.4&#215;15.0<\/td>\n<\/tr>\n<\/tbody>\n<\/table>\n<h2>Ba\u015far\u0131 \u00d6yk\u00fcs\u00fc: Vermont Ar\u0131 \u00c7iftli\u011finin Hediye \u00dcr\u00fcn Yelpazesini Geni\u015fletmesi<\/h2>\n<p>Vermont&#039;ta bulunan aile i\u015fletmesi bir ar\u0131c\u0131l\u0131k \u00e7iftli\u011fi taraf\u0131ndan se\u00e7ilen k\u00fc\u00e7\u00fck bal kavanozumuz, kehribar rengi cam g\u00f6vdesi \u00f6zel olarak \u00fcretildi. Bu \u00f6zel tasar\u0131m kavanozlar b\u00fcy\u00fck bir ba\u015far\u0131 yakalad\u0131: kehribar rengi cam, \u00fcr\u00fcn\u00fcn kalitesine ili\u015fkin t\u00fcketici alg\u0131s\u0131n\u0131 oran\u0131nda art\u0131racak kadar UV korumas\u0131 sa\u011flad\u0131 ve cam\u0131n kendisi kristal berrakl\u0131\u011f\u0131ndayd\u0131; bu da l\u00fcks hediye \u00fcr\u00fcnlerinin sat\u0131\u015flar\u0131n\u0131 yar\u0131 yar\u0131ya art\u0131rd\u0131. Bu, ar\u0131c\u0131n\u0131n ba\u015far\u0131s\u0131yd\u0131 ve New England&#039;daki butiklere satmak \u00fczere sezonluk ballar\u0131n\u0131 paketlemek i\u00e7in 550.000 kavanoz daha sipari\u015f etti.<\/p>\n<h2>K\u00fc\u00e7\u00fck Cam Kavanozlar\u0131n Ki\u015fiselle\u015ftirilmesi<\/h2>\n<ul>\n<li>Cam Renkleri: D\u00fcz cam kavanozlar (geleneksel \u015feffaf), kehribar rengi cam kavanozlar ve mavi cam kavanozlar (\u0131\u015f\u0131\u011fa duyarl\u0131 \u00fcr\u00fcnler i\u00e7in uygun) olmak \u00fczere \u00fc\u00e7 \u00e7e\u015fitte mevcuttur.<\/li>\n<li>Kapak Malzeme Se\u00e7enekleri: Kapak bak\u0131r, pembe alt\u0131n veya mat olabilir.<\/li>\n<li>Boyut \u00d6zelle\u015ftirme: Kavanozlar, komple hediye setleri veya saklama setleri olarak kullan\u0131lmak \u00fczere \u00fc\u00e7 ila d\u00f6rt farkl\u0131 boyutta \u00f6zelle\u015ftirilebilir.<\/li>\n<\/ul>","protected":false},"excerpt":{"rendered":"<p>Kolay doldurma i\u00e7in geni\u015f a\u011f\u0131zl\u0131 tasar\u0131ma sahip \u015feffaf k\u00fc\u00e7\u00fck cam kavanozlar. Mutfakta saklama ve perakende ambalajlama i\u00e7in m\u00fckemmel bal kavanozu. Fabrikadan do\u011frudan tedarik.<\/p>","protected":false},"featured_media":25525,"template":"","meta":[],"product_brand":[],"product_cat":[122,124,125],"product_tag":[],"class_list":{"0":"post-22236","1":"product","2":"type-product","3":"status-publish","4":"has-post-thumbnail","6":"product_cat-custom-glass-packaging","7":"product_cat-custom-glass-jars","8":"product_cat-mason-glass-jars","10":"first","11":"instock","12":"shipping-taxable","13":"product-type-simple"},"jetpack_sharing_enabled":true,"_links":{"self":[{"href":"https:\/\/yebodaglass.com\/tr\/wp-json\/wp\/v2\/product\/22236","targetHints":{"allow":["GET"]}}],"collection":[{"href":"https:\/\/yebodaglass.com\/tr\/wp-json\/wp\/v2\/product"}],"about":[{"href":"https:\/\/yebodaglass.com\/tr\/wp-json\/wp\/v2\/types\/product"}],"version-history":[{"count":5,"href":"https:\/\/yebodaglass.com\/tr\/wp-json\/wp\/v2\/product\/22236\/revisions"}],"predecessor-version":[{"id":25526,"href":"https:\/\/yebodaglass.com\/tr\/wp-json\/wp\/v2\/product\/22236\/revisions\/25526"}],"wp:featuredmedia":[{"embeddable":true,"href":"https:\/\/yebodaglass.com\/tr\/wp-json\/wp\/v2\/media\/25525"}],"wp:attachment":[{"href":"https:\/\/yebodaglass.com\/tr\/wp-json\/wp\/v2\/media?parent=22236"}],"wp:term":[{"taxonomy":"product_brand","embeddable":true,"href":"https:\/\/yebodaglass.com\/tr\/wp-json\/wp\/v2\/product_brand?post=22236"},{"taxonomy":"product_cat","embeddable":true,"href":"https:\/\/yebodaglass.com\/tr\/wp-json\/wp\/v2\/product_cat?post=22236"},{"taxonomy":"product_tag","embeddable":true,"href":"https:\/\/yebodaglass.com\/tr\/wp-json\/wp\/v2\/product_tag?post=22236"}],"curies":[{"name":"wp","href":"https:\/\/api.w.org\/{rel}","templated":true}]}}