{"id":22169,"date":"2025-10-10T16:03:40","date_gmt":"2025-10-10T08:03:40","guid":{"rendered":"https:\/\/yebodaglass.com\/?post_type=product&#038;p=22169"},"modified":"2026-03-24T11:32:52","modified_gmt":"2026-03-24T03:32:52","slug":"bulk-cooking-vinegar-oil-dispensers-with-measuring-spout","status":"publish","type":"product","link":"https:\/\/yebodaglass.com\/tr\/bulk-cooking-vinegar-oil-dispensers-with-measuring-spout\/","title":{"rendered":"Toplu 300 ml 500 ml Yemeklik Sirke Ya\u011f\u0131 Da\u011f\u0131t\u0131c\u0131lar\u0131 \u00d6l\u00e7\u00fc A\u011f\u0131zl\u0131"},"content":{"rendered":"<p>Bu sirke ve ya\u011f da\u011f\u0131t\u0131c\u0131lar\u0131n\u0131n silindirik ve \u015feffaf bir cam \u015fi\u015fesi vard\u0131r; \u015fi\u015fenin \u00fczerinde g\u00fcm\u00fc\u015f renkli \u00f6l\u00e7\u00fc \u00e7izgileri ve yemeklik ya\u011f\u0131 d\u00f6kmek i\u00e7in dereceli bir pencere bulunur.<\/p>\n<h2>\u00dcr\u00fcn \u00d6zellikleri<\/h2>\n<ul>\n<li><strong>Dereceli \u00d6l\u00e7\u00fcm Cihaz\u0131:<\/strong> Dereceli i\u015faretlere sahip \u00fcst k\u0131s\u0131m, hassas ak\u0131\u015f kontrol\u00fcne olanak tan\u0131r; b\u00f6ylece kullan\u0131c\u0131, istedi\u011fi miktarda ya\u011f\u0131 da\u011f\u0131tabilir.<\/li>\n<li><strong>A\u00e7\u0131l\u0131r-Kapan\u0131r Kapak:<\/strong> Benzersiz e\u011fimli a\u00e7\u0131l\u0131\u015f tasar\u0131m\u0131, i\u00e7eri\u011fe daha iyi eri\u015fmenizi ve d\u00f6kmeyi daha kullan\u0131\u015fl\u0131 bir g\u00f6rev haline getirmenizi sa\u011flar.<\/li>\n<li><strong>\u015eeffaf Cam:<\/strong> \u015e\u0131k ve sade bir cam, kullan\u0131c\u0131n\u0131n \u015fi\u015fede kalan ya\u011f miktar\u0131n\u0131 ve ne zaman yeniden doldurulmas\u0131 gerekti\u011fini g\u00f6rsel olarak izlemesine olanak tan\u0131r.<\/li>\n<\/ul>\n<h2>Temel \u00d6zellikler<\/h2>\n<table style=\"border-collapse: collapse; margin-left: auto; margin-right: auto; width: 448.52pt;\" border=\"0\" width=\"598\" cellspacing=\"0\" cellpadding=\"0\">\n<tbody>\n<tr style=\"height: 13.50pt;\">\n<td style=\"height: 13.50pt; width: 92.25pt;\" width=\"123\" height=\"18\">\u00d6zellik<\/td>\n<td style=\"width: 356.25pt;\" width=\"475\">\u015eartname<\/td>\n<\/tr>\n<tr style=\"height: 13.50pt;\">\n<td style=\"height: 13.50pt;\" height=\"18\">Boyutlar<\/td>\n<td>7,5\u00d722 cm (300 ml), 7,5\u00d728 cm (500 ml)<\/td>\n<\/tr>\n<tr style=\"height: 13.50pt;\">\n<td style=\"height: 13.50pt;\" height=\"18\">Malzeme<\/td>\n<td>Y\u00fcksek berrakl\u0131kta \u015feffaf cam<\/td>\n<\/tr>\n<tr style=\"height: 13.50pt;\">\n<td style=\"height: 13.50pt;\" height=\"18\">\u015eekil<\/td>\n<td>Silindirik<\/td>\n<\/tr>\n<tr style=\"height: 13.50pt;\">\n<td style=\"height: 13.50pt;\" height=\"18\">Kapak Tipi<\/td>\n<td>\u00d6l\u00e7\u00fcm \u00f6l\u00e7e\u011fine sahip entegre da\u011f\u0131t\u0131c\u0131 (ml)<\/td>\n<\/tr>\n<tr style=\"height: 13.50pt;\">\n<td style=\"height: 13.50pt;\" height=\"18\">En \u0130yisi \u0130\u00e7in<\/td>\n<td>Zeytinya\u011f\u0131, sirke, soslar, marine soslar<\/td>\n<\/tr>\n<tr style=\"height: 13.50pt;\">\n<td style=\"height: 13.50pt;\" height=\"18\">\u0130deal Kullan\u0131m<\/td>\n<td>Ya\u011f ve sirke \u015fi\u015feleri, mutfak aletleri, toptan ambalajlar<\/td>\n<\/tr>\n<\/tbody>\n<\/table>\n<h2>Ba\u015far\u0131 \u00d6rne\u011fi: Bir Yemek Da\u011f\u0131t\u0131m \u015eirketinin Hassas Tarifleri<\/h2>\n<p>B\u00fcy\u00fck yemek da\u011f\u0131t\u0131m \u015firketlerinden biri, \u00fczerine serigraf bask\u0131l\u0131 logo ve 1 yemek ka\u015f\u0131\u011f\u0131 \u00f6l\u00e7\u00fcleri eklenmi\u015f yemeklik ya\u011f \u015fi\u015fesi da\u011f\u0131t\u0131c\u0131m\u0131z\u0131 tercih etti. \u00d6l\u00e7\u00fcm sistemi, tarifleri daha hassas bir \u015fekilde \u00f6l\u00e7ebildi\u011fi i\u00e7in, ya\u011f \u00f6l\u00e7\u00fcm\u00fcndeki hatalardan kaynaklanan hata oran\u0131 azald\u0131 ve kullan\u0131lan cam malzeme dayan\u0131kl\u0131 oldu\u011fundan, ta\u015f\u0131ma s\u0131ras\u0131nda k\u0131r\u0131lma oran\u0131 %1&#039;in alt\u0131na d\u00fc\u015ft\u00fc. \u00c7arp\u0131c\u0131 verimlili\u011fi nedeniyle \u015firket, premium yemek da\u011f\u0131t\u0131m paketlerine ve ayr\u0131ca ayr\u0131 bir \u00fcr\u00fcn olarak 500.000 adet daha da\u011f\u0131t\u0131c\u0131 sipari\u015fi verdi.<\/p>\n<h2>Sirke Ya\u011f\u0131 Da\u011f\u0131t\u0131c\u0131n\u0131z \u0130\u00e7in \u00d6zelle\u015ftirme \u0130pu\u00e7lar\u0131<\/h2>\n<ul>\n<li>Renkli Cam Se\u00e7enekleri \u2013 Ya\u011f\u0131n\u0131z\u0131 korumak i\u00e7in, \u0131\u015f\u0131\u011fa kar\u015f\u0131 hassasiyetiniz varsa, \u015feffaf cam\u0131 kehribar veya ye\u015fil camla de\u011fi\u015ftirin.<\/li>\n<li>Lazerle Kaz\u0131nm\u0131\u015f \u00d6l\u00e7\u00fcm \u0130\u015faretleri \u2013 Kal\u0131c\u0131 ve zarif bir \u00f6l\u00e7ek olu\u015fturmak i\u00e7in da\u011f\u0131t\u0131c\u0131ya \u00e7izgileri kaz\u0131y\u0131n.<\/li>\n<li>Dokulu Kavrama B\u00f6lgesi \u2013 \u00d6zellikle ya\u011fl\u0131 ellerde daha iyi tutu\u015f i\u00e7in tabana yak\u0131n dikey oluklar ekleyin.<\/li>\n<li>Damlama \u00d6nleyici Dudak Bak\u0131m\u0131 \u2013 Son damla damlamas\u0131n\u0131 \u00f6nlemek i\u00e7in d\u00f6kme a\u011fz\u0131na mikro e\u011fim uygulay\u0131n<\/li>\n<\/ul>\n<p>Bir sonraki cam \u015fi\u015fenizi s\u0131radan bir kaptan daha fazlas\u0131 yapal\u0131m. Onu ak\u0131ll\u0131 bir tasar\u0131m eserine d\u00f6n\u00fc\u015ft\u00fcrelim.<\/p>","protected":false},"excerpt":{"rendered":"<p>\u00d6l\u00e7\u00fcl\u00fc ve a\u00e7\u0131l\u0131r kapakl\u0131 modern sirke ya\u011f\u0131 da\u011f\u0131t\u0131c\u0131 \u015fi\u015feler. Mutfak kullan\u0131m\u0131 i\u00e7in m\u00fckemmel. \u00dccretsiz numuneler, en iyi f\u0131rsatlar i\u00e7in toplu sipari\u015f verin.<\/p>","protected":false},"featured_media":22172,"template":"","meta":[],"product_brand":[],"product_cat":[126,123,122],"product_tag":[],"class_list":{"0":"post-22169","1":"product","2":"type-product","3":"status-publish","4":"has-post-thumbnail","6":"product_cat-olive-oil-bottles","7":"product_cat-custom-glass-bottles","8":"product_cat-custom-glass-packaging","10":"first","11":"instock","12":"shipping-taxable","13":"product-type-simple"},"jetpack_sharing_enabled":true,"_links":{"self":[{"href":"https:\/\/yebodaglass.com\/tr\/wp-json\/wp\/v2\/product\/22169","targetHints":{"allow":["GET"]}}],"collection":[{"href":"https:\/\/yebodaglass.com\/tr\/wp-json\/wp\/v2\/product"}],"about":[{"href":"https:\/\/yebodaglass.com\/tr\/wp-json\/wp\/v2\/types\/product"}],"version-history":[{"count":4,"href":"https:\/\/yebodaglass.com\/tr\/wp-json\/wp\/v2\/product\/22169\/revisions"}],"predecessor-version":[{"id":25578,"href":"https:\/\/yebodaglass.com\/tr\/wp-json\/wp\/v2\/product\/22169\/revisions\/25578"}],"wp:featuredmedia":[{"embeddable":true,"href":"https:\/\/yebodaglass.com\/tr\/wp-json\/wp\/v2\/media\/22172"}],"wp:attachment":[{"href":"https:\/\/yebodaglass.com\/tr\/wp-json\/wp\/v2\/media?parent=22169"}],"wp:term":[{"taxonomy":"product_brand","embeddable":true,"href":"https:\/\/yebodaglass.com\/tr\/wp-json\/wp\/v2\/product_brand?post=22169"},{"taxonomy":"product_cat","embeddable":true,"href":"https:\/\/yebodaglass.com\/tr\/wp-json\/wp\/v2\/product_cat?post=22169"},{"taxonomy":"product_tag","embeddable":true,"href":"https:\/\/yebodaglass.com\/tr\/wp-json\/wp\/v2\/product_tag?post=22169"}],"curies":[{"name":"wp","href":"https:\/\/api.w.org\/{rel}","templated":true}]}}