{"id":22150,"date":"2025-10-10T17:26:27","date_gmt":"2025-10-10T09:26:27","guid":{"rendered":"https:\/\/yebodaglass.com\/?post_type=product&#038;p=22150"},"modified":"2026-03-20T15:31:19","modified_gmt":"2026-03-20T07:31:19","slug":"cylindrical-mason-glass-jars-with-lids-bulk","status":"publish","type":"product","link":"https:\/\/yebodaglass.com\/tr\/urun\/cylindrical-mason-glass-jars-with-lids-bulk\/","title":{"rendered":"70 ml \u2013 380 ml Silindirik Kapakl\u0131 Mason Cam Kavanozlar (Toptan Sat\u0131\u015f)"},"content":{"rendered":"<p>Bunlar, kristal berrakl\u0131\u011f\u0131nda camdan yap\u0131lm\u0131\u015f, silindirik \u015fekilli ve cilal\u0131 g\u00fcm\u00fc\u015f metal kapakl\u0131 Mason cam kavanozlard\u0131r. Ki\u015fiselle\u015ftirilebilir Mason kavanozlar\u0131 olduklar\u0131 i\u00e7in, a\u00e7\u0131k kaplar\u0131 kolayca etiketlenebilir ve i\u00e7indekiler g\u00f6sterilebilir.<\/p>\n<h2>\u00dcr\u00fcn \u00d6zellikleri<\/h2>\n<ul>\n<li><strong>Basit Silindirik \u015eekil:<\/strong> D\u00fcz tabanl\u0131 silindirik g\u00f6vdeler, denge sa\u011flamak ve kolay istiflenebilmeyi m\u00fcmk\u00fcn k\u0131lmak i\u00e7in d\u00fcz veya geni\u015f olarak tasarlan\u0131r ve ayr\u0131ca \u00e7ok minimalist bir g\u00f6r\u00fcn\u00fcme sahiptir.<\/li>\n<li><strong>Mat G\u00fcm\u00fc\u015f Metal Kapak:<\/strong> Mat g\u00fcm\u00fc\u015f renkli metal kapaklar, s\u0131k\u0131 bir s\u0131zd\u0131rmazl\u0131k sa\u011flar ve \u015f\u0131k, modern bir g\u00f6r\u00fcn\u00fcme sahiptir.<\/li>\n<li><strong>Y\u00fcksek \u015feffafl\u0131\u011fa sahip \u015feffaf cam:<\/strong> M\u00fckemmel \u015feffaf cam t\u00fcr\u00fc, i\u00e7eridekileri kolayca g\u00f6rmenizi ve envanteri takip etmenizi sa\u011flar.<\/li>\n<\/ul>\n<h2>Temel \u00d6zellikler<\/h2>\n<table style=\"border-collapse: collapse; width: 80%; margin-left: auto; margin-right: auto;\" border=\"0\" width=\"360\" cellspacing=\"0\" cellpadding=\"0\">\n<tbody>\n<tr style=\"height: 13.50pt;\">\n<td style=\"height: 13.5pt; width: 54pt; text-align: center;\" width=\"72\" height=\"18\">Model<\/td>\n<td style=\"width: 54pt; text-align: center;\" width=\"72\">Kapasite(ml)<\/td>\n<td style=\"width: 54pt; text-align: center;\" width=\"72\">\u015eekil<\/td>\n<td style=\"width: 54pt; text-align: center;\" width=\"72\">Boyut (cm)<\/td>\n<td style=\"width: 54pt; text-align: center;\" width=\"72\">Renk Se\u00e7enekleri<\/td>\n<\/tr>\n<tr style=\"height: 13.50pt;\">\n<td style=\"height: 13.5pt; text-align: center;\" align=\"right\" height=\"18\">63007040<\/td>\n<td style=\"text-align: center;\" align=\"right\">70<\/td>\n<td class=\"et2\" style=\"text-align: center;\" rowspan=\"6\">D\u00fcz yuvarlak \u015fi\u015fe<\/td>\n<td style=\"text-align: center;\">6.1&#215;4.5<\/td>\n<td class=\"et2\" style=\"text-align: center;\" rowspan=\"6\">Temizle (\u00d6zel)<\/td>\n<\/tr>\n<tr style=\"height: 13.50pt;\">\n<td style=\"height: 13.5pt; text-align: center;\" align=\"right\" height=\"18\">63015041<\/td>\n<td style=\"text-align: center;\" align=\"right\">150<\/td>\n<td style=\"text-align: center;\">6.1&#215;8.1<\/td>\n<\/tr>\n<tr style=\"height: 13.50pt;\">\n<td style=\"height: 13.5pt; text-align: center;\" align=\"right\" height=\"18\">63020042<\/td>\n<td style=\"text-align: center;\" align=\"right\">200<\/td>\n<td style=\"text-align: center;\">6.1&#215;10.0<\/td>\n<\/tr>\n<tr style=\"height: 13.50pt;\">\n<td style=\"height: 13.5pt; text-align: center;\" align=\"right\" height=\"18\">63024043<\/td>\n<td style=\"text-align: center;\" align=\"right\">240<\/td>\n<td style=\"text-align: center;\">6.1&#215;12.1<\/td>\n<\/tr>\n<tr style=\"height: 13.50pt;\">\n<td style=\"height: 13.5pt; text-align: center;\" align=\"right\" height=\"18\">63028044<\/td>\n<td style=\"text-align: center;\" align=\"right\">280<\/td>\n<td style=\"text-align: center;\">6.1&#215;13.7<\/td>\n<\/tr>\n<tr style=\"height: 13.50pt;\">\n<td style=\"height: 13.5pt; text-align: center;\" align=\"right\" height=\"18\">63038045<\/td>\n<td style=\"text-align: center;\" align=\"right\">380<\/td>\n<td style=\"text-align: center;\">6.1&#215;17.3<\/td>\n<\/tr>\n<\/tbody>\n<\/table>\n<h2>Ba\u015far\u0131 \u00d6rne\u011fi: Ulusal Zincir Sa\u011fl\u0131k G\u0131da Perakendecisinin \u00d6zel Sipari\u015fi<\/h2>\n<p>\u00d6nde gelen sa\u011fl\u0131kl\u0131 g\u0131da ma\u011fazalar\u0131ndan biri, lazerle i\u015flenmi\u015f \u00f6l\u00e7\u00fc \u00e7izgileri ve metal kapaklar\u0131yla \u00f6zel tasar\u0131m kavanozlar\u0131m\u0131z\u0131 tercih etti. Bu \u00f6zelle\u015ftirme sisteminin sonu\u00e7lar\u0131 olduk\u00e7a \u00f6nemliydi: \u015eeffaf cam b\u00f6lmedeki \u00f6l\u00e7\u00fc \u00e7izgisi say\u0131s\u0131 azald\u0131, toplu g\u0131da b\u00f6l\u00fcm\u00fcndeki kar\u0131\u015f\u0131kl\u0131k ve d\u00f6k\u00fclme oran\u0131 d\u00fc\u015ft\u00fc. Kavanozlar\u0131n istiflenmesi ve d\u00fczg\u00fcnl\u00fc\u011f\u00fc, raflardaki yo\u011funlu\u011fu art\u0131rd\u0131. Bu performans \u00fczerine, \u00fclke genelindeki s\u00fcpermarketlerindeki toplu g\u0131da b\u00f6l\u00fcmlerine 300.000 adet daha kavanoz sipari\u015fi verdiler.<\/p>\n<h2>Kapakl\u0131 Mason Cam Kavanoz \u00d6zelle\u015ftirme \u00d6nerileri<\/h2>\n<ul>\n<li>\u00d6zel Cam Kaz\u0131ma\/Bask\u0131: Logonuzu, deseninizi veya alan tasar\u0131m\u0131n\u0131z\u0131 lazer kullanarak cama kaz\u0131y\u0131n ve \u00f6zel yap\u0131m kavanozlar\u0131n\u0131zda kal\u0131c\u0131, \u00fcst d\u00fczey bir marka kimli\u011fi olu\u015fturun.<\/li>\n<li>Kapak Malzemesi ve Kaplamas\u0131: D\u00fcz kapaklarda bambu, mat siyah plastik, bak\u0131r veya pembe alt\u0131n metal gibi \u00e7e\u015fitli kaplama ve malzeme se\u00e7enekleri mevcuttur.<\/li>\n<li>Kare\/Alt\u0131gen Tasar\u0131m Kare veya alt\u0131gen Mason kavanozlar\u0131, kapakl\u0131 ve yerden tasarruf sa\u011flayan modern kare veya alt\u0131gen \u015fekillerde tasarlanm\u0131\u015ft\u0131r ve raflara en iyi \u015fekilde yerle\u015ftirilebilir.<\/li>\n<\/ul>","protected":false},"excerpt":{"rendered":"<p>Kapakl\u0131 birinci s\u0131n\u0131f \u00f6zel \u00fcretim kavanoz ve cam kavanozlar. Geni\u015f a\u011f\u0131zl\u0131 ve toptan g\u0131da saklama kab\u0131. Bal, sos ve baharatlar i\u00e7in \u00f6zel \u00f6l\u00e7\u00fcler. Markaya uygun ambalaj.<\/p>","protected":false},"featured_media":25542,"template":"","meta":[],"product_brand":[],"product_cat":[125,124,122],"product_tag":[],"class_list":{"0":"post-22150","1":"product","2":"type-product","3":"status-publish","4":"has-post-thumbnail","6":"product_cat-mason-glass-jars","7":"product_cat-custom-glass-jars","8":"product_cat-custom-glass-packaging","10":"first","11":"instock","12":"shipping-taxable","13":"product-type-simple"},"jetpack_sharing_enabled":true,"_links":{"self":[{"href":"https:\/\/yebodaglass.com\/tr\/wp-json\/wp\/v2\/product\/22150","targetHints":{"allow":["GET"]}}],"collection":[{"href":"https:\/\/yebodaglass.com\/tr\/wp-json\/wp\/v2\/product"}],"about":[{"href":"https:\/\/yebodaglass.com\/tr\/wp-json\/wp\/v2\/types\/product"}],"version-history":[{"count":5,"href":"https:\/\/yebodaglass.com\/tr\/wp-json\/wp\/v2\/product\/22150\/revisions"}],"predecessor-version":[{"id":25543,"href":"https:\/\/yebodaglass.com\/tr\/wp-json\/wp\/v2\/product\/22150\/revisions\/25543"}],"wp:featuredmedia":[{"embeddable":true,"href":"https:\/\/yebodaglass.com\/tr\/wp-json\/wp\/v2\/media\/25542"}],"wp:attachment":[{"href":"https:\/\/yebodaglass.com\/tr\/wp-json\/wp\/v2\/media?parent=22150"}],"wp:term":[{"taxonomy":"product_brand","embeddable":true,"href":"https:\/\/yebodaglass.com\/tr\/wp-json\/wp\/v2\/product_brand?post=22150"},{"taxonomy":"product_cat","embeddable":true,"href":"https:\/\/yebodaglass.com\/tr\/wp-json\/wp\/v2\/product_cat?post=22150"},{"taxonomy":"product_tag","embeddable":true,"href":"https:\/\/yebodaglass.com\/tr\/wp-json\/wp\/v2\/product_tag?post=22150"}],"curies":[{"name":"wp","href":"https:\/\/api.w.org\/{rel}","templated":true}]}}