{"id":22104,"date":"2025-10-10T15:01:45","date_gmt":"2025-10-10T07:01:45","guid":{"rendered":"https:\/\/yebodaglass.com\/?post_type=product&#038;p=22104"},"modified":"2026-03-26T15:44:18","modified_gmt":"2026-03-26T07:44:18","slug":"wholesale-green-oil-olive-bottles-with-cylindrical-shape","status":"publish","type":"product","link":"https:\/\/yebodaglass.com\/tr\/wholesale-green-oil-olive-bottles-with-cylindrical-shape\/","title":{"rendered":"Toptan Silindirik \u015eekilli Ye\u015fil Ya\u011f Zeytinya\u011f\u0131 \u015ei\u015feleri \u2013 250ml 500ml 750ml"},"content":{"rendered":"<p>Bu zeytinya\u011f\u0131 \u015fi\u015fesi, d\u00fcz silindirik bir \u015fekle sahip, ince ve kavisli olmayan bir tasar\u0131ma sahiptir. \u015ei\u015fe g\u00f6vdesi, \u0131\u015f\u0131\u011fa kar\u015f\u0131 iyi koruma sa\u011flayan koyu zeytin ye\u015fili camdan \u00fcretilmi\u015ftir. Boyun k\u0131sm\u0131 vidal\u0131d\u0131r ve alt\u0131n veya siyah renkli vidal\u0131 bir kapa\u011fa sahiptir.<\/p>\n<h2>\u00dcr\u00fcn \u00d6zellikleri<\/h2>\n<ul>\n<li><strong>UV Koruma Birimi:<\/strong> Ya\u011f \u015fi\u015felerinin ye\u015fil cam\u0131, i\u00e7indeki zeytinya\u011f\u0131n\u0131n g\u00fcne\u015f \u0131\u015f\u0131nlar\u0131ndan dolay\u0131 solmas\u0131n\u0131 ve ac\u0131la\u015fmas\u0131n\u0131 \u00f6nleyerek, ya\u011f\u0131n daha uzun s\u00fcre raf \u00f6mr\u00fcne sahip olmas\u0131n\u0131 sa\u011flar.<\/li>\n<li><strong>\u0130nce Silindirik \u015eekil:<\/strong> \u0130nce silindirik yap\u0131s\u0131 sayesinde yerden tasarruf sa\u011flaman\u0131n yan\u0131 s\u0131ra kullan\u0131m\u0131 da olduk\u00e7a kolayd\u0131r ve bu sayede s\u0131v\u0131y\u0131 d\u00f6kerken ak\u0131\u015f\u0131n\u0131 kontrol etmek daha kolayd\u0131r.<\/li>\n<li><strong>\u00c7oklu Boyutlar:<\/strong> G\u00fcnl\u00fck k\u00fc\u00e7\u00fck veya b\u00fcy\u00fck hacimli ihtiya\u00e7lar\u0131n\u0131za cevap verebilmek i\u00e7in \u00e7e\u015fitli ebatlarda \u015fi\u015felerimiz mevcuttur.<\/li>\n<\/ul>\n<h2>Temel \u00d6zellikler<\/h2>\n<table style=\"border-collapse: collapse; margin-left: auto; margin-right: auto; width: 448.52pt;\" border=\"0\" width=\"598\" cellspacing=\"0\" cellpadding=\"0\">\n<tbody>\n<tr style=\"height: 13.50pt;\">\n<td style=\"height: 13.50pt; width: 92.25pt;\" width=\"123\" height=\"18\">\u00d6zellik<\/td>\n<td style=\"width: 356.25pt;\" width=\"475\">\u015eartname<\/td>\n<\/tr>\n<tr style=\"height: 13.50pt;\">\n<td style=\"height: 13.50pt;\" height=\"18\">Boyutlar<\/td>\n<td>5,0\u00d723,2 cm (250 ml), 6,1\u00d728 cm (500 ml), 6,9\u00d730,9 cm (750 ml)<\/td>\n<\/tr>\n<tr style=\"height: 13.50pt;\">\n<td style=\"height: 13.50pt;\" height=\"18\">Boyun Boyutu<\/td>\n<td>19x30mm vida di\u015fi<\/td>\n<\/tr>\n<tr style=\"height: 13.50pt;\">\n<td style=\"height: 13.50pt;\" height=\"18\">Malzeme<\/td>\n<td>UV korumal\u0131 ye\u015fil cam<\/td>\n<\/tr>\n<tr style=\"height: 13.50pt;\">\n<td style=\"height: 13.50pt;\" height=\"18\">\u015eekil<\/td>\n<td>Uzun silindirik (yuvarlak cam)<\/td>\n<\/tr>\n<tr style=\"height: 13.50pt;\">\n<td style=\"height: 13.50pt;\" height=\"18\">En \u0130yisi \u0130\u00e7in<\/td>\n<td>Zeytinya\u011f\u0131, yemeklik ya\u011f, soslar<\/td>\n<\/tr>\n<\/tbody>\n<\/table>\n<h2>Ba\u015far\u0131 \u00d6rne\u011fi<\/h2>\n<p>\u0130spanya&#039;daki aile \u015firketlerinden biri olan zeytinya\u011f\u0131 \u00fcreticisi, hasat tarihi ve parti kodunun lazerle i\u015flendi\u011fi alt\u0131n kapakl\u0131 750 ml&#039;lik ye\u015fil zeytinya\u011f\u0131 \u015fi\u015femizi se\u00e7ti. UV \u0131\u015f\u0131nlar\u0131na dayan\u0131kl\u0131 cam g\u00f6vde ve do\u011fru parti kodu sayesinde, son kullanma tarihi ge\u00e7mi\u015f stoklardan kaynaklanan kay\u0131plar\u0131n\u0131 oran\u0131nda azaltt\u0131lar ve y\u00fcksek kaliteli ambalaj sayesinde ihracattan daha fazla gelir elde ettiler. \u00dcretici, yeni erken hasat zeytinya\u011f\u0131 serisinden 200.000 \u015fi\u015fe sipari\u015f verdi ve bu sipari\u015f ba\u015far\u0131l\u0131 oldu, bu da daha fazla sipari\u015fe yol a\u00e7t\u0131.<\/p>\n<h2>Cam Zeytinya\u011f\u0131 \u015ei\u015felerini \u00d6zelle\u015ftirmeye Y\u00f6nelik \u0130pu\u00e7lar\u0131<\/h2>\n<ul>\n<li>Buzlu \u015ei\u015fe \u2013 Yumu\u015fak ve mat bir g\u00f6r\u00fcn\u00fcm i\u00e7in t\u00fcm y\u00fczeyi kumlay\u0131n. Ye\u015fil rengi korurken, ayn\u0131 zamanda \u015f\u0131k ve dokulu bir g\u00f6r\u00fcn\u00fcm kazand\u0131r\u0131n.<\/li>\n<li>Dokulu Taban \u2013 \u015ei\u015fenin taban\u0131na, zengin ve dokulu bir his yaratan ve ona benzersiz bir g\u00f6r\u00fcn\u00fcm kazand\u0131ran e\u015f merkezli halkalar veya g\u00fcne\u015f patlamas\u0131 deseni yerle\u015ftirin.<\/li>\n<li>E\u011fimli Omuz \u2013 Kab\u0131n boynundan g\u00f6vdesine do\u011fru e\u011fimli bir e\u011fri olu\u015fturur. Bu sade tasar\u0131m, \u0131\u015f\u0131\u011f\u0131n m\u00fckemmel bir \u015fekilde ge\u00e7mesine izin verirken \u015f\u0131kl\u0131k katar.<\/li>\n<li>Lazer Grav\u00fcr \u2013 Hassas lazerden yararlan\u0131n ve marka logonuzu veya herhangi bir g\u00f6rseli do\u011frudan cama kaz\u0131y\u0131n.<\/li>\n<\/ul>","protected":false},"excerpt":{"rendered":"<p>Vidal\u0131 kapakl\u0131 koyu ye\u015fil cam zeytinya\u011f\u0131 \u015fi\u015feleri, ya\u011f kalitesini korur. Zeytinya\u011f\u0131, yemeklik ya\u011f ve gurme ya\u011flar i\u00e7in idealdir. Fabrikadan do\u011frudan tedarik.<\/p>","protected":false},"featured_media":25642,"template":"","meta":[],"product_brand":[],"product_cat":[126,123,122],"product_tag":[],"class_list":{"0":"post-22104","1":"product","2":"type-product","3":"status-publish","4":"has-post-thumbnail","6":"product_cat-olive-oil-bottles","7":"product_cat-custom-glass-bottles","8":"product_cat-custom-glass-packaging","10":"first","11":"instock","12":"shipping-taxable","13":"product-type-simple"},"jetpack_sharing_enabled":true,"_links":{"self":[{"href":"https:\/\/yebodaglass.com\/tr\/wp-json\/wp\/v2\/product\/22104","targetHints":{"allow":["GET"]}}],"collection":[{"href":"https:\/\/yebodaglass.com\/tr\/wp-json\/wp\/v2\/product"}],"about":[{"href":"https:\/\/yebodaglass.com\/tr\/wp-json\/wp\/v2\/types\/product"}],"version-history":[{"count":5,"href":"https:\/\/yebodaglass.com\/tr\/wp-json\/wp\/v2\/product\/22104\/revisions"}],"predecessor-version":[{"id":25556,"href":"https:\/\/yebodaglass.com\/tr\/wp-json\/wp\/v2\/product\/22104\/revisions\/25556"}],"wp:featuredmedia":[{"embeddable":true,"href":"https:\/\/yebodaglass.com\/tr\/wp-json\/wp\/v2\/media\/25642"}],"wp:attachment":[{"href":"https:\/\/yebodaglass.com\/tr\/wp-json\/wp\/v2\/media?parent=22104"}],"wp:term":[{"taxonomy":"product_brand","embeddable":true,"href":"https:\/\/yebodaglass.com\/tr\/wp-json\/wp\/v2\/product_brand?post=22104"},{"taxonomy":"product_cat","embeddable":true,"href":"https:\/\/yebodaglass.com\/tr\/wp-json\/wp\/v2\/product_cat?post=22104"},{"taxonomy":"product_tag","embeddable":true,"href":"https:\/\/yebodaglass.com\/tr\/wp-json\/wp\/v2\/product_tag?post=22104"}],"curies":[{"name":"wp","href":"https:\/\/api.w.org\/{rel}","templated":true}]}}