{"id":22079,"date":"2025-10-09T16:44:16","date_gmt":"2025-10-09T08:44:16","guid":{"rendered":"https:\/\/yebodaglass.com\/?post_type=product&#038;p=22079"},"modified":"2026-03-26T15:22:44","modified_gmt":"2026-03-26T07:22:44","slug":"wholesale-clear-olive-oil-bottle-for-kitchen","status":"publish","type":"product","link":"https:\/\/yebodaglass.com\/tr\/wholesale-clear-olive-oil-bottle-for-kitchen\/","title":{"rendered":"Mutfak i\u00e7in Toptan \u015eeffaf Zeytinya\u011f\u0131 \u015ei\u015fesi 250ml 500ml 750ml 1000ml"},"content":{"rendered":"<p>Bunlar, kristal berrakl\u0131\u011f\u0131nda camdan yap\u0131lm\u0131\u015f, p\u00fcr\u00fczs\u00fcz ve uzun silindirik tasar\u0131ma sahip \u015feffaf zeytinya\u011f\u0131 \u015fi\u015feleridir ve siyah veya ye\u015fil vidal\u0131 kapakl\u0131 olarak \u00e7e\u015fitli boyutlarda mevcuttur.<\/p>\n<h2>\u00dcr\u00fcn \u00d6zellikleri<\/h2>\n<ul>\n<li><strong>\u00c7e\u015fitli Kapasite Se\u00e7enekleri:<\/strong> K\u00fc\u00e7\u00fck numune testleri, g\u00fcnl\u00fck ev kullan\u0131m\u0131 ve ticari\/restoran dolumu gibi farkl\u0131 ihtiya\u00e7lar\u0131 kar\u015f\u0131lamak \u00fczere 4 farkl\u0131 y\u00fckseklik se\u00e7ene\u011fi mevcuttur.<\/li>\n<li><strong>\u00c7ift Renkli Vidal\u0131 Kapak \u00c7\u00f6z\u00fcmleri:<\/strong> M\u00fckemmel s\u0131zd\u0131rma performans\u0131 sa\u011flamak i\u00e7in siyah ve ye\u015fil vidal\u0131 kapaklara sahiptir.<\/li>\n<li><strong>\u015ei\u015fe \u015eeklinde \u0130nce Silindirik:<\/strong> \u0130nce silindirik \u015fi\u015fe \u015fekli, kolay d\u00f6kme imkan\u0131 sa\u011flarken iyi bir tutu\u015f sunar ve saklama ve ta\u015f\u0131ma s\u0131ras\u0131nda yerden tasarruf sa\u011flar.<\/li>\n<\/ul>\n<h2 style=\"text-align: left;\">Temel \u00d6zellikler<\/h2>\n<table class=\"aligncenter\" style=\"border-collapse: collapse; width: 534.02pt;\" border=\"0\" width=\"712\" cellspacing=\"0\" cellpadding=\"0\">\n<tbody>\n<tr style=\"height: 13.50pt;\">\n<td style=\"height: 13.50pt; width: 69.75pt;\" width=\"93\" height=\"18\">\u00d6zellik<\/td>\n<td style=\"width: 464.25pt;\" width=\"619\">\u015eartname<\/td>\n<\/tr>\n<tr style=\"height: 13.50pt;\">\n<td style=\"height: 13.50pt;\" height=\"18\">Boyutlar<\/td>\n<td>5\u00d723,2 cm (250 ml), 6,1\u00d728 cm (500 ml), 6,9\u00d731,2 cm (750 ml), 7,8\u00d732,5 cm (1000 ml)<\/td>\n<\/tr>\n<tr style=\"height: 13.50pt;\">\n<td style=\"height: 13.50pt;\" height=\"18\">Boyun Boyutu<\/td>\n<td>19\u00d730mm (standart vida di\u015fi)<\/td>\n<\/tr>\n<tr style=\"height: 13.50pt;\">\n<td style=\"height: 13.50pt;\" height=\"18\">Malzeme<\/td>\n<td>\u015eeffaf cam<\/td>\n<\/tr>\n<tr style=\"height: 13.50pt;\">\n<td style=\"height: 13.50pt;\" height=\"18\">\u015eekil<\/td>\n<td>Silindirik<\/td>\n<\/tr>\n<tr style=\"height: 13.50pt;\">\n<td style=\"height: 13.50pt;\" height=\"18\">Kapak Se\u00e7enekleri<\/td>\n<td>Sa\u011flam vidal\u0131 kapak, d\u00f6kme a\u011fz\u0131, pompa da\u011f\u0131t\u0131c\u0131<\/td>\n<\/tr>\n<tr style=\"height: 13.50pt;\">\n<td style=\"height: 13.50pt;\" height=\"18\">En \u0130yisi \u0130\u00e7in<\/td>\n<td>Zeytinya\u011f\u0131, sirke, soslar<\/td>\n<\/tr>\n<\/tbody>\n<\/table>\n<h2>Ba\u015far\u0131 Hikayesi<\/h2>\n<p>Mutfak i\u00e7in \u00fcretti\u011fimiz zeytinya\u011f\u0131 \u015fi\u015feleri, Kaliforniya&#039;daki bir zeytin \u00e7iftli\u011finden se\u00e7ilmi\u015f ve i\u00e7ine cam d\u00f6kme a\u011f\u0131zlar\u0131 yerle\u015ftirilmi\u015f \u00f6zel kapaklarla donat\u0131lm\u0131\u015ft\u0131r. Ki\u015fiselle\u015ftirilmi\u015f \u015fi\u015feler kusursuz bir de\u011fer katm\u0131\u015ft\u0131r: kristal berrakl\u0131\u011f\u0131ndaki cam, zeytinya\u011f\u0131n\u0131n kaliteli rengini m\u00fckemmel bir \u015fekilde sergilemi\u015f ve bunun \u00e7ift\u00e7i pazarlar\u0131ndaki ani sat\u0131n al\u0131mlar\u0131 oran\u0131nda art\u0131rd\u0131\u011f\u0131n\u0131 belirtmi\u015flerdir. D\u00f6kme a\u011f\u0131zl\u0131 kapaklar sayesinde d\u00f6k\u00fclmelerde ortalama &#039;luk bir azalma g\u00f6zlemlenmi\u015ftir. Bu ba\u015far\u0131ya dayanarak, yak\u0131n zamanda yeni aromal\u0131 zeytinya\u011f\u0131 serilerinden 120.000 \u015fi\u015fe daha sipari\u015f vermi\u015fler ve l\u00fcks otel zincirlerinden biriyle i\u015f birli\u011fi yaparak hediye setleri piyasaya s\u00fcrm\u00fc\u015flerdir.<\/p>\n<h2>\u015eeffaf Zeytinya\u011f\u0131 \u015ei\u015felerinin Ki\u015fiselle\u015ftirilmesi<\/h2>\n<ul>\n<li>Mat Asit Y\u0131kama \u2013 T\u00fcm y\u00fczeye yumu\u015fak ve mat bir g\u00f6r\u00fcn\u00fcm kazand\u0131r\u0131r. Pahal\u0131 bir his verir ve parmak izlerini gizler.<\/li>\n<li>Logo Kumlama \u2013 Ambleminizi \u00f6n panele kaz\u0131y\u0131n. Kal\u0131c\u0131d\u0131r ve birinci s\u0131n\u0131f i\u015f\u00e7ilikle yap\u0131ld\u0131\u011f\u0131 belli olur.<\/li>\n<li>Ton Derinli\u011fi Kontrol\u00fc \u2013 Ekstra UV korumas\u0131 ve daha cesur bir g\u00f6r\u00fcn\u00fcm i\u00e7in standart ye\u015filden daha koyu bir renk se\u00e7in.<\/li>\n<\/ul>\n<p>\u00dcreticiyiz. Yani bu de\u011fi\u015fiklikler i\u00e7in ekstra \u00fccret \u00f6demezsiniz. Bunlar\u0131 ilk g\u00fcnden itibaren toptan sat\u0131\u015f s\u00fcrecinize entegre ediyoruz.<\/p>","protected":false},"excerpt":{"rendered":"<p>Y\u00fcksek \u015feffafl\u0131kta camdan \u00fcretilmi\u015f birinci s\u0131n\u0131f \u015feffaf zeytinya\u011f\u0131 \u015fi\u015feleri. Mutfaklar ve g\u0131da saklama i\u00e7in idealdir. H\u0131zl\u0131 kargo ve toptan fiyatland\u0131rma se\u00e7enekleri mevcuttur.<\/p>","protected":false},"featured_media":25640,"template":"","meta":[],"product_brand":[],"product_cat":[126,123,122],"product_tag":[],"class_list":{"0":"post-22079","1":"product","2":"type-product","3":"status-publish","4":"has-post-thumbnail","6":"product_cat-olive-oil-bottles","7":"product_cat-custom-glass-bottles","8":"product_cat-custom-glass-packaging","10":"first","11":"instock","12":"shipping-taxable","13":"product-type-simple"},"jetpack_sharing_enabled":true,"_links":{"self":[{"href":"https:\/\/yebodaglass.com\/tr\/wp-json\/wp\/v2\/product\/22079","targetHints":{"allow":["GET"]}}],"collection":[{"href":"https:\/\/yebodaglass.com\/tr\/wp-json\/wp\/v2\/product"}],"about":[{"href":"https:\/\/yebodaglass.com\/tr\/wp-json\/wp\/v2\/types\/product"}],"version-history":[{"count":5,"href":"https:\/\/yebodaglass.com\/tr\/wp-json\/wp\/v2\/product\/22079\/revisions"}],"predecessor-version":[{"id":25569,"href":"https:\/\/yebodaglass.com\/tr\/wp-json\/wp\/v2\/product\/22079\/revisions\/25569"}],"wp:featuredmedia":[{"embeddable":true,"href":"https:\/\/yebodaglass.com\/tr\/wp-json\/wp\/v2\/media\/25640"}],"wp:attachment":[{"href":"https:\/\/yebodaglass.com\/tr\/wp-json\/wp\/v2\/media?parent=22079"}],"wp:term":[{"taxonomy":"product_brand","embeddable":true,"href":"https:\/\/yebodaglass.com\/tr\/wp-json\/wp\/v2\/product_brand?post=22079"},{"taxonomy":"product_cat","embeddable":true,"href":"https:\/\/yebodaglass.com\/tr\/wp-json\/wp\/v2\/product_cat?post=22079"},{"taxonomy":"product_tag","embeddable":true,"href":"https:\/\/yebodaglass.com\/tr\/wp-json\/wp\/v2\/product_tag?post=22079"}],"curies":[{"name":"wp","href":"https:\/\/api.w.org\/{rel}","templated":true}]}}