{"id":22031,"date":"2025-10-09T11:57:24","date_gmt":"2025-10-09T03:57:24","guid":{"rendered":"https:\/\/yebodaglass.com\/?post_type=product&#038;p=22031"},"modified":"2025-10-09T14:54:29","modified_gmt":"2025-10-09T06:54:29","slug":"wholesale-unique-olive-oil-dispensers-with-glass-handle-100ml-250ml-500ml","status":"publish","type":"product","link":"https:\/\/yebodaglass.com\/tr\/wholesale-unique-olive-oil-dispensers-with-glass-handle-100ml-250ml-500ml\/","title":{"rendered":"Toptan Benzersiz Cam Sapl\u0131 Zeytinya\u011f\u0131 Dispenserleri \u2013 100ml 250ml 500ml"},"content":{"rendered":"<div data-elementor-type=\"product-post\" data-elementor-id=\"22031\" class=\"elementor elementor-22031\" data-elementor-settings=\"{&quot;ha_cmc_init_switcher&quot;:&quot;no&quot;}\" data-elementor-post-type=\"product\">\n\t\t\t\t<div class=\"elementor-element elementor-element-7cc6e53 e-flex e-con-boxed e-con e-parent\" data-id=\"7cc6e53\" data-element_type=\"container\" data-e-type=\"container\" data-settings=\"{&quot;_ha_eqh_enable&quot;:false}\">\n\t\t\t\t\t<div class=\"e-con-inner\">\n\t\t\t\t<div class=\"elementor-element elementor-element-b9ffd68 elementor-widget elementor-widget-text-editor\" data-id=\"b9ffd68\" data-element_type=\"widget\" data-e-type=\"widget\" data-widget_type=\"text-editor.default\">\n\t\t\t\t<div class=\"elementor-widget-container\">\n\t\t\t\t\t\t\t\t\t<p>Bu cam ya\u011fdanl\u0131klar, benzersiz kavisli g\u00f6vdeleri ve kolay kavranan cam kulplar\u0131yla \u015feffaf camdan \u00fcretilmi\u015ftir. Tarzlar\u0131 ve kullan\u0131mlar\u0131 bir arada oldu\u011fundan, mutfa\u011f\u0131n\u0131z i\u00e7in m\u00fckemmel bir tamamlay\u0131c\u0131d\u0131r.<\/p><h2>\u00dcr\u00fcn \u00d6zellikleri<\/h2><ul><li><strong>Sapl\u0131:<\/strong> Kolayca \u00e7\u0131kar\u0131p d\u00f6kmenizi sa\u011flayan k\u00fc\u00e7\u00fck cam sap\u0131 her seferinde kulp olarak kullan\u0131l\u0131yor, b\u00f6ylece kullan\u0131c\u0131 ya\u011f\u0131 d\u00f6kme zahmetinden kurtuluyor.<\/li><li><strong>Damlamayan:<\/strong> Hassas vidal\u0131 kapakl\u0131 bu u\u00e7ucu ya\u011f \u015fi\u015feleri, s\u0131v\u0131n\u0131n her seferinde sorunsuz akmas\u0131n\u0131 garanti eder. Baharat kavanozlar\u0131n\u0131z\u0131 veya yemek masan\u0131z\u0131 en kolay \u015fekilde kullanmak i\u00e7in ihtiyac\u0131n\u0131z olan her \u015fey.<\/li><li><strong>\u015eeffaf Cam:<\/strong> \u015ei\u015fede kalan ya\u011f\u0131 g\u00f6rmenizi sa\u011flayan \u015feffaf cam oldu\u011fundan, dolum i\u015flemi sorunsuz bir \u015fekilde ger\u00e7ekle\u015ftirilir.<\/li><\/ul>\t\t\t\t\t\t\t\t<\/div>\n\t\t\t\t<\/div>\n\t\t\t\t<div class=\"elementor-element elementor-element-920ae84 elementor-widget elementor-widget-text-editor\" data-id=\"920ae84\" data-element_type=\"widget\" data-e-type=\"widget\" data-widget_type=\"text-editor.default\">\n\t\t\t\t<div class=\"elementor-widget-container\">\n\t\t\t\t\t\t\t\t\t<h2 style=\"text-align: center;\">Temel \u00d6zellikler:<\/h2><table class=\"aligncenter\" style=\"border-collapse: collapse; width: 470.27pt;\" border=\"0\" width=\"627\" cellspacing=\"0\" cellpadding=\"0\"><tbody><tr style=\"height: 13.50pt;\"><td style=\"height: 13.50pt; width: 86.25pt;\" width=\"115\" height=\"18\">\u00d6zellik<\/td><td style=\"width: 384.00pt;\" width=\"512\">\u015eartname<\/td><\/tr><tr style=\"height: 13.50pt;\"><td style=\"height: 13.50pt;\" height=\"18\">Boyutlar<\/td><td>5,4\u00d713,9 cm (100 ml), 7,1\u00d717,3 cm (250 ml), 8,8\u00d721,9 cm (500 ml)<\/td><\/tr><tr style=\"height: 13.50pt;\"><td style=\"height: 13.50pt;\" height=\"18\">Malzeme<\/td><td>Y\u00fcksek berrakl\u0131kta \u015feffaf cam<\/td><\/tr><tr style=\"height: 13.50pt;\"><td style=\"height: 13.50pt;\" height=\"18\">\u015eekil<\/td><td>Entegre sapl\u0131 konik yuvarlak<\/td><\/tr><tr style=\"height: 13.50pt;\"><td style=\"height: 13.50pt;\" height=\"18\">Kapak Tipi<\/td><td>Sa\u011flam vidal\u0131 kapak<\/td><\/tr><tr style=\"height: 13.50pt;\"><td style=\"height: 13.50pt;\" height=\"18\">En \u0130yisi \u0130\u00e7in<\/td><td>Zeytinya\u011f\u0131, sirke, soslar, gurme ya\u011flar<\/td><\/tr><\/tbody><\/table><h2>Ger\u00e7ek Hikaye<\/h2><p>\u00c7o\u011funlukla \u00e7ift\u00e7i pazarlar\u0131nda sat\u0131\u015f yapan, az miktarda so\u011fuk s\u0131k\u0131m zeytinya\u011f\u0131 \u00fcreten bir \u00fcreticinin elinde y\u00fcksek kaliteli zeytinya\u011f\u0131 vard\u0131, ancak ambalaj\u0131 raftaki s\u0131radan bir cam \u015fi\u015feye benziyordu. Bu benzersiz zeytinya\u011f\u0131 da\u011f\u0131t\u0131c\u0131s\u0131n\u0131 tercih ettiler. Ayn\u0131 zeytinya\u011f\u0131, farkl\u0131 \u015fi\u015fe. Birka\u00e7 ay sonra m\u00fc\u015fteriler &#034;sapl\u0131 olan&#034; demeye ba\u015flad\u0131. Daha \u015f\u0131k g\u00f6r\u00fcn\u00fcyordu, kullan\u0131m\u0131 daha rahatt\u0131 ve d\u00f6kme i\u015flemi d\u00f6k\u00fclmeye neden olmuyordu, bu y\u00fczden insanlar be\u011fendi.<\/p><h2>\u00d6zel Cam Ya\u011f Dispenserleri<\/h2><ul><li>Buzlu Sap \u2013 Sap k\u0131sm\u0131, \u015feffaf \u015fi\u015feyle ho\u015f bir kontrast olu\u015fturan hafif, kaymayan bir tutu\u015f sa\u011flamak i\u00e7in kumlanm\u0131\u015f tek k\u0131s\u0131md\u0131r.<\/li><li>Kaz\u0131nm\u0131\u015f \u0130\u015faretleme \u2013 \u0130deal dolum seviyesini belirtmek i\u00e7in \u015fi\u015fenin boynuna yak\u0131n bir yere k\u00fc\u00e7\u00fck bir i\u015faret eklenir. Profesyonel g\u00f6r\u00fcn\u00fcr ve zarif bir his verir.<\/li><li>Kabartmal\u0131 Alt \u2013 Logonuz veya marka hikayeniz \u015fi\u015fenin alt k\u0131sm\u0131na kabartma olarak i\u015flenir. \u015ei\u015fe neredeyse bo\u015fald\u0131\u011f\u0131nda simgeler g\u00f6r\u00fcn\u00fcr hale gelir, b\u00f6ylece markan\u0131z m\u00fc\u015fterilerinizin tam kar\u015f\u0131s\u0131nda olur.<\/li><\/ul>\t\t\t\t\t\t\t\t<\/div>\n\t\t\t\t<\/div>\n\t\t\t\t\t<\/div>\n\t\t\t\t<\/div>\n\t\t\t\t<\/div>","protected":false},"excerpt":{"rendered":"<p>Mutfak markalar\u0131 i\u00e7in ideal, birinci s\u0131n\u0131f g\u00f6r\u00fcn\u00fcme sahip, gizli sapl\u0131 benzersiz cam zeytinya\u011f\u0131l\u0131klar. \u00dccretsiz numuneler ve toplu al\u0131m indirimleriyle \u00f6zelle\u015ftirilebilir.<\/p>","protected":false},"featured_media":22060,"template":"","meta":[],"product_brand":[],"product_cat":[122,123,126],"product_tag":[],"class_list":{"0":"post-22031","1":"product","2":"type-product","3":"status-publish","4":"has-post-thumbnail","6":"product_cat-custom-glass-packaging","7":"product_cat-custom-glass-bottles","8":"product_cat-olive-oil-bottles","10":"first","11":"instock","12":"shipping-taxable","13":"product-type-simple"},"jetpack_sharing_enabled":true,"_links":{"self":[{"href":"https:\/\/yebodaglass.com\/tr\/wp-json\/wp\/v2\/product\/22031","targetHints":{"allow":["GET"]}}],"collection":[{"href":"https:\/\/yebodaglass.com\/tr\/wp-json\/wp\/v2\/product"}],"about":[{"href":"https:\/\/yebodaglass.com\/tr\/wp-json\/wp\/v2\/types\/product"}],"version-history":[{"count":5,"href":"https:\/\/yebodaglass.com\/tr\/wp-json\/wp\/v2\/product\/22031\/revisions"}],"predecessor-version":[{"id":22078,"href":"https:\/\/yebodaglass.com\/tr\/wp-json\/wp\/v2\/product\/22031\/revisions\/22078"}],"wp:featuredmedia":[{"embeddable":true,"href":"https:\/\/yebodaglass.com\/tr\/wp-json\/wp\/v2\/media\/22060"}],"wp:attachment":[{"href":"https:\/\/yebodaglass.com\/tr\/wp-json\/wp\/v2\/media?parent=22031"}],"wp:term":[{"taxonomy":"product_brand","embeddable":true,"href":"https:\/\/yebodaglass.com\/tr\/wp-json\/wp\/v2\/product_brand?post=22031"},{"taxonomy":"product_cat","embeddable":true,"href":"https:\/\/yebodaglass.com\/tr\/wp-json\/wp\/v2\/product_cat?post=22031"},{"taxonomy":"product_tag","embeddable":true,"href":"https:\/\/yebodaglass.com\/tr\/wp-json\/wp\/v2\/product_tag?post=22031"}],"curies":[{"name":"wp","href":"https:\/\/api.w.org\/{rel}","templated":true}]}}