{"id":22010,"date":"2025-10-10T09:07:57","date_gmt":"2025-10-10T01:07:57","guid":{"rendered":"https:\/\/yebodaglass.com\/?post_type=product&#038;p=22010"},"modified":"2026-03-18T17:48:37","modified_gmt":"2026-03-18T09:48:37","slug":"wide-mouth-mason-jars-and-lids-canning-jars","status":"publish","type":"product","link":"https:\/\/yebodaglass.com\/tr\/urun\/wide-mouth-mason-jars-and-lids-canning-jars\/","title":{"rendered":"Geni\u015f A\u011f\u0131zl\u0131 Mason Kavanozlar\u0131 ve Kapaklar\u0131 \u2013 200ml-730ml Konserve Kavanozlar\u0131"},"content":{"rendered":"<p>Bu geni\u015f a\u011f\u0131zl\u0131 kavanozlar ve kapaklar\u0131, p\u00fcr\u00fczs\u00fcz, \u015feffaf bir g\u00f6vdeye ve kolay doldurma ve temizleme i\u00e7in geni\u015f a\u011f\u0131zl\u0131 bir a\u00e7\u0131kl\u0131\u011fa sahip klasik silindirik cam kavanoz tasar\u0131m\u0131na sahiptir. Her kavanozun, kuru veya s\u0131v\u0131 \u00fcr\u00fcnlerle g\u00fcvenli bir \u015fekilde kapat\u0131labilen sa\u011flam bir al\u00fcminyum kapa\u011f\u0131 vard\u0131r. Bu \u00fcr\u00fcn, makineyle \u00fcfleme teknolojisi kullanan bir \u00fcretici taraf\u0131ndan \u00fcretilmi\u015ftir ve bu nedenle depolama, paketleme ve te\u015fhir ama\u00e7l\u0131 kullan\u0131ma uygundur. Tur\u015fu, sos, \u015furup, at\u0131\u015ft\u0131rmal\u0131klar, \u00e7ay, tah\u0131llar ve hatta mum veya dekoratif kullan\u0131mlar i\u00e7in uygun olan bu geni\u015f a\u011f\u0131zl\u0131 konserve kavanozlar\u0131, hem g\u0131da s\u0131n\u0131f\u0131 hem de perakende sunum ihtiya\u00e7lar\u0131n\u0131 kar\u015f\u0131lar.<\/p>\n<h2>Temel \u00d6zellikler<\/h2>\n<table style=\"border-collapse: collapse; width: 80%; margin-left: auto; margin-right: auto;\" border=\"0\" width=\"794\" cellspacing=\"0\" cellpadding=\"0\">\n<tbody>\n<tr style=\"height: 13.50pt;\">\n<td style=\"height: 13.50pt; width: 122.25pt;\" width=\"163\" height=\"18\">\u00dcr\u00fcn Ad\u0131<\/td>\n<td style=\"width: 473.25pt;\" width=\"631\">Geni\u015f A\u011f\u0131zl\u0131 Mason Kavanozu<\/td>\n<\/tr>\n<tr style=\"height: 13.50pt;\">\n<td style=\"height: 13.50pt;\" height=\"18\">Malzeme<\/td>\n<td>BPA i\u00e7ermeyen soda-kire\u00e7 cam\u0131 + al\u00fcminyum kapak<\/td>\n<\/tr>\n<tr style=\"height: 13.50pt;\">\n<td style=\"height: 13.50pt;\" height=\"18\">Kapasite Se\u00e7enekleri<\/td>\n<td>200 ml, 230 ml, 280 ml, 350 ml, 380 ml, 470 ml, 620 ml, 730 ml (oz \u00e7e\u015fitleri mevcuttur)<\/td>\n<\/tr>\n<tr style=\"height: 13.50pt;\">\n<td style=\"height: 13.50pt;\" height=\"18\">\u015eekil<\/td>\n<td>Yuvarlak, geni\u015f a\u011f\u0131zl\u0131<\/td>\n<\/tr>\n<tr style=\"height: 13.50pt;\">\n<td style=\"height: 13.50pt;\" height=\"18\">Kapak T\u00fcrleri<\/td>\n<td>A\u00e7\u0131l\u0131r kapan\u0131r, standart, pipet delikli, b\u00f6l\u00fcnm\u00fc\u015f tip kavanoz kapaklar\u0131<\/td>\n<\/tr>\n<tr style=\"height: 13.50pt;\">\n<td style=\"height: 13.50pt;\" height=\"18\">Renk<\/td>\n<td>\u015eeffaf cam + g\u00fcm\u00fc\u015f, alt\u0131n, siyah kapaklar<\/td>\n<\/tr>\n<tr style=\"height: 13.50pt;\">\n<td style=\"height: 13.50pt;\" height=\"18\">\u0130\u015flem<\/td>\n<td>Makine patlad\u0131<\/td>\n<\/tr>\n<tr style=\"height: 13.50pt;\">\n<td style=\"height: 13.50pt;\" height=\"18\">Ba\u015fvuru<\/td>\n<td>G\u0131da saklama, konserve kavanozu, ambalaj, dekoratif kullan\u0131m<\/td>\n<\/tr>\n<tr style=\"height: 13.50pt;\">\n<td style=\"height: 13.50pt;\" height=\"18\">Tedarik Kapasitesi<\/td>\n<td>Toptan, do\u011frudan fabrika tedarik\u00e7isi<\/td>\n<\/tr>\n<tr style=\"height: 13.50pt;\">\n<td style=\"height: 13.50pt;\" height=\"18\">\u00d6zel Se\u00e7enekler<\/td>\n<td>Logo, boyut, renk, aksesuarlar, y\u00fczey i\u015flemesi<\/td>\n<\/tr>\n<tr style=\"height: 13.50pt;\">\n<td style=\"height: 13.50pt;\" height=\"18\">Teslimat<\/td>\n<td>\u0130stikrarl\u0131 stok + esnek teslimat s\u00fcresi<\/td>\n<\/tr>\n<\/tbody>\n<\/table>\n<h2>Ba\u015fl\u0131ca \u00d6zellikler<\/h2>\n<ol>\n<li><strong>Geni\u015f A\u011f\u0131zl\u0131 Kolayl\u0131k<\/strong>Geni\u015f a\u011f\u0131zl\u0131 kavanoz tasar\u0131m\u0131, hem kat\u0131 hem de s\u0131v\u0131 maddelerin doldurulmas\u0131n\u0131, temizlenmesini ve eri\u015fimini kolayla\u015ft\u0131r\u0131r.<\/li>\n<li><strong>G\u00fcvenli A\u00e7\u0131l\u0131r Kapak Sistemi<\/strong>A\u011f\u0131r hizmet tipi al\u00fcminyum kapak, s\u0131k\u0131 bir s\u0131zd\u0131rmazl\u0131k sa\u011flar; bu nedenle konserveleme, ta\u015f\u0131ma ve uzun s\u00fcreli saklama i\u015flemlerinde kullan\u0131labilir.<\/li>\n<li><strong>Esnek Ambalaj \u00c7\u00f6z\u00fcm\u00fc<\/strong>Tipik ve standart bir cam kavanoz; hem g\u0131da markalar\u0131 ve perakende ambalajlar\u0131nda hem de \u00e7ok ama\u00e7l\u0131 bir projede kullan\u0131labilir.<\/li>\n<\/ol>\n<h2>Ba\u015far\u0131l\u0131 Vaka \u00c7al\u0131\u015fmas\u0131<\/h2>\n<p>Almanya&#039;da organik soslar konusunda uzmanla\u015fm\u0131\u015f bir g\u0131da markas\u0131 sahibi, bu geni\u015f a\u011f\u0131zl\u0131 konserve kavanozlar\u0131n\u0131 do\u011frudan fabrikam\u0131zdan temin etti.<\/p>\n<ul>\n<li>\u0130\u015fletme T\u00fcr\u00fc: Organik g\u0131da markas\u0131 (perakende ve online sat\u0131\u015f)<\/li>\n<li>Sipari\u015f miktar\u0131: \u0130lk toplu sipari\u015f 50.000 adet (350 ml ve 470 ml) hacmindedir.<\/li>\n<li>Ek Gereksinimler: Alt\u0131n renkli kapak, kabartmal\u0131 logo, \u00f6zel etiket yap\u0131\u015ft\u0131rmaya uygun y\u00fczey.<\/li>\n<li>Kullan\u0131m Alan\u0131: Premium tur\u015fu sosu ambalaj\u0131.<\/li>\n<li>Sonu\u00e7: \u00dcr\u00fcn, 6 ay i\u00e7inde raf \u00e7ekicili\u011finde , sat\u0131\u015flar\u0131nda ise art\u0131\u015f sa\u011flad\u0131.<\/li>\n<li>Yeniden Sipari\u015f: Tamamen ayn\u0131, ancak \u00fc\u00e7 ayl\u0131k toptan sat\u0131\u015f ve sipari\u015f s\u0131kl\u0131\u011f\u0131 3 farkl\u0131 boyuta daha art\u0131r\u0131ld\u0131.<\/li>\n<\/ul>\n<h2>B2B Al\u0131c\u0131lar\u0131nda Ki\u015fiselle\u015ftirme \u00d6nerileri<\/h2>\n<ol>\n<li><strong>Marka ve Perakende Ambalaj Optimizasyonu<\/strong>: Kavanozu markal\u0131 ve perakende sat\u0131\u015fa uygun bir ambalaj haline getirmek i\u00e7in serigrafi bask\u0131 veya kabartma tekniklerini kullan\u0131n.<\/li>\n<li><strong>Fonksiyonel Kapak Se\u00e7imi<\/strong>Kullan\u0131m amac\u0131na (i\u00e7ecekler, kuru g\u0131da veya mum kaplar\u0131 gibi) ba\u011fl\u0131 olarak \u00e7e\u015fitli kavanoz kapaklar\u0131 (standart kapak, pipet deli\u011fi, y\u0131rtma\u00e7l\u0131 kapak) aras\u0131ndan se\u00e7im yap\u0131n.<\/li>\n<li><strong>\u00c7ok Boyutlu \u00dcr\u00fcn Hatt\u0131 Stratejisi<\/strong>\u00c7e\u015fitli \u00fcr\u00fcn boyutlar\u0131n\u0131 birle\u015ftirerek tek bir \u00fcr\u00fcn yelpazesi olu\u015fturmak; \u015furup ve tah\u0131llar, at\u0131\u015ft\u0131rmal\u0131klar ve \u00f6zel g\u0131dalar gibi \u00fcr\u00fcnlerde \u00e7apraz sat\u0131\u015f potansiyelini art\u0131rmak i\u00e7in kullan\u0131l\u0131r.<\/li>\n<\/ol>\n<p>E\u011fer toptan geni\u015f a\u011f\u0131zl\u0131 kavanoz tedariki i\u00e7in g\u00fcvenilir bir tedarik\u00e7i veya kaynak ar\u0131yorsan\u0131z, bu \u00fcr\u00fcn profesyonel bir \u00fcreticiden do\u011frudan esneklik, tutarl\u0131l\u0131k ve g\u00fc\u00e7l\u00fc \u00f6zelle\u015ftirme deste\u011fi sunmaktad\u0131r.<\/p>","protected":false},"excerpt":{"rendered":"<p>G\u0131da konserveleme, saklama, paketleme ve \u00f6zel marka bask\u0131s\u0131 i\u00e7in toptan geni\u015f a\u011f\u0131zl\u0131 kavanozlar ve kapaklar. Toplu al\u0131m se\u00e7enekleriyle g\u00fcvenilir fabrika tedari\u011fi.<\/p>","protected":false},"featured_media":25507,"template":"","meta":[],"product_brand":[],"product_cat":[125,124,122],"product_tag":[],"class_list":{"0":"post-22010","1":"product","2":"type-product","3":"status-publish","4":"has-post-thumbnail","6":"product_cat-mason-glass-jars","7":"product_cat-custom-glass-jars","8":"product_cat-custom-glass-packaging","10":"first","11":"instock","12":"shipping-taxable","13":"product-type-simple"},"jetpack_sharing_enabled":true,"_links":{"self":[{"href":"https:\/\/yebodaglass.com\/tr\/wp-json\/wp\/v2\/product\/22010","targetHints":{"allow":["GET"]}}],"collection":[{"href":"https:\/\/yebodaglass.com\/tr\/wp-json\/wp\/v2\/product"}],"about":[{"href":"https:\/\/yebodaglass.com\/tr\/wp-json\/wp\/v2\/types\/product"}],"version-history":[{"count":5,"href":"https:\/\/yebodaglass.com\/tr\/wp-json\/wp\/v2\/product\/22010\/revisions"}],"predecessor-version":[{"id":25510,"href":"https:\/\/yebodaglass.com\/tr\/wp-json\/wp\/v2\/product\/22010\/revisions\/25510"}],"wp:featuredmedia":[{"embeddable":true,"href":"https:\/\/yebodaglass.com\/tr\/wp-json\/wp\/v2\/media\/25507"}],"wp:attachment":[{"href":"https:\/\/yebodaglass.com\/tr\/wp-json\/wp\/v2\/media?parent=22010"}],"wp:term":[{"taxonomy":"product_brand","embeddable":true,"href":"https:\/\/yebodaglass.com\/tr\/wp-json\/wp\/v2\/product_brand?post=22010"},{"taxonomy":"product_cat","embeddable":true,"href":"https:\/\/yebodaglass.com\/tr\/wp-json\/wp\/v2\/product_cat?post=22010"},{"taxonomy":"product_tag","embeddable":true,"href":"https:\/\/yebodaglass.com\/tr\/wp-json\/wp\/v2\/product_tag?post=22010"}],"curies":[{"name":"wp","href":"https:\/\/api.w.org\/{rel}","templated":true}]}}