{"id":22002,"date":"2025-10-09T17:33:25","date_gmt":"2025-10-09T09:33:25","guid":{"rendered":"https:\/\/yebodaglass.com\/?post_type=product&#038;p=22002"},"modified":"2026-03-19T13:42:18","modified_gmt":"2026-03-19T05:42:18","slug":"empty-clear-mason-jar-with-lid-wholesale","status":"publish","type":"product","link":"https:\/\/yebodaglass.com\/tr\/urun\/empty-clear-mason-jar-with-lid-wholesale\/","title":{"rendered":"70 ml \u2013 280 ml Kapakl\u0131 Bo\u015f \u015eeffaf Mason Kavanoz Toptan Sat\u0131\u015f\u0131"},"content":{"rendered":"<p>Bu silindirik \u015fekilli kavanoz ve kapa\u011f\u0131, \u015feffaf camdan \u00fcretilmi\u015ftir ve kolay temizlenebilen \u00e7ok geni\u015f bir a\u011fz\u0131 vard\u0131r. \u00dcst k\u0131sm\u0131, kolayca istiflenebilmesi i\u00e7in normal \u015fekilde vidalanm\u0131\u015ft\u0131r. Farkl\u0131 boyutlarda ve renkli metal vidal\u0131 kapaklarla siyah, alt\u0131n, g\u00fcm\u00fc\u015f ve k\u0131rm\u0131z\u0131 renklerde mevcuttur.<\/p>\n<h2>\u00dcr\u00fcn \u00d6zellikleri<\/h2>\n<ul>\n<li><strong>Klasik Silindirik Tasar\u0131m:<\/strong> Cam silindir, temizlenmesi, doldurulmas\u0131 ve kullan\u0131lmas\u0131 kolay, basit, geni\u015f a\u011f\u0131zl\u0131 bir silindirdir.<\/li>\n<li><strong>De\u011fi\u015ftirilebilir Renkli Kapaklar:<\/strong> Vidal\u0131 kapaklar\u0131n siyah, alt\u0131n, g\u00fcm\u00fc\u015f veya k\u0131rm\u0131z\u0131 metalden yap\u0131lm\u0131\u015f olmas\u0131, vidan\u0131n kapa\u011f\u0131n\u0131n s\u0131k\u0131ca kapanmas\u0131n\u0131 sa\u011flarken \u015f\u0131k bir g\u00f6r\u00fcn\u00fcm de sunar.<\/li>\n<li><strong>\u00c7e\u015fitli Boyutlar:<\/strong> Mini boydan orta boya, b\u00fcy\u00fck boya kadar her ihtiyaca uygun kapasiteler; baharat saklamadan b\u00fcy\u00fck g\u0131da paketlerine kadar.<\/li>\n<\/ul>\n<h2><strong data-spm-anchor-id=\"5176.28103460.0.i15.29ab2e31JfkVXT\">Temel \u00d6zellikler <\/strong><\/h2>\n<table style=\"border-collapse: collapse; width: 80%; margin-left: auto; margin-right: auto;\" border=\"0\" width=\"288\" cellspacing=\"0\" cellpadding=\"0\">\n<tbody>\n<tr style=\"height: 13.50pt;\">\n<td style=\"height: 13.5pt; width: 54pt; text-align: center;\" width=\"72\" height=\"18\">\u00dcr\u00fcn<\/td>\n<td style=\"width: 54pt; text-align: center;\" width=\"72\">Kapasite(ml)<\/td>\n<td style=\"width: 54pt; text-align: center;\" width=\"72\">Boyut (cm)<\/td>\n<td style=\"width: 54pt; text-align: center;\" width=\"72\">Renk Se\u00e7enekleri<\/td>\n<\/tr>\n<tr style=\"height: 13.50pt;\">\n<td style=\"height: 13.5pt; text-align: center;\" align=\"right\" height=\"18\">63007014<\/td>\n<td style=\"text-align: center;\" align=\"right\">70<\/td>\n<td style=\"text-align: center;\">4.7&#215;4.5&#215;6.7<\/td>\n<td class=\"et2\" rowspan=\"6\">Temizle (\u00d6zel)<\/td>\n<\/tr>\n<tr style=\"height: 13.50pt;\">\n<td style=\"height: 13.5pt; text-align: center;\" align=\"right\" height=\"18\">63007015<\/td>\n<td style=\"text-align: center;\" align=\"right\">70<\/td>\n<td style=\"text-align: center;\">6.5&#215;4.5&#215;6.7<\/td>\n<\/tr>\n<tr style=\"height: 13.50pt;\">\n<td style=\"height: 13.5pt; text-align: center;\" align=\"right\" height=\"18\">63012016<\/td>\n<td style=\"text-align: center;\" align=\"right\">120<\/td>\n<td style=\"text-align: center;\">5.4&#215;6.15&#215;6.6<\/td>\n<\/tr>\n<tr style=\"height: 13.50pt;\">\n<td style=\"height: 13.5pt; text-align: center;\" align=\"right\" height=\"18\">63012517<\/td>\n<td style=\"text-align: center;\" align=\"right\">125<\/td>\n<td style=\"text-align: center;\">6.3&#215;5.6&#215;6.9<\/td>\n<\/tr>\n<tr style=\"height: 13.50pt;\">\n<td style=\"height: 13.5pt; text-align: center;\" align=\"right\" height=\"18\">63020018<\/td>\n<td style=\"text-align: center;\" align=\"right\">200<\/td>\n<td style=\"text-align: center;\">6.0&#215;8.6&#215;6.9<\/td>\n<\/tr>\n<tr style=\"height: 13.50pt;\">\n<td style=\"height: 13.5pt; text-align: center;\" align=\"right\" height=\"18\">63028019<\/td>\n<td style=\"text-align: center;\" align=\"right\">280<\/td>\n<td style=\"text-align: center;\">7.5&#215;8.4&#215;8.5<\/td>\n<\/tr>\n<\/tbody>\n<\/table>\n<h2>Ba\u015far\u0131 Hikayesi<\/h2>\n<p>Kanada&#039;n\u0131n b\u00fcy\u00fck el yap\u0131m\u0131 g\u0131da \u015firketlerinden biri, kapakl\u0131 kavanozlar\u0131m\u0131z\u0131 tercih ederek rustik \u00e7i\u00e7ek desenli serigrafi bask\u0131 ile ki\u015fiselle\u015ftirdi. Bu \u00f6zel tasar\u0131m kavanozlar piyasada b\u00fcy\u00fck ba\u015far\u0131 yakalad\u0131: \u015eirketin iddias\u0131na g\u00f6re, \u015f\u0131k g\u00f6r\u00fcn\u00fcmleri re\u00e7ellerinin perakende fiyat\u0131n\u0131 d\u00f6rtte bir oran\u0131nda art\u0131rd\u0131 ve \u00e7ok tan\u0131nabilir olan bu kavanozlar, perakende sat\u0131\u015f noktalar\u0131nda marka bilinirli\u011fini \u00fc\u00e7te bir oran\u0131nda y\u00fckseltti. Bu ba\u015far\u0131ya dayanarak, yeni i\u00e7ecek \u015furubu serisi i\u00e7in 250.000 adet daha kavanoz sipari\u015fi verdiler ve ulusal bir s\u00fcpermarket zinciriyle de s\u00f6zle\u015fme imzalad\u0131lar.<\/p>\n<h2>Mason Kavanozu Ki\u015fiselle\u015ftirme \u00d6nerileri<\/h2>\n<ul>\n<li>\u015ei\u015fe Halkas\u0131 Kaplamalar\u0131 ve Renkleri: Mat\/parlak y\u00fczeylerde daha geni\u015f bir yelpazede \u00f6zel renk ve desenlerde spiral \u015fi\u015fe halkas\u0131 se\u00e7enekleri sunar.<\/li>\n<li>\u015ei\u015fe Kapa\u011f\u0131 Ki\u015fiselle\u015ftirme: D\u00fcz metal \u015fi\u015fe kapaklar\u0131na \u00f6zel bask\u0131lar, logolar veya desenler bas\u0131l\u0131r.<\/li>\n<li>Kabartmal\u0131 \u00d6l\u00e7\u00fc Birimleri: Kavanozun yan taraf\u0131na ince kabartmal\u0131 \u00f6l\u00e7\u00fc birimleri (bardak, mililitre, ons) i\u015fleyin ve kavanoz her zamankinden daha kullan\u0131\u015fl\u0131 hale gelsin.<\/li>\n<li>\u00d6zel Boyutlar: Baz\u0131 \u00fcr\u00fcnlerin \u00f6zel boyutlar\u0131 mevcuttur (\u00f6rne\u011fin, bal saklamak i\u00e7in uzun, ince \u015fi\u015feler).<\/li>\n<\/ul>","protected":false},"excerpt":{"rendered":"<p>Y\u00fcksek kaliteli camdan \u00fcretilmi\u015f, farkl\u0131 boyutlarda kapakl\u0131 kavanozlar. Konserveleme, saklama ve paketleme i\u00e7in ideal olan bu kavanozlar, do\u011frudan fabrikadan temin edilmektedir. H\u0131zl\u0131 kargo.<\/p>","protected":false},"featured_media":25516,"template":"","meta":[],"product_brand":[],"product_cat":[122,124,125],"product_tag":[],"class_list":{"0":"post-22002","1":"product","2":"type-product","3":"status-publish","4":"has-post-thumbnail","6":"product_cat-custom-glass-packaging","7":"product_cat-custom-glass-jars","8":"product_cat-mason-glass-jars","10":"first","11":"instock","12":"shipping-taxable","13":"product-type-simple"},"jetpack_sharing_enabled":true,"_links":{"self":[{"href":"https:\/\/yebodaglass.com\/tr\/wp-json\/wp\/v2\/product\/22002","targetHints":{"allow":["GET"]}}],"collection":[{"href":"https:\/\/yebodaglass.com\/tr\/wp-json\/wp\/v2\/product"}],"about":[{"href":"https:\/\/yebodaglass.com\/tr\/wp-json\/wp\/v2\/types\/product"}],"version-history":[{"count":5,"href":"https:\/\/yebodaglass.com\/tr\/wp-json\/wp\/v2\/product\/22002\/revisions"}],"predecessor-version":[{"id":25518,"href":"https:\/\/yebodaglass.com\/tr\/wp-json\/wp\/v2\/product\/22002\/revisions\/25518"}],"wp:featuredmedia":[{"embeddable":true,"href":"https:\/\/yebodaglass.com\/tr\/wp-json\/wp\/v2\/media\/25516"}],"wp:attachment":[{"href":"https:\/\/yebodaglass.com\/tr\/wp-json\/wp\/v2\/media?parent=22002"}],"wp:term":[{"taxonomy":"product_brand","embeddable":true,"href":"https:\/\/yebodaglass.com\/tr\/wp-json\/wp\/v2\/product_brand?post=22002"},{"taxonomy":"product_cat","embeddable":true,"href":"https:\/\/yebodaglass.com\/tr\/wp-json\/wp\/v2\/product_cat?post=22002"},{"taxonomy":"product_tag","embeddable":true,"href":"https:\/\/yebodaglass.com\/tr\/wp-json\/wp\/v2\/product_tag?post=22002"}],"curies":[{"name":"wp","href":"https:\/\/api.w.org\/{rel}","templated":true}]}}