{"id":21965,"date":"2025-10-08T15:17:10","date_gmt":"2025-10-08T07:17:10","guid":{"rendered":"https:\/\/yebodaglass.com\/?post_type=product&#038;p=21965"},"modified":"2026-03-26T15:55:16","modified_gmt":"2026-03-26T07:55:16","slug":"wholesale-green-oil-olive-bottles-with-square-bases","status":"publish","type":"product","link":"https:\/\/yebodaglass.com\/tr\/wholesale-green-oil-olive-bottles-with-square-bases\/","title":{"rendered":"Toptan Kare Tabanl\u0131 Ye\u015fil Ya\u011f Zeytinya\u011f\u0131 \u015ei\u015feleri \u2013 500ml 750ml 1000ml"},"content":{"rendered":"<p>Bu ye\u015fil zeytinya\u011f\u0131 \u015fi\u015feleri, \u00e7ok zarif yuvarlak k\u00f6\u015feli kare bir \u015fekle sahiptir ve zeytinya\u011f\u0131n\u0131n \u0131\u015f\u0131\u011fa maruz kalmas\u0131 nedeniyle bozulmas\u0131n\u0131 \u00f6nlemek amac\u0131yla koyu zeytin rengi camdan \u00fcretilmi\u015ftir. Siyah, alt\u0131n veya ye\u015fil vidal\u0131 kapaklara sahiptirler ve \u00e7e\u015fitli boyutlarda sunulmaktad\u0131rlar.<\/p>\n<h2>\u00dcr\u00fcn \u00d6zellikleri<\/h2>\n<ul>\n<li><strong>Do\u011fal UV Korumal\u0131:<\/strong> Ye\u015fil Cam, s\u0131v\u0131n\u0131z\u0131 uzun s\u00fcre koruyan bir g\u00fcne\u015f kremi g\u00f6revi g\u00f6r\u00fcr. \u015eeffaf cama k\u0131yasla, zeytinya\u011f\u0131n\u0131n tazeli\u011fini uzun s\u00fcre korur ve hassas, kaliteli zeytinya\u011f\u0131 i\u00e7in idealdir.<\/li>\n<li><strong>Dikd\u00f6rtgen Boyutu:<\/strong> \u015ei\u015fenin dikd\u00f6rtgen \u015fekli, sergilemeyi ve saklamay\u0131 kolayla\u015ft\u0131r\u0131rken, dengeyi net bir \u015fekilde g\u00f6rmenizi sa\u011flar.<\/li>\n<li><strong>Yeniden doldurulabilir:<\/strong> Bu doldurulabilir cam zeytinya\u011f\u0131 \u015fi\u015feleri sa\u011flam ve dayan\u0131kl\u0131d\u0131r. Restoranlar ve dolum d\u00fckkanlar\u0131 dayan\u0131kl\u0131l\u0131klar\u0131 nedeniyle onlar\u0131 \u00e7ok seviyor.<\/li>\n<\/ul>\n<h2 style=\"text-align: left;\">Temel \u00d6zellikler<\/h2>\n<table class=\"aligncenter\" style=\"border-collapse: collapse; width: 429.77pt;\" border=\"0\" width=\"573\" cellspacing=\"0\" cellpadding=\"0\">\n<tbody>\n<tr style=\"height: 13.50pt;\">\n<td style=\"height: 13.50pt; width: 69.75pt;\" width=\"93\" height=\"18\">\u00d6zellik<\/td>\n<td style=\"width: 360.00pt;\" width=\"480\">\u015eartname<\/td>\n<\/tr>\n<tr style=\"height: 13.50pt;\">\n<td style=\"height: 13.50pt;\" height=\"18\">Boyutlar<\/td>\n<td>5,8\u00d75,8\u00d726,4 cm (500 ml), 6,5\u00d76,5\u00d730,2 cm (750 ml), 7,4\u00d77,4\u00d730 cm (1000 ml)<\/td>\n<\/tr>\n<tr style=\"height: 13.50pt;\">\n<td style=\"height: 13.50pt;\" height=\"18\">Boyun Boyutu<\/td>\n<td>19\u00d730mm (standart vida di\u015fi)<\/td>\n<\/tr>\n<tr style=\"height: 13.50pt;\">\n<td style=\"height: 13.50pt;\" height=\"18\">Malzeme<\/td>\n<td>Ye\u015fil cam (koyu cam \u00e7e\u015fidi mevcuttur)<\/td>\n<\/tr>\n<tr style=\"height: 13.50pt;\">\n<td style=\"height: 13.50pt;\" height=\"18\">\u015eekil<\/td>\n<td>Kare \/ dikd\u00f6rtgen prizma<\/td>\n<\/tr>\n<tr style=\"height: 13.50pt;\">\n<td style=\"height: 13.50pt;\" height=\"18\">Kapak Se\u00e7enekleri<\/td>\n<td>Sa\u011flam vidal\u0131 kapak, d\u00f6kme a\u011fz\u0131, pompa da\u011f\u0131t\u0131c\u0131<\/td>\n<\/tr>\n<tr style=\"height: 13.50pt;\">\n<td style=\"height: 13.50pt;\" height=\"18\">En \u0130yisi \u0130\u00e7in<\/td>\n<td>Zeytinya\u011f\u0131, sirke, soslar, mutfak depolama<\/td>\n<\/tr>\n<\/tbody>\n<\/table>\n<h2>Ba\u015far\u0131 \u00d6yk\u00fcs\u00fc: Kaliforniyal\u0131 Zeytinya\u011f\u0131 \u00dcreticisinin \u0130hracat B\u00f6l\u00fcm\u00fc<\/h2>\n<p>750 ml&#039;lik ye\u015fil zeytinya\u011f\u0131 \u015fi\u015felerimiz, Kaliforniya&#039;da \u00fcst d\u00fczey bir zeytinya\u011f\u0131 \u00fcreticisi taraf\u0131ndan se\u00e7ildi ve \u015fi\u015feler, damlamay\u0131 \u00f6nleyici siyah a\u011f\u0131zl\u0131kl\u0131, alt\u0131n yald\u0131zl\u0131 serigrafi bask\u0131l\u0131 olarak tasarland\u0131. Bu UV kaplamal\u0131 cam \u015fi\u015feler, uzun mesafeli ta\u015f\u0131malarda zeytinya\u011f\u0131n\u0131n kalitesini korumada da etkili oldu ve bu da bozulma iddialar\u0131n\u0131 oran\u0131nda azaltmaya yard\u0131mc\u0131 oldu. \u015ei\u015feler, uluslararas\u0131 ta\u015f\u0131mac\u0131l\u0131k testini ,9 ba\u015far\u0131 oran\u0131yla ge\u00e7ti. Bu etkileyici performansa dayanarak, \u00fcretici daha sonra yeni aromal\u0131 ve inf\u00fczyonlu zeytinya\u011flar\u0131ndan 200.000 \u015fi\u015fe daha sipari\u015f etti.<\/p>\n<h2>\u00d6zelle\u015ftirme Fikirleri<\/h2>\n<ul>\n<li>Mat Asit Y\u0131kama \u2013 T\u00fcm y\u00fczeye yumu\u015fak ve mat bir g\u00f6r\u00fcn\u00fcm kazand\u0131r\u0131r. Pahal\u0131 bir his verir ve parmak izlerini gizler.<\/li>\n<li>Logo Kumlama \u2013 Ambleminizi \u00f6n panele kaz\u0131y\u0131n. Kal\u0131c\u0131d\u0131r ve birinci s\u0131n\u0131f i\u015f\u00e7ilikle yap\u0131ld\u0131\u011f\u0131 belli olur.<\/li>\n<li>Ton Derinli\u011fi Kontrol\u00fc \u2013 Ekstra UV korumas\u0131 ve daha cesur bir g\u00f6r\u00fcn\u00fcm i\u00e7in standart ye\u015filden daha koyu bir renk se\u00e7in.<\/li>\n<\/ul>","protected":false},"excerpt":{"rendered":"<p>Klasik kare cam ye\u015fil zeytinya\u011f\u0131 \u015fi\u015feleri, siyah, alt\u0131n veya ye\u015fil vidal\u0131 kapaklar\u0131yla. Zeytinya\u011f\u0131n\u0131n kalitesini korumak i\u00e7in m\u00fckemmel. Fabrikadan do\u011frudan sat\u0131\u015f, h\u0131zl\u0131 kargo.<\/p>","protected":false},"featured_media":25644,"template":"","meta":[],"product_brand":[],"product_cat":[126,123,122],"product_tag":[],"class_list":{"0":"post-21965","1":"product","2":"type-product","3":"status-publish","4":"has-post-thumbnail","6":"product_cat-olive-oil-bottles","7":"product_cat-custom-glass-bottles","8":"product_cat-custom-glass-packaging","10":"first","11":"instock","12":"shipping-taxable","13":"product-type-simple"},"jetpack_sharing_enabled":true,"_links":{"self":[{"href":"https:\/\/yebodaglass.com\/tr\/wp-json\/wp\/v2\/product\/21965","targetHints":{"allow":["GET"]}}],"collection":[{"href":"https:\/\/yebodaglass.com\/tr\/wp-json\/wp\/v2\/product"}],"about":[{"href":"https:\/\/yebodaglass.com\/tr\/wp-json\/wp\/v2\/types\/product"}],"version-history":[{"count":5,"href":"https:\/\/yebodaglass.com\/tr\/wp-json\/wp\/v2\/product\/21965\/revisions"}],"predecessor-version":[{"id":25561,"href":"https:\/\/yebodaglass.com\/tr\/wp-json\/wp\/v2\/product\/21965\/revisions\/25561"}],"wp:featuredmedia":[{"embeddable":true,"href":"https:\/\/yebodaglass.com\/tr\/wp-json\/wp\/v2\/media\/25644"}],"wp:attachment":[{"href":"https:\/\/yebodaglass.com\/tr\/wp-json\/wp\/v2\/media?parent=21965"}],"wp:term":[{"taxonomy":"product_brand","embeddable":true,"href":"https:\/\/yebodaglass.com\/tr\/wp-json\/wp\/v2\/product_brand?post=21965"},{"taxonomy":"product_cat","embeddable":true,"href":"https:\/\/yebodaglass.com\/tr\/wp-json\/wp\/v2\/product_cat?post=21965"},{"taxonomy":"product_tag","embeddable":true,"href":"https:\/\/yebodaglass.com\/tr\/wp-json\/wp\/v2\/product_tag?post=21965"}],"curies":[{"name":"wp","href":"https:\/\/api.w.org\/{rel}","templated":true}]}}