{"id":21951,"date":"2025-10-08T18:01:24","date_gmt":"2025-10-08T10:01:24","guid":{"rendered":"https:\/\/yebodaglass.com\/?post_type=product&#038;p=21951"},"modified":"2026-03-20T15:03:01","modified_gmt":"2026-03-20T07:03:01","slug":"empty-glass-mason-jar-storage-containers-bulk","status":"publish","type":"product","link":"https:\/\/yebodaglass.com\/tr\/urun\/empty-glass-mason-jar-storage-containers-bulk\/","title":{"rendered":"150 ml \u2013 1100 ml Bo\u015f Cam Kavanoz Saklama Kaplar\u0131 (Toptan)"},"content":{"rendered":"<p>Bu cam kavanoz saklama kaplar\u0131, kristal berrakl\u0131\u011f\u0131nda camdan yap\u0131lm\u0131\u015f olup, al\u0131\u015f\u0131lmad\u0131k, yuvarlak bir \u015fekle ve hafif\u00e7e y\u00fckseltilmi\u015f bir orta k\u0131sma sahiptir; boyun ve tabana do\u011fru incelir. D\u00fczenli vidal\u0131 bir boyunlar\u0131 ve alt\u0131n tonlu metal bir vidal\u0131 kapaklar\u0131 vard\u0131r.<\/p>\n<h2>\u00dcr\u00fcn \u00d6zellikleri<\/h2>\n<ul>\n<li><strong>\u015eeffaf Cam:<\/strong> Barda\u011f\u0131n kristal berrakl\u0131\u011f\u0131nda olmas\u0131, i\u00e7indekilerin kolayca g\u00f6r\u00fclmesini sa\u011flar ve \u00fcr\u00fcn\u00fc g\u0131da ve el sanatlar\u0131 sekt\u00f6rleri i\u00e7in daha cazip hale getirir.<\/li>\n<li><strong>\u00dcniforma Alt\u0131n \u015eapka:<\/strong> Alt\u0131n rengindeki metal vidal\u0131 kapak, s\u0131k\u0131 bir uyum sa\u011flayarak her iki modele de uyumlu ve \u00fcst d\u00fczey bir g\u00f6r\u00fcn\u00fcm kazand\u0131r\u0131r.<\/li>\n<li><strong>\u00c7e\u015fitli Boyutlar:<\/strong> Numune saklama ihtiyac\u0131na veya b\u00fcy\u00fck depolama alan\u0131na ba\u011fl\u0131 olarak, mini boyuttan devasa boyuta kadar \u00e7e\u015fitli ebatlarda mevcuttur.<\/li>\n<\/ul>\n<h2><strong data-spm-anchor-id=\"5176.28103460.0.i8.29ab2e31Xe3rbZ\">Temel \u00d6zellikler<\/strong><\/h2>\n<table style=\"border-collapse: collapse; width: 80%; margin-left: auto; margin-right: auto;\" border=\"0\" width=\"363\" cellspacing=\"0\" cellpadding=\"0\">\n<tbody>\n<tr style=\"height: 13.50pt;\">\n<td class=\"et2\" style=\"height: 13.5pt; width: 56.25pt; text-align: center;\" width=\"75\" height=\"18\">\u00dcr\u00fcn<\/td>\n<td class=\"et2\" style=\"width: 54pt; text-align: center;\" width=\"72\">Kapasite(ml)<\/td>\n<td class=\"et2\" style=\"width: 54pt; text-align: center;\" width=\"72\">Boyut (cm)<\/td>\n<td class=\"et2\" style=\"width: 54pt; text-align: center;\" width=\"72\">Renk Se\u00e7enekleri<\/td>\n<\/tr>\n<tr style=\"height: 13.50pt;\">\n<td class=\"et2\" style=\"height: 13.5pt; text-align: center;\" height=\"18\">63015008<\/td>\n<td class=\"et2\" style=\"text-align: center;\">150<\/td>\n<td class=\"et2\" style=\"text-align: center;\">6.1&#215;6.1&#215;8.2<\/td>\n<td class=\"et2\" style=\"text-align: center;\" rowspan=\"6\">\u015eeffaf veya \u00d6zel (Oyulmu\u015f doku)<\/td>\n<\/tr>\n<tr style=\"height: 13.50pt;\">\n<td class=\"et2\" style=\"height: 13.5pt; text-align: center;\" height=\"18\">63030009<\/td>\n<td class=\"et2\" style=\"text-align: center;\">300<\/td>\n<td class=\"et2\" style=\"text-align: center;\">8.1&#215;8.1&#215;8.9<\/td>\n<\/tr>\n<tr style=\"height: 13.50pt;\">\n<td class=\"et2\" style=\"height: 13.5pt; text-align: center;\" height=\"18\">63038010<\/td>\n<td class=\"et2\" style=\"text-align: center;\">380<\/td>\n<td class=\"et2\" style=\"text-align: center;\">9,0\u00d79,0x9,6<\/td>\n<\/tr>\n<tr style=\"height: 13.50pt;\">\n<td class=\"et2\" style=\"height: 13.5pt; text-align: center;\" height=\"18\">63050011<\/td>\n<td class=\"et2\" style=\"text-align: center;\">500<\/td>\n<td class=\"et2\" style=\"text-align: center;\">8.2&#215;8.2&#215;13.0<\/td>\n<\/tr>\n<tr style=\"height: 13.50pt;\">\n<td class=\"et2\" style=\"height: 13.5pt; text-align: center;\" height=\"18\">63103012<\/td>\n<td class=\"et2\" style=\"text-align: center;\">1030<\/td>\n<td class=\"et2\" style=\"text-align: center;\">9.9&#215;9.9&#215;16.7<\/td>\n<\/tr>\n<tr style=\"height: 13.50pt;\">\n<td class=\"et2\" style=\"height: 13.5pt; text-align: center;\" height=\"18\">63110013<\/td>\n<td class=\"et2\" style=\"text-align: center;\">1100<\/td>\n<td class=\"et2\" style=\"text-align: center;\">9.7&#215;9.7&#215;17.5<\/td>\n<\/tr>\n<\/tbody>\n<\/table>\n<h2>Ba\u015far\u0131 Hikayesi<\/h2>\n<p>Utah&#039;taki bal \u00fcreticilerinden biri, cam kavanozumuzu se\u00e7ti ve \u00fczerine serigrafi bask\u0131 tekni\u011fiyle petek deseni i\u015flenmi\u015f a\u00e7\u0131k kehribar rengi bir kavanoz yapt\u0131rd\u0131. Kavanozun geleneksel g\u00f6r\u00fcn\u00fcm\u00fc, markalar\u0131n\u0131n miras imaj\u0131n\u0131 g\u00fc\u00e7lendirdi ve bu da \u00e7evrimi\u00e7i sat\u0131\u015flarda &#039;l\u0131k bir art\u0131\u015fa i\u015faret etti. Kavanoza serigrafi bask\u0131 tekni\u011fiyle uygulanan petek deseni ise sosyal medya payla\u015f\u0131mlar\u0131n\u0131 0 art\u0131rd\u0131. \u00dcretici, ola\u011fan\u00fcst\u00fc ba\u015far\u0131s\u0131 nedeniyle ulusal organik g\u0131da zincirlerinden birine bal satmak i\u00e7in 720.000 kavanozluk ek bir sipari\u015f daha verdi.<\/p>\n<h2>Mason Kavanoz Saklama Kaplar\u0131 \u00d6zelle\u015ftirme<\/h2>\n<ul>\n<li>Kabartma: Kavanozlar\u0131n omuz k\u0131s\u0131mlar\u0131na dokulu desenler (\u00f6rne\u011fin, bu\u011fday ba\u015faklar\u0131, ar\u0131lar) eklenebilir.<\/li>\n<li>Kabartmal\u0131 Hacim \u0130\u015faretleri: Kavanoz veya \u015fi\u015fenin yan taraf\u0131na, kullan\u0131m\u0131n\u0131 daha \u00e7ok y\u00f6nl\u00fc hale getirmek i\u00e7in, kabartmal\u0131 hacim i\u015faretleri (ons, bardak, mililitre) ekleyin.<\/li>\n<li>Kare Kavanoz Tasar\u0131m\u0131: Yer tasarrufu sa\u011flayan, raf yerle\u015fimini ve nakliye kaplar\u0131n\u0131 en \u00fcst d\u00fczeye \u00e7\u0131karan kare Mason kavanozlar\u0131 tasarlay\u0131n.<\/li>\n<\/ul>","protected":false},"excerpt":{"rendered":"<p>Dayan\u0131kl\u0131 cam g\u00f6vde ve metal kapakl\u0131, birinci s\u0131n\u0131f cam kavanoz saklama kaplar\u0131. G\u0131da saklama, i\u00e7ecek ve ambalajlama i\u00e7in m\u00fckemmeldir. H\u0131zl\u0131 kargo se\u00e7ene\u011fi mevcuttur.<\/p>","protected":false},"featured_media":25538,"template":"","meta":[],"product_brand":[],"product_cat":[125,124,122],"product_tag":[],"class_list":{"0":"post-21951","1":"product","2":"type-product","3":"status-publish","4":"has-post-thumbnail","6":"product_cat-mason-glass-jars","7":"product_cat-custom-glass-jars","8":"product_cat-custom-glass-packaging","10":"first","11":"instock","12":"shipping-taxable","13":"product-type-simple"},"jetpack_sharing_enabled":true,"_links":{"self":[{"href":"https:\/\/yebodaglass.com\/tr\/wp-json\/wp\/v2\/product\/21951","targetHints":{"allow":["GET"]}}],"collection":[{"href":"https:\/\/yebodaglass.com\/tr\/wp-json\/wp\/v2\/product"}],"about":[{"href":"https:\/\/yebodaglass.com\/tr\/wp-json\/wp\/v2\/types\/product"}],"version-history":[{"count":5,"href":"https:\/\/yebodaglass.com\/tr\/wp-json\/wp\/v2\/product\/21951\/revisions"}],"predecessor-version":[{"id":25540,"href":"https:\/\/yebodaglass.com\/tr\/wp-json\/wp\/v2\/product\/21951\/revisions\/25540"}],"wp:featuredmedia":[{"embeddable":true,"href":"https:\/\/yebodaglass.com\/tr\/wp-json\/wp\/v2\/media\/25538"}],"wp:attachment":[{"href":"https:\/\/yebodaglass.com\/tr\/wp-json\/wp\/v2\/media?parent=21951"}],"wp:term":[{"taxonomy":"product_brand","embeddable":true,"href":"https:\/\/yebodaglass.com\/tr\/wp-json\/wp\/v2\/product_brand?post=21951"},{"taxonomy":"product_cat","embeddable":true,"href":"https:\/\/yebodaglass.com\/tr\/wp-json\/wp\/v2\/product_cat?post=21951"},{"taxonomy":"product_tag","embeddable":true,"href":"https:\/\/yebodaglass.com\/tr\/wp-json\/wp\/v2\/product_tag?post=21951"}],"curies":[{"name":"wp","href":"https:\/\/api.w.org\/{rel}","templated":true}]}}