{"id":21914,"date":"2025-10-08T18:02:42","date_gmt":"2025-10-08T10:02:42","guid":{"rendered":"https:\/\/yebodaglass.com\/?post_type=product&#038;p=21914"},"modified":"2026-03-20T16:27:24","modified_gmt":"2026-03-20T08:27:24","slug":"clear-mason-glass-jars-with-lids-bulk","status":"publish","type":"product","link":"https:\/\/yebodaglass.com\/tr\/urun\/clear-mason-glass-jars-with-lids-bulk\/","title":{"rendered":"150 ml \u2013 1000 ml \u015eeffaf Kapakl\u0131 Mason Cam Kavanozlar (Toptan Sat\u0131\u015f)"},"content":{"rendered":"<p>Bu mason cam kavanozlar, kristal berrakl\u0131\u011f\u0131nda camdan yap\u0131lm\u0131\u015f orijinal yuvarlak kare \u015fekilli bir tasar\u0131ma ve g\u00fcm\u00fc\u015ften yap\u0131lm\u0131\u015f g\u00f6z al\u0131c\u0131 \u00e7elik vidal\u0131 kapa\u011fa sahiptir. Geni\u015f a\u011f\u0131zl\u0131 yap\u0131, standart bir vidal\u0131 kapa\u011fa ve d\u00fcz ve mat g\u00fcm\u00fc\u015f metal bir contaya sahiptir.<\/p>\n<h2>\u00dcr\u00fcn \u00d6zellikleri<\/h2>\n<ul>\n<li><strong>Klasik Vintage \u015eekil:<\/strong> K\u00f6\u015feleri kare, d\u00fcz silindir \u015fekli, klasik duvarc\u0131 \u015fekliyle ayn\u0131d\u0131r ve eski bir g\u00fczelli\u011fi, kolay ta\u015f\u0131nabilirli\u011fi, kullan\u0131m kolayl\u0131\u011f\u0131n\u0131 ve kolay tan\u0131nabilirli\u011fi bir araya getirir.<\/li>\n<li><strong>\u00c7oklu Kapasite Tasar\u0131m\u0131:<\/strong> \u00c7e\u015fitli k\u00fc\u00e7\u00fck porsiyonlama, g\u00fcnl\u00fck depolama ve b\u00fcy\u00fck kapasiteli depolama ihtiya\u00e7lar\u0131na uygun olarak mini, normal ve uzun boyutlarda sunulmaktad\u0131r.<\/li>\n<li><strong>\u00c7e\u015fitli Metal Kapak Se\u00e7enekleri:<\/strong> G\u00fcm\u00fc\u015f renkli, d\u00fcz veya havaland\u0131rmal\u0131 kapakl\u0131 se\u00e7enekleri bulunan bu \u00fcr\u00fcn, hem m\u00fckemmel s\u0131zd\u0131rmazl\u0131k performans\u0131 sunar hem de \u00e7e\u015fitli saklama ve kullan\u0131m ihtiya\u00e7lar\u0131na uyum sa\u011flar.<\/li>\n<\/ul>\n<h2><strong data-spm-anchor-id=\"5176.28103460.0.i14.29ab2e31M0MCxV\">Temel \u00d6zellikler<\/strong><\/h2>\n<table style=\"border-collapse: collapse; width: 80%; margin-left: auto; margin-right: auto;\" border=\"0\" width=\"360\" cellspacing=\"0\" cellpadding=\"0\">\n<tbody>\n<tr style=\"height: 13.50pt;\">\n<td style=\"height: 13.5pt; width: 54pt; text-align: center;\" width=\"72\" height=\"18\">\u00dcr\u00fcn<\/td>\n<td style=\"width: 54pt; text-align: center;\" width=\"72\">Kapasite(ml)<\/td>\n<td style=\"width: 54pt; text-align: center;\" width=\"72\">Boyut (cm)<\/td>\n<td style=\"width: 54pt; text-align: center;\" width=\"72\">Renk Se\u00e7enekleri<\/td>\n<\/tr>\n<tr style=\"height: 13.50pt;\">\n<td style=\"height: 13.5pt; text-align: center;\" align=\"right\" height=\"18\">63015001<\/td>\n<td style=\"text-align: center;\" align=\"right\">150<\/td>\n<td style=\"text-align: center;\">7.8&#215;7.8&#215;5.1<\/td>\n<td class=\"et2\" style=\"text-align: center;\" rowspan=\"7\">Temizle (\u00d6zel)<\/td>\n<\/tr>\n<tr style=\"height: 13.50pt;\">\n<td style=\"height: 13.5pt; text-align: center;\" align=\"right\" height=\"18\">63025002<\/td>\n<td style=\"text-align: center;\" align=\"right\">250<\/td>\n<td style=\"text-align: center;\">7.8&#215;7.8&#215;8.0<\/td>\n<\/tr>\n<tr style=\"height: 13.50pt;\">\n<td style=\"height: 13.5pt; text-align: center;\" align=\"right\" height=\"18\">63038003<\/td>\n<td style=\"text-align: center;\" align=\"right\">380<\/td>\n<td style=\"text-align: center;\">7.5&#215;7.5&#215;12.0<\/td>\n<\/tr>\n<tr style=\"height: 13.50pt;\">\n<td style=\"height: 13.5pt; text-align: center;\" align=\"right\" height=\"18\">63050004<\/td>\n<td style=\"text-align: center;\" align=\"right\">500<\/td>\n<td style=\"text-align: center;\">8.2&#215;8.2&#215;12.7<\/td>\n<\/tr>\n<tr style=\"height: 13.50pt;\">\n<td style=\"height: 13.5pt; text-align: center;\" align=\"right\" height=\"18\">63075005<\/td>\n<td style=\"text-align: center;\" align=\"right\">750<\/td>\n<td style=\"text-align: center;\">8.6&#215;8.6&#215;16.3<\/td>\n<\/tr>\n<tr style=\"height: 13.50pt;\">\n<td style=\"height: 13.5pt; text-align: center;\" align=\"right\" height=\"18\">63085006<\/td>\n<td style=\"text-align: center;\" align=\"right\">850<\/td>\n<td style=\"text-align: center;\">\u2014<\/td>\n<\/tr>\n<tr style=\"height: 13.50pt;\">\n<td style=\"height: 13.5pt; text-align: center;\" align=\"right\" height=\"18\">63100007<\/td>\n<td style=\"text-align: center;\" align=\"right\">1000<\/td>\n<td style=\"text-align: center;\">9.7&#215;9.7&#215;17.5<\/td>\n<\/tr>\n<\/tbody>\n<\/table>\n<h2>Ba\u015far\u0131 Hikayesi<\/h2>\n<p>Portland&#039;daki kahve kavurma firmalar\u0131ndan biri, \u00e7ok boyutlu cam kavanoz saklama kaplar\u0131m\u0131z\u0131 ve \u00fczerlerinde kahve \u00e7ekirde\u011fi desenleri bulunan ki\u015fiselle\u015ftirilmi\u015f kavanozlar\u0131m\u0131z\u0131 tercih etti. \u015eeffaf cam kavanozlar ayr\u0131ca kahve \u00e7ekirdeklerinin m\u00fckemmel bir \u015fekilde sergilenmesini sa\u011flayarak sat\u0131\u015flarda , tekrar sat\u0131n almalarda ise art\u0131\u015fa yol a\u00e7t\u0131. Ambalajdan o kadar memnun kald\u0131lar ki, yeni aromal\u0131 baharat ve perakende \u00e7ay \u00fcr\u00fcnleri serilerine uygun 250.000 adet cam kavanoz sipari\u015fi daha verdiler.<\/p>\n<h2>Mason Cam Kavanoz \u00d6zelle\u015ftirme Alternatifleri<\/h2>\n<ul>\n<li>Kare Kavanoz Tasar\u0131m\u0131: Perakende ve ev mutfaklar\u0131nda raf d\u00fczenlemesinin verimlili\u011fini art\u0131rmak i\u00e7in yerden tasarruf sa\u011flayan kare Mason cam kavanozlar tasarlay\u0131n.<\/li>\n<li>Kabartma: Kavanozlar\u0131n omuz k\u0131s\u0131mlar\u0131na dekoratif ba\u015f harfler veya desenler kabartma veya damgalama y\u00f6ntemiyle i\u015fleyin.<\/li>\n<li>Kapak Malzemesi: Plastik kapaklar, mantar kapaklar veya bambu kapaklar yerine metal kapaklar kullan\u0131labilir.<\/li>\n<\/ul>","protected":false},"excerpt":{"rendered":"<p>Geni\u015f a\u011f\u0131zl\u0131 ve dayan\u0131kl\u0131 kapakl\u0131, saklama ama\u00e7l\u0131 Mason cam kavanozlar. Paketleme ve d\u00fczenleme i\u00e7in m\u00fckemmel. Toptan indirimler ve do\u011frudan fabrika sat\u0131\u015f hizmeti.<\/p>","protected":false},"featured_media":25546,"template":"","meta":[],"product_brand":[],"product_cat":[125,124,122],"product_tag":[],"class_list":{"0":"post-21914","1":"product","2":"type-product","3":"status-publish","4":"has-post-thumbnail","6":"product_cat-mason-glass-jars","7":"product_cat-custom-glass-jars","8":"product_cat-custom-glass-packaging","10":"first","11":"instock","12":"shipping-taxable","13":"product-type-simple"},"jetpack_sharing_enabled":true,"_links":{"self":[{"href":"https:\/\/yebodaglass.com\/tr\/wp-json\/wp\/v2\/product\/21914","targetHints":{"allow":["GET"]}}],"collection":[{"href":"https:\/\/yebodaglass.com\/tr\/wp-json\/wp\/v2\/product"}],"about":[{"href":"https:\/\/yebodaglass.com\/tr\/wp-json\/wp\/v2\/types\/product"}],"version-history":[{"count":5,"href":"https:\/\/yebodaglass.com\/tr\/wp-json\/wp\/v2\/product\/21914\/revisions"}],"predecessor-version":[{"id":25545,"href":"https:\/\/yebodaglass.com\/tr\/wp-json\/wp\/v2\/product\/21914\/revisions\/25545"}],"wp:featuredmedia":[{"embeddable":true,"href":"https:\/\/yebodaglass.com\/tr\/wp-json\/wp\/v2\/media\/25546"}],"wp:attachment":[{"href":"https:\/\/yebodaglass.com\/tr\/wp-json\/wp\/v2\/media?parent=21914"}],"wp:term":[{"taxonomy":"product_brand","embeddable":true,"href":"https:\/\/yebodaglass.com\/tr\/wp-json\/wp\/v2\/product_brand?post=21914"},{"taxonomy":"product_cat","embeddable":true,"href":"https:\/\/yebodaglass.com\/tr\/wp-json\/wp\/v2\/product_cat?post=21914"},{"taxonomy":"product_tag","embeddable":true,"href":"https:\/\/yebodaglass.com\/tr\/wp-json\/wp\/v2\/product_tag?post=21914"}],"curies":[{"name":"wp","href":"https:\/\/api.w.org\/{rel}","templated":true}]}}