{"id":21833,"date":"2025-09-29T11:46:29","date_gmt":"2025-09-29T03:46:29","guid":{"rendered":"https:\/\/yebodaglass.com\/?post_type=product&#038;p=21833"},"modified":"2025-10-09T18:01:44","modified_gmt":"2025-10-09T10:01:44","slug":"custom-olive-oil-bottles-high-quality-glass-oil-bottles-for-wholesale","status":"publish","type":"product","link":"https:\/\/yebodaglass.com\/tr\/custom-olive-oil-bottles-high-quality-glass-oil-bottles-for-wholesale\/","title":{"rendered":"\u00d6zel 60-1000 ml \u015eeffaf Cam Zeytinya\u011f\u0131 \u015ei\u015feleri - Vidal\u0131 Kapakl\u0131 Kare \u015ei\u015feler"},"content":{"rendered":"<div data-elementor-type=\"product-post\" data-elementor-id=\"21833\" class=\"elementor elementor-21833\" data-elementor-settings=\"{&quot;ha_cmc_init_switcher&quot;:&quot;no&quot;}\" data-elementor-post-type=\"product\">\n\t\t\t\t<div class=\"elementor-element elementor-element-7cc6e53 e-flex e-con-boxed e-con e-parent\" data-id=\"7cc6e53\" data-element_type=\"container\" data-e-type=\"container\" data-settings=\"{&quot;_ha_eqh_enable&quot;:false}\">\n\t\t\t\t\t<div class=\"e-con-inner\">\n\t\t\t\t<div class=\"elementor-element elementor-element-b9ffd68 elementor-widget elementor-widget-text-editor\" data-id=\"b9ffd68\" data-element_type=\"widget\" data-e-type=\"widget\" data-widget_type=\"text-editor.default\">\n\t\t\t\t<div class=\"elementor-widget-container\">\n\t\t\t\t\t\t\t\t\t<p>Birinci s\u0131n\u0131f cam ambalajlar\u0131n \u00f6nde gelen bir \u00fcreticisi ve tedarik\u00e7isi olarak, ya\u011f markan\u0131z\u0131 \u00f6ne \u00e7\u0131karacak y\u00fcksek kaliteli \u00f6zel zeytinya\u011f\u0131 \u015fi\u015felerine olan ihtiyac\u0131n fark\u0131nday\u0131z. Toptan ve toplu sipari\u015fler i\u00e7in \u00e7ok y\u00f6nl\u00fcl\u00fck sunan s\u0131n\u0131f\u0131m\u0131z, zeytinya\u011f\u0131n\u0131z\u0131n safl\u0131\u011f\u0131n\u0131 sergilemek i\u00e7in \u015feffaf cam zeytinya\u011f\u0131 \u015fi\u015felerini sergilemek \u00fczere tasarlanm\u0131\u015ft\u0131r. \u0130ster standart bir ya\u011f da\u011f\u0131t\u0131c\u0131 \u015fi\u015feye ister tamamen \u00f6zel bir \u00e7\u00f6z\u00fcme ihtiyac\u0131n\u0131z olsun, cam \u015fi\u015felerimiz her kullan\u0131ma uygun bir\u00e7ok boyutta mevcuttur.<\/p><h2>\u00dcr\u00fcn \u00d6zellikleri<\/h2><ul><li><strong>Kare Modern Tasar\u0131m<\/strong>: \u00c7a\u011fda\u015f s\u0131n\u0131f b\u00fcy\u00fckl\u00fc\u011f\u00fc raf \u00e7ekicili\u011fini art\u0131r\u0131r ve yerden tasarruf sa\u011flar, bu da onu perakende i\u00e7in ideal hale getirir.<\/li><li><strong>G\u0131da S\u0131n\u0131f\u0131 \u015eeffaf Cam<\/strong>: Y\u00fcksek kaliteli ya\u011f \u015fi\u015fesi cam\u0131ndan \u00fcretilen bu \u00fcr\u00fcn, m\u00fc\u015fterilerin zeytinya\u011f\u0131n\u0131z\u0131n zengin rengini, yap\u0131s\u0131n\u0131, inanc\u0131n\u0131 ve iste\u011fini g\u00f6rmelerini sa\u011flar.<\/li><li><strong>G\u00fcvenli vida boynu<\/strong>: Metal veya plastik dahil olmak \u00fczere \u00e7e\u015fitli KAPAK se\u00e7enekleriyle uyumludur, kolay yerle\u015ftirme i\u00e7in s\u0131zd\u0131rmaz bir zeytinya\u011f\u0131 kab\u0131 sa\u011flar.<\/li><li><strong>\u00c7oklu kapasite se\u00e7enekleri<\/strong>: Numuneler i\u00e7in k\u00fc\u00e7\u00fck 60 ml \u015fi\u015felerden toplu kullan\u0131ma y\u00f6nelik b\u00fcy\u00fck 1000 ml boyutlar\u0131na kadar, farkl\u0131 gereksinimleri kar\u015f\u0131layacak esneklik sa\u011fl\u0131yoruz.<\/li><\/ul>\t\t\t\t\t\t\t\t<\/div>\n\t\t\t\t<\/div>\n\t\t\t\t<div class=\"elementor-element elementor-element-920ae84 elementor-widget elementor-widget-text-editor\" data-id=\"920ae84\" data-element_type=\"widget\" data-e-type=\"widget\" data-widget_type=\"text-editor.default\">\n\t\t\t\t<div class=\"elementor-widget-container\">\n\t\t\t\t\t\t\t\t\t<h2>Temel \u00d6zellikler:<\/h2><table border=\"0\" width=\"100%\" cellspacing=\"0\" cellpadding=\"0\"><tbody><tr><td class=\"et2\" style=\"text-align: center;\" colspan=\"4\" width=\"100%\" height=\"18\"><strong>Vidal\u0131 boyunlu kare \u015feffaf cam zeytinya\u011f\u0131 \u015fi\u015fesi<\/strong><\/td><\/tr><tr><td class=\"et2\" style=\"text-align: left;\" height=\"24\"><strong>Model<\/strong><\/td><td class=\"et2\" style=\"text-align: left;\"><strong>Kapasite\/ml<\/strong><\/td><td class=\"et2\" style=\"text-align: left;\"><strong>boyut\/cm<\/strong><\/td><td class=\"et2\" style=\"text-align: left;\"><strong>i\u00e7\/d\u0131\u015f \u00e7aplar\/mm<\/strong><\/td><\/tr><tr><td class=\"et2\" style=\"text-align: center;\" height=\"24\">11006001<\/td><td class=\"et2\">60<\/td><td class=\"et2\">3.5*3.5*12.4<\/td><td class=\"et2\">9.5*18<\/td><\/tr><tr><td class=\"et2\" style=\"text-align: center;\" height=\"18\">11010002<\/td><td class=\"et2\">100<\/td><td class=\"et2\">4.1*4.1*14.0<\/td><td class=\"et2\">13.5*24<\/td><\/tr><tr><td class=\"et2\" style=\"text-align: center;\" height=\"18\">11010003<\/td><td class=\"et2\">100<\/td><td class=\"et2\">4.3*4.3*14.0<\/td><td class=\"et2\">13.5*24<\/td><\/tr><tr><td class=\"et2\" style=\"text-align: center;\" height=\"20\">11015004<\/td><td class=\"et2\">150<\/td><td class=\"et2\">4.9*4.9*15.6<\/td><td class=\"et2\">19*30<\/td><\/tr><tr><td class=\"et2\" style=\"text-align: center;\" height=\"20\">11025005<\/td><td class=\"et2\">250<\/td><td class=\"et2\">4.7*4.7*21.0<\/td><td class=\"et2\">19*30<\/td><\/tr><tr><td class=\"et2\" style=\"text-align: center;\" height=\"20\">11050006<\/td><td class=\"et2\">500<\/td><td class=\"et2\">5.8*5.8*26.4<\/td><td class=\"et2\">19*30<\/td><\/tr><tr><td class=\"et2\" style=\"text-align: center;\" height=\"20\">11075007<\/td><td class=\"et2\">750<\/td><td class=\"et2\">6.5*6.5*30.2<\/td><td class=\"et2\">19*30<\/td><\/tr><tr><td class=\"et2\" style=\"text-align: center;\" height=\"20\">11100008<\/td><td class=\"et2\">1000<\/td><td class=\"et2\">7.4*7.4*30<\/td><td class=\"et2\">19*30<\/td><\/tr><\/tbody><\/table><p>Aksesuar Se\u00e7enekleri: Her \u015fi\u015fe, \u00e7e\u015fitli kapak tipleriyle (metal veya plastik), i\u00e7 contalarla, d\u00f6kme a\u011f\u0131zlar\u0131yla (ya\u011f da\u011f\u0131t\u0131c\u0131) ve d\u0131\u015f filmlerle uyumlu vidal\u0131 bir boyunla birlikte gelir. \u00d6zelle\u015ftirme se\u00e7enekleri aras\u0131nda kapaklar veya etiketler i\u00e7in renk varyasyonlar\u0131 bulunur.<\/p><h2>Vaka \u00c7al\u0131\u015fmas\u0131:<\/h2><p>Birinci s\u0131n\u0131f bir ya\u011f markas\u0131 olan m\u00fc\u015fterilerimizden biri, \u00f6zel zeytinya\u011f\u0131 \u015fi\u015felerimize ge\u00e7tikten sonra online sat\u0131\u015flar\u0131nda art\u0131\u015f g\u00f6rd\u00fc. \u00d6zel kapakl\u0131 ve ya\u011f da\u011f\u0131t\u0131c\u0131 a\u011f\u0131zl\u0131 500 ml kare cam zeytinya\u011f\u0131 \u015fi\u015fesinden toplu sipari\u015f verdi. \u015eeffaf cam ambalaj, \u00fcr\u00fcnlerinin kalitesini vurgulamaya yard\u0131mc\u0131 oldu ve g\u00fcvenilir kargo hizmetimiz, y\u0131lba\u015f\u0131 kampanyalar\u0131 i\u00e7in zaman\u0131nda teslimat\u0131 garantiledi.<\/p><h2>\u00d6zelle\u015ftirme \u0130pu\u00e7lar\u0131<\/h2><p>\u00d6ne \u00e7\u0131kmak isteyen markalar i\u00e7in, kapak rengini markan\u0131za uyacak \u015fekilde \u00f6zelle\u015ftirmenizi veya kontroll\u00fc d\u00f6kme i\u00e7in \u00f6zel bir ya\u011f da\u011f\u0131t\u0131c\u0131s\u0131 eklemenizi \u00f6neririz. Toplu sipari\u015flerde toptan sat\u0131\u015f indirimleri mevcuttur ve sipari\u015f vermeden \u00f6nce cam ya\u011f \u015fi\u015fesini kapakla birlikte test etmeniz i\u00e7in \u00fccretsiz bir numune program\u0131 sunuyoruz. \u00d6zel hizmetlerimiz aras\u0131nda logo bask\u0131s\u0131 ve boyut ayarlamalar\u0131 yer almaktad\u0131r; ihtiyac\u0131n\u0131z\u0131 bize bildirmeniz yeterlidir.<\/p><p><strong>Sipari\u015f Bilgileri<\/strong>H\u0131zl\u0131 kargo ve teslimat i\u00e7in sipari\u015finizi bug\u00fcn verin. Bu cam zeytinya\u011f\u0131 \u015fi\u015feleri, her t\u00fcrl\u00fc ya\u011f \u015fi\u015fesi uygulamas\u0131 i\u00e7in m\u00fckemmel olan \u015feffaf kaplamada mevcuttur.<\/p>\t\t\t\t\t\t\t\t<\/div>\n\t\t\t\t<\/div>\n\t\t\t\t\t<\/div>\n\t\t\t\t<\/div>\n\t\t\t\t<\/div>","protected":false},"excerpt":{"rendered":"<p>\u7ecf\u6d4e\u548c\u73af\u5883\u89c2\u70b9\uff1a<\/p>","protected":false},"featured_media":21837,"template":"","meta":[],"product_brand":[],"product_cat":[122,123],"product_tag":[],"class_list":{"0":"post-21833","1":"product","2":"type-product","3":"status-publish","4":"has-post-thumbnail","6":"product_cat-custom-glass-packaging","7":"product_cat-custom-glass-bottles","9":"first","10":"instock","11":"shipping-taxable","12":"product-type-simple"},"jetpack_sharing_enabled":true,"_links":{"self":[{"href":"https:\/\/yebodaglass.com\/tr\/wp-json\/wp\/v2\/product\/21833","targetHints":{"allow":["GET"]}}],"collection":[{"href":"https:\/\/yebodaglass.com\/tr\/wp-json\/wp\/v2\/product"}],"about":[{"href":"https:\/\/yebodaglass.com\/tr\/wp-json\/wp\/v2\/types\/product"}],"version-history":[{"count":5,"href":"https:\/\/yebodaglass.com\/tr\/wp-json\/wp\/v2\/product\/21833\/revisions"}],"predecessor-version":[{"id":21848,"href":"https:\/\/yebodaglass.com\/tr\/wp-json\/wp\/v2\/product\/21833\/revisions\/21848"}],"wp:featuredmedia":[{"embeddable":true,"href":"https:\/\/yebodaglass.com\/tr\/wp-json\/wp\/v2\/media\/21837"}],"wp:attachment":[{"href":"https:\/\/yebodaglass.com\/tr\/wp-json\/wp\/v2\/media?parent=21833"}],"wp:term":[{"taxonomy":"product_brand","embeddable":true,"href":"https:\/\/yebodaglass.com\/tr\/wp-json\/wp\/v2\/product_brand?post=21833"},{"taxonomy":"product_cat","embeddable":true,"href":"https:\/\/yebodaglass.com\/tr\/wp-json\/wp\/v2\/product_cat?post=21833"},{"taxonomy":"product_tag","embeddable":true,"href":"https:\/\/yebodaglass.com\/tr\/wp-json\/wp\/v2\/product_tag?post=21833"}],"curies":[{"name":"wp","href":"https:\/\/api.w.org\/{rel}","templated":true}]}}