{"id":17341,"date":"2025-07-18T12:13:20","date_gmt":"2025-07-18T04:13:20","guid":{"rendered":"https:\/\/yebodaglass.com\/?post_type=product&#038;p=17341"},"modified":"2026-03-25T13:47:20","modified_gmt":"2026-03-25T05:47:20","slug":"toptan-32-oz-seffaf-cam-sallanan-ust-siseler","status":"publish","type":"product","link":"https:\/\/yebodaglass.com\/tr\/toptan-32-oz-seffaf-cam-sallanan-ust-siseler\/","title":{"rendered":"Toptan 32 oz \u015eeffaf Cam Sal\u0131ncakl\u0131 Kapakl\u0131 \u015ei\u015feler"},"content":{"rendered":"<p>Hava ge\u00e7irmez ve s\u0131zd\u0131rmaz bir conta olu\u015fturan sa\u011flam vidal\u0131 kapakl\u0131, sallanan kapakl\u0131 32 oz \u015feffaf cam \u015fi\u015felerimizden olu\u015fan \u00fcr\u00fcn yelpazemiz! Bu cam \u015fi\u015feler, i\u00e7eriklerinizi taze ve iyi durumda tutar. \u0130ster amat\u00f6r ister profesyonel bir \u00fcretici olun, cam vidal\u0131 kapakl\u0131 \u015fi\u015felerimiz \u00e7ok \u00e7e\u015fitli s\u0131v\u0131lar\u0131 saklamak ve sergilemek i\u00e7in \u015f\u0131k ve pratik bir \u00e7\u00f6z\u00fcmd\u00fcr.<\/p>\n<h2>\u00d6ne \u00e7\u0131kanlar<\/h2>\n<ul>\n<li style=\"text-align: left;\"><strong>Vidal\u0131 Kapakl\u0131 S\u0131zd\u0131rmazl\u0131k:<\/strong> Kau\u00e7uk t\u0131pa, dayan\u0131kl\u0131 ve tekrar kullan\u0131labilir bir s\u0131zd\u0131rmazl\u0131k sa\u011flamak i\u00e7in tel \u00f6rg\u00fc ile s\u0131k\u0131ca sabitlenmi\u015ftir.<\/li>\n<li style=\"text-align: left;\"><strong>Y\u00fcksek \u015eeffafl\u0131kta Cam:<\/strong> Barda\u011f\u0131n g\u00f6vdesi sayesinde i\u00e7ece\u011finizin rengini ve gaz oran\u0131n\u0131 net bir \u015fekilde g\u00f6rebilirsiniz.<\/li>\n<li style=\"text-align: left;\"><strong>Uzun \u00d6m\u00fcrl\u00fc Metal Ba\u011flant\u0131 Par\u00e7alar\u0131:<\/strong> Seramik\/plastik t\u0131pa ve metal tel \u00f6rg\u00fc dayan\u0131kl\u0131d\u0131r ve uzun s\u00fcre boyunca tekrar tekrar kullan\u0131labilir.<\/li>\n<\/ul>\n<h2 style=\"text-align: left;\">Temel \u00d6zellikler<\/h2>\n<table class=\"aligncenter\" style=\"border-collapse: collapse; width: 565.52pt;\" border=\"0\" width=\"754\" cellspacing=\"0\" cellpadding=\"0\">\n<tbody>\n<tr style=\"height: 13.50pt;\">\n<td style=\"height: 13.50pt; width: 121.50pt;\" width=\"162\" height=\"18\">\u015eartname<\/td>\n<td style=\"width: 444.00pt;\" width=\"592\">Detaylar<\/td>\n<\/tr>\n<tr style=\"height: 13.50pt;\">\n<td style=\"height: 13.50pt;\" height=\"18\">Kapasite<\/td>\n<td>32 oz \/ 1000 ml<\/td>\n<\/tr>\n<tr style=\"height: 13.50pt;\">\n<td style=\"height: 13.50pt;\" height=\"18\">Paketleme boyutu<\/td>\n<td>7,3 in\u00e7 \u00d7 7,3 in\u00e7 \u00d7 12,4 in\u00e7 (U \u00d7 G \u00d7 Y)\/kutu ba\u015f\u0131na 4 adet<\/td>\n<\/tr>\n<tr style=\"height: 13.50pt;\">\n<td style=\"height: 13.50pt;\" height=\"18\">Malzeme<\/td>\n<td>Kur\u015funsuz cam<\/td>\n<\/tr>\n<tr style=\"height: 13.50pt;\">\n<td style=\"height: 13.50pt;\" height=\"18\">Kapak Tipi<\/td>\n<td>Beyaz t\u0131pa, k\u0131rm\u0131z\u0131 kau\u00e7uk conta ve metal tel kelep\u00e7eli a\u00e7\u0131l\u0131r \u00fcst kapak<\/td>\n<\/tr>\n<tr style=\"height: 13.50pt;\">\n<td style=\"height: 13.50pt;\" height=\"18\">\u00d6nerilen Kullan\u0131mlar<\/td>\n<td>Ev yap\u0131m\u0131 i\u00e7ecekleri, ya\u011flar\u0131, sirkeyi, soslar\u0131 ve el i\u015fi \u00fcr\u00fcnlerini saklamak i\u00e7in idealdir<\/td>\n<\/tr>\n<\/tbody>\n<\/table>\n<h2>Ba\u015far\u0131 Hikayesi<\/h2>\n<p>32 oz&#039;luk, sallan\u0131r kapakl\u0131 cam \u015fi\u015femiz, \u00f6zel bask\u0131l\u0131 Art Deco etiketlerimiz ve \u00f6zel renkli (ye\u015fil) kau\u00e7uk contalar\u0131m\u0131z, Orta Bat\u0131&#039;da faaliyet g\u00f6steren bir butik gazl\u0131 i\u00e7ecek \u015firketi taraf\u0131ndan se\u00e7ildi. Gazl\u0131 i\u00e7ecek, ,8 oran\u0131nda s\u0131zd\u0131rmazl\u0131k sa\u011flayan klipsli kapakla tamamen kapat\u0131l\u0131yor ve conta, \u015fi\u015feleme \u015firketine \u015fi\u015fe ba\u015f\u0131na 1 dolar ek maliyet getiren \u00f6zel ye\u015fil camdan yap\u0131l\u0131yor. \u015eirket b\u00fcy\u00fck bir ba\u015far\u0131 elde etti ve ard\u0131ndan yeni \u00fcretilen butik kokteyl \u00e7alkalay\u0131c\u0131 ve i\u00e7me sirkesi serisinden 150.000 \u015fi\u015fe sipari\u015f verdi.<\/p>\n<h2>\u00d6zel Tasar\u0131m Cam Kapakl\u0131 \u015ei\u015feler<\/h2>\n<ul>\n<li>Klips ve Tel Malzemeleri: Metal bile\u015fenler galvanizli \u00e7elik, siyah, bak\u0131r veya pirin\u00e7ten \u00fcretilir.<\/li>\n<li>\u015ei\u015fe T\u0131palar\u0131 ve Contalar\u0131n\u0131n Renkleri: Herhangi bir marka renginde \u015fi\u015fe t\u0131palar\u0131 (seramik veya plastik) ve contalar.<\/li>\n<li>Boyut Aral\u0131\u011f\u0131: \u015ei\u015feler 8 oz, 16 oz, 25 oz ve 32 oz olmak \u00fczere 4 farkl\u0131 boyutta sat\u0131\u015fa sunulacakt\u0131r.<\/li>\n<\/ul>","protected":false},"excerpt":{"rendered":"<p>Hava ge\u00e7irmez contal\u0131 ve dayan\u0131kl\u0131 cam tasar\u0131ml\u0131 cam \u015fi\u015feler. Gazl\u0131 i\u00e7ecekler ve meyve sular\u0131 i\u00e7in m\u00fckemmeldir. Kalite testi i\u00e7in \u00fccretsiz numuneler mevcuttur.<\/p>","protected":false},"featured_media":17359,"template":"","meta":[],"product_brand":[],"product_cat":[81,80,20],"product_tag":[],"class_list":{"0":"post-17341","1":"product","2":"type-product","3":"status-publish","4":"has-post-thumbnail","6":"product_cat-flip-top-bottles","7":"product_cat-glass-bottles","8":"product_cat-glass-containers","10":"first","11":"instock","12":"shipping-taxable","13":"product-type-grouped"},"jetpack_sharing_enabled":true,"_links":{"self":[{"href":"https:\/\/yebodaglass.com\/tr\/wp-json\/wp\/v2\/product\/17341","targetHints":{"allow":["GET"]}}],"collection":[{"href":"https:\/\/yebodaglass.com\/tr\/wp-json\/wp\/v2\/product"}],"about":[{"href":"https:\/\/yebodaglass.com\/tr\/wp-json\/wp\/v2\/types\/product"}],"version-history":[{"count":5,"href":"https:\/\/yebodaglass.com\/tr\/wp-json\/wp\/v2\/product\/17341\/revisions"}],"predecessor-version":[{"id":25600,"href":"https:\/\/yebodaglass.com\/tr\/wp-json\/wp\/v2\/product\/17341\/revisions\/25600"}],"wp:featuredmedia":[{"embeddable":true,"href":"https:\/\/yebodaglass.com\/tr\/wp-json\/wp\/v2\/media\/17359"}],"wp:attachment":[{"href":"https:\/\/yebodaglass.com\/tr\/wp-json\/wp\/v2\/media?parent=17341"}],"wp:term":[{"taxonomy":"product_brand","embeddable":true,"href":"https:\/\/yebodaglass.com\/tr\/wp-json\/wp\/v2\/product_brand?post=17341"},{"taxonomy":"product_cat","embeddable":true,"href":"https:\/\/yebodaglass.com\/tr\/wp-json\/wp\/v2\/product_cat?post=17341"},{"taxonomy":"product_tag","embeddable":true,"href":"https:\/\/yebodaglass.com\/tr\/wp-json\/wp\/v2\/product_tag?post=17341"}],"curies":[{"name":"wp","href":"https:\/\/api.w.org\/{rel}","templated":true}]}}