{"id":17310,"date":"2025-07-18T10:36:56","date_gmt":"2025-07-18T02:36:56","guid":{"rendered":"https:\/\/yebodaglass.com\/?post_type=product&#038;p=17310"},"modified":"2025-09-15T11:20:29","modified_gmt":"2025-09-15T03:20:29","slug":"dokme-olarak-seffaf-16-oz-kapakli-siseler","status":"publish","type":"product","link":"https:\/\/yebodaglass.com\/tr\/dokme-olarak-seffaf-16-oz-kapakli-siseler\/","title":{"rendered":"Toplu Olarak 16 oz \u015eeffaf Kapakl\u0131 \u015ei\u015feler"},"content":{"rendered":"<div data-elementor-type=\"wp-post\" data-elementor-id=\"17310\" class=\"elementor elementor-17310\" data-elementor-settings=\"{&quot;ha_cmc_init_switcher&quot;:&quot;no&quot;}\" data-elementor-post-type=\"product\">\n\t\t\t\t<div class=\"elementor-element elementor-element-bb0d695 e-flex e-con-boxed e-con e-parent\" data-id=\"bb0d695\" data-element_type=\"container\" data-e-type=\"container\" data-settings=\"{&quot;_ha_eqh_enable&quot;:false}\">\n\t\t\t\t\t<div class=\"e-con-inner\">\n\t\t\t\t<div class=\"elementor-element elementor-element-732f179 elementor-widget elementor-widget-text-editor\" data-id=\"732f179\" data-element_type=\"widget\" data-e-type=\"widget\" data-widget_type=\"text-editor.default\">\n\t\t\t\t<div class=\"elementor-widget-container\">\n\t\t\t\t\t\t\t\t\t<p>16 oz&#039;luk kapakl\u0131 \u015fi\u015felerimiz, g\u00fcvenli ve dayan\u0131kl\u0131 bir s\u0131zd\u0131rmazl\u0131k sa\u011flayacak \u015fekilde tasarlanm\u0131\u015ft\u0131r. Y\u00fcksek kaliteli \u015feffaf camdan \u00fcretilen \u015fi\u015felerin i\u00e7indekileri net bir \u015fekilde g\u00f6rebilirsiniz. K\u0131rm\u0131z\u0131 kau\u00e7uk contal\u0131 rafine \u00e7elik kapak, \u015fi\u015feyi g\u00fcvenli bir \u015fekilde kilitleyerek gazl\u0131 i\u00e7eceklerde bile iyi bir s\u0131zd\u0131rmazl\u0131k sa\u011flar.<\/p>\t\t\t\t\t\t\t\t<\/div>\n\t\t\t\t<\/div>\n\t\t\t\t<div class=\"elementor-element elementor-element-54c8d6c elementor-widget elementor-widget-heading\" data-id=\"54c8d6c\" data-element_type=\"widget\" data-e-type=\"widget\" data-widget_type=\"heading.default\">\n\t\t\t\t<div class=\"elementor-widget-container\">\n\t\t\t\t\t<h2 class=\"elementor-heading-title elementor-size-default\">Temel \u00d6zellikler<\/h2>\t\t\t\t<\/div>\n\t\t\t\t<\/div>\n\t\t\t\t<div class=\"elementor-element elementor-element-14509d8 elementor-widget elementor-widget-text-editor\" data-id=\"14509d8\" data-element_type=\"widget\" data-e-type=\"widget\" data-widget_type=\"text-editor.default\">\n\t\t\t\t<div class=\"elementor-widget-container\">\n\t\t\t\t\t\t\t\t\t<table class=\"aligncenter\" style=\"border-collapse: collapse; width: 485.27pt;\" border=\"0\" width=\"647\" cellspacing=\"0\" cellpadding=\"0\"><tbody><tr style=\"height: 13.50pt;\"><td class=\"et2\" style=\"height: 13.50pt; width: 107.25pt;\" width=\"143\" height=\"18\">\u015eartname<\/td><td class=\"et2\" style=\"width: 378.00pt;\" width=\"504\">Detaylar<\/td><\/tr><tr style=\"height: 13.50pt;\"><td class=\"et2\" style=\"height: 13.50pt; width: 107.25pt;\" width=\"143\" height=\"18\">Kapasite<\/td><td class=\"et2\" style=\"width: 378.00pt;\" width=\"504\">16 oz\/500 ml<\/td><\/tr><tr style=\"height: 13.50pt;\"><td class=\"et2\" style=\"height: 13.50pt; width: 107.25pt;\" width=\"143\" height=\"18\">Paketleme boyutu<\/td><td class=\"et2\" style=\"width: 378.00pt;\" width=\"504\">9,3 \u00d7 6,3 \u00d7 10,6 in\u00e7\/kutu ba\u015f\u0131na 6 adet<\/td><\/tr><tr style=\"height: 13.50pt;\"><td class=\"et2\" style=\"height: 13.50pt; width: 107.25pt;\" width=\"143\" height=\"18\">Malzeme<\/td><td class=\"et2\" style=\"width: 378.00pt;\" width=\"504\">Kur\u015funsuz cam<\/td><\/tr><tr style=\"height: 27.00pt;\"><td class=\"et2\" style=\"height: 27.00pt; width: 107.25pt;\" width=\"143\" height=\"36\">\u015ei\u015fe A\u00e7\u0131klamas\u0131<\/td><td class=\"et2\" style=\"width: 378.00pt;\" width=\"504\">\u0130nce boyunlu, sivri omuzlu ve silindirik g\u00f6vdeli \u015feffaf cam \u015fi\u015fe<\/td><\/tr><tr style=\"height: 27.00pt;\"><td class=\"et2\" style=\"height: 27.00pt; width: 107.25pt;\" width=\"143\" height=\"36\">S\u0131zd\u0131rmazl\u0131k Performans\u0131<\/td><td class=\"et2\" style=\"width: 378.00pt;\" width=\"504\">Tazeli\u011fi korumak i\u00e7in g\u00fcvenli ve hava ge\u00e7irmez kapatma<\/td><\/tr><\/tbody><\/table>\t\t\t\t\t\t\t\t<\/div>\n\t\t\t\t<\/div>\n\t\t\t\t\t<\/div>\n\t\t\t\t<\/div>\n\t\t<div class=\"elementor-element elementor-element-55e31eb e-flex e-con-boxed e-con e-parent\" data-id=\"55e31eb\" data-element_type=\"container\" data-e-type=\"container\" data-settings=\"{&quot;_ha_eqh_enable&quot;:false}\">\n\t\t\t\t\t<div class=\"e-con-inner\">\n\t\t\t\t<div class=\"elementor-element elementor-element-fc0900e elementor-widget elementor-widget-heading\" data-id=\"fc0900e\" data-element_type=\"widget\" data-e-type=\"widget\" data-widget_type=\"heading.default\">\n\t\t\t\t<div class=\"elementor-widget-container\">\n\t\t\t\t\t<h2 class=\"elementor-heading-title elementor-size-default\">\u00d6ne \u00e7\u0131kanlar<\/h2>\t\t\t\t<\/div>\n\t\t\t\t<\/div>\n\t\t\t\t\t<\/div>\n\t\t\t\t<\/div>\n\t\t<div class=\"elementor-element elementor-element-723cd80 e-flex e-con-boxed e-con e-parent\" data-id=\"723cd80\" data-element_type=\"container\" data-e-type=\"container\" data-settings=\"{&quot;_ha_eqh_enable&quot;:false}\">\n\t\t\t\t\t<div class=\"e-con-inner\">\n\t\t<div class=\"elementor-element elementor-element-bf4cb81 e-con-full e-flex e-con e-child\" data-id=\"bf4cb81\" data-element_type=\"container\" data-e-type=\"container\" data-settings=\"{&quot;_ha_eqh_enable&quot;:false}\">\n\t\t\t\t<div class=\"elementor-element elementor-element-202a3f6 elementor-widget elementor-widget-image\" data-id=\"202a3f6\" data-element_type=\"widget\" data-e-type=\"widget\" data-widget_type=\"image.default\">\n\t\t\t\t<div class=\"elementor-widget-container\">\n\t\t\t\t\t\t\t\t\t\t\t\t\t\t\t<img decoding=\"async\" src=\"https:\/\/yebodaglass.com\/wp-content\/uploads\/elementor\/thumbs\/500ml-\u573a\u666f\u56fe-\u62f7\u8d1d_\u526f\u672c-\u62f7\u8d1d-12-r8x8o0auzi7sairwp89eg4jh2d1pxp211p30q4t0gw.webp\" title=\"YEBODA 16 oz Flip Top \u015ei\u015feler Toplu Sat\u0131\u015fta\" alt=\"YEBODA 16 oz Flip Top \u015ei\u015feler Toplu Sat\u0131\u015fta\" loading=\"lazy\" \/>\t\t\t\t\t\t\t\t\t\t\t\t\t\t\t<\/div>\n\t\t\t\t<\/div>\n\t\t\t\t<div class=\"elementor-element elementor-element-fc1fd2d elementor-widget elementor-widget-text-editor\" data-id=\"fc1fd2d\" data-element_type=\"widget\" data-e-type=\"widget\" data-widget_type=\"text-editor.default\">\n\t\t\t\t<div class=\"elementor-widget-container\">\n\t\t\t\t\t\t\t\t\t<p>Hava Ge\u00e7irmez Sal\u0131ncakl\u0131 Kapak: S\u0131z\u0131nt\u0131ya kar\u015f\u0131 s\u0131zd\u0131rmazl\u0131k sa\u011flayan, s\u0131v\u0131y\u0131 tutmak i\u00e7in ideal olan sabit bir sal\u0131ncakl\u0131 kapakla donat\u0131lm\u0131\u015ft\u0131r.<\/p>\t\t\t\t\t\t\t\t<\/div>\n\t\t\t\t<\/div>\n\t\t\t\t<\/div>\n\t\t<div class=\"elementor-element elementor-element-73418b7 e-con-full e-flex e-con e-child\" data-id=\"73418b7\" data-element_type=\"container\" data-e-type=\"container\" data-settings=\"{&quot;_ha_eqh_enable&quot;:false}\">\n\t\t\t\t<div class=\"elementor-element elementor-element-490e976 elementor-widget elementor-widget-image\" data-id=\"490e976\" data-element_type=\"widget\" data-e-type=\"widget\" data-widget_type=\"image.default\">\n\t\t\t\t<div class=\"elementor-widget-container\">\n\t\t\t\t\t\t\t\t\t\t\t\t\t\t\t<img decoding=\"async\" src=\"https:\/\/yebodaglass.com\/wp-content\/uploads\/elementor\/thumbs\/89-\u62f7\u8d1d-r8x8nzd0so6hywt9upurvms0gz6cpzyapkfj8uuen4.webp\" title=\"YEBODA 16 oz Flip Top \u015ei\u015feler Toplu Sat\u0131\u015fta\" alt=\"YEBODA 16 oz Flip Top \u015ei\u015feler Toplu Sat\u0131\u015fta\" loading=\"lazy\" \/>\t\t\t\t\t\t\t\t\t\t\t\t\t\t\t<\/div>\n\t\t\t\t<\/div>\n\t\t\t\t<div class=\"elementor-element elementor-element-28d6163 elementor-widget elementor-widget-text-editor\" data-id=\"28d6163\" data-element_type=\"widget\" data-e-type=\"widget\" data-widget_type=\"text-editor.default\">\n\t\t\t\t<div class=\"elementor-widget-container\">\n\t\t\t\t\t\t\t\t\t<p>Aerodinamik Dar Boyun Tasar\u0131m\u0131: \u0130nce boyun ve konik \u015fekli, d\u00f6kmeyi kontroll\u00fc ve rahat hale getirirken ayn\u0131 zamanda \u015fi\u015feye zarif bir g\u00f6r\u00fcn\u00fcm kazand\u0131r\u0131r.<\/p>\t\t\t\t\t\t\t\t<\/div>\n\t\t\t\t<\/div>\n\t\t\t\t<\/div>\n\t\t\t\t\t<\/div>\n\t\t\t\t<\/div>\n\t\t<div class=\"elementor-element elementor-element-523cc7f e-flex e-con-boxed e-con e-parent\" data-id=\"523cc7f\" data-element_type=\"container\" data-e-type=\"container\" data-settings=\"{&quot;_ha_eqh_enable&quot;:false}\">\n\t\t\t\t\t<div class=\"e-con-inner\">\n\t\t<div class=\"elementor-element elementor-element-744006f e-con-full e-flex e-con e-child\" data-id=\"744006f\" data-element_type=\"container\" data-e-type=\"container\" data-settings=\"{&quot;_ha_eqh_enable&quot;:false}\">\n\t\t\t\t<div class=\"elementor-element elementor-element-9ce8179 elementor-widget elementor-widget-image\" data-id=\"9ce8179\" data-element_type=\"widget\" data-e-type=\"widget\" data-widget_type=\"image.default\">\n\t\t\t\t<div class=\"elementor-widget-container\">\n\t\t\t\t\t\t\t\t\t\t\t\t\t\t\t<img decoding=\"async\" src=\"https:\/\/yebodaglass.com\/wp-content\/uploads\/elementor\/thumbs\/36-r8x8nyf6lu57naun07g5b50jvlaziaukdfs1rkvstc.jpg\" title=\"YEBODA 16 oz Flip Top \u015ei\u015feler Toplu Sat\u0131\u015fta\" alt=\"YEBODA 16 oz Flip Top \u015ei\u015feler Toplu Sat\u0131\u015fta\" loading=\"lazy\" \/>\t\t\t\t\t\t\t\t\t\t\t\t\t\t\t<\/div>\n\t\t\t\t<\/div>\n\t\t\t\t<div class=\"elementor-element elementor-element-78c6605 elementor-widget elementor-widget-text-editor\" data-id=\"78c6605\" data-element_type=\"widget\" data-e-type=\"widget\" data-widget_type=\"text-editor.default\">\n\t\t\t\t<div class=\"elementor-widget-container\">\n\t\t\t\t\t\t\t\t\t<p>Dayan\u0131kl\u0131 \u015eeffaf Cam: Kal\u0131n, \u015feffaf camdan yap\u0131lm\u0131\u015ft\u0131r, sa\u011flamd\u0131r ve i\u00e7eri\u011fin temiz bir \u015fekilde g\u00f6r\u00fcnt\u00fclenmesini sa\u011flar.<\/p>\t\t\t\t\t\t\t\t<\/div>\n\t\t\t\t<\/div>\n\t\t\t\t<\/div>\n\t\t<div class=\"elementor-element elementor-element-8519877 e-con-full e-flex e-con e-child\" data-id=\"8519877\" data-element_type=\"container\" data-e-type=\"container\" data-settings=\"{&quot;_ha_eqh_enable&quot;:false}\">\n\t\t\t\t<div class=\"elementor-element elementor-element-7d08a07 elementor-widget elementor-widget-image\" data-id=\"7d08a07\" data-element_type=\"widget\" data-e-type=\"widget\" data-widget_type=\"image.default\">\n\t\t\t\t<div class=\"elementor-widget-container\">\n\t\t\t\t\t\t\t\t\t\t\t\t\t\t\t<img decoding=\"async\" src=\"https:\/\/yebodaglass.com\/wp-content\/uploads\/elementor\/thumbs\/897-r8x8o26jd6acxqp6e92nl42e94sgd39hpydzooq84g.jpg\" title=\"YEBODA 16 oz Flip Top \u015ei\u015feler Toplu Sat\u0131\u015fta\" alt=\"YEBODA 16 oz Flip Top \u015ei\u015feler Toplu Sat\u0131\u015fta\" loading=\"lazy\" \/>\t\t\t\t\t\t\t\t\t\t\t\t\t\t\t<\/div>\n\t\t\t\t<\/div>\n\t\t\t\t<div class=\"elementor-element elementor-element-dca6cea elementor-widget elementor-widget-text-editor\" data-id=\"dca6cea\" data-element_type=\"widget\" data-e-type=\"widget\" data-widget_type=\"text-editor.default\">\n\t\t\t\t<div class=\"elementor-widget-container\">\n\t\t\t\t\t\t\t\t\t<p>\u00c7ok Y\u00f6nl\u00fc ve Tekrar Kullan\u0131labilir: Ev yap\u0131m\u0131 s\u0131v\u0131lar\u0131, soslar\u0131 veya ya\u011flar\u0131 saklamak i\u00e7in m\u00fckemmeldir ve s\u00fcrd\u00fcr\u00fclebilir s\u0131radan kullan\u0131m i\u00e7in tekrar kullan\u0131labilir.<\/p>\t\t\t\t\t\t\t\t<\/div>\n\t\t\t\t<\/div>\n\t\t\t\t<\/div>\n\t\t\t\t\t<\/div>\n\t\t\t\t<\/div>\n\t\t<div class=\"elementor-element elementor-element-88b472e e-con-full e-flex e-con e-parent\" data-id=\"88b472e\" data-element_type=\"container\" data-e-type=\"container\" data-settings=\"{&quot;_ha_eqh_enable&quot;:false}\">\n\t\t\t\t<div class=\"elementor-element elementor-element-3582c55 elementor-widget elementor-widget-text-editor\" data-id=\"3582c55\" data-element_type=\"widget\" data-e-type=\"widget\" data-widget_type=\"text-editor.default\">\n\t\t\t\t<div class=\"elementor-widget-container\">\n\t\t\t\t\t\t\t\t\t<p>\u00a0 \u00a0 \u00a0 \u00a0 \u00a0 \u00a0 \u00a0 \u00a0 \u00a0 \u00a0 \u00a0 \u00a0 <img fetchpriority=\"high\" decoding=\"async\" class=\"alignnone wp-image-16229\" src=\"https:\/\/yebodaglass.com\/wp-content\/uploads\/2025\/07\/d1ad5ea8ed4fd82e283a3a35878dd5c.png\" alt=\"\" width=\"240\" height=\"240\" srcset=\"https:\/\/yebodaglass.com\/wp-content\/uploads\/2025\/07\/d1ad5ea8ed4fd82e283a3a35878dd5c.png 220w, https:\/\/yebodaglass.com\/wp-content\/uploads\/2025\/07\/d1ad5ea8ed4fd82e283a3a35878dd5c-100x100.png 100w, https:\/\/yebodaglass.com\/wp-content\/uploads\/2025\/07\/d1ad5ea8ed4fd82e283a3a35878dd5c-150x150.png 150w, https:\/\/yebodaglass.com\/wp-content\/uploads\/2025\/07\/d1ad5ea8ed4fd82e283a3a35878dd5c-12x12.png 12w\" sizes=\"(max-width: 240px) 100vw, 240px\" \/>\u00a0 \u00a0 \u00a0 \u00a0 \u00a0<img decoding=\"async\" class=\"alignnone wp-image-16228\" src=\"https:\/\/yebodaglass.com\/wp-content\/uploads\/2025\/07\/4679f61166f64c6045dbc74c130db9a.png\" alt=\"\" width=\"240\" height=\"240\" srcset=\"https:\/\/yebodaglass.com\/wp-content\/uploads\/2025\/07\/4679f61166f64c6045dbc74c130db9a.png 220w, https:\/\/yebodaglass.com\/wp-content\/uploads\/2025\/07\/4679f61166f64c6045dbc74c130db9a-100x100.png 100w, https:\/\/yebodaglass.com\/wp-content\/uploads\/2025\/07\/4679f61166f64c6045dbc74c130db9a-150x150.png 150w, https:\/\/yebodaglass.com\/wp-content\/uploads\/2025\/07\/4679f61166f64c6045dbc74c130db9a-12x12.png 12w\" sizes=\"(max-width: 240px) 100vw, 240px\" \/>\u00a0 \u00a0 \u00a0 \u00a0 \u00a0 <img decoding=\"async\" class=\"alignnone wp-image-16230\" src=\"https:\/\/yebodaglass.com\/wp-content\/uploads\/2025\/07\/e59283ab6cb2ed3c93ba4f8a33db2ff.png\" alt=\"\" width=\"240\" height=\"240\" srcset=\"https:\/\/yebodaglass.com\/wp-content\/uploads\/2025\/07\/e59283ab6cb2ed3c93ba4f8a33db2ff.png 220w, https:\/\/yebodaglass.com\/wp-content\/uploads\/2025\/07\/e59283ab6cb2ed3c93ba4f8a33db2ff-100x100.png 100w, https:\/\/yebodaglass.com\/wp-content\/uploads\/2025\/07\/e59283ab6cb2ed3c93ba4f8a33db2ff-150x150.png 150w, https:\/\/yebodaglass.com\/wp-content\/uploads\/2025\/07\/e59283ab6cb2ed3c93ba4f8a33db2ff-12x12.png 12w\" sizes=\"(max-width: 240px) 100vw, 240px\" \/>\u00a0 \u00a0 \u00a0 <img loading=\"lazy\" decoding=\"async\" class=\"alignnone wp-image-16227\" src=\"https:\/\/yebodaglass.com\/wp-content\/uploads\/2025\/07\/8b499cc8b9c63806f1b8b3d5aa03275.png\" alt=\"\" width=\"240\" height=\"240\" srcset=\"https:\/\/yebodaglass.com\/wp-content\/uploads\/2025\/07\/8b499cc8b9c63806f1b8b3d5aa03275.png 220w, https:\/\/yebodaglass.com\/wp-content\/uploads\/2025\/07\/8b499cc8b9c63806f1b8b3d5aa03275-100x100.png 100w, https:\/\/yebodaglass.com\/wp-content\/uploads\/2025\/07\/8b499cc8b9c63806f1b8b3d5aa03275-150x150.png 150w, https:\/\/yebodaglass.com\/wp-content\/uploads\/2025\/07\/8b499cc8b9c63806f1b8b3d5aa03275-12x12.png 12w\" sizes=\"(max-width: 240px) 100vw, 240px\" \/><\/p>\t\t\t\t\t\t\t\t<\/div>\n\t\t\t\t<\/div>\n\t\t\t\t<\/div>\n\t\t<div class=\"elementor-element elementor-element-792eb8c e-flex e-con-boxed e-con e-parent\" data-id=\"792eb8c\" data-element_type=\"container\" data-e-type=\"container\" data-settings=\"{&quot;_ha_eqh_enable&quot;:false}\">\n\t\t\t\t\t<div class=\"e-con-inner\">\n\t\t\t\t<div class=\"elementor-element elementor-element-ceb50a8 elementor-widget elementor-widget-image\" data-id=\"ceb50a8\" data-element_type=\"widget\" data-e-type=\"widget\" data-widget_type=\"image.default\">\n\t\t\t\t<div class=\"elementor-widget-container\">\n\t\t\t\t\t\t\t\t\t\t\t\t\t\t\t<img decoding=\"async\" src=\"https:\/\/yebodaglass.com\/wp-content\/uploads\/elementor\/thumbs\/flip-top-glass-bottles-2-r8e0rx6jsox8qb5sfklaelf6ftu44jofu43yfg9vhc.webp\" title=\"Ev yap\u0131m\u0131 kreasyonlar\u0131n\u0131z i\u00e7in kapakl\u0131, y\u00fcksek kaliteli \u015fi\u015feler mi ar\u0131yorsunuz? Bu 110 ml&#039;lik kapakl\u0131 \u015fi\u015fe, \u015feffaf ve dayan\u0131kl\u0131 camdan \u00fcretilmi\u015ftir ve kau\u00e7uk contal\u0131 ve tel kelep\u00e7eli, g\u00fcvenli bir a\u00e7\u0131l\u0131r kapan\u0131r kapa\u011fa sahiptir. Dar a\u011f\u0131z ve yuvarlak omuz tasar\u0131m\u0131, d\u00f6kmeyi kolay ve hassas hale getirirken, \u015feffaf g\u00f6vdesi i\u00e7indekileri net bir \u015fekilde g\u00f6rmenizi sa\u011flar. Ev yap\u0131m\u0131 i\u00e7ecekleri, yemeklik ya\u011flar\u0131, \u015farab\u0131, sirkeyi, soslar\u0131 ve daha fazlas\u0131n\u0131 saklamak i\u00e7in m\u00fckemmeldir.\" alt=\"Ev yap\u0131m\u0131 kreasyonlar\u0131n\u0131z i\u00e7in kapakl\u0131, y\u00fcksek kaliteli \u015fi\u015feler mi ar\u0131yorsunuz? Bu 110 ml&#039;lik kapakl\u0131 \u015fi\u015fe, \u015feffaf ve dayan\u0131kl\u0131 camdan \u00fcretilmi\u015ftir ve kau\u00e7uk contal\u0131 ve tel kelep\u00e7eli, g\u00fcvenli bir a\u00e7\u0131l\u0131r kapan\u0131r kapa\u011fa sahiptir. Dar a\u011f\u0131z ve yuvarlak omuz tasar\u0131m\u0131, d\u00f6kmeyi kolay ve hassas hale getirirken, \u015feffaf g\u00f6vdesi i\u00e7indekileri net bir \u015fekilde g\u00f6rmenizi sa\u011flar. Ev yap\u0131m\u0131 i\u00e7ecekleri, yemeklik ya\u011flar\u0131, \u015farab\u0131, sirkeyi, soslar\u0131 ve daha fazlas\u0131n\u0131 saklamak i\u00e7in m\u00fckemmeldir.\" loading=\"lazy\" \/>\t\t\t\t\t\t\t\t\t\t\t\t\t\t\t<\/div>\n\t\t\t\t<\/div>\n\t\t\t\t<div class=\"elementor-element elementor-element-b2907c6 elementor-widget elementor-widget-text-editor\" data-id=\"b2907c6\" data-element_type=\"widget\" data-e-type=\"widget\" data-widget_type=\"text-editor.default\">\n\t\t\t\t<div class=\"elementor-widget-container\">\n\t\t\t\t\t\t\t\t\t<h2>Ki\u015fisel Kullan\u0131mlar:<\/h2><p>Evde bira yapmak, kombu\u00e7a \u015fi\u015felemek veya taze meyve sular\u0131 ya da maden sular\u0131n\u0131 saklamak i\u00e7in tam da ihtiyac\u0131n\u0131z olan \u015fey. Sa\u011flam tasar\u0131ml\u0131 bu kapakl\u0131 cam \u015fi\u015feler, i\u00e7eceklerin tazeli\u011fini ve k\u0131vam\u0131n\u0131 korumas\u0131na yard\u0131mc\u0131 olur.<\/p><h2>Ticari Kullan\u0131mlar:<\/h2><p>Bu kapakl\u0131 \u015fi\u015feler, butik bira fabrikalar\u0131, kombucha markalar\u0131, kahve d\u00fckkanlar\u0131 ve i\u00e7ecek \u00fcreticileri i\u00e7in harika bir formatt\u0131r.<\/p>\t\t\t\t\t\t\t\t<\/div>\n\t\t\t\t<\/div>\n\t\t\t\t\t<\/div>\n\t\t\t\t<\/div>\n\t\t\t\t<\/div>","protected":false},"excerpt":{"rendered":"<p data-start=\"133\" data-end=\"310\">\uc778\uc815\ubc1b\ub294 \uac00\uaca9\uacfc \ud488\uc9c8:<\/p>","protected":false},"featured_media":17326,"template":"","meta":[],"product_brand":[],"product_cat":[80,81,20],"product_tag":[],"class_list":{"0":"post-17310","1":"product","2":"type-product","3":"status-publish","4":"has-post-thumbnail","6":"product_cat-glass-bottles","7":"product_cat-flip-top-bottles","8":"product_cat-glass-containers","10":"first","11":"instock","12":"shipping-taxable","13":"product-type-grouped"},"jetpack_sharing_enabled":true,"_links":{"self":[{"href":"https:\/\/yebodaglass.com\/tr\/wp-json\/wp\/v2\/product\/17310","targetHints":{"allow":["GET"]}}],"collection":[{"href":"https:\/\/yebodaglass.com\/tr\/wp-json\/wp\/v2\/product"}],"about":[{"href":"https:\/\/yebodaglass.com\/tr\/wp-json\/wp\/v2\/types\/product"}],"version-history":[{"count":5,"href":"https:\/\/yebodaglass.com\/tr\/wp-json\/wp\/v2\/product\/17310\/revisions"}],"predecessor-version":[{"id":20953,"href":"https:\/\/yebodaglass.com\/tr\/wp-json\/wp\/v2\/product\/17310\/revisions\/20953"}],"wp:featuredmedia":[{"embeddable":true,"href":"https:\/\/yebodaglass.com\/tr\/wp-json\/wp\/v2\/media\/17326"}],"wp:attachment":[{"href":"https:\/\/yebodaglass.com\/tr\/wp-json\/wp\/v2\/media?parent=17310"}],"wp:term":[{"taxonomy":"product_brand","embeddable":true,"href":"https:\/\/yebodaglass.com\/tr\/wp-json\/wp\/v2\/product_brand?post=17310"},{"taxonomy":"product_cat","embeddable":true,"href":"https:\/\/yebodaglass.com\/tr\/wp-json\/wp\/v2\/product_cat?post=17310"},{"taxonomy":"product_tag","embeddable":true,"href":"https:\/\/yebodaglass.com\/tr\/wp-json\/wp\/v2\/product_tag?post=17310"}],"curies":[{"name":"wp","href":"https:\/\/api.w.org\/{rel}","templated":true}]}}