{"id":17170,"date":"2025-07-15T15:21:45","date_gmt":"2025-07-15T07:21:45","guid":{"rendered":"https:\/\/yebodaglass.com\/?post_type=product&#038;p=17170"},"modified":"2026-03-05T13:19:39","modified_gmt":"2026-03-05T05:19:39","slug":"yeboda-32oz-amber-glass-swing-top-beer-bottles-wholesale","status":"publish","type":"product","link":"https:\/\/yebodaglass.com\/tr\/urun\/yeboda-32oz-amber-glass-swing-top-beer-bottles-wholesale\/","title":{"rendered":"YEBODA 32oz Amber Cam Kapakl\u0131 Bira \u015ei\u015feleri Toptan Sat\u0131\u015f"},"content":{"rendered":"<p>Bu kehribar renkli cam \u015fi\u015fe, yuvarlak omuzlu ve uzun silindirik g\u00f6vdeli, uzun ve geleneksel bir \u015fekle sahiptir ve 1000 ml s\u0131v\u0131 kapasitesine sahiptir. D\u00f6ner kapakl\u0131 bira \u015fi\u015feleri, paslanmaz \u00e7elik tel kapak, sa\u011flam kau\u00e7uk\/silikon conta ve g\u00fc\u00e7l\u00fc bir kapak olu\u015fturmak i\u00e7in yerine oturan seramik tarz\u0131 bir t\u0131pa ile yap\u0131lm\u0131\u015f g\u00fc\u00e7l\u00fc bir kolay a\u00e7\u0131l\u0131r kapa\u011fa sahiptir. \u015ei\u015fenin kendisi, UV \u0131\u015f\u0131\u011f\u0131na kar\u015f\u0131 koruma sayesinde i\u00e7ece\u011fin oksidasyonunu \u00f6nleyen ve tazeli\u011fini koruyan kehribar renkli camdan yap\u0131lm\u0131\u015ft\u0131r. Bu d\u00f6ner kapakl\u0131 bira \u015fi\u015feleri, evde bira yap\u0131m\u0131, kombucha, gazl\u0131 i\u00e7ecek \u00fcretimi ve \u00f6zel i\u00e7ecekler, sirke ve \u015farap yap\u0131m\u0131n\u0131n yan\u0131 s\u0131ra \u00f6zel i\u00e7ecek ambalajlar\u0131nda da pop\u00fclerdir. Yeniden kullan\u0131labilir a\u00e7\u0131l\u0131r kapakl\u0131 \u015fi\u015fe tasar\u0131m\u0131, gazl\u0131 me\u015frubat kayb\u0131 olmadan birden fazla kez a\u00e7\u0131l\u0131p kapat\u0131labilme \u00f6zelli\u011fi sayesinde hem ticari hem de ev ortamlar\u0131nda pratiktir.<\/p>\n<h2>Temel \u00d6zellikler<\/h2>\n<table style=\"border-collapse: collapse; width: 80%; margin-left: auto; margin-right: auto;\" border=\"0\" width=\"80%\" cellspacing=\"0\" cellpadding=\"0\">\n<tbody>\n<tr style=\"height: 13.50pt;\">\n<td style=\"height: 13.50pt; width: 144.75pt;\" width=\"193\" height=\"18\"><strong>\u015eartname<\/strong><\/td>\n<td style=\"width: 546.75pt;\" width=\"729\"><strong>Detaylar<\/strong><\/td>\n<\/tr>\n<tr style=\"height: 13.50pt;\">\n<td style=\"height: 13.50pt;\" height=\"18\">Kapasite<\/td>\n<td>32 oz \/ 1000 ml<\/td>\n<\/tr>\n<tr style=\"height: 13.50pt;\">\n<td style=\"height: 13.50pt;\" height=\"18\">Paketleme boyutu<\/td>\n<td>7,3 \u00d7 7,3 \u00d7 12 in\u00e7<\/td>\n<\/tr>\n<tr style=\"height: 13.50pt;\">\n<td style=\"height: 13.50pt;\" height=\"18\">Malzeme<\/td>\n<td>Kur\u015funsuz soda-kire\u00e7 cam\u0131, paslanmaz \u00e7elik d\u00f6ner kapak, silikon conta<\/td>\n<\/tr>\n<tr style=\"height: 13.50pt;\">\n<td style=\"height: 13.50pt;\" height=\"18\">Paketleme<\/td>\n<td>Paket ba\u015f\u0131na 4 \u015fi\u015fe<\/td>\n<\/tr>\n<tr style=\"height: 13.50pt;\">\n<td style=\"height: 13.50pt;\" height=\"18\">Renk<\/td>\n<td>Amber (UV korumal\u0131)<\/td>\n<\/tr>\n<tr style=\"height: 13.50pt;\">\n<td style=\"height: 13.50pt;\" height=\"18\">Kapan\u0131\u015f<\/td>\n<td>Mekanik a\u00e7\u0131l\u0131r kapan\u0131r\/sal\u0131ncakl\u0131 \u00fcst k\u0131s\u0131m, contal\u0131 s\u0131zd\u0131rmazl\u0131k sistemiyle birlikte.<\/td>\n<\/tr>\n<tr style=\"height: 13.50pt;\">\n<td style=\"height: 13.50pt;\" height=\"18\">Yeniden kullan\u0131labilirlik<\/td>\n<td>Tamamen yeniden kullan\u0131labilir<\/td>\n<\/tr>\n<tr style=\"height: 13.50pt;\">\n<td style=\"height: 13.50pt;\" height=\"18\">\u00dcretici<\/td>\n<td>OEM cam \u015fi\u015fe \u00fcreticisi ve tedarik\u00e7isi<\/td>\n<\/tr>\n<tr style=\"height: 13.50pt;\">\n<td style=\"height: 13.50pt;\" height=\"18\">\u00d6zelle\u015ftirme<\/td>\n<td>Logo, ambalaj ve \u00f6zel kapatma se\u00e7enekleri<\/td>\n<\/tr>\n<\/tbody>\n<\/table>\n<h2>Ba\u015fl\u0131ca \u00dcr\u00fcn \u00d6zellikleri<\/h2>\n<ul>\n<li><strong>G\u00fc\u00e7l\u00fc Karbonasyon M\u00fchr\u00fc<\/strong>Paslanmaz \u00e7elikten \u00fcretilen kolay a\u00e7ma kapama sistemi, i\u00e7ece\u011fin gaz\u0131n\u0131 korumaya yard\u0131mc\u0131 olan s\u0131k\u0131 bir s\u0131zd\u0131rmazl\u0131k sa\u011flayan, s\u0131k\u0131ca oturan kau\u00e7uk rondela conta i\u00e7erir.<\/li>\n<li><strong>UV Korumal\u0131 Amber Cam<\/strong>\u015eeffaf cam veya oz&#039;luk kaplar\u0131n aksine, kehribar rengi camdan yap\u0131lm\u0131\u015f \u015fi\u015feler UV \u0131\u015f\u0131nlar\u0131n\u0131 filtreler ve bira, kombucha ve gazl\u0131 i\u00e7eceklerin lezzet stabilitesini korur.<\/li>\n<li><strong>Yeniden Kullan\u0131labilir A\u00e7\u0131l\u0131r Kapak Kolayl\u0131\u011f\u0131<\/strong>\u015ei\u015fe tasar\u0131m\u0131, kapa\u011f\u0131 \u00e7\u0131karmadan kolayca a\u00e7\u0131l\u0131p kapanabilmesini sa\u011flayarak son derece kullan\u0131\u015fl\u0131 hale getirilmi\u015ftir; bu sayede uzun bir demleme d\u00f6ng\u00fcs\u00fcnde kullan\u0131labilen dayan\u0131kl\u0131, tekrar kullan\u0131labilir bir kapakl\u0131 \u015fi\u015fe olmu\u015ftur.<\/li>\n<\/ul>\n<h2>M\u00fc\u015fteri Ba\u015far\u0131 \u00d6rne\u011fi<\/h2>\n<p>Almanya'da geleneksel Grolsch tarz\u0131 \u015fi\u015feler kullanan bir butik i\u00e7ecek markas\u0131n\u0131n sahiplerinden biri, cam \u015fi\u015fe \u015firketimizden 10.000 adet 32 \u200b\u200boz'luk (yakla\u015f\u0131k 1000 ml) d\u00f6ner kapakl\u0131 cam \u015fi\u015fe sat\u0131n almak i\u00e7in s\u00f6zle\u015fme imzalad\u0131. M\u00fc\u015fteri, k\u00fc\u00e7\u00fck \u00f6l\u00e7ekli kombucha \u00fcretim hatt\u0131nda karbonasyona kar\u015f\u0131 daha y\u00fcksek diren\u00e7 sa\u011flamak i\u00e7in \u00f6zel bir ambalaj, markal\u0131 karton kutular ve geli\u015ftirilmi\u015f silikon conta contalar\u0131na ihtiya\u00e7 duyuyordu. Piyasa ko\u015fullar\u0131na ba\u011fl\u0131 olarak, \u00fcr\u00fcn \u00f6zel i\u00e7ecek ma\u011fazalar\u0131nda ve \u00e7evrimi\u00e7i perakende sat\u0131\u015f noktalar\u0131nda sat\u0131l\u0131yordu. Kehribar rengi d\u00f6ner kapakl\u0131 ambalaj, i\u00e7ece\u011fi sadece alt\u0131 ay i\u00e7inde l\u00fcks, el yap\u0131m\u0131 bir i\u00e7ecek haline getirdi. Marka, tekrarlanan sipari\u015flerin artt\u0131\u011f\u0131n\u0131 ve m\u00fc\u015fterinin 35.000 adet daha \u00fcst kapakl\u0131 bira \u015fi\u015fesi ve temizleme f\u0131r\u00e7as\u0131 aksesuarlar\u0131 paketi i\u00e7in ikinci bir toptan sipari\u015f verdi\u011fini belirtti.<\/p>\n<h2>B2B Al\u0131c\u0131lara Y\u00f6nelik Bireyselle\u015ftirme \u00d6nerileri<\/h2>\n<ol>\n<li><strong>Markalama ve \u015ei\u015fe Dekorasyonu<\/strong>Kombucha, gazl\u0131 i\u00e7ecek veya butik bira ambalajlar\u0131n\u0131n marka kimli\u011fini g\u00fc\u00e7lendirmek i\u00e7in cam \u015fi\u015fenin \u00fcst k\u0131sm\u0131na \u00f6zel logo bask\u0131s\u0131, kabartma veya etiketleme yap\u0131labilir.<\/li>\n<li><strong>Kapak ve Conta Se\u00e7enekleri<\/strong>Y\u00fcksek karbonatl\u0131 bira veya fermente karbonatl\u0131 i\u00e7ecekler gibi i\u00e7eceklerin gerektirdi\u011fi \u00f6zelliklere uygun t\u0131pa, kau\u00e7uk veya silikon conta malzemesi kullan\u0131n.<\/li>\n<li><strong>Perakende Ambalaj \u00c7\u00f6z\u00fcmleri<\/strong>Perakende pazarlar\u0131nda kullan\u0131lmak \u00fczere markal\u0131 ambalajlar (4&#039;l\u00fc\/6&#039;l\u0131 karton kutular) tasarlay\u0131n. Bu, Grolsch \u015fi\u015feleri, \u015farap \u00fcretimi ve butik i\u00e7eceklerin da\u011f\u0131t\u0131m\u0131 i\u00e7in tipik bir stratejidir.<\/li>\n<\/ol>","protected":false},"excerpt":{"rendered":"<p>UV korumal\u0131 kehribar renkli camdan \u00fcretilmi\u015f, contal\u0131, 32 oz&#039;luk toptan bira \u015fi\u015feleri. Bira, kombucha ve gazl\u0131 i\u00e7ecek markalar\u0131 i\u00e7in idealdir. OEM \u00fcreticisi.<\/p>","protected":false},"featured_media":17180,"template":"","meta":[],"product_brand":[],"product_cat":[81,80,20],"product_tag":[],"class_list":{"0":"post-17170","1":"product","2":"type-product","3":"status-publish","4":"has-post-thumbnail","6":"product_cat-flip-top-bottles","7":"product_cat-glass-bottles","8":"product_cat-glass-containers","10":"first","11":"instock","12":"shipping-taxable","13":"product-type-grouped"},"jetpack_sharing_enabled":true,"_links":{"self":[{"href":"https:\/\/yebodaglass.com\/tr\/wp-json\/wp\/v2\/product\/17170","targetHints":{"allow":["GET"]}}],"collection":[{"href":"https:\/\/yebodaglass.com\/tr\/wp-json\/wp\/v2\/product"}],"about":[{"href":"https:\/\/yebodaglass.com\/tr\/wp-json\/wp\/v2\/types\/product"}],"version-history":[{"count":6,"href":"https:\/\/yebodaglass.com\/tr\/wp-json\/wp\/v2\/product\/17170\/revisions"}],"predecessor-version":[{"id":25272,"href":"https:\/\/yebodaglass.com\/tr\/wp-json\/wp\/v2\/product\/17170\/revisions\/25272"}],"wp:featuredmedia":[{"embeddable":true,"href":"https:\/\/yebodaglass.com\/tr\/wp-json\/wp\/v2\/media\/17180"}],"wp:attachment":[{"href":"https:\/\/yebodaglass.com\/tr\/wp-json\/wp\/v2\/media?parent=17170"}],"wp:term":[{"taxonomy":"product_brand","embeddable":true,"href":"https:\/\/yebodaglass.com\/tr\/wp-json\/wp\/v2\/product_brand?post=17170"},{"taxonomy":"product_cat","embeddable":true,"href":"https:\/\/yebodaglass.com\/tr\/wp-json\/wp\/v2\/product_cat?post=17170"},{"taxonomy":"product_tag","embeddable":true,"href":"https:\/\/yebodaglass.com\/tr\/wp-json\/wp\/v2\/product_tag?post=17170"}],"curies":[{"name":"wp","href":"https:\/\/api.w.org\/{rel}","templated":true}]}}