{"id":17145,"date":"2025-07-15T14:55:46","date_gmt":"2025-07-15T06:55:46","guid":{"rendered":"https:\/\/yebodaglass.com\/?post_type=product&#038;p=17145"},"modified":"2025-09-15T11:25:13","modified_gmt":"2025-09-15T03:25:13","slug":"18-oz-glass-water-bottles-with-metal-lids-in-bulk","status":"publish","type":"product","link":"https:\/\/yebodaglass.com\/tr\/18-oz-glass-water-bottles-with-metal-lids-in-bulk\/","title":{"rendered":"toplu olarak Metal Kapakl\u0131 18 oz Cam Su \u015ei\u015feleri"},"content":{"rendered":"<div data-elementor-type=\"wp-post\" data-elementor-id=\"17145\" class=\"elementor elementor-17145\" data-elementor-settings=\"{&quot;ha_cmc_init_switcher&quot;:&quot;no&quot;}\" data-elementor-post-type=\"product\">\n\t\t\t\t<div class=\"elementor-element elementor-element-bb0d695 e-flex e-con-boxed e-con e-parent\" data-id=\"bb0d695\" data-element_type=\"container\" data-e-type=\"container\" data-settings=\"{&quot;_ha_eqh_enable&quot;:false}\">\n\t\t\t\t\t<div class=\"e-con-inner\">\n\t\t\t\t<div class=\"elementor-element elementor-element-732f179 elementor-widget elementor-widget-text-editor\" data-id=\"732f179\" data-element_type=\"widget\" data-e-type=\"widget\" data-widget_type=\"text-editor.default\">\n\t\t\t\t<div class=\"elementor-widget-container\">\n\t\t\t\t\t\t\t\t\t<p>Bu 18 oz&#039;luk \u015feffaf cam su \u015fi\u015fesi, g\u00fcm\u00fc\u015f metal bir kapa\u011fa sahiptir ve \u00e7e\u015fitli kuma\u015f k\u0131l\u0131f se\u00e7enekleriyle sunulmaktad\u0131r. K\u0131l\u0131f, cam \u015fi\u015feyi k\u0131r\u0131lmaya kar\u015f\u0131 etkili bir \u015fekilde korurken, kordonu ister \u00e7antan\u0131zda ister bile\u011finizde rahat\u00e7a ta\u015f\u0131man\u0131z\u0131 sa\u011flar. Bu spor su \u015fi\u015fesi, Kuzey Amerika&#039;da en \u00e7ok satan modelimizdir. \u00c7e\u015fitli ki\u015fiselle\u015ftirme se\u00e7enekleri ve paketleme \u00e7\u00f6z\u00fcmleri sunuyoruz.<\/p>\t\t\t\t\t\t\t\t<\/div>\n\t\t\t\t<\/div>\n\t\t\t\t<div class=\"elementor-element elementor-element-54c8d6c elementor-widget elementor-widget-heading\" data-id=\"54c8d6c\" data-element_type=\"widget\" data-e-type=\"widget\" data-widget_type=\"heading.default\">\n\t\t\t\t<div class=\"elementor-widget-container\">\n\t\t\t\t\t<h2 class=\"elementor-heading-title elementor-size-default\">Temel \u00d6zellikler<\/h2>\t\t\t\t<\/div>\n\t\t\t\t<\/div>\n\t\t\t\t<div class=\"elementor-element elementor-element-14509d8 elementor-widget elementor-widget-text-editor\" data-id=\"14509d8\" data-element_type=\"widget\" data-e-type=\"widget\" data-widget_type=\"text-editor.default\">\n\t\t\t\t<div class=\"elementor-widget-container\">\n\t\t\t\t\t\t\t\t\t<table style=\"border-collapse: collapse; margin-left: auto; margin-right: auto; width: 928.52pt;\" border=\"0\" width=\"1238\" cellspacing=\"0\" cellpadding=\"0\"><tbody><tr style=\"height: 13.50pt;\"><td style=\"height: 13.50pt; width: 144.75pt;\" width=\"193\" height=\"18\">\u015eartname<\/td><td style=\"width: 783.75pt;\" width=\"1045\">Detaylar<\/td><\/tr><tr style=\"height: 13.50pt;\"><td style=\"height: 13.50pt;\" height=\"18\">Kapasite<\/td><td>18oz\/500ml<\/td><\/tr><tr style=\"height: 13.50pt;\"><td style=\"height: 13.50pt;\" height=\"18\">Kalibre<\/td><td>1,5 in\u00e7<\/td><\/tr><tr style=\"height: 13.50pt;\"><td style=\"height: 13.50pt;\" height=\"18\">\u015ei\u015fe G\u00f6vde \u00c7ap\u0131<\/td><td>2,6 in\u00e7<\/td><\/tr><tr style=\"height: 13.50pt;\"><td style=\"height: 13.50pt;\" height=\"18\">\u015ei\u015fe Y\u00fcksekli\u011fi<\/td><td>9,6 in\u00e7<\/td><\/tr><tr style=\"height: 13.50pt;\"><td style=\"height: 13.50pt;\" height=\"18\">Malzeme<\/td><td>Y\u00fcksek borosilikat cam (\u015fi\u015fe g\u00f6vdesi); Paslanmaz \u00e7elik (\u015fi\u015fe kapa\u011f\u0131); Kuma\u015f (man\u015fon)<\/td><\/tr><tr style=\"height: 13.50pt;\"><td style=\"height: 13.50pt;\" height=\"18\">Paketleme<\/td><td>Karton ba\u015f\u0131na 6 adet<\/td><\/tr><tr style=\"height: 13.50pt;\"><td style=\"height: 13.50pt;\" height=\"18\">S\u0131zd\u0131rmazl\u0131k Performans\u0131<\/td><td>\u0130yi s\u0131zd\u0131rmazl\u0131k, ters \u00e7evrildi\u011finde s\u0131z\u0131nt\u0131 yok<\/td><\/tr><tr style=\"height: 13.50pt;\"><td style=\"height: 13.50pt;\" height=\"18\">S\u0131cakl\u0131k Direnci<\/td><td>150\u2103 y\u00fcksek s\u0131cakl\u0131\u011fa ve -10\u2103 d\u00fc\u015f\u00fck s\u0131cakl\u0131\u011fa dayan\u0131kl\u0131<\/td><\/tr><tr style=\"height: 13.50pt;\"><td style=\"height: 13.50pt;\" height=\"18\">Kol \u00d6zelli\u011fi<\/td><td>Her \u015fi\u015fenin, pratiklik ve stili bir araya getiren, sapl\u0131, uyumlu kuma\u015f k\u0131l\u0131f\u0131 (renkler: mor, ye\u015fil, gri, k\u0131rm\u0131z\u0131, siyah) vard\u0131r.<\/td><\/tr><\/tbody><\/table>\t\t\t\t\t\t\t\t<\/div>\n\t\t\t\t<\/div>\n\t\t\t\t\t<\/div>\n\t\t\t\t<\/div>\n\t\t<div class=\"elementor-element elementor-element-55e31eb e-flex e-con-boxed e-con e-parent\" data-id=\"55e31eb\" data-element_type=\"container\" data-e-type=\"container\" data-settings=\"{&quot;_ha_eqh_enable&quot;:false}\">\n\t\t\t\t\t<div class=\"e-con-inner\">\n\t\t\t\t<div class=\"elementor-element elementor-element-fc0900e elementor-widget elementor-widget-heading\" data-id=\"fc0900e\" data-element_type=\"widget\" data-e-type=\"widget\" data-widget_type=\"heading.default\">\n\t\t\t\t<div class=\"elementor-widget-container\">\n\t\t\t\t\t<h2 class=\"elementor-heading-title elementor-size-default\">\u00d6ne \u00e7\u0131kanlar<\/h2>\t\t\t\t<\/div>\n\t\t\t\t<\/div>\n\t\t\t\t\t<\/div>\n\t\t\t\t<\/div>\n\t\t<div class=\"elementor-element elementor-element-723cd80 e-flex e-con-boxed e-con e-parent\" data-id=\"723cd80\" data-element_type=\"container\" data-e-type=\"container\" data-settings=\"{&quot;_ha_eqh_enable&quot;:false}\">\n\t\t\t\t\t<div class=\"e-con-inner\">\n\t\t<div class=\"elementor-element elementor-element-bf4cb81 e-con-full e-flex e-con e-child\" data-id=\"bf4cb81\" data-element_type=\"container\" data-e-type=\"container\" data-settings=\"{&quot;_ha_eqh_enable&quot;:false}\">\n\t\t\t\t<div class=\"elementor-element elementor-element-202a3f6 elementor-widget elementor-widget-image\" data-id=\"202a3f6\" data-element_type=\"widget\" data-e-type=\"widget\" data-widget_type=\"image.default\">\n\t\t\t\t<div class=\"elementor-widget-container\">\n\t\t\t\t\t\t\t\t\t\t\t\t\t\t\t<img decoding=\"async\" src=\"https:\/\/yebodaglass.com\/wp-content\/uploads\/elementor\/thumbs\/6-\u62f7\u8d1d-r8s8sm51b9w2lsn8g7drc635mxfr2m6yrh3xitxpcw.webp\" title=\"toplu olarak Metal Kapakl\u0131 18 oz Cam Su \u015ei\u015feleri\" alt=\"toplu olarak Metal Kapakl\u0131 18 oz Cam Su \u015ei\u015feleri\" loading=\"lazy\" \/>\t\t\t\t\t\t\t\t\t\t\t\t\t\t\t<\/div>\n\t\t\t\t<\/div>\n\t\t\t\t<div class=\"elementor-element elementor-element-fc1fd2d elementor-widget elementor-widget-text-editor\" data-id=\"fc1fd2d\" data-element_type=\"widget\" data-e-type=\"widget\" data-widget_type=\"text-editor.default\">\n\t\t\t\t<div class=\"elementor-widget-container\">\n\t\t\t\t\t\t\t\t\t<p>\u015eeffafl\u0131k: \u015eeffaf cam kuma\u015f, \u015fi\u015fenin i\u00e7eri\u011finin net bir \u015fekilde g\u00f6r\u00fclmesini sa\u011flayarak do\u011fal, bozulmam\u0131\u015f bir deneyim sunar ve su seviyesini kontrol etmeyi kolayla\u015ft\u0131r\u0131r.<\/p>\t\t\t\t\t\t\t\t<\/div>\n\t\t\t\t<\/div>\n\t\t\t\t<\/div>\n\t\t<div class=\"elementor-element elementor-element-73418b7 e-con-full e-flex e-con e-child\" data-id=\"73418b7\" data-element_type=\"container\" data-e-type=\"container\" data-settings=\"{&quot;_ha_eqh_enable&quot;:false}\">\n\t\t\t\t<div class=\"elementor-element elementor-element-490e976 elementor-widget elementor-widget-image\" data-id=\"490e976\" data-element_type=\"widget\" data-e-type=\"widget\" data-widget_type=\"image.default\">\n\t\t\t\t<div class=\"elementor-widget-container\">\n\t\t\t\t\t\t\t\t\t\t\t\t\t\t\t<img decoding=\"async\" src=\"https:\/\/yebodaglass.com\/wp-content\/uploads\/elementor\/thumbs\/7-\u62f7\u8d1d-1-r8s8so0poxyn90ki5870h5m2tp6hi0effqewhdux0g.webp\" title=\"toplu olarak Metal Kapakl\u0131 18 oz Cam Su \u015ei\u015feleri\" alt=\"toplu olarak Metal Kapakl\u0131 18 oz Cam Su \u015ei\u015feleri\" loading=\"lazy\" \/>\t\t\t\t\t\t\t\t\t\t\t\t\t\t\t<\/div>\n\t\t\t\t<\/div>\n\t\t\t\t<div class=\"elementor-element elementor-element-28d6163 elementor-widget elementor-widget-text-editor\" data-id=\"28d6163\" data-element_type=\"widget\" data-e-type=\"widget\" data-widget_type=\"text-editor.default\">\n\t\t\t\t<div class=\"elementor-widget-container\">\n\t\t\t\t\t\t\t\t\t<p>S\u0131cakl\u0131k direnci ve dengesi: \u015ei\u015fe, yakla\u015f\u0131k 150\u00b0C gibi y\u00fcksek s\u0131cakl\u0131klara ve yakla\u015f\u0131k -10\u00b0C gibi d\u00fc\u015f\u00fck s\u0131cakl\u0131klara dayanabilir, \u00e7ok say\u0131da ortam ve kullan\u0131m senaryosuna uyum sa\u011flar.<\/p>\t\t\t\t\t\t\t\t<\/div>\n\t\t\t\t<\/div>\n\t\t\t\t<\/div>\n\t\t\t\t\t<\/div>\n\t\t\t\t<\/div>\n\t\t<div class=\"elementor-element elementor-element-d5c6ee3 e-flex e-con-boxed e-con e-parent\" data-id=\"d5c6ee3\" data-element_type=\"container\" data-e-type=\"container\" data-settings=\"{&quot;_ha_eqh_enable&quot;:false}\">\n\t\t\t\t\t<div class=\"e-con-inner\">\n\t\t<div class=\"elementor-element elementor-element-886f509 e-con-full e-flex e-con e-child\" data-id=\"886f509\" data-element_type=\"container\" data-e-type=\"container\" data-settings=\"{&quot;_ha_eqh_enable&quot;:false}\">\n\t\t\t\t<div class=\"elementor-element elementor-element-7036805 elementor-widget elementor-widget-image\" data-id=\"7036805\" data-element_type=\"widget\" data-e-type=\"widget\" data-widget_type=\"image.default\">\n\t\t\t\t<div class=\"elementor-widget-container\">\n\t\t\t\t\t\t\t\t\t\t\t\t\t\t\t<img decoding=\"async\" src=\"https:\/\/yebodaglass.com\/wp-content\/uploads\/elementor\/thumbs\/17-\u62f7\u8d1d-r8s8spwe2m17w8hru909m5500gx7xelw3zpvfxs4o0.webp\" title=\"Toplu Metal Kapakl\u0131 Cam Su \u015ei\u015feleri\" alt=\"Toplu Metal Kapakl\u0131 Cam Su \u015ei\u015feleri\" loading=\"lazy\" \/>\t\t\t\t\t\t\t\t\t\t\t\t\t\t\t<\/div>\n\t\t\t\t<\/div>\n\t\t\t\t<div class=\"elementor-element elementor-element-05721bf elementor-widget elementor-widget-text-editor\" data-id=\"05721bf\" data-element_type=\"widget\" data-e-type=\"widget\" data-widget_type=\"text-editor.default\">\n\t\t\t\t<div class=\"elementor-widget-container\">\n\t\t\t\t\t\t\t\t\t<p>G\u00fcvenilir s\u0131zd\u0131rmazl\u0131k: M\u00fckemmel s\u0131zd\u0131rmazl\u0131k, ters \u00e7evrildi\u011finde bile s\u0131z\u0131nt\u0131 olmaz, i\u00e7eri\u011fin d\u00f6k\u00fclmesini ba\u015far\u0131yla \u00f6nler<\/p>\t\t\t\t\t\t\t\t<\/div>\n\t\t\t\t<\/div>\n\t\t\t\t<\/div>\n\t\t<div class=\"elementor-element elementor-element-826245e e-con-full e-flex e-con e-child\" data-id=\"826245e\" data-element_type=\"container\" data-e-type=\"container\" data-settings=\"{&quot;_ha_eqh_enable&quot;:false}\">\n\t\t\t\t<div class=\"elementor-element elementor-element-65bbe9c elementor-widget elementor-widget-image\" data-id=\"65bbe9c\" data-element_type=\"widget\" data-e-type=\"widget\" data-widget_type=\"image.default\">\n\t\t\t\t<div class=\"elementor-widget-container\">\n\t\t\t\t\t\t\t\t\t\t\t\t\t\t\t<img decoding=\"async\" src=\"https:\/\/yebodaglass.com\/wp-content\/uploads\/elementor\/thumbs\/23-\u62f7\u8d1d-r8s8squ89g2i7ugeorew6mwglusl53pmg4dcx7qqhs.webp\" title=\"YEBODA 17oz \u00c7evre Dostu Cam Su \u015ei\u015fesi - Dayan\u0131kl\u0131 Cam \u0130\u00e7me \u015ei\u015fesi\" alt=\"YEBODA 17oz \u00c7evre Dostu Cam Su \u015ei\u015fesi - Dayan\u0131kl\u0131 Cam \u0130\u00e7me \u015ei\u015fesi\" loading=\"lazy\" \/>\t\t\t\t\t\t\t\t\t\t\t\t\t\t\t<\/div>\n\t\t\t\t<\/div>\n\t\t\t\t<div class=\"elementor-element elementor-element-0d5e45d elementor-widget elementor-widget-text-editor\" data-id=\"0d5e45d\" data-element_type=\"widget\" data-e-type=\"widget\" data-widget_type=\"text-editor.default\">\n\t\t\t\t<div class=\"elementor-widget-container\">\n\t\t\t\t\t\t\t\t\t<p>\u015ei\u015fe, \u00f6zel bir temizleme f\u0131r\u00e7as\u0131 ve 304 paslanmaz \u00e7elik kapakla donat\u0131lm\u0131\u015ft\u0131r; bu sayede \u015fi\u015feyi derinlemesine f\u0131r\u00e7alayabilir ve herhangi bir \u00f6l\u00fc nokta b\u0131rakmadan temizleyebilirsiniz. P\u00fcr\u00fczs\u00fcz cam malzeme, en inat\u00e7\u0131 lekeleri bile \u00e7\u0131karabilir ve sadece temiz suyla durulayarak yeni gibi temizler. Temizli\u011fi kolay ve etkilidir.<\/p>\t\t\t\t\t\t\t\t<\/div>\n\t\t\t\t<\/div>\n\t\t\t\t<\/div>\n\t\t\t\t\t<\/div>\n\t\t\t\t<\/div>\n\t\t<div class=\"elementor-element elementor-element-88b472e e-con-full e-flex e-con e-parent\" data-id=\"88b472e\" data-element_type=\"container\" data-e-type=\"container\" data-settings=\"{&quot;_ha_eqh_enable&quot;:false}\">\n\t\t\t\t<div class=\"elementor-element elementor-element-3582c55 elementor-widget elementor-widget-text-editor\" data-id=\"3582c55\" data-element_type=\"widget\" data-e-type=\"widget\" data-widget_type=\"text-editor.default\">\n\t\t\t\t<div class=\"elementor-widget-container\">\n\t\t\t\t\t\t\t\t\t<p>\u00a0 \u00a0 \u00a0 \u00a0 \u00a0 \u00a0 \u00a0 \u00a0 \u00a0 \u00a0 \u00a0 \u00a0 <img fetchpriority=\"high\" decoding=\"async\" class=\"alignnone wp-image-16229\" src=\"https:\/\/yebodaglass.com\/wp-content\/uploads\/2025\/07\/d1ad5ea8ed4fd82e283a3a35878dd5c.png\" alt=\"\" width=\"240\" height=\"240\" srcset=\"https:\/\/yebodaglass.com\/wp-content\/uploads\/2025\/07\/d1ad5ea8ed4fd82e283a3a35878dd5c.png 220w, https:\/\/yebodaglass.com\/wp-content\/uploads\/2025\/07\/d1ad5ea8ed4fd82e283a3a35878dd5c-100x100.png 100w, https:\/\/yebodaglass.com\/wp-content\/uploads\/2025\/07\/d1ad5ea8ed4fd82e283a3a35878dd5c-150x150.png 150w, https:\/\/yebodaglass.com\/wp-content\/uploads\/2025\/07\/d1ad5ea8ed4fd82e283a3a35878dd5c-12x12.png 12w\" sizes=\"(max-width: 240px) 100vw, 240px\" \/>\u00a0 \u00a0 \u00a0 \u00a0 \u00a0<img decoding=\"async\" class=\"alignnone wp-image-16228\" src=\"https:\/\/yebodaglass.com\/wp-content\/uploads\/2025\/07\/4679f61166f64c6045dbc74c130db9a.png\" alt=\"\" width=\"240\" height=\"240\" srcset=\"https:\/\/yebodaglass.com\/wp-content\/uploads\/2025\/07\/4679f61166f64c6045dbc74c130db9a.png 220w, https:\/\/yebodaglass.com\/wp-content\/uploads\/2025\/07\/4679f61166f64c6045dbc74c130db9a-100x100.png 100w, https:\/\/yebodaglass.com\/wp-content\/uploads\/2025\/07\/4679f61166f64c6045dbc74c130db9a-150x150.png 150w, https:\/\/yebodaglass.com\/wp-content\/uploads\/2025\/07\/4679f61166f64c6045dbc74c130db9a-12x12.png 12w\" sizes=\"(max-width: 240px) 100vw, 240px\" \/>\u00a0 \u00a0 \u00a0 \u00a0 \u00a0 <img decoding=\"async\" class=\"alignnone wp-image-16230\" src=\"https:\/\/yebodaglass.com\/wp-content\/uploads\/2025\/07\/e59283ab6cb2ed3c93ba4f8a33db2ff.png\" alt=\"\" width=\"240\" height=\"240\" srcset=\"https:\/\/yebodaglass.com\/wp-content\/uploads\/2025\/07\/e59283ab6cb2ed3c93ba4f8a33db2ff.png 220w, https:\/\/yebodaglass.com\/wp-content\/uploads\/2025\/07\/e59283ab6cb2ed3c93ba4f8a33db2ff-100x100.png 100w, https:\/\/yebodaglass.com\/wp-content\/uploads\/2025\/07\/e59283ab6cb2ed3c93ba4f8a33db2ff-150x150.png 150w, https:\/\/yebodaglass.com\/wp-content\/uploads\/2025\/07\/e59283ab6cb2ed3c93ba4f8a33db2ff-12x12.png 12w\" sizes=\"(max-width: 240px) 100vw, 240px\" \/>\u00a0 \u00a0 \u00a0 <img loading=\"lazy\" decoding=\"async\" class=\"alignnone wp-image-16227\" src=\"https:\/\/yebodaglass.com\/wp-content\/uploads\/2025\/07\/8b499cc8b9c63806f1b8b3d5aa03275.png\" alt=\"\" width=\"240\" height=\"240\" srcset=\"https:\/\/yebodaglass.com\/wp-content\/uploads\/2025\/07\/8b499cc8b9c63806f1b8b3d5aa03275.png 220w, https:\/\/yebodaglass.com\/wp-content\/uploads\/2025\/07\/8b499cc8b9c63806f1b8b3d5aa03275-100x100.png 100w, https:\/\/yebodaglass.com\/wp-content\/uploads\/2025\/07\/8b499cc8b9c63806f1b8b3d5aa03275-150x150.png 150w, https:\/\/yebodaglass.com\/wp-content\/uploads\/2025\/07\/8b499cc8b9c63806f1b8b3d5aa03275-12x12.png 12w\" sizes=\"(max-width: 240px) 100vw, 240px\" \/><\/p>\t\t\t\t\t\t\t\t<\/div>\n\t\t\t\t<\/div>\n\t\t\t\t<\/div>\n\t\t<div class=\"elementor-element elementor-element-792eb8c e-flex e-con-boxed e-con e-parent\" data-id=\"792eb8c\" data-element_type=\"container\" data-e-type=\"container\" data-settings=\"{&quot;_ha_eqh_enable&quot;:false}\">\n\t\t\t\t\t<div class=\"e-con-inner\">\n\t\t\t\t<div class=\"elementor-element elementor-element-ceb50a8 elementor-widget elementor-widget-image\" data-id=\"ceb50a8\" data-element_type=\"widget\" data-e-type=\"widget\" data-widget_type=\"image.default\">\n\t\t\t\t<div class=\"elementor-widget-container\">\n\t\t\t\t\t\t\t\t\t\t\t\t\t\t\t<img decoding=\"async\" src=\"https:\/\/yebodaglass.com\/wp-content\/uploads\/elementor\/thumbs\/5-\u62f7\u8d1d-r8s91r4jraefhbdd35l6kv2hjse7woh0opfvhodwv4.webp\" title=\"YEBODA 17oz \u00c7evre Dostu Cam Su \u015ei\u015fesi - Dayan\u0131kl\u0131 Cam \u0130\u00e7me \u015ei\u015fesi\" alt=\"YEBODA 17oz \u00c7evre Dostu Cam Su \u015ei\u015fesi - Dayan\u0131kl\u0131 Cam \u0130\u00e7me \u015ei\u015fesi\" loading=\"lazy\" \/>\t\t\t\t\t\t\t\t\t\t\t\t\t\t\t<\/div>\n\t\t\t\t<\/div>\n\t\t\t\t<div class=\"elementor-element elementor-element-b2907c6 elementor-widget elementor-widget-text-editor\" data-id=\"b2907c6\" data-element_type=\"widget\" data-e-type=\"widget\" data-widget_type=\"text-editor.default\">\n\t\t\t\t<div class=\"elementor-widget-container\">\n\t\t\t\t\t\t\t\t\t<h2>Ki\u015filer i\u00e7in:<\/h2><p>Bu 18 onsluk cam su \u015fi\u015feleri g\u00fcnl\u00fck hijyen ihtiya\u00e7lar\u0131n\u0131z i\u00e7in m\u00fckemmel! \u0130ster spor salonuna, ister ofise, okula veya y\u00fcr\u00fcy\u00fc\u015fe g\u00f6t\u00fcr\u00fcn, bu cam su \u015fi\u015fesi sa\u011fl\u0131\u011f\u0131n\u0131z ve esenli\u011finiz i\u00e7in ideal bir se\u00e7imdir. G\u00fcvenli, toksik olmayan, kolay temizlenen ve plastik \u015fi\u015feler i\u00e7in \u015f\u0131k ve dayan\u0131kl\u0131 bir se\u00e7enektir.<\/p><h2>\u0130\u015fletmeler i\u00e7in:<\/h2><p>\u0130deal Toplu Al\u0131m \u00c7\u00f6z\u00fcmleri! Kurumsal hediye, ucuz vaaz, otel ve spalar i\u00e7in misafir ikram\u0131, kafe ve restoranlar i\u00e7in perakende \u00fcr\u00fcnler veya sa\u011fl\u0131kl\u0131 bir i\u015f yeri ikram\u0131 olarak idealdir. Ki\u015fiselle\u015ftirilebilir \u00fcr\u00fcnler marka imaj\u0131n\u0131z\u0131 g\u00fc\u00e7lendirir.<\/p>\t\t\t\t\t\t\t\t<\/div>\n\t\t\t\t<\/div>\n\t\t\t\t\t<\/div>\n\t\t\t\t<\/div>\n\t\t\t\t<\/div>","protected":false},"excerpt":{"rendered":"<p>\u064a\u064f\u0639\u062f \u0627\u0644\u0632\u062c\u0627\u062c \u0627\u0644\u062a\u063a\u0644\u064a\u0641 \u0627\u0644\u0623\u0645\u062b\u0644 \u0644\u0644\u062d\u0644\u064a\u0628\u060c \u0625\u0630 \u064a\u0648\u0641\u0631 \u0646\u0642\u0627\u0648\u0629\u064b \u0648\u062b\u0628\u0627\u062a\u064b\u0627\u060c \u0625\u0644\u0627 \u0623\u0646 \u0627\u0644\u0637\u0627\u0642\u0629 \u0627\u0644\u0644\u0627\u0632\u0645\u0629 \u0644\u0639\u0645\u0644\u064a\u0629 \u0627\u0644\u0635\u0647\u0631 \u0639\u0627\u0644\u064a\u0629 \u062c\u062f\u064b\u0627. \u0648\u062a\u0639\u0645\u0644 \u0634\u0631\u0643\u0629 \u064a\u0628\u0648\u062f\u0627\u060c \u0627\u0644\u0645\u064f\u0635\u0646\u0650\u0651\u0639\u0629 \u0644\u0642\u0648\u0627\u0631\u064a\u0631 \u0627\u0644\u062d\u0644\u064a\u0628 \u0627\u0644\u0632\u062c\u0627\u062c\u064a\u0629\u060c \u0639\u0644\u0649 \u062e\u0641\u0636 \u0627\u0633\u062a\u0647\u0644\u0627\u0643 \u0627\u0644\u0637\u0627\u0642\u0629 \u0641\u064a \u0639\u0645\u0644\u064a\u0629 \u0627\u0644\u0635\u0647\u0631 \u0645\u0646 \u062e\u0644\u0627\u0644 \u0625\u0646\u062a\u0627\u062c\u0647\u0627 \u0628\u0646\u0633\u0628\u0629 \u0639\u0627\u0644\u064a\u0629 \u0645\u0646 \u0627\u0644\u0632\u062c\u0627\u062c \u0627\u0644\u0645\u064f\u0639\u0627\u062f \u062a\u062f\u0648\u064a\u0631\u0647 (\u0627\u0644\u0643\u064f\u0633\u0652\u0631\u064e\u0629) \u0648\u0627\u0633\u062a\u062e\u062f\u0627\u0645 \u0623\u0641\u0631\u0627\u0646 \u0645\u0648\u0641\u0631\u0629 \u0644\u0644\u0637\u0627\u0642\u0629.<\/p>","protected":false},"featured_media":17160,"template":"","meta":[],"product_brand":[],"product_cat":[80,89,20],"product_tag":[],"class_list":{"0":"post-17145","1":"product","2":"type-product","3":"status-publish","4":"has-post-thumbnail","6":"product_cat-glass-bottles","7":"product_cat-sports-water-bottles","8":"product_cat-glass-containers","10":"first","11":"instock","12":"shipping-taxable","13":"product-type-grouped"},"jetpack_sharing_enabled":true,"_links":{"self":[{"href":"https:\/\/yebodaglass.com\/tr\/wp-json\/wp\/v2\/product\/17145","targetHints":{"allow":["GET"]}}],"collection":[{"href":"https:\/\/yebodaglass.com\/tr\/wp-json\/wp\/v2\/product"}],"about":[{"href":"https:\/\/yebodaglass.com\/tr\/wp-json\/wp\/v2\/types\/product"}],"version-history":[{"count":5,"href":"https:\/\/yebodaglass.com\/tr\/wp-json\/wp\/v2\/product\/17145\/revisions"}],"predecessor-version":[{"id":20957,"href":"https:\/\/yebodaglass.com\/tr\/wp-json\/wp\/v2\/product\/17145\/revisions\/20957"}],"wp:featuredmedia":[{"embeddable":true,"href":"https:\/\/yebodaglass.com\/tr\/wp-json\/wp\/v2\/media\/17160"}],"wp:attachment":[{"href":"https:\/\/yebodaglass.com\/tr\/wp-json\/wp\/v2\/media?parent=17145"}],"wp:term":[{"taxonomy":"product_brand","embeddable":true,"href":"https:\/\/yebodaglass.com\/tr\/wp-json\/wp\/v2\/product_brand?post=17145"},{"taxonomy":"product_cat","embeddable":true,"href":"https:\/\/yebodaglass.com\/tr\/wp-json\/wp\/v2\/product_cat?post=17145"},{"taxonomy":"product_tag","embeddable":true,"href":"https:\/\/yebodaglass.com\/tr\/wp-json\/wp\/v2\/product_tag?post=17145"}],"curies":[{"name":"wp","href":"https:\/\/api.w.org\/{rel}","templated":true}]}}