{"id":17123,"date":"2025-07-15T13:31:40","date_gmt":"2025-07-15T05:31:40","guid":{"rendered":"https:\/\/yebodaglass.com\/?post_type=product&#038;p=17123"},"modified":"2026-03-12T10:54:35","modified_gmt":"2026-03-12T02:54:35","slug":"vintage-milk-bottles-custom-32-oz-clear-glass-bottles","status":"publish","type":"product","link":"https:\/\/yebodaglass.com\/tr\/urun\/vintage-milk-bottles-custom-32-oz-clear-glass-bottles\/","title":{"rendered":"Antika S\u00fct \u015ei\u015feleri \u2013 \u00d6zel Tasar\u0131m 32 oz \u015eeffaf Cam \u015ei\u015feler"},"content":{"rendered":"<p>This 930 ml (32 oz\/quart\/2 pint) clear glass milk bottle features a classic straight-shoulder silhouette inspired by vintage milk bottles, providing a timeless look for modern dairy and beverage packaging. Made from transparent and lead-free soda-lime clear glass, this is a reusable glass milk bottle that can be used with milk, juice, yogurt drinks, and plant-based beverages other than liquid beverages. The tamper-evident security ring screw cap used in the bottle top provides the proper bottle top safe bottling and transportation, thus it can be used by dairy farms, beverage brands, wholesalers, and even the suppliers of the own labels who seek the durable and recycling glass bottle top packaging.<\/p>\n<h2>Temel \u00d6zellikler<\/h2>\n<table style=\"border-collapse: collapse; width: 80%; margin-left: auto; margin-right: auto;\" border=\"0\" width=\"80%\" cellspacing=\"0\" cellpadding=\"0\">\n<tbody>\n<tr style=\"height: 13.50pt;\">\n<td style=\"height: 13.50pt; width: 144.75pt;\" width=\"193\" height=\"18\">\u00dcr\u00fcn Ad\u0131<\/td>\n<td style=\"width: 373.50pt;\" width=\"498\">\u00a032 oz \u015eeffaf Cam S\u00fct \u015ei\u015fesi<\/td>\n<\/tr>\n<tr style=\"height: 13.50pt;\">\n<td style=\"height: 13.50pt;\" height=\"18\">Kapasite<\/td>\n<td>32 oz \/ 930ml \/ 1 quart \/ 2 pints<\/td>\n<\/tr>\n<tr style=\"height: 13.50pt;\">\n<td style=\"height: 13.50pt;\" height=\"18\">Kapan\u0131\u015f<\/td>\n<td>Kur\u015funsuz soda-kire\u00e7 \u015feffaf cam<\/td>\n<\/tr>\n<tr style=\"height: 13.50pt;\">\n<td style=\"height: 13.50pt;\" height=\"18\">Paketleme Spesifikasyonu<\/td>\n<td>Vidal\u0131 kapak + g\u00fcvenlik halkas\u0131<\/td>\n<\/tr>\n<tr style=\"height: 13.50pt;\">\n<td style=\"height: 13.50pt;\" height=\"18\">Kapak Rengi<\/td>\n<td>Beyaz veya siyah plastik kapak<\/td>\n<\/tr>\n<tr style=\"height: 13.50pt;\">\n<td style=\"height: 13.50pt;\" height=\"18\">Paketleme<\/td>\n<td>\u00a0Kutu ba\u015f\u0131na kapakl\u0131 4 \u015fi\u015fe<\/td>\n<\/tr>\n<tr style=\"height: 13.50pt;\">\n<td style=\"height: 13.50pt;\" height=\"18\">\u00d6zellik<\/td>\n<td>BPA i\u00e7ermez, geri d\u00f6n\u00fc\u015ft\u00fcr\u00fclebilir, tekrar kullan\u0131labilir<\/td>\n<\/tr>\n<tr style=\"height: 13.50pt;\">\n<td style=\"height: 13.50pt;\" height=\"18\">Paketleme Spesifikasyonu<\/td>\n<td>Vidal\u0131 kapak + g\u00fcvenlik halkas\u0131<\/td>\n<\/tr>\n<tr style=\"height: 13.50pt;\">\n<td style=\"height: 13.50pt;\" height=\"18\">Ba\u015fvuru<\/td>\n<td>S\u00fct, meyve suyu, s\u00fctl\u00fc i\u00e7ecek, toptan \u015fi\u015feleme<\/td>\n<\/tr>\n<\/tbody>\n<\/table>\n<figure id=\"attachment_25284\" aria-describedby=\"caption-attachment-25284\" style=\"width: 500px\" class=\"wp-caption aligncenter\"><img fetchpriority=\"high\" decoding=\"async\" class=\"wp-image-25284\" src=\"https:\/\/yebodaglass.com\/wp-content\/uploads\/2025\/07\/vintage-milk-bottles-details.webp\" alt=\"eski s\u00fct \u015fi\u015feleri - detaylar\" width=\"500\" height=\"500\" srcset=\"https:\/\/yebodaglass.com\/wp-content\/uploads\/2025\/07\/vintage-milk-bottles-details.webp 1620w, https:\/\/yebodaglass.com\/wp-content\/uploads\/2025\/07\/vintage-milk-bottles-details-768x768.webp 768w, https:\/\/yebodaglass.com\/wp-content\/uploads\/2025\/07\/vintage-milk-bottles-details-1536x1536.webp 1536w, https:\/\/yebodaglass.com\/wp-content\/uploads\/2025\/07\/vintage-milk-bottles-details-12x12.webp 12w, https:\/\/yebodaglass.com\/wp-content\/uploads\/2025\/07\/vintage-milk-bottles-details-700x700.webp 700w, https:\/\/yebodaglass.com\/wp-content\/uploads\/2025\/07\/vintage-milk-bottles-details-100x100.webp 100w\" sizes=\"(max-width: 500px) 100vw, 500px\" \/><figcaption id=\"caption-attachment-25284\" class=\"wp-caption-text\">eski s\u00fct \u015fi\u015feleri \u2013 detaylar<\/figcaption><\/figure>\n<h2>\u00dcr\u00fcn \u00d6zellikleri<\/h2>\n<h3>Rustik vintage g\u00f6r\u00fcn\u00fcm ve y\u00fcksek performans<\/h3>\n<p>Bu, geleneksel cam s\u00fct kaplar\u0131ndan ilham al\u0131narak, nostaljik tasar\u0131m ve g\u00fcvenilir modern ambalaj standartlar\u0131n\u0131n bir araya getirilmesiyle \u00fcretilmi\u015f \u015feffaf cam bir s\u00fct \u015fi\u015fesidir.<\/p>\n<h3>Kurcalamaya Kar\u015f\u0131 Korumal\u0131 G\u00fcvenlik<\/h3>\n<p>G\u00fcvenlik halkal\u0131 vidal\u0131 kapak, \u00fcr\u00fcn\u00fcn tazeli\u011finin ve g\u00fcvenli\u011finin garanti alt\u0131na al\u0131nd\u0131\u011f\u0131 \u015fi\u015feleme ve da\u011f\u0131t\u0131m a\u015famalar\u0131nda ek bir avantaj sa\u011flar.<\/p>\n<h3>Geri D\u00f6n\u00fc\u015ft\u00fcr\u00fclebilir ve \u00c7evre Dostu Ambalaj<\/h3>\n<p>Geri d\u00f6n\u00fc\u015ft\u00fcr\u00fclebilir \u015feffaf camdan ve BPA i\u00e7ermeyen plastik \u015fi\u015fe kapa\u011f\u0131ndan olu\u015fan bu yeniden kullan\u0131labilir cam s\u00fct \u015fi\u015fesi, yeniden kullan\u0131ma ve s\u00fcrd\u00fcr\u00fclebilir kaynak kullan\u0131m\u0131na odaklanan di\u011fer \u00e7evre bilincine sahip markalar\u0131n tan\u0131t\u0131m\u0131na yard\u0131mc\u0131 olacakt\u0131r.<\/p>\n<h2>Ba\u015far\u0131l\u0131 Vaka \u00c7al\u0131\u015fmas\u0131<\/h2>\n<p>Avustralya&#039;daki s\u00fct \u00fcr\u00fcnleri markalar\u0131ndan biri, cam \u015fi\u015fe tedarik\u00e7isi olarak bizimle uzun vadeli bir tedarik ve \u00fcretim anla\u015fmas\u0131 imzalad\u0131. M\u00fc\u015fterinin b\u00f6lgede bir s\u00fct \u00e7iftli\u011fi bulunuyor ve organik market zincirlerine taze s\u00fct ve meyve suyu sat\u0131yor.<\/p>\n<ul>\n<li><strong>Birinci Emir<\/strong>: 20.000 adet (toptan sipari\u015f)<\/li>\n<li><strong>Ki\u015fiselle\u015ftirme<\/strong>Ki\u015fisel logo bask\u0131s\u0131, kabartmal\u0131 marka ad\u0131 yaz\u0131l\u0131 siyah kapak ve barkod etiketleme.<\/li>\n<li><strong>Ba\u015fvuru<\/strong>: Y\u00fcksek kaliteli s\u00fct ve so\u011fuk s\u0131k\u0131m meyve sular\u0131n\u0131n \u015fi\u015felenmesi.<\/li>\n<li><strong>Sonu\u00e7<\/strong>Plastik kaplar\u0131n yeniden kullan\u0131labilir cam s\u00fct \u015fi\u015feleriyle de\u011fi\u015ftirilmesinin ard\u0131ndan, markan\u0131n raflardaki \u00e7ekicili\u011fi artt\u0131 ve m\u00fc\u015fteriler daha taze s\u00fct kalitesini daha iyi anlad\u0131.<\/li>\n<li><strong>Yeniden sipari\u015f ver<\/strong>Perakende performans\u0131n\u0131n iyi olmas\u0131 nedeniyle, \u00e7eyrekte 30.000&#039;den fazla \u015fi\u015fe i\u00e7in tekrarlanan sipari\u015fler al\u0131yoruz.<\/li>\n<\/ul>\n<p>Tekrar kullan\u0131labilir s\u00fcrahi tipi \u015fi\u015fe, m\u00fc\u015fterinin premium bir s\u00fct \u00fcr\u00fcnleri kayna\u011f\u0131 olarak konumland\u0131r\u0131lmas\u0131na da yard\u0131mc\u0131 oldu ve marka bilinirli\u011fi artarak \u015fi\u015felerin daha fazla yeniden kullan\u0131lmas\u0131 sa\u011fland\u0131.<\/p>\n<h2>B2B Al\u0131c\u0131lara Y\u00f6nelik Ki\u015fiselle\u015ftirme \u00d6nerileri<\/h2>\n<p>Marka sahiplerine, distrib\u00fct\u00f6rlere ve toptan i\u00e7ecek tedarik\u00e7ilerine \u015fu \u00f6nerilerde bulunuyoruz:<\/p>\n<ul>\n<li><strong>\u00d6zel Logo Bask\u0131s\u0131 veya Kabartma<\/strong>: Cam \u015fi\u015fe veya kavanozun g\u00f6vdesine serigrafi bask\u0131 veya kabartma y\u00f6ntemiyle logo uygulayarak marka ad\u0131n\u0131 g\u00fc\u00e7lendirin.<\/li>\n<li><strong>\u00d6zel Etiketli \u015ei\u015fe Kapaklar\u0131 ve Kapaklar\u0131<\/strong>: Ambalaj\u0131 farkl\u0131la\u015ft\u0131rmak i\u00e7in, kurcalamaya kar\u015f\u0131 g\u00fcvenlik halkas\u0131 bulunan beyaz veya siyah \u00f6zel \u015fi\u015fe kapaklar\u0131 sa\u011flay\u0131n veya markal\u0131 kapaklar tasarlay\u0131n.<\/li>\n<li><strong>Perakendeye Haz\u0131r Toplu Ambalaj<\/strong>Mevcut karton ambalajlar\u0131, toptan ve da\u011f\u0131t\u0131m kanallar\u0131nda kullan\u0131lmak \u00fczere markal\u0131, perakende sat\u0131\u015fa haz\u0131r karton ambalajlarla de\u011fi\u015ftirin.<\/li>\n<\/ul>\n<p>Cam ambalaj \u00fcretimi ve toptanc\u0131l\u0131\u011f\u0131 alan\u0131nda k\u00f6kl\u00fc bir ge\u00e7mi\u015fe sahip olan firmam\u0131z, s\u00fct ve i\u00e7ecek \u015firketlerine istikrarl\u0131 \u00fcretim hacmi ve \u00f6zelle\u015ftirme konusunda destek sa\u011flamaktad\u0131r.<\/p>","protected":false},"excerpt":{"rendered":"<p>32 oz&#039;luk (954 ml) vintage tarz\u0131 \u015feffaf cam s\u00fct \u015fi\u015feleri, g\u00fcvenlik kapa\u011f\u0131yla birlikte. S\u00fct ve i\u00e7ecek toptan ambalaj\u0131 i\u00e7in yeniden kullan\u0131labilir, BPA i\u00e7ermeyen \u015feffaf cam s\u00fct \u015fi\u015fesi.<\/p>","protected":false},"featured_media":25283,"template":"","meta":[],"product_brand":[],"product_cat":[82,80,20],"product_tag":[],"class_list":{"0":"post-17123","1":"product","2":"type-product","3":"status-publish","4":"has-post-thumbnail","6":"product_cat-milk-bottles","7":"product_cat-glass-bottles","8":"product_cat-glass-containers","10":"first","11":"instock","12":"shipping-taxable","13":"product-type-grouped"},"jetpack_sharing_enabled":true,"_links":{"self":[{"href":"https:\/\/yebodaglass.com\/tr\/wp-json\/wp\/v2\/product\/17123","targetHints":{"allow":["GET"]}}],"collection":[{"href":"https:\/\/yebodaglass.com\/tr\/wp-json\/wp\/v2\/product"}],"about":[{"href":"https:\/\/yebodaglass.com\/tr\/wp-json\/wp\/v2\/types\/product"}],"version-history":[{"count":5,"href":"https:\/\/yebodaglass.com\/tr\/wp-json\/wp\/v2\/product\/17123\/revisions"}],"predecessor-version":[{"id":25385,"href":"https:\/\/yebodaglass.com\/tr\/wp-json\/wp\/v2\/product\/17123\/revisions\/25385"}],"wp:featuredmedia":[{"embeddable":true,"href":"https:\/\/yebodaglass.com\/tr\/wp-json\/wp\/v2\/media\/25283"}],"wp:attachment":[{"href":"https:\/\/yebodaglass.com\/tr\/wp-json\/wp\/v2\/media?parent=17123"}],"wp:term":[{"taxonomy":"product_brand","embeddable":true,"href":"https:\/\/yebodaglass.com\/tr\/wp-json\/wp\/v2\/product_brand?post=17123"},{"taxonomy":"product_cat","embeddable":true,"href":"https:\/\/yebodaglass.com\/tr\/wp-json\/wp\/v2\/product_cat?post=17123"},{"taxonomy":"product_tag","embeddable":true,"href":"https:\/\/yebodaglass.com\/tr\/wp-json\/wp\/v2\/product_tag?post=17123"}],"curies":[{"name":"wp","href":"https:\/\/api.w.org\/{rel}","templated":true}]}}