{"id":17101,"date":"2025-07-15T11:16:30","date_gmt":"2025-07-15T03:16:30","guid":{"rendered":"https:\/\/yebodaglass.com\/?post_type=product&#038;p=17101"},"modified":"2026-03-10T13:16:58","modified_gmt":"2026-03-10T05:16:58","slug":"square-swing-top-airtight-storage-jars-with-glass-lid","status":"publish","type":"product","link":"https:\/\/yebodaglass.com\/tr\/urun\/square-swing-top-airtight-storage-jars-with-glass-lid\/","title":{"rendered":"Kare \u015eekilli, A\u00e7\u0131l\u0131r Kapan\u0131r Kapakl\u0131, Hava Ge\u00e7irmez Saklama Kavanozlar\u0131, Cam Kapakl\u0131, 500-1500 ml"},"content":{"rendered":"<p>Bu hava ge\u00e7irmez saklama kavanozlar\u0131 serisi, modern mutfak depolama ve d\u00fczenleme i\u00e7in tasarlanm\u0131\u015f, yerden tasarruf sa\u011flayan kare cam g\u00f6vde ve yuvarlak cam kapa\u011fa sahiptir. Birinci s\u0131n\u0131f \u015feffaf camdan \u00fcretilen kavanoz, perakende raflar\u0131 ve cam mutfak ortamlar\u0131 i\u00e7in uygun, zarif bir g\u00f6r\u00fcn\u00fcm sa\u011flarken i\u00e7eri\u011fin kolayca g\u00f6r\u00fclmesine olanak tan\u0131r. Paslanmaz \u00e7elik kelep\u00e7eli kapaklar ve silikon conta ile birlikte kullan\u0131lan tel klipsli kapatma sistemi, g\u00fcvenilir bir hava ge\u00e7irmez s\u0131zd\u0131rmazl\u0131k olu\u015fturarak g\u0131da, kuru g\u0131da, makarna, tah\u0131l, kurabiye, sos veya tur\u015fu gibi \u00fcr\u00fcnlerin saklanmas\u0131 i\u00e7in idealdir.<\/p>\n<p>Plastik kaplarla kar\u015f\u0131la\u015ft\u0131r\u0131ld\u0131\u011f\u0131nda, bu hava ge\u00e7irmez cam kavanozlar, hem ev hem de ticari mutfaklarda cam g\u0131da saklama i\u00e7in daha dayan\u0131kl\u0131 ve tekrar kullan\u0131labilir bir saklama kab\u0131 \u00e7\u00f6z\u00fcm\u00fc sunar. Geni\u015f a\u011f\u0131zl\u0131, kavanoz tipi a\u00e7\u0131kl\u0131\u011f\u0131 sayesinde, cam konserve kavanozu, cam kurabiye kavanozu veya cam saklama kab\u0131 olarak da kullan\u0131labilir.<\/p>\n<h2>Temel \u00d6zellikler<\/h2>\n<table style=\"border-collapse: collapse; width: 80%; margin-left: auto; margin-right: auto;\" border=\"0\" width=\"80%\" cellspacing=\"0\" cellpadding=\"0\">\n<tbody>\n<tr style=\"height: 13.50pt;\">\n<td style=\"height: 13.50pt; width: 123.00pt;\" width=\"164\" height=\"18\">\u015eartname<\/td>\n<td style=\"width: 543.00pt;\" width=\"724\">Detaylar<\/td>\n<\/tr>\n<tr style=\"height: 13.50pt;\">\n<td style=\"height: 13.50pt;\" height=\"18\">\u00dcr\u00fcn Tipi<\/td>\n<td>Sal\u0131ncak Kapakl\u0131 Hava Ge\u00e7irmez Saklama Kavanozlar\u0131<\/td>\n<\/tr>\n<tr style=\"height: 13.50pt;\">\n<td style=\"height: 13.50pt;\" height=\"18\">Malzeme<\/td>\n<td>Kur\u015funsuz soda-kire\u00e7 \u015feffaf cam + paslanmaz \u00e7elik d\u00f6ner klips + silikon conta<\/td>\n<\/tr>\n<tr style=\"height: 13.50pt;\">\n<td style=\"height: 13.50pt;\" height=\"18\">Kapak Tipi<\/td>\n<td>S\u0131zd\u0131rmazl\u0131k teli klipsli cam kapak (kelep\u00e7eli kapaklar)<\/td>\n<\/tr>\n<tr style=\"height: 13.50pt;\">\n<td style=\"height: 13.50pt;\" height=\"18\">\u015eekil<\/td>\n<td>Kare cam kavanoz g\u00f6vdesi ve yuvarlak kapa\u011f\u0131<\/td>\n<\/tr>\n<tr style=\"height: 13.50pt;\">\n<td style=\"height: 13.50pt;\" height=\"18\">A\u011f\u0131z \u00c7ap\u0131<\/td>\n<td>95 mm geni\u015fli\u011finde a\u011f\u0131z<\/td>\n<\/tr>\n<tr style=\"height: 54.00pt;\">\n<td style=\"height: 54.00pt;\" height=\"72\">Kapasite Se\u00e7enekleri<\/td>\n<td class=\"et2\" style=\"width: 543.00pt;\" width=\"724\">16oz \/ 500ml (6 paket)<br \/>\n24oz \/ 750ml (4 paket)<br \/>\n32oz \/ 1000ml (3 paket)<br \/>\n48oz \/ 1500ml (2 paket)<\/td>\n<\/tr>\n<tr style=\"height: 13.50pt;\">\n<td style=\"height: 13.50pt;\" height=\"18\">S\u0131zd\u0131rmazl\u0131k Sistemi<\/td>\n<td>Silikon contal\u0131 hava ge\u00e7irmez kapaklar<\/td>\n<\/tr>\n<tr style=\"height: 13.50pt;\">\n<td style=\"height: 13.50pt;\" height=\"18\">Ba\u015fvuru<\/td>\n<td>G\u0131da saklama kaplar\u0131, konserve kavanozlar\u0131, kiler saklama kavanozlar\u0131, sos ve kuru g\u0131da saklama kaplar\u0131<\/td>\n<\/tr>\n<tr style=\"height: 13.50pt;\">\n<td style=\"height: 13.50pt;\" height=\"18\">Paketleme<\/td>\n<td>Toplu, toptan ve kavanoz seti ambalajlama se\u00e7enekleri mevcuttur.<\/td>\n<\/tr>\n<tr style=\"height: 13.50pt;\">\n<td style=\"height: 13.50pt;\" height=\"18\">\u00dcretme<\/td>\n<td>Do\u011frudan \u00fcreticiden tedarik, h\u0131zl\u0131 teslimat ve \u00f6zel tedarik deste\u011fi.<\/td>\n<\/tr>\n<\/tbody>\n<\/table>\n<h2>Ba\u015fl\u0131ca \u00d6zellikler<\/h2>\n<h3>Uzun S\u00fcreli Tazelik \u0130\u00e7in Hava Ge\u00e7irmez S\u0131zd\u0131rmazl\u0131k<\/h3>\n<p>Hava ge\u00e7irmez kapakl\u0131 cam kavanozlar, yiyeceklerin tazeli\u011fini koruyan ve nem veya hava ile temas\u0131n\u0131 \u00f6nleyen hava ge\u00e7irmez bir saklama ortam\u0131 olu\u015fturmak i\u00e7in silikon conta ve paslanmaz \u00e7elik mente\u015feli kapak kullan\u0131r.<\/p>\n<h3>Yerden Tasarruf Sa\u011flayan Kare Tasar\u0131m<\/h3>\n<p>Birincisi, kare g\u00f6vde, yuvarlak cam saklama kavanozlar\u0131n\u0131n aksine, kiler raflar\u0131nda ve perakende ambalajlarda daha s\u0131k\u0131 paketleme ve daha verimli depolama \u00e7\u00f6z\u00fcmleri sa\u011flar.<\/p>\n<h3>Kolay doldurma ve temizleme i\u00e7in geni\u015f a\u011f\u0131z<\/h3>\n<p>Geni\u015f a\u011f\u0131zl\u0131 (95 mm) tasar\u0131m\u0131 sayesinde bu cam g\u0131da saklama kaplar\u0131, soslar, makarna, tah\u0131llar ve at\u0131\u015ft\u0131rmal\u0131klar i\u00e7in doldurmay\u0131, kep\u00e7eyle almay\u0131 ve temizlemeyi kolayla\u015ft\u0131r\u0131r.<\/p>\n<h2>Ba\u015far\u0131l\u0131 B2B Vakas\u0131<\/h2>\n<p>Almanya&#039;da organik makarna soslar\u0131 \u00fcreten \u00f6zel bir g\u0131da markas\u0131, premium perakende \u00fcr\u00fcn serisi i\u00e7in hava ge\u00e7irmez saklama kavanozlar\u0131 ar\u0131yordu. \u015eirket, s\u00fcpermarketlere ve \u00e7evrimi\u00e7i market platformlar\u0131na tedarik sa\u011flayan orta \u00f6l\u00e7ekli bir g\u0131da \u00fcreticisi ve da\u011f\u0131t\u0131c\u0131s\u0131 olarak faaliyet g\u00f6steriyor.<\/p>\n<p>32 oz ve 48 oz&#039;luk kapakl\u0131 cam kavanozlar\u0131 toplu olarak sipari\u015f ettiler ve a\u015fa\u011f\u0131dakiler de dahil olmak \u00fczere \u00e7e\u015fitli \u00f6zel se\u00e7enekler talep ettiler:<\/p>\n<ul>\n<li>Cam kap \u00fczerine \u00f6zel marka logosu bask\u0131s\u0131<\/li>\n<li>Tel klips ba\u011flant\u0131s\u0131na \u00f6zel renk kaplamas\u0131<\/li>\n<li>Perakende sat\u0131\u015fa haz\u0131r g\u0131da saklama kab\u0131 seti ambalaj\u0131<\/li>\n<\/ul>\n<p>Kapakl\u0131 cam kavanozlar\u0131n piyasaya s\u00fcr\u00fclmesinin ard\u0131ndan markan\u0131n \u00fcst d\u00fczey konumland\u0131rmas\u0131 ve raflardaki \u00fcr\u00fcn g\u00f6r\u00fcn\u00fcrl\u00fc\u011f\u00fc iyile\u015ftirildi. Sos serilerinin sat\u0131\u015flar\u0131nda alt\u0131 ayda &#039;lik bir art\u0131\u015f kaydedildi ve m\u00fc\u015fterileri, tur\u015fu ve \u00e7o\u011funlukla kuru olarak sat\u0131lan makarna da dahil olmak \u00fczere daha fazla kavanoz \u00fcretimiyle iki ayr\u0131 toptan sipari\u015f daha verdi.<\/p>\n<h2>B2B Uygulamalar\u0131 i\u00e7in \u00d6zelle\u015ftirme \u00d6nerileri<\/h2>\n<ol>\n<li><strong>\u00d6zel Etiket Markalama<\/strong>Marka sahipleri i\u00e7in paketlenmi\u015f g\u0131dalar veya mutfak dolab\u0131 cam saklama kaplar\u0131 \u00fcretmek amac\u0131yla logo bask\u0131s\u0131, kabartma veya etiketleme ekleyerek kapakl\u0131 \u00f6zel cam kavanozlar olu\u015fturun.<\/li>\n<li><strong>Perakende Ambalaj Setleri<\/strong>: Mutfak d\u00fczeni i\u00e7in en iyi g\u0131da saklama kaplar\u0131n\u0131 satan e-ticaret markalar\u0131 i\u00e7in g\u0131da saklama kab\u0131 seti veya kavanoz seti ambalaj\u0131 geli\u015ftirin.<\/li>\n<li><strong>Fonksiyonel Kapak \u00d6zelle\u015ftirme<\/strong>Perakende ve \u00f6zel g\u0131da pazarlar\u0131nda cam kapakl\u0131 cam kavanozlar\u0131n\u0131z\u0131 di\u011ferlerinden ay\u0131rt etmek i\u00e7in conta rengini, kelep\u00e7eli kapaklar\u0131 veya metal klips kaplamalar\u0131n\u0131 ayarlay\u0131n.<\/li>\n<\/ol>","protected":false},"excerpt":{"rendered":"<p>Bulk airtight storage jars from a reliable manufacturer. Durable swing top glass jars with airtight lids for food storage, wholesale sourcing, and custom branding.<\/p>","protected":false},"featured_media":25330,"template":"","meta":[],"product_brand":[],"product_cat":[87,134,124,122,20,83],"product_tag":[],"class_list":{"0":"post-17101","1":"product","2":"type-product","3":"status-publish","4":"has-post-thumbnail","6":"product_cat-food-storage-jars","7":"product_cat-airtight-jars","8":"product_cat-custom-glass-jars","9":"product_cat-custom-glass-packaging","10":"product_cat-glass-containers","11":"product_cat-glass-jars","13":"first","14":"instock","15":"shipping-taxable","16":"product-type-grouped"},"jetpack_sharing_enabled":true,"_links":{"self":[{"href":"https:\/\/yebodaglass.com\/tr\/wp-json\/wp\/v2\/product\/17101","targetHints":{"allow":["GET"]}}],"collection":[{"href":"https:\/\/yebodaglass.com\/tr\/wp-json\/wp\/v2\/product"}],"about":[{"href":"https:\/\/yebodaglass.com\/tr\/wp-json\/wp\/v2\/types\/product"}],"version-history":[{"count":5,"href":"https:\/\/yebodaglass.com\/tr\/wp-json\/wp\/v2\/product\/17101\/revisions"}],"predecessor-version":[{"id":25321,"href":"https:\/\/yebodaglass.com\/tr\/wp-json\/wp\/v2\/product\/17101\/revisions\/25321"}],"wp:featuredmedia":[{"embeddable":true,"href":"https:\/\/yebodaglass.com\/tr\/wp-json\/wp\/v2\/media\/25330"}],"wp:attachment":[{"href":"https:\/\/yebodaglass.com\/tr\/wp-json\/wp\/v2\/media?parent=17101"}],"wp:term":[{"taxonomy":"product_brand","embeddable":true,"href":"https:\/\/yebodaglass.com\/tr\/wp-json\/wp\/v2\/product_brand?post=17101"},{"taxonomy":"product_cat","embeddable":true,"href":"https:\/\/yebodaglass.com\/tr\/wp-json\/wp\/v2\/product_cat?post=17101"},{"taxonomy":"product_tag","embeddable":true,"href":"https:\/\/yebodaglass.com\/tr\/wp-json\/wp\/v2\/product_tag?post=17101"}],"curies":[{"name":"wp","href":"https:\/\/api.w.org\/{rel}","templated":true}]}}