{"id":16945,"date":"2025-07-14T16:03:51","date_gmt":"2025-07-14T08:03:51","guid":{"rendered":"https:\/\/yebodaglass.com\/?post_type=product&#038;p=16945"},"modified":"2026-04-10T14:03:54","modified_gmt":"2026-04-10T06:03:54","slug":"wholesale-8-oz-wide-mouth-mason-jar-with-diamond-pattern","status":"publish","type":"product","link":"https:\/\/yebodaglass.com\/tr\/wholesale-8-oz-wide-mouth-mason-jar-with-diamond-pattern\/","title":{"rendered":"Toptan 8 oz Elmas Desenli Geni\u015f A\u011f\u0131zl\u0131 Mason Kavanozu"},"content":{"rendered":"<p>8 onsluk geni\u015f a\u011f\u0131zl\u0131 cam kavanoz, elmas \u015fekilli desenlere sahip geleneksel silindirik bir tasar\u0131ma sahiptir. \u00dcr\u00fcn, hava ge\u00e7irmez bir kapanma sa\u011flayan g\u00fcm\u00fc\u015f renkli metal vidal\u0131 kapa\u011fa sahip ultra \u015feffaf g\u0131da s\u0131n\u0131f\u0131 camdan \u00fcretilmi\u015ftir.<\/p>\n<h2>\u00d6zellikler<\/h2>\n<ul>\n<li><strong>Klasik Geni\u015f A\u011f\u0131zl\u0131 Mason Kavanoz \u015eekli:<\/strong> D\u00fcz duvarl\u0131 cam silindir, standart geni\u015f a\u011f\u0131zl\u0131 di\u015fli tasar\u0131m\u0131 sayesinde evrensel kapaklarla uyumluluk sa\u011flayarak kolay doldurma imkan\u0131 sunar.<\/li>\n<li><strong>Elmas Desenli Kapitone \u015eablonu:<\/strong> Cam\u0131n \u00fczerinde yer alan derin elmas desenleri, kullan\u0131c\u0131lara daha iyi kullan\u0131m kontrol\u00fc sa\u011flayan \u00e7ekici bir tasar\u0131m olu\u015fturuyor.<\/li>\n<li><strong>Kal\u0131nla\u015ft\u0131r\u0131lm\u0131\u015f ve Sa\u011flam \u015ei\u015fe Tasar\u0131m\u0131:<\/strong> \u015ei\u015fenin kal\u0131n duvarlar\u0131 sa\u011flam bir yap\u0131 olu\u015ftururken, kabartmal\u0131 doku kullan\u0131c\u0131lar\u0131n daha iyi kontrol sa\u011flamas\u0131na olanak tan\u0131r.<\/li>\n<\/ul>\n<h2>Temel \u00d6zellikler<\/h2>\n<table style=\"border-collapse: collapse; width: 80%; margin-left: auto; margin-right: auto;\" border=\"0\" width=\"615\" cellspacing=\"0\" cellpadding=\"0\">\n<tbody>\n<tr style=\"height: 13.50pt;\">\n<td style=\"height: 13.5pt; width: 162.75pt; text-align: center;\" width=\"217\" height=\"18\">\u015eartname<\/td>\n<td style=\"width: 298.5pt; text-align: center;\" width=\"398\">Detay<\/td>\n<\/tr>\n<tr style=\"height: 13.50pt;\">\n<td style=\"height: 13.5pt; text-align: center;\" height=\"18\">Kapasite<\/td>\n<td style=\"text-align: center;\">8oz\/250 ml<\/td>\n<\/tr>\n<tr style=\"height: 13.50pt;\">\n<td style=\"height: 13.5pt; text-align: center;\" height=\"18\">Paketleme Boyutlar\u0131<\/td>\n<td style=\"text-align: center;\">12,4 * 9,4 * 4,7 in\u00e7<\/td>\n<\/tr>\n<tr style=\"height: 13.50pt;\">\n<td style=\"height: 13.5pt; text-align: center;\" height=\"18\">Malzeme<\/td>\n<td style=\"text-align: center;\">Kur\u015funsuz Cam<\/td>\n<\/tr>\n<tr style=\"height: 13.50pt;\">\n<td style=\"height: 13.5pt; text-align: center;\" height=\"18\">Kapak Tipi<\/td>\n<td style=\"text-align: center;\">Vidal\u0131 metal kapak<\/td>\n<\/tr>\n<tr style=\"height: 13.50pt;\">\n<td style=\"height: 13.5pt; text-align: center;\" height=\"18\">Paketleme Spesifikasyonu<\/td>\n<td style=\"text-align: center;\">Karton ba\u015f\u0131na 12 kavanoz<\/td>\n<\/tr>\n<tr style=\"height: 13.50pt;\">\n<td style=\"height: 13.5pt; text-align: center;\" height=\"18\">\u015eekil<\/td>\n<td style=\"text-align: center;\">Silindirik<\/td>\n<\/tr>\n<tr style=\"height: 13.50pt;\">\n<td style=\"height: 13.5pt; text-align: center;\" height=\"18\">D\u0131\u015f Tasar\u0131m<\/td>\n<td style=\"text-align: center;\">Y\u00fczeye kaz\u0131nm\u0131\u015f kapitone elmas deseni<\/td>\n<\/tr>\n<tr style=\"height: 13.50pt;\">\n<td style=\"height: 13.5pt; text-align: center;\" height=\"18\">\u015eeffafl\u0131k<\/td>\n<td style=\"text-align: center;\">\u015eeffaf cam, i\u00e7 mekan\u0131n g\u00f6r\u00fclmesini sa\u011flar<\/td>\n<\/tr>\n<\/tbody>\n<\/table>\n<h2>Ba\u015far\u0131 \u00d6yk\u00fcs\u00fc: Premium Re\u00e7el Markas\u0131ndan \u00d6zel Sipari\u015f<\/h2>\n<p>G\u00fcrcistan&#039;daki re\u00e7el \u015firketi, alt\u0131n metal kapaklarla ve buzlu bir y\u00fczeyle \u00f6zelle\u015ftirdikleri 8 onsluk geni\u015f a\u011f\u0131zl\u0131 kavanozlar\u0131m\u0131z\u0131 se\u00e7ti. \u00d6zel tasar\u0131m kavanozlar ola\u011fan\u00fcst\u00fc sonu\u00e7lar verdi; elmas deseni ve buzlu y\u00fczey, raf g\u00f6r\u00fcn\u00fcrl\u00fc\u011f\u00fcnde , m\u00fc\u015fteri tekrar sat\u0131n al\u0131mlar\u0131nda ise art\u0131\u015f sa\u011flad\u0131. Bunun \u00fczerine yeni \u00fcr\u00fcn serileri i\u00e7in 450.000&#039;den fazla kavanoz sipari\u015f ettiler.<\/p>\n<h2>Geni\u015f A\u011f\u0131zl\u0131 Mason Kavanozlar\u0131 \u0130\u00e7in \u00d6zelle\u015ftirme \u00d6nerileri<\/h2>\n<ul>\n<li>Desen Varyasyonlar\u0131: Petek, \u00e7i\u00e7ek, geometrik ve \u00f6zel dokular dahil olmak \u00fczere farkl\u0131 kabartma desenleri olu\u015fturun.<\/li>\n<li>Renk Uyumlu Kapak Halkalar\u0131: \u00dcr\u00fcn, cam kavanozlar ve etiketlerle uyumlu olmas\u0131 i\u00e7in bak\u0131r, pembe alt\u0131n ve siyah dahil olmak \u00fczere \u00e7e\u015fitli kaplamal\u0131 metal halka se\u00e7enekleri sunmaktad\u0131r.<\/li>\n<li>Entegre \u00d6l\u00e7\u00fc \u0130\u015faretleri: Cam kavanoz, yemek pi\u015firme, f\u0131r\u0131nlama ve el i\u015flerinde \u00f6l\u00e7\u00fcye ihtiya\u00e7 duyan kullan\u0131c\u0131lar i\u00e7in ons ve mililitre cinsinden \u00f6l\u00e7\u00fcleri g\u00f6steren kabartmal\u0131 \u00f6l\u00e7\u00fc i\u015faretleri i\u00e7erir.<\/li>\n<\/ul>","protected":false},"excerpt":{"rendered":"<p>Kabartmal\u0131 elmas desenli ve metal kapakl\u0131 geni\u015f a\u011f\u0131zl\u0131 kavanoz. Hediye, saklama ve dekorasyon i\u00e7in 237 ml&#039;lik geni\u015f a\u011f\u0131zl\u0131 kavanozlar. \u00d6zel marka bask\u0131s\u0131 desteklenmektedir.<\/p>","protected":false},"featured_media":16959,"template":"","meta":[],"product_brand":[],"product_cat":[84,83,20],"product_tag":[],"class_list":{"0":"post-16945","1":"product","2":"type-product","3":"status-publish","4":"has-post-thumbnail","6":"product_cat-mason-jars","7":"product_cat-glass-jars","8":"product_cat-glass-containers","10":"first","11":"instock","12":"shipping-taxable","13":"product-type-grouped"},"jetpack_sharing_enabled":true,"_links":{"self":[{"href":"https:\/\/yebodaglass.com\/tr\/wp-json\/wp\/v2\/product\/16945","targetHints":{"allow":["GET"]}}],"collection":[{"href":"https:\/\/yebodaglass.com\/tr\/wp-json\/wp\/v2\/product"}],"about":[{"href":"https:\/\/yebodaglass.com\/tr\/wp-json\/wp\/v2\/types\/product"}],"version-history":[{"count":5,"href":"https:\/\/yebodaglass.com\/tr\/wp-json\/wp\/v2\/product\/16945\/revisions"}],"predecessor-version":[{"id":25736,"href":"https:\/\/yebodaglass.com\/tr\/wp-json\/wp\/v2\/product\/16945\/revisions\/25736"}],"wp:featuredmedia":[{"embeddable":true,"href":"https:\/\/yebodaglass.com\/tr\/wp-json\/wp\/v2\/media\/16959"}],"wp:attachment":[{"href":"https:\/\/yebodaglass.com\/tr\/wp-json\/wp\/v2\/media?parent=16945"}],"wp:term":[{"taxonomy":"product_brand","embeddable":true,"href":"https:\/\/yebodaglass.com\/tr\/wp-json\/wp\/v2\/product_brand?post=16945"},{"taxonomy":"product_cat","embeddable":true,"href":"https:\/\/yebodaglass.com\/tr\/wp-json\/wp\/v2\/product_cat?post=16945"},{"taxonomy":"product_tag","embeddable":true,"href":"https:\/\/yebodaglass.com\/tr\/wp-json\/wp\/v2\/product_tag?post=16945"}],"curies":[{"name":"wp","href":"https:\/\/api.w.org\/{rel}","templated":true}]}}