{"id":16894,"date":"2025-07-14T13:11:18","date_gmt":"2025-07-14T05:11:18","guid":{"rendered":"https:\/\/yebodaglass.com\/?post_type=product&#038;p=16894"},"modified":"2026-03-25T14:14:13","modified_gmt":"2026-03-25T06:14:13","slug":"wholesale-16-oz-32-oz-clear-swing-top-glass-bottles","status":"publish","type":"product","link":"https:\/\/yebodaglass.com\/tr\/urun\/wholesale-16-oz-32-oz-clear-swing-top-glass-bottles\/","title":{"rendered":"Toptan 16 oz 32 oz \u015eeffaf Sal\u0131ncakl\u0131 Kapakl\u0131 Cam \u015ei\u015feler"},"content":{"rendered":"<p>Bu yuvarlak \u015fekilli, mente\u015feli kapakl\u0131 cam \u015fi\u015feler kristal berrakl\u0131\u011f\u0131nda camdan yap\u0131lm\u0131\u015ft\u0131r. Ba\u015fl\u0131ca \u00f6zelli\u011fi, k\u0131rm\u0131z\u0131 ve beyaz \u00e7izgili kau\u00e7uk contal\u0131 seramik t\u0131pay\u0131 sabitleyen mente\u015feli metal tel tokas\u0131d\u0131r. Bu tasar\u0131m, g\u00fc\u00e7l\u00fc ve hava ge\u00e7irmez bir s\u0131zd\u0131rmazl\u0131k sa\u011flarken ayn\u0131 zamanda kolay a\u00e7\u0131l\u0131p kapanma imkan\u0131 da sunar.<\/p>\n<h2>\u00d6ne \u00e7\u0131kanlar<\/h2>\n<ul>\n<li><strong>Vidal\u0131 Kapak S\u0131zd\u0131rmazl\u0131\u011f\u0131:<\/strong> Metal \u00e7\u0131t\u00e7\u0131t, kau\u00e7uk conta t\u0131pas\u0131n\u0131 kapatarak iyi ve tekrar kullan\u0131labilir bir s\u0131zd\u0131rmazl\u0131k sa\u011flar.<\/li>\n<li><strong>Net Silindirik Tasar\u0131m:<\/strong> D\u00fcz kenarl\u0131 cam \u015fi\u015fe sa\u011flam, kolay y\u0131kanabilir ve i\u00e7ini g\u00f6sterir.<\/li>\n<li><strong>Metalik Ba\u011flant\u0131 Par\u00e7alar\u0131:<\/strong> Y\u00fcksek mukavemetli metal mente\u015fe ve kau\u00e7uk kaplama ile kaplanm\u0131\u015f seramik durdurucu, ba\u011flant\u0131 par\u00e7as\u0131n\u0131n uzun \u00f6m\u00fcrl\u00fc olmas\u0131n\u0131 garanti eder.<\/li>\n<\/ul>\n<h2 style=\"text-align: left;\">Temel \u00d6zellikler<\/h2>\n<table class=\"aligncenter\" style=\"border-collapse: collapse; width: 303.77pt;\" border=\"0\" width=\"405\" cellspacing=\"0\" cellpadding=\"0\">\n<tbody>\n<tr style=\"height: 13.50pt;\">\n<td style=\"height: 13.50pt; width: 99.75pt;\" width=\"133\" height=\"18\">Parametre<\/td>\n<td style=\"width: 204.00pt;\" width=\"272\">Tan\u0131m<\/td>\n<\/tr>\n<tr style=\"height: 13.50pt;\">\n<td style=\"height: 13.50pt;\" height=\"18\">Kapasite<\/td>\n<td>16 oz (500 ml)\/32 oz (1000 ml)<\/td>\n<\/tr>\n<tr style=\"height: 13.50pt;\">\n<td style=\"height: 13.50pt;\" height=\"18\">Paketleme boyutu<\/td>\n<td>9,3*6,3*10,6 in\u00e7\/7,3*7,3*12,4 in\u00e7<\/td>\n<\/tr>\n<tr style=\"height: 13.50pt;\">\n<td style=\"height: 13.50pt;\" height=\"18\">Paketleme miktar\u0131<\/td>\n<td>Karton ba\u015f\u0131na 6 adet; karton ba\u015f\u0131na 4 adet<\/td>\n<\/tr>\n<tr style=\"height: 13.50pt;\">\n<td style=\"height: 13.50pt;\" height=\"18\">Malzeme<\/td>\n<td>0 geri d\u00f6n\u00fc\u015ft\u00fcr\u00fclebilir kur\u015funsuz cam<\/td>\n<\/tr>\n<tr style=\"height: 13.50pt;\">\n<td style=\"height: 13.50pt;\" height=\"18\">Kapak Tipi<\/td>\n<td>Kau\u00e7uk contal\u0131 kapakl\u0131 kapak<\/td>\n<\/tr>\n<\/tbody>\n<\/table>\n<h2>Ba\u015far\u0131 \u00d6yk\u00fcs\u00fc: Yeni \u0130ngiltere&#039;de Bir Ak\u00e7aa\u011fa\u00e7 \u015eurubu \u00dcreticisinin B\u00fcy\u00fcmesi<\/h2>\n<p>1 litrelik kapakl\u0131 \u015fi\u015felerimizden biri, Yeni \u0130ngiltere&#039;de faaliyet g\u00f6steren bir ak\u00e7aa\u011fa\u00e7 \u015furubu \u00fcreticisi taraf\u0131ndan se\u00e7ildi. \u00dcretici, hu\u015f a\u011fac\u0131ndan yap\u0131lm\u0131\u015f \u015fi\u015feye serigrafi bask\u0131 yap\u0131lacak bir desen ve kahverengi bir kau\u00e7uk conta istedi. Conta, ak\u00e7aa\u011fa\u00e7 \u015furubunun raf \u00f6mr\u00fcn\u00fc 3 kat art\u0131rd\u0131 ve \u015feffaf cam \u015fi\u015fe sayesinde m\u00fc\u015fteriler \u00fcr\u00fcn\u00fcn berrakl\u0131\u011f\u0131n\u0131 kolayca g\u00f6zlemleyebildi; bu da sat\u0131\u015flarda &#039;lik bir art\u0131\u015fa yol a\u00e7t\u0131. \u015eirket \u00fcr\u00fcnden o kadar memnun kald\u0131 ki, yeni piyasaya s\u00fcrd\u00fckleri aromal\u0131 \u015furup ve hediye setlerinden 100.000 \u015fi\u015felik bir sipari\u015f daha verdi.<\/p>\n<h2>Kapakl\u0131 Cam \u015ei\u015feler Ki\u015fiselle\u015ftirme<\/h2>\n<ul>\n<li>Klips ve Tel Malzemeleri: Galvanizli \u00e7elik, siyah kaplama, bak\u0131r veya antika pirin\u00e7ten yap\u0131labilir.<\/li>\n<li>Durdurma ve S\u0131zd\u0131rmazl\u0131k Halkas\u0131 Renkleri: S\u0131zd\u0131rmazl\u0131k halkas\u0131 rengi ve \u00f6zelle\u015ftirilebilir durdurma malzemesi (seramik, plastik).<\/li>\n<li>Entegre Fermantasyon Vakum Vanas\u0131: Evde bira yap\u0131m\u0131nda fermantasyon i\u015flemlerini kolayla\u015ft\u0131rmak i\u00e7in \u00f6zel olarak tasarlanm\u0131\u015f, su bazl\u0131 veya vana tipi bir vanaya sahip \u00f6zel bir t\u0131pa ile \u00fcretilmi\u015ftir.<\/li>\n<\/ul>","protected":false},"excerpt":{"rendered":"<p data-start=\"40\" data-end=\"220\">S\u0131zd\u0131rmaz saklama i\u00e7in g\u00fcvenli kilitli kapa\u011fa sahip \u015feffaf cam \u015fi\u015feler. \u0130\u00e7ecekler ve s\u0131v\u0131lar i\u00e7in m\u00fckemmeldir. Fabrikadan do\u011frudan tedarik, toplu al\u0131mlarda indirimler mevcuttur.<\/p>","protected":false},"featured_media":16911,"template":"","meta":[],"product_brand":[],"product_cat":[81,80,20],"product_tag":[],"class_list":{"0":"post-16894","1":"product","2":"type-product","3":"status-publish","4":"has-post-thumbnail","6":"product_cat-flip-top-bottles","7":"product_cat-glass-bottles","8":"product_cat-glass-containers","10":"first","11":"instock","12":"shipping-taxable","13":"product-type-grouped"},"jetpack_sharing_enabled":true,"_links":{"self":[{"href":"https:\/\/yebodaglass.com\/tr\/wp-json\/wp\/v2\/product\/16894","targetHints":{"allow":["GET"]}}],"collection":[{"href":"https:\/\/yebodaglass.com\/tr\/wp-json\/wp\/v2\/product"}],"about":[{"href":"https:\/\/yebodaglass.com\/tr\/wp-json\/wp\/v2\/types\/product"}],"version-history":[{"count":5,"href":"https:\/\/yebodaglass.com\/tr\/wp-json\/wp\/v2\/product\/16894\/revisions"}],"predecessor-version":[{"id":25602,"href":"https:\/\/yebodaglass.com\/tr\/wp-json\/wp\/v2\/product\/16894\/revisions\/25602"}],"wp:featuredmedia":[{"embeddable":true,"href":"https:\/\/yebodaglass.com\/tr\/wp-json\/wp\/v2\/media\/16911"}],"wp:attachment":[{"href":"https:\/\/yebodaglass.com\/tr\/wp-json\/wp\/v2\/media?parent=16894"}],"wp:term":[{"taxonomy":"product_brand","embeddable":true,"href":"https:\/\/yebodaglass.com\/tr\/wp-json\/wp\/v2\/product_brand?post=16894"},{"taxonomy":"product_cat","embeddable":true,"href":"https:\/\/yebodaglass.com\/tr\/wp-json\/wp\/v2\/product_cat?post=16894"},{"taxonomy":"product_tag","embeddable":true,"href":"https:\/\/yebodaglass.com\/tr\/wp-json\/wp\/v2\/product_tag?post=16894"}],"curies":[{"name":"wp","href":"https:\/\/api.w.org\/{rel}","templated":true}]}}