{"id":16805,"date":"2025-07-11T10:47:25","date_gmt":"2025-07-11T02:47:25","guid":{"rendered":"https:\/\/yebodaglass.com\/?post_type=product&#038;p=16805"},"modified":"2026-03-11T15:06:00","modified_gmt":"2026-03-11T07:06:00","slug":"clear-glass-jam-jars-with-metal-lids-wholesale","status":"publish","type":"product","link":"https:\/\/yebodaglass.com\/tr\/urun\/clear-glass-jam-jars-with-metal-lids-wholesale\/","title":{"rendered":"16 oz \u015eeffaf Cam Re\u00e7el Kavanozlar\u0131, Metal Kapakl\u0131, Toptan"},"content":{"rendered":"<div data-elementor-type=\"wp-post\" data-elementor-id=\"16805\" class=\"elementor elementor-16805\" data-elementor-settings=\"{&quot;ha_cmc_init_switcher&quot;:&quot;no&quot;}\" data-elementor-post-type=\"product\">\n\t\t\t\t<div class=\"elementor-element elementor-element-bb0d695 e-flex e-con-boxed e-con e-parent\" data-id=\"bb0d695\" data-element_type=\"container\" data-e-type=\"container\" data-settings=\"{&quot;_ha_eqh_enable&quot;:false}\">\n\t\t\t\t\t<div class=\"e-con-inner\">\n\t\t\t\t<div class=\"elementor-element elementor-element-732f179 elementor-widget elementor-widget-text-editor\" data-id=\"732f179\" data-element_type=\"widget\" data-e-type=\"widget\" data-widget_type=\"text-editor.default\">\n\t\t\t\t<div class=\"elementor-widget-container\">\n\t\t\t\t\t\t\t\t\t<p>16oz'lik cam re\u00e7el kavanozlar\u0131m\u0131z, yuvarlak ve hafif bombeli bir tasar\u0131ma ve sa\u011flam metal vidal\u0131 bir kapa\u011fa sahiptir. Bu cam re\u00e7el kavanozlar\u0131, re\u00e7el, j\u00f6le, konserve, sos veya ev yap\u0131m\u0131 her t\u00fcrl\u00fc \u00fcr\u00fcn\u00fcn saklanmas\u0131 i\u00e7in m\u00fckemmeldir. Cam\u0131n canl\u0131 dokusu, i\u015flevselli\u011fi hem ev mutfa\u011f\u0131 hem de perakende sat\u0131\u015f i\u00e7in ideal, temiz ve klasik bir g\u00f6r\u00fcn\u00fcmle birle\u015ftirir.<\/p>\t\t\t\t\t\t\t\t<\/div>\n\t\t\t\t<\/div>\n\t\t\t\t<div class=\"elementor-element elementor-element-54c8d6c elementor-widget elementor-widget-heading\" data-id=\"54c8d6c\" data-element_type=\"widget\" data-e-type=\"widget\" data-widget_type=\"heading.default\">\n\t\t\t\t<div class=\"elementor-widget-container\">\n\t\t\t\t\t<h2 class=\"elementor-heading-title elementor-size-default\">Temel \u00d6zellikler<\/h2>\t\t\t\t<\/div>\n\t\t\t\t<\/div>\n\t\t\t\t<div class=\"elementor-element elementor-element-14509d8 elementor-widget elementor-widget-text-editor\" data-id=\"14509d8\" data-element_type=\"widget\" data-e-type=\"widget\" data-widget_type=\"text-editor.default\">\n\t\t\t\t<div class=\"elementor-widget-container\">\n\t\t\t\t\t\t\t\t\t<table style=\"border-collapse: collapse; margin-left: auto; margin-right: auto; width: 80%;\" border=\"0\" width=\"468\" cellspacing=\"0\" cellpadding=\"0\"><tbody><tr style=\"height: 13.50pt;\"><td style=\"height: 13.50pt; width: 120.00pt;\" width=\"160\" height=\"18\">Parametre<\/td><td style=\"width: 231.00pt;\" width=\"308\">Tan\u0131m<\/td><\/tr><tr style=\"height: 13.50pt;\"><td style=\"height: 13.50pt;\" height=\"18\">Kapasite<\/td><td>500 ml \/ 16 oz<\/td><\/tr><tr style=\"height: 13.50pt;\"><td style=\"height: 13.50pt;\" height=\"18\">Paket Miktar\u0131<\/td><td>Kutu ba\u015f\u0131na 12 adet<\/td><\/tr><tr style=\"height: 13.50pt;\"><td style=\"height: 13.50pt;\" height=\"18\">Malzeme<\/td><td>Kur\u015funsuz cam<\/td><\/tr><tr style=\"height: 13.50pt;\"><td style=\"height: 13.50pt;\" height=\"18\">A\u011f\u0131z \u00c7ap\u0131<\/td><td>6,9 cm \/ 2,72 in\u00e7<\/td><\/tr><tr style=\"height: 13.50pt;\"><td style=\"height: 13.50pt;\" height=\"18\">G\u00f6vde \u00c7ap\u0131<\/td><td>8,5 cm \/ 3,35 in\u00e7<\/td><\/tr><tr style=\"height: 13.50pt;\"><td style=\"height: 13.50pt;\" height=\"18\">Y\u00fckseklik<\/td><td>12,8 cm \/ 5,04 in\u00e7<\/td><\/tr><tr style=\"height: 13.50pt;\"><td style=\"height: 13.50pt;\" height=\"18\">M\u00fch\u00fcr Tipi<\/td><td>Metal vidal\u0131 kapak<\/td><\/tr><\/tbody><\/table>\t\t\t\t\t\t\t\t<\/div>\n\t\t\t\t<\/div>\n\t\t\t\t\t<\/div>\n\t\t\t\t<\/div>\n\t\t<div class=\"elementor-element elementor-element-55e31eb e-flex e-con-boxed e-con e-parent\" data-id=\"55e31eb\" data-element_type=\"container\" data-e-type=\"container\" data-settings=\"{&quot;_ha_eqh_enable&quot;:false}\">\n\t\t\t\t\t<div class=\"e-con-inner\">\n\t\t\t\t<div class=\"elementor-element elementor-element-fc0900e elementor-widget elementor-widget-heading\" data-id=\"fc0900e\" data-element_type=\"widget\" data-e-type=\"widget\" data-widget_type=\"heading.default\">\n\t\t\t\t<div class=\"elementor-widget-container\">\n\t\t\t\t\t<h2 class=\"elementor-heading-title elementor-size-default\">\u00d6ne \u00e7\u0131kanlar<\/h2>\t\t\t\t<\/div>\n\t\t\t\t<\/div>\n\t\t\t\t\t<\/div>\n\t\t\t\t<\/div>\n\t\t<div class=\"elementor-element elementor-element-723cd80 e-flex e-con-boxed e-con e-parent\" data-id=\"723cd80\" data-element_type=\"container\" data-e-type=\"container\" data-settings=\"{&quot;_ha_eqh_enable&quot;:false}\">\n\t\t\t\t\t<div class=\"e-con-inner\">\n\t\t<div class=\"elementor-element elementor-element-bf4cb81 e-con-full e-flex e-con e-child\" data-id=\"bf4cb81\" data-element_type=\"container\" data-e-type=\"container\" data-settings=\"{&quot;_ha_eqh_enable&quot;:false}\">\n\t\t\t\t<div class=\"elementor-element elementor-element-202a3f6 elementor-widget elementor-widget-image\" data-id=\"202a3f6\" data-element_type=\"widget\" data-e-type=\"widget\" data-widget_type=\"image.default\">\n\t\t\t\t<div class=\"elementor-widget-container\">\n\t\t\t\t\t\t\t\t\t\t\t\t\t\t\t<img decoding=\"async\" src=\"https:\/\/yebodaglass.com\/wp-content\/uploads\/elementor\/thumbs\/5-4-r8kz92p28wq5ax8qlaapz5bm4tfpep5gwvmnr6g90g.webp\" title=\"Silindir Tasar\u0131ml\u0131 Toptan 32 oz Mason Kavanozlar\u0131\" alt=\"Silindir Tasar\u0131ml\u0131 Toptan 32 oz Mason Kavanozlar\u0131\" loading=\"lazy\" \/>\t\t\t\t\t\t\t\t\t\t\t\t\t\t\t<\/div>\n\t\t\t\t<\/div>\n\t\t\t\t<div class=\"elementor-element elementor-element-fc1fd2d elementor-widget elementor-widget-text-editor\" data-id=\"fc1fd2d\" data-element_type=\"widget\" data-e-type=\"widget\" data-widget_type=\"text-editor.default\">\n\t\t\t\t<div class=\"elementor-widget-container\">\n\t\t\t\t\t\t\t\t\t<p>Y\u00fcksek kaliteli cam re\u00e7el kavanozlar\u0131: Birinci s\u0131n\u0131f camdan \u00fcretilmi\u015ftir, \u015feffaf ve sa\u011flamd\u0131r, s\u0131cakl\u0131k farkl\u0131l\u0131klar\u0131na dayan\u0131kl\u0131d\u0131r ve \u00e7atlamas\u0131 kolay de\u011fildir ve y\u00fcksek kaliteye sahiptir.<\/p>\t\t\t\t\t\t\t\t<\/div>\n\t\t\t\t<\/div>\n\t\t\t\t<\/div>\n\t\t<div class=\"elementor-element elementor-element-73418b7 e-con-full e-flex e-con e-child\" data-id=\"73418b7\" data-element_type=\"container\" data-e-type=\"container\" data-settings=\"{&quot;_ha_eqh_enable&quot;:false}\">\n\t\t\t\t<div class=\"elementor-element elementor-element-490e976 elementor-widget elementor-widget-image\" data-id=\"490e976\" data-element_type=\"widget\" data-e-type=\"widget\" data-widget_type=\"image.default\">\n\t\t\t\t<div class=\"elementor-widget-container\">\n\t\t\t\t\t\t\t\t\t\t\t\t\t\t\t<img decoding=\"async\" src=\"https:\/\/yebodaglass.com\/wp-content\/uploads\/elementor\/thumbs\/6-5-r8jh0iidgbtfzlg26a43gvb6w9cxxfmd4lm18tj6ao.webp\" title=\"Silindir Tasar\u0131ml\u0131 Toptan 32 oz Mason Kavanozlar\u0131\" alt=\"Silindir Tasar\u0131ml\u0131 Toptan 32 oz Mason Kavanozlar\u0131\" loading=\"lazy\" \/>\t\t\t\t\t\t\t\t\t\t\t\t\t\t\t<\/div>\n\t\t\t\t<\/div>\n\t\t\t\t<div class=\"elementor-element elementor-element-28d6163 elementor-widget elementor-widget-text-editor\" data-id=\"28d6163\" data-element_type=\"widget\" data-e-type=\"widget\" data-widget_type=\"text-editor.default\">\n\t\t\t\t<div class=\"elementor-widget-container\">\n\t\t\t\t\t\t\t\t\t<p>Kolayca p\u00fcr\u00fczs\u00fczle\u015fen i\u00e7 duvar: \u015ei\u015fenin i\u00e7 duvar\u0131 temiz ve p\u00fcr\u00fczs\u00fczd\u00fcr, su lekeleri tek bir durulamayla \u00e7\u0131kar\u0131labilir, bu da temizli\u011fi harika ve korkusuz hale getirir.<\/p>\t\t\t\t\t\t\t\t<\/div>\n\t\t\t\t<\/div>\n\t\t\t\t<\/div>\n\t\t\t\t\t<\/div>\n\t\t\t\t<\/div>\n\t\t<div class=\"elementor-element elementor-element-fc04ebb e-flex e-con-boxed e-con e-parent\" data-id=\"fc04ebb\" data-element_type=\"container\" data-e-type=\"container\" data-settings=\"{&quot;_ha_eqh_enable&quot;:false}\">\n\t\t\t\t\t<div class=\"e-con-inner\">\n\t\t<div class=\"elementor-element elementor-element-34afca3 e-con-full e-flex e-con e-child\" data-id=\"34afca3\" data-element_type=\"container\" data-e-type=\"container\" data-settings=\"{&quot;_ha_eqh_enable&quot;:false}\">\n\t\t\t\t<div class=\"elementor-element elementor-element-db07882 elementor-widget elementor-widget-image\" data-id=\"db07882\" data-element_type=\"widget\" data-e-type=\"widget\" data-widget_type=\"image.default\">\n\t\t\t\t<div class=\"elementor-widget-container\">\n\t\t\t\t\t\t\t\t\t\t\t\t\t\t\t<img decoding=\"async\" src=\"https:\/\/yebodaglass.com\/wp-content\/uploads\/elementor\/thumbs\/8-1-1-r8qmcumz53zvomh9ycam8joec0mee5e9ut6gv37hk0.webp\" title=\"Silindir Tasar\u0131ml\u0131 Toptan 32 oz Mason Kavanozlar\u0131\" alt=\"Silindir Tasar\u0131ml\u0131 Toptan 32 oz Mason Kavanozlar\u0131\" loading=\"lazy\" \/>\t\t\t\t\t\t\t\t\t\t\t\t\t\t\t<\/div>\n\t\t\t\t<\/div>\n\t\t\t\t<div class=\"elementor-element elementor-element-fe38982 elementor-widget elementor-widget-text-editor\" data-id=\"fe38982\" data-element_type=\"widget\" data-e-type=\"widget\" data-widget_type=\"text-editor.default\">\n\t\t\t\t<div class=\"elementor-widget-container\">\n\t\t\t\t\t\t\t\t\t<p>M\u00fch\u00fcrl\u00fc ve s\u0131zd\u0131rmaz: S\u0131zd\u0131rmaz kapak \u015fi\u015fe a\u011fz\u0131na s\u0131k\u0131ca oturur ve ters \u00e7evrildi\u011finde ve \u00e7alkaland\u0131\u011f\u0131nda bile art\u0131k s\u0131zd\u0131rmaz, bu nedenle g\u00f6n\u00fcl rahatl\u0131\u011f\u0131yla saklayabilirsiniz.<\/p>\t\t\t\t\t\t\t\t<\/div>\n\t\t\t\t<\/div>\n\t\t\t\t<\/div>\n\t\t<div class=\"elementor-element elementor-element-6d52589 e-con-full e-flex e-con e-child\" data-id=\"6d52589\" data-element_type=\"container\" data-e-type=\"container\" data-settings=\"{&quot;_ha_eqh_enable&quot;:false}\">\n\t\t\t\t<div class=\"elementor-element elementor-element-da95f29 elementor-widget elementor-widget-image\" data-id=\"da95f29\" data-element_type=\"widget\" data-e-type=\"widget\" data-widget_type=\"image.default\">\n\t\t\t\t<div class=\"elementor-widget-container\">\n\t\t\t\t\t\t\t\t\t\t\t\t\t\t\t<img decoding=\"async\" src=\"https:\/\/yebodaglass.com\/wp-content\/uploads\/elementor\/thumbs\/96-2-r8qmdfbfbgs6s1n8ll8eregjehsh3hod9nj5f6ctr4.webp\" title=\"Silindir Tasar\u0131ml\u0131 Toptan 32 oz Mason Kavanozlar\u0131\" alt=\"Silindir Tasar\u0131ml\u0131 Toptan 32 oz Mason Kavanozlar\u0131\" loading=\"lazy\" \/>\t\t\t\t\t\t\t\t\t\t\t\t\t\t\t<\/div>\n\t\t\t\t<\/div>\n\t\t\t\t<div class=\"elementor-element elementor-element-67a25ba elementor-widget elementor-widget-text-editor\" data-id=\"67a25ba\" data-element_type=\"widget\" data-e-type=\"widget\" data-widget_type=\"text-editor.default\">\n\t\t\t\t<div class=\"elementor-widget-container\">\n\t\t\t\t\t\t\t\t\t<p>Evrensel ortak: Bu sade \u015fi\u015fe \u00e7ok y\u00f6nl\u00fcd\u00fcr. Kuru g\u0131dalar\u0131 veya s\u0131v\u0131lar\u0131 koyabilirsiniz. Mutfakta veya oturma odas\u0131nda \u015f\u0131k ve pratik g\u00f6r\u00fcn\u00fcr.<\/p>\t\t\t\t\t\t\t\t<\/div>\n\t\t\t\t<\/div>\n\t\t\t\t<\/div>\n\t\t\t\t\t<\/div>\n\t\t\t\t<\/div>\n\t\t<div class=\"elementor-element elementor-element-284aded e-flex e-con-boxed e-con e-parent\" data-id=\"284aded\" data-element_type=\"container\" data-e-type=\"container\" data-settings=\"{&quot;_ha_eqh_enable&quot;:false}\">\n\t\t\t\t\t<div class=\"e-con-inner\">\n\t\t\t\t<div class=\"elementor-element elementor-element-992f613 elementor-widget elementor-widget-heading\" data-id=\"992f613\" data-element_type=\"widget\" data-e-type=\"widget\" data-widget_type=\"heading.default\">\n\t\t\t\t<div class=\"elementor-widget-container\">\n\t\t\t\t\t<h2 class=\"elementor-heading-title elementor-size-default\">Ba\u015far\u0131 \u00d6rne\u011fi<\/h2>\t\t\t\t<\/div>\n\t\t\t\t<\/div>\n\t\t\t\t\t<\/div>\n\t\t\t\t<\/div>\n\t\t<div class=\"elementor-element elementor-element-8c06220 e-flex e-con-boxed e-con e-parent\" data-id=\"8c06220\" data-element_type=\"container\" data-e-type=\"container\" data-settings=\"{&quot;_ha_eqh_enable&quot;:false}\">\n\t\t\t\t\t<div class=\"e-con-inner\">\n\t\t\t\t<div class=\"elementor-element elementor-element-d2d7bab elementor-widget elementor-widget-text-editor\" data-id=\"d2d7bab\" data-element_type=\"widget\" data-e-type=\"widget\" data-widget_type=\"text-editor.default\">\n\t\t\t\t<div class=\"elementor-widget-container\">\n\t\t\t\t\t\t\t\t\t<p>Yerel bir aile \u015firketi olan tur\u015fu markas\u0131, yeni tur\u015fu markas\u0131n\u0131n ana ambalaj\u0131 olarak 450 ml&#039;lik \u015feffaf cam kavanozlar\u0131m\u0131z\u0131 kullanmaya karar verdi. Tazeli\u011fi korumak ve nakliye s\u0131ras\u0131nda s\u0131z\u0131nt\u0131y\u0131 \u00f6nlemek i\u00e7in kavanozlar g\u0131da s\u0131n\u0131f\u0131 vidal\u0131 kapaklara ve g\u00fc\u00e7lendirilmi\u015f s\u0131zd\u0131rmazl\u0131k astarlar\u0131na sahiptir. Ayr\u0131ca, tur\u015fular\u0131n parlak turuncu renginin \u015feffaf camdan kolayca g\u00f6r\u00fclebilmesini sa\u011flayan p\u00fcr\u00fczs\u00fcz y\u00fczeye uygun olarak kavanozlar\u0131n \u00fczerine marka logosu ve i\u015faretleri i\u015flenmi\u015ftir.<\/p><p>Yeni tur\u015fu \u00fcr\u00fcn\u00fcn\u00fcn sat\u0131\u015flar\u0131, \u00f6zel tasar\u0131m kavanozlar\u0131n piyasaya s\u00fcr\u00fclmesinin ard\u0131ndan y\u00fczde 36 artt\u0131 ve bir\u00e7ok b\u00f6lgesel perakendeci daha fazla sipari\u015f verdi. Sonu\u00e7 olarak, \u015firket \u00fcretim d\u00f6ng\u00fcleri a\u00e7\u0131s\u0131ndan bir\u00e7ok sipari\u015f verdi.<\/p>\t\t\t\t\t\t\t\t<\/div>\n\t\t\t\t<\/div>\n\t\t\t\t<div class=\"elementor-element elementor-element-3bce01b elementor-widget elementor-widget-heading\" data-id=\"3bce01b\" data-element_type=\"widget\" data-e-type=\"widget\" data-widget_type=\"heading.default\">\n\t\t\t\t<div class=\"elementor-widget-container\">\n\t\t\t\t\t<h2 class=\"elementor-heading-title elementor-size-default\">\u00d6zelle\u015ftirme \u0130pu\u00e7lar\u0131<\/h2>\t\t\t\t<\/div>\n\t\t\t\t<\/div>\n\t\t\t\t<div class=\"elementor-element elementor-element-e620c8c elementor-widget elementor-widget-text-editor\" data-id=\"e620c8c\" data-element_type=\"widget\" data-e-type=\"widget\" data-widget_type=\"text-editor.default\">\n\t\t\t\t<div class=\"elementor-widget-container\">\n\t\t\t\t\t\t\t\t\t<ol><li><strong>Kapak Malzemesi ve Y\u00fczey \u0130\u015flemi:<\/strong> Marka ambalaj tasar\u0131mlar\u0131n\u0131za uyacak \u015fekilde mat siyah, alt\u0131n veya desenli teneke kapaklar dahil olmak \u00fczere metal vidal\u0131 kapak i\u00e7in \u00e7e\u015fitli y\u00fczey se\u00e7enekleri aras\u0131ndan se\u00e7im yapabilirsiniz.<\/li><li><strong>Vakumlu Kapak Tasar\u0131m\u0131:<\/strong> Tur\u015fu ve konserve \u00fcr\u00fcnlerde hava ge\u00e7irmezlik \u00f6zelli\u011fini art\u0131rmak i\u00e7in silikon conta astarl\u0131 2 adet kapak sunulmaktad\u0131r.<\/li><li><strong>Cam \u00fczerine kabartma logo:<\/strong> Kavanozunuzu, g\u00f6vdesine kal\u0131c\u0131 olarak i\u015flenmi\u015f kabartmal\u0131 bir logo veya marka deseniyle ki\u015fiselle\u015ftirin; b\u00f6ylece kavanoza etiket yap\u0131\u015ft\u0131rma ihtiyac\u0131 ortadan kalkar.<\/li><\/ol>\t\t\t\t\t\t\t\t<\/div>\n\t\t\t\t<\/div>\n\t\t\t\t\t<\/div>\n\t\t\t\t<\/div>\n\t\t\t\t<\/div>","protected":false},"excerpt":{"rendered":"<p>Metal kapakl\u0131, 16 oz&#039;luk \u015feffaf cam re\u00e7el kavanozlar\u0131. Hava ge\u00e7irmez yap\u0131s\u0131 ve klasik tasar\u0131m\u0131yla re\u00e7eller, konserveler ve soslar i\u00e7in m\u00fckemmeldir.<\/p>","protected":false},"featured_media":17280,"template":"","meta":[],"product_brand":[],"product_cat":[83,20,84],"product_tag":[],"class_list":{"0":"post-16805","1":"product","2":"type-product","3":"status-publish","4":"has-post-thumbnail","6":"product_cat-glass-jars","7":"product_cat-glass-containers","8":"product_cat-mason-jars","10":"first","11":"instock","12":"shipping-taxable","13":"product-type-grouped"},"jetpack_sharing_enabled":true,"_links":{"self":[{"href":"https:\/\/yebodaglass.com\/tr\/wp-json\/wp\/v2\/product\/16805","targetHints":{"allow":["GET"]}}],"collection":[{"href":"https:\/\/yebodaglass.com\/tr\/wp-json\/wp\/v2\/product"}],"about":[{"href":"https:\/\/yebodaglass.com\/tr\/wp-json\/wp\/v2\/types\/product"}],"version-history":[{"count":5,"href":"https:\/\/yebodaglass.com\/tr\/wp-json\/wp\/v2\/product\/16805\/revisions"}],"predecessor-version":[{"id":25376,"href":"https:\/\/yebodaglass.com\/tr\/wp-json\/wp\/v2\/product\/16805\/revisions\/25376"}],"wp:featuredmedia":[{"embeddable":true,"href":"https:\/\/yebodaglass.com\/tr\/wp-json\/wp\/v2\/media\/17280"}],"wp:attachment":[{"href":"https:\/\/yebodaglass.com\/tr\/wp-json\/wp\/v2\/media?parent=16805"}],"wp:term":[{"taxonomy":"product_brand","embeddable":true,"href":"https:\/\/yebodaglass.com\/tr\/wp-json\/wp\/v2\/product_brand?post=16805"},{"taxonomy":"product_cat","embeddable":true,"href":"https:\/\/yebodaglass.com\/tr\/wp-json\/wp\/v2\/product_cat?post=16805"},{"taxonomy":"product_tag","embeddable":true,"href":"https:\/\/yebodaglass.com\/tr\/wp-json\/wp\/v2\/product_tag?post=16805"}],"curies":[{"name":"wp","href":"https:\/\/api.w.org\/{rel}","templated":true}]}}