{"id":16755,"date":"2025-07-10T17:05:59","date_gmt":"2025-07-10T09:05:59","guid":{"rendered":"https:\/\/yebodaglass.com\/?post_type=product&#038;p=16755"},"modified":"2026-04-09T15:56:47","modified_gmt":"2026-04-09T07:56:47","slug":"kombucha-icin-toptan-12-oz-premium-seffaf-kapakli-siseler","status":"publish","type":"product","link":"https:\/\/yebodaglass.com\/tr\/kombucha-icin-toptan-12-oz-premium-seffaf-kapakli-siseler\/","title":{"rendered":"Kombucha i\u00e7in Toptan 12 oz \u015eeffaf Kapakl\u0131 \u015ei\u015feler"},"content":{"rendered":"<p>Kombucha i\u00e7in kullan\u0131lan kapakl\u0131 \u015fi\u015feler, geleneksel damla \u015feklini modern konik bir yap\u0131yla birle\u015ftiriyor. \u015ei\u015feler, s\u0131z\u0131nt\u0131lara kar\u015f\u0131 hava ge\u00e7irmez koruma sa\u011flamak i\u00e7in k\u0131rm\u0131z\u0131 silikon s\u0131zd\u0131rmazl\u0131k halkas\u0131 i\u00e7eren paslanmaz \u00e7elik vidal\u0131 kapakla birle\u015ftirilmi\u015f ultra \u015feffaf g\u0131da s\u0131n\u0131f\u0131 cam malzemeden \u00fcretilmi\u015ftir.<\/p>\n<h2>\u00d6ne \u00e7\u0131kanlar<\/h2>\n<ul>\n<li><strong>Damla \u015eeklinde Daralan Bel:<\/strong> \u0130nce belli, damla \u015feklindeki tasar\u0131m\u0131 \u015f\u0131k ve tutmas\u0131, d\u00f6kmesi kolay bir yap\u0131ya sahip.<\/li>\n<li><strong>Ge\u00e7meli S\u0131zd\u0131rmazl\u0131k Tasar\u0131m\u0131:<\/strong> Silikon contal\u0131 ge\u00e7meli tasar\u0131m: A\u00e7ma ve kapama kolayl\u0131\u011f\u0131 ile y\u00fcksek s\u0131zd\u0131rmazl\u0131k performans\u0131 sa\u011flamak i\u00e7in metal ge\u00e7meli tasar\u0131ma silikon conta eklenmi\u015ftir.<\/li>\n<li><strong>Y\u00fcksek \u015eeffafl\u0131kta G\u0131da S\u0131n\u0131f\u0131 Cam:<\/strong> Bu \u015fi\u015fe, g\u0131da s\u0131n\u0131f\u0131, y\u00fcksek \u015feffafl\u0131\u011fa sahip camdan yap\u0131lm\u0131\u015ft\u0131r ve berrak, temiz, g\u00fcvenli, kokusuzdur ve hem asitlere hem de alkalilere kar\u015f\u0131 korozyona dayan\u0131kl\u0131d\u0131r.<\/li>\n<\/ul>\n<h2 style=\"text-align: left;\">Temel \u00d6zellikler<\/h2>\n<table class=\"aligncenter\" style=\"border-collapse: collapse; width: 529.52pt;\" border=\"0\" width=\"706\" cellspacing=\"0\" cellpadding=\"0\">\n<tbody>\n<tr style=\"height: 13.50pt;\">\n<td style=\"height: 13.50pt; width: 117.75pt;\" width=\"157\" height=\"18\">\u015eartname<\/td>\n<td style=\"width: 411.75pt;\" width=\"549\">Detaylar<\/td>\n<\/tr>\n<tr style=\"height: 13.50pt;\">\n<td style=\"height: 13.50pt;\" height=\"18\">Kapasite<\/td>\n<td>12 oz\/350 ml<\/td>\n<\/tr>\n<tr style=\"height: 13.50pt;\">\n<td style=\"height: 13.50pt;\" height=\"18\">Paketleme Boyutlar\u0131<\/td>\n<td>9,4*8,6*6,1 in\u00e7<\/td>\n<\/tr>\n<tr style=\"height: 13.50pt;\">\n<td style=\"height: 13.50pt;\" height=\"18\">Malzeme<\/td>\n<td>Kur\u015funsuz cam<\/td>\n<\/tr>\n<tr style=\"height: 13.50pt;\">\n<td style=\"height: 13.50pt;\" height=\"18\">Paketleme Miktar\u0131<\/td>\n<td>Kasa ba\u015f\u0131na 6 \u015fi\u015fe<\/td>\n<\/tr>\n<tr style=\"height: 13.50pt;\">\n<td style=\"height: 13.50pt;\" height=\"18\">D\u0131\u015f g\u00f6r\u00fcn\u00fc\u015f<\/td>\n<td>\u015eeffaf, ince ve kavisli \u015fi\u015fe g\u00f6vdesi<\/td>\n<\/tr>\n<tr style=\"height: 13.50pt;\">\n<td style=\"height: 13.50pt;\" height=\"18\">S\u0131zd\u0131rmazl\u0131k Mekanizmas\u0131<\/td>\n<td style=\"text-align: left;\">Taban\u0131nda k\u0131rm\u0131z\u0131 bir conta halkas\u0131 bulunan \u015feffaf mente\u015feli cam t\u0131pa<\/td>\n<\/tr>\n<\/tbody>\n<\/table>\n<h2>Ba\u015far\u0131 \u00d6yk\u00fcs\u00fc: Kanadal\u0131 Bir El Yap\u0131m\u0131 Sirke Markas\u0131ndan \u00d6zel Sipari\u015f<\/h2>\n<p>Britanya Kolombiyas\u0131&#039;nda faaliyet g\u00f6steren bir sirke \u00fcreticisi, \u00f6zel pirin\u00e7 tel kaplamal\u0131 sapl\u0131 500 ml&#039;lik kapakl\u0131 cam su \u015fi\u015femizi tercih etti. \u00d6zel tasar\u0131m \u015fi\u015fe b\u00fcy\u00fck bir ba\u015far\u0131 sa\u011flad\u0131: \u00dcst\u00fcn s\u0131zd\u0131rmazl\u0131k \u00f6zelli\u011fi, uzun olgunla\u015fma s\u00fcrecinde buharla\u015fma kayb\u0131n\u0131 oran\u0131nda azaltt\u0131. Zarif \u015fi\u015fe tasar\u0131m\u0131 ise fiyat\u0131 art\u0131rd\u0131. \u0130lk ba\u015far\u0131lar\u0131, bitkisel inf\u00fczyonlu i\u00e7me sirkesi \u00fcr\u00fcn serilerini ba\u015flatmak i\u00e7in ihtiya\u00e7 duyduklar\u0131 650.000 \u015fi\u015felik ek bir sipari\u015fe yol a\u00e7t\u0131.<\/p>\n<h2>Kombucha i\u00e7in a\u00e7\u0131l\u0131r kapan\u0131r kapakl\u0131 \u015fi\u015feler iste\u011fe g\u00f6re \u00fcretilmektedir.<\/h2>\n<ul>\n<li>Silikon koruma k\u0131l\u0131f\u0131: Bu, iste\u011fe ba\u011fl\u0131 olarak \u00e7\u0131kar\u0131labilen, kaymaz, \u015fi\u015feyi daha iyi kavramay\u0131 sa\u011flayan ve darbelere kar\u015f\u0131 yal\u0131t\u0131m sa\u011flayan silikon bir koruyucu k\u0131l\u0131ft\u0131r.<\/li>\n<li>Kanca ve kilit: Galvanizli \u00e7elik, siyah, bak\u0131r veya pirin\u00e7 se\u00e7enekleri mevcuttur.<\/li>\n<li>\u015ei\u015fe a\u011fz\u0131 ve s\u0131zd\u0131rmazl\u0131k halkas\u0131n\u0131n rengi: \u00d6zel tasar\u0131m t\u0131pa ve s\u0131zd\u0131rmazl\u0131k halkas\u0131 rengi, marka rengidir.<\/li>\n<\/ul>","protected":false},"excerpt":{"rendered":"<p>Kombucha i\u00e7in y\u00fcksek kaliteli, g\u00fc\u00e7l\u00fc metal kelep\u00e7eli, a\u00e7\u0131l\u0131r kapan\u0131r kapakl\u0131 \u015fi\u015feler. Evde demleme ve paketleme i\u00e7in idealdir. Toptan indirimler ve do\u011frudan fabrika sat\u0131\u015f\u0131.<\/p>","protected":false},"featured_media":17254,"template":"","meta":[],"product_brand":[],"product_cat":[81,80,20],"product_tag":[],"class_list":{"0":"post-16755","1":"product","2":"type-product","3":"status-publish","4":"has-post-thumbnail","6":"product_cat-flip-top-bottles","7":"product_cat-glass-bottles","8":"product_cat-glass-containers","10":"first","11":"instock","12":"shipping-taxable","13":"product-type-grouped"},"jetpack_sharing_enabled":true,"_links":{"self":[{"href":"https:\/\/yebodaglass.com\/tr\/wp-json\/wp\/v2\/product\/16755","targetHints":{"allow":["GET"]}}],"collection":[{"href":"https:\/\/yebodaglass.com\/tr\/wp-json\/wp\/v2\/product"}],"about":[{"href":"https:\/\/yebodaglass.com\/tr\/wp-json\/wp\/v2\/types\/product"}],"version-history":[{"count":5,"href":"https:\/\/yebodaglass.com\/tr\/wp-json\/wp\/v2\/product\/16755\/revisions"}],"predecessor-version":[{"id":25702,"href":"https:\/\/yebodaglass.com\/tr\/wp-json\/wp\/v2\/product\/16755\/revisions\/25702"}],"wp:featuredmedia":[{"embeddable":true,"href":"https:\/\/yebodaglass.com\/tr\/wp-json\/wp\/v2\/media\/17254"}],"wp:attachment":[{"href":"https:\/\/yebodaglass.com\/tr\/wp-json\/wp\/v2\/media?parent=16755"}],"wp:term":[{"taxonomy":"product_brand","embeddable":true,"href":"https:\/\/yebodaglass.com\/tr\/wp-json\/wp\/v2\/product_brand?post=16755"},{"taxonomy":"product_cat","embeddable":true,"href":"https:\/\/yebodaglass.com\/tr\/wp-json\/wp\/v2\/product_cat?post=16755"},{"taxonomy":"product_tag","embeddable":true,"href":"https:\/\/yebodaglass.com\/tr\/wp-json\/wp\/v2\/product_tag?post=16755"}],"curies":[{"name":"wp","href":"https:\/\/api.w.org\/{rel}","templated":true}]}}