{"id":16710,"date":"2025-07-10T16:27:07","date_gmt":"2025-07-10T08:27:07","guid":{"rendered":"https:\/\/yebodaglass.com\/?post_type=product&#038;p=16710"},"modified":"2026-03-25T16:22:33","modified_gmt":"2026-03-25T08:22:33","slug":"toptan-12-oz-amber-kapakli-bira-siseleri","status":"publish","type":"product","link":"https:\/\/yebodaglass.com\/tr\/toptan-12-oz-amber-kapakli-bira-siseleri\/","title":{"rendered":"Toptan 12 oz Amber Kapakl\u0131 Bira \u015ei\u015feleri"},"content":{"rendered":"<p>Bu kapakl\u0131 bira \u015fi\u015feleri, zararl\u0131 UV \u0131\u015f\u0131nlar\u0131n\u0131 etkili bir \u015fekilde engelleyen ve dolay\u0131s\u0131yla biran\u0131n k\u00f6t\u00fc bir tat almas\u0131n\u0131 \u00f6nleyen, silindirik, kehribar rengi ve d\u00fcz duvarl\u0131 cam bir g\u00f6vdeye sahiptir. Kapak, mente\u015feli, vidal\u0131 bir tel halka contaya sahiptir ve hava ge\u00e7irmez bir s\u0131zd\u0131rmazl\u0131k sa\u011flar; bu da \u015fi\u015fede ikincil fermantasyonda olan biralar i\u00e7in en uygunudur.<\/p>\n<h2>\u00d6ne \u00e7\u0131kanlar<\/h2>\n<ul>\n<li><strong>UV korumal\u0131 kehribar renkli cam:<\/strong> Koyu kahverengi kehribar rengi cam, g\u00fcne\u015f \u0131\u015f\u0131\u011f\u0131n\u0131 etkili bir \u015fekilde engelleyerek biran\u0131n \u0131\u015f\u0131\u011fa maruz kalmas\u0131n\u0131 \u00f6nler ve orijinal aromas\u0131n\u0131 korumas\u0131n\u0131 sa\u011flar.<\/li>\n<li><strong>Hava ge\u00e7irmez vidal\u0131 conta:<\/strong> Tel halkal\u0131 kapak ve contal\u0131 t\u0131pa, biran\u0131n gazl\u0131l\u0131\u011f\u0131n\u0131 ve tazeli\u011fini garanti eden, iyi, g\u00fcvenilir ve tekrar kullan\u0131labilir s\u0131k\u0131 bir kapanma sa\u011flar.<\/li>\n<li><strong>Uzun \u00f6m\u00fcrl\u00fc ve yeniden kullan\u0131labilir yap\u0131:<\/strong> Kal\u0131n cam ve sa\u011flam donan\u0131m, ticari temizli\u011fe ve tekrar tekrar kullan\u0131ma dayanacak \u015fekilde tasarlanm\u0131\u015ft\u0131r.<\/li>\n<\/ul>\n<h2 style=\"text-align: left;\">Temel \u00d6zellikler<\/h2>\n<table class=\"aligncenter\" style=\"border-collapse: collapse; width: 497.27pt;\" border=\"0\" width=\"663\" cellspacing=\"0\" cellpadding=\"0\">\n<tbody>\n<tr style=\"height: 13.50pt;\">\n<td style=\"height: 13.50pt; width: 144.00pt;\" width=\"192\" height=\"18\">\u015eartname<\/td>\n<td style=\"width: 353.25pt;\" width=\"471\">Detaylar<\/td>\n<\/tr>\n<tr style=\"height: 13.50pt;\">\n<td style=\"height: 13.50pt;\" height=\"18\">Kapasite<\/td>\n<td>Polyethylen s vysokou hustotou (HDPE)<\/td>\n<\/tr>\n<tr style=\"height: 13.50pt;\">\n<td style=\"height: 13.50pt;\" height=\"18\">Paketleme Boyutlar\u0131<\/td>\n<td>7,7 * 7,7 * 9,3 in\u00e7<\/td>\n<\/tr>\n<tr style=\"height: 13.50pt;\">\n<td style=\"height: 13.50pt;\" height=\"18\">Cam Malzeme<\/td>\n<td>Kur\u015funsuz cam<\/td>\n<\/tr>\n<tr style=\"height: 13.50pt;\">\n<td style=\"height: 13.50pt;\" height=\"18\">Paketleme Miktar\u0131<\/td>\n<td>Kutu ba\u015f\u0131na 9 \u015fi\u015fe<\/td>\n<\/tr>\n<tr style=\"height: 13.50pt;\">\n<td style=\"height: 13.50pt;\" height=\"18\">Renk<\/td>\n<td>Amber<\/td>\n<\/tr>\n<tr style=\"height: 13.50pt;\">\n<td style=\"height: 13.50pt;\" height=\"18\">\u015ei\u015fe \u015eekli<\/td>\n<td>P\u00fcr\u00fczs\u00fcz silindirik g\u00f6vde<\/td>\n<\/tr>\n<tr style=\"height: 13.50pt;\">\n<td style=\"height: 13.50pt;\" height=\"18\">Y\u00fczey \u0130\u015flemi<\/td>\n<td>P\u00fcr\u00fczs\u00fcz ve parlak<\/td>\n<\/tr>\n<tr style=\"height: 13.50pt;\">\n<td style=\"height: 13.50pt;\" height=\"18\">\u015ei\u015fe kapa\u011f\u0131<\/td>\n<td>Siyah a\u00e7\u0131l\u0131r kapan\u0131r kapak<\/td>\n<\/tr>\n<tr style=\"height: 13.50pt;\">\n<td style=\"height: 13.50pt;\" height=\"18\">\u015ei\u015fe T\u0131pas\u0131<\/td>\n<td>Beyaz seramik t\u0131pa<\/td>\n<\/tr>\n<tr style=\"height: 13.50pt;\">\n<td style=\"height: 13.50pt;\" height=\"18\">Ba\u011flama Mekanizmas\u0131<\/td>\n<td>Metal tel kelep\u00e7e ile sabitlenmi\u015ftir.<\/td>\n<\/tr>\n<\/tbody>\n<\/table>\n<h2>Ba\u015far\u0131 Hikayesi<\/h2>\n<p>Michigan&#039;daki bir butik bira \u00fcreticisi, 500 ml&#039;lik kehribar rengi kapakl\u0131 bira \u015fi\u015felerimizi se\u00e7ti ve \u015fi\u015feyi \u015ferbet\u00e7iotu kozalaklar\u0131 desenli seramik bask\u0131 ve bak\u0131r kaplama metal kulplarla yeniden tasarlad\u0131. \u015ei\u015fe \u00f6zelle\u015ftirmenin \u00f6nemli avantajlar\u0131 var: yeniden kullan\u0131labilir kapaklar, \u015fi\u015fe ba\u015f\u0131na tahmini 0,05 dolarl\u0131k kapak \u00fccreti ve at\u0131k tasarrufu sa\u011flayacak; \u015fi\u015felerin ticari \u00e7ama\u015f\u0131r makinelerindeki dayan\u0131kl\u0131l\u0131\u011f\u0131, y\u0131kama ba\u015f\u0131na %2&#039;den daha d\u00fc\u015f\u00fck bir k\u0131r\u0131lma oran\u0131 anlam\u0131na geliyor. Bu ba\u015far\u0131ya dayanarak, f\u0131\u00e7\u0131da y\u0131lland\u0131r\u0131lm\u0131\u015f yeni bir ek\u015fi bira serisi ba\u015flatmak i\u00e7in 450.000 \u015fi\u015fe daha sipari\u015f ettiler ve \u00fcst d\u00fczey bir restoran zinciriyle i\u015f birli\u011fi kurdular.<\/p>\n<h2>Kapakl\u0131 Bira \u015ei\u015feleri \u00d6zelle\u015ftirme<\/h2>\n<ul>\n<li>\u00d6zel Seramik Serigrafi Bask\u0131: Kal\u0131c\u0131, f\u0131r\u0131nlanm\u0131\u015f etiketler, logolar veya tasar\u0131mlar, bira \u015fi\u015felerine y\u00fcksek kaliteli, geleneksel bir g\u00f6r\u00fcn\u00fcm kazand\u0131rmak i\u00e7in do\u011frudan kehribar renkli cam \u015fi\u015felerin \u00fczerine \u00f6zel olarak bas\u0131labilir.<\/li>\n<li>Sap ve Mantar Rengi Se\u00e7enekleri: Saplar farkl\u0131 kaplamalarda (siyah, pirin\u00e7, \u00e7inko) mevcuttur ve mantar rengi bira fabrikas\u0131n\u0131n markas\u0131na g\u00f6re uyarlanabilir.<\/li>\n<li>Kabartma Kapasite\/Logo: Cam \u015fi\u015fenin \u00fczerine k\u00fc\u00e7\u00fck, kabartma bir bira fabrikas\u0131 logosu veya kapasite i\u015fareti (\u00f6rne\u011fin 500 ml) i\u015fleyerek marka imaj\u0131n\u0131n kal\u0131c\u0131 olarak \u00fcst d\u00fczey g\u00f6r\u00fcnmesini sa\u011flay\u0131n.<\/li>\n<\/ul>","protected":false},"excerpt":{"rendered":"<p data-start=\"26\" data-end=\"202\">Toptan 12 oz&#039;luk kehribar renkli, kapakl\u0131 bira \u015fi\u015feleri. Dayan\u0131kl\u0131, tekrar kullan\u0131labilir ve UV korumal\u0131; evde bira yap\u0131m\u0131, butik bira veya ticari bira fabrikalar\u0131 i\u00e7in m\u00fckemmel. \u00dccretsiz numuneler.<\/p>","protected":false},"featured_media":17395,"template":"","meta":[],"product_brand":[],"product_cat":[81,80,20],"product_tag":[],"class_list":{"0":"post-16710","1":"product","2":"type-product","3":"status-publish","4":"has-post-thumbnail","6":"product_cat-flip-top-bottles","7":"product_cat-glass-bottles","8":"product_cat-glass-containers","10":"first","11":"instock","12":"shipping-taxable","13":"product-type-grouped"},"jetpack_sharing_enabled":true,"_links":{"self":[{"href":"https:\/\/yebodaglass.com\/tr\/wp-json\/wp\/v2\/product\/16710","targetHints":{"allow":["GET"]}}],"collection":[{"href":"https:\/\/yebodaglass.com\/tr\/wp-json\/wp\/v2\/product"}],"about":[{"href":"https:\/\/yebodaglass.com\/tr\/wp-json\/wp\/v2\/types\/product"}],"version-history":[{"count":5,"href":"https:\/\/yebodaglass.com\/tr\/wp-json\/wp\/v2\/product\/16710\/revisions"}],"predecessor-version":[{"id":25607,"href":"https:\/\/yebodaglass.com\/tr\/wp-json\/wp\/v2\/product\/16710\/revisions\/25607"}],"wp:featuredmedia":[{"embeddable":true,"href":"https:\/\/yebodaglass.com\/tr\/wp-json\/wp\/v2\/media\/17395"}],"wp:attachment":[{"href":"https:\/\/yebodaglass.com\/tr\/wp-json\/wp\/v2\/media?parent=16710"}],"wp:term":[{"taxonomy":"product_brand","embeddable":true,"href":"https:\/\/yebodaglass.com\/tr\/wp-json\/wp\/v2\/product_brand?post=16710"},{"taxonomy":"product_cat","embeddable":true,"href":"https:\/\/yebodaglass.com\/tr\/wp-json\/wp\/v2\/product_cat?post=16710"},{"taxonomy":"product_tag","embeddable":true,"href":"https:\/\/yebodaglass.com\/tr\/wp-json\/wp\/v2\/product_tag?post=16710"}],"curies":[{"name":"wp","href":"https:\/\/api.w.org\/{rel}","templated":true}]}}