{"id":16648,"date":"2025-07-10T14:39:34","date_gmt":"2025-07-10T06:39:34","guid":{"rendered":"https:\/\/yebodaglass.com\/?post_type=product&#038;p=16648"},"modified":"2026-04-13T15:10:20","modified_gmt":"2026-04-13T07:10:20","slug":"clear-milk-storage-bottles-with-lids-wholesale","status":"publish","type":"product","link":"https:\/\/yebodaglass.com\/tr\/clear-milk-storage-bottles-with-lids-wholesale\/","title":{"rendered":"11oz\/310ml \u015eeffaf Kapakl\u0131 S\u00fct Saklama \u015ei\u015feleri Toptan Sat\u0131\u015f"},"content":{"rendered":"<p>Geleneksel cam s\u00fct \u015fi\u015fesi tasar\u0131m\u0131, \u015fi\u015fenin boyun k\u0131sm\u0131n\u0131n g\u00f6vdesinden daha dar oldu\u011funu g\u00f6sterir. \u015eeffaf, g\u0131da s\u0131n\u0131f\u0131 cam malzeme, taze meyve suyu, s\u00fct ve ev yap\u0131m\u0131 i\u00e7eceklerin t\u00fcm renkli tonlar\u0131n\u0131 sergiler.<\/p>\n<h2>\u00d6ne \u00e7\u0131kanlar<\/h2>\n<ul>\n<li><strong>Retro Klasik Konik \u015eekil:<\/strong> Retro s\u00fct \u015fi\u015fesi, kolayca tan\u0131nabilen ve farkl\u0131 i\u00e7ecek t\u00fcrlerinin ambalajlanmas\u0131 ve sergilenmesi i\u00e7in uygun olan yuvarlak, incelen bir tasar\u0131ma sahiptir.<\/li>\n<li><strong>Beyaz S\u0131zd\u0131rmazl\u0131k Kapa\u011f\u0131 Tasar\u0131m\u0131:<\/strong> Beyaz s\u0131zd\u0131rmaz kapak, hava ge\u00e7irmez bir bariyer olu\u015fturarak i\u00e7eceklerinizin tazeli\u011fini koruyan etkili bir s\u0131zd\u0131rmazl\u0131k sa\u011flar.<\/li>\n<li><strong>Geni\u015f A\u011f\u0131zl\u0131, Kolay Doldurma Tasar\u0131m\u0131:<\/strong> \u00dcr\u00fcn, geni\u015f a\u011fz\u0131 sayesinde doldurmas\u0131 ve temizlemesi kolayd\u0131r; bu nedenle ev, restoran ve ticari ortamlarda kullan\u0131labilir.<\/li>\n<\/ul>\n<h2 style=\"text-align: left;\">Temel \u00d6zellikler<\/h2>\n<table class=\"aligncenter\" style=\"border-collapse: collapse; width: 346.52pt;\" border=\"0\" width=\"462\" cellspacing=\"0\" cellpadding=\"0\">\n<tbody>\n<tr style=\"height: 13.50pt;\">\n<td style=\"height: 13.50pt; width: 152.25pt;\" width=\"203\" height=\"18\">\u015eartname<\/td>\n<td style=\"width: 194.25pt;\" width=\"259\">Detaylar<\/td>\n<\/tr>\n<tr style=\"height: 13.50pt;\">\n<td style=\"height: 13.50pt;\" height=\"18\">Kapasite<\/td>\n<td>11oz\/310ml<\/td>\n<\/tr>\n<tr style=\"height: 13.50pt;\">\n<td style=\"height: 13.50pt;\" height=\"18\">Kalibre<\/td>\n<td>1,9 in\u00e7<\/td>\n<\/tr>\n<tr style=\"height: 13.50pt;\">\n<td style=\"height: 13.50pt;\" height=\"18\">\u015ei\u015fe G\u00f6vde \u00c7ap\u0131<\/td>\n<td>2,5 in\u00e7<\/td>\n<\/tr>\n<tr style=\"height: 13.50pt;\">\n<td style=\"height: 13.50pt;\" height=\"18\">\u015ei\u015fe Y\u00fcksekli\u011fi<\/td>\n<td>6 in\u00e7<\/td>\n<\/tr>\n<tr style=\"height: 13.50pt;\">\n<td style=\"height: 13.50pt;\" height=\"18\">Malzeme<\/td>\n<td>Kur\u015funsuz cam<\/td>\n<\/tr>\n<tr style=\"height: 13.50pt;\">\n<td style=\"height: 13.50pt;\" height=\"18\">Paketleme Spesifikasyonu<\/td>\n<td>Karton ba\u015f\u0131na 9\/12 adet<\/td>\n<\/tr>\n<\/tbody>\n<\/table>\n<h2>Ba\u015far\u0131 \u00d6yk\u00fcs\u00fc: Orta Bat\u0131&#039;daki Bir S\u00fct \u00dcr\u00fcnleri Fabrikas\u0131ndan \u00d6zel Sipari\u015f<\/h2>\n<p>Wisconsin&#039;de aile \u015firketi olarak faaliyet g\u00f6steren bir s\u00fct i\u015fleme tesisi, s\u00fct \u015fi\u015fesi tasar\u0131m\u0131m\u0131z\u0131 se\u00e7ti ve \u00fczerine kabartmal\u0131 \u00e7iftlik logosu ve kahverengi camdan olu\u015fan kendi \u00f6zel tasar\u0131m\u0131n\u0131 ekledi. \u00d6zel tasar\u0131m cam s\u00fct \u015fi\u015fesi, nostaljik bir hava yaratmas\u0131 ve yerel m\u00fc\u015fteri kitlesini cezbetmesi nedeniyle b\u00fcy\u00fck ba\u015far\u0131 elde etti. Kahverengi cam \u015fi\u015fenin tasar\u0131m\u0131, kremal\u0131 s\u00fct\u00fcn raf \u00f6mr\u00fcn\u00fc uzatarak evlere teslimat aboneliklerinde &#039;l\u0131k bir art\u0131\u015fa yol a\u00e7t\u0131. \u015eirket, yeni aromal\u0131 s\u00fct \u00fcr\u00fcnlerini piyasaya s\u00fcrmek istedi\u011fi i\u00e7in ilk sipari\u015finden sonra sipari\u015fini 380.000 \u015fi\u015feye \u00e7\u0131kard\u0131.<\/p>\n<h2>Cam S\u00fct \u015ei\u015fesi Ki\u015fiselle\u015ftirme \u00d6nerileri<\/h2>\n<ul>\n<li>\u015eirket, otantik bir vintage g\u00f6r\u00fcn\u00fcm yaratan alt\u0131n yald\u0131zl\u0131 m\u00fch\u00fcrler ve geleneksel karton t\u0131palarla birlikte birden fazla kapak rengi se\u00e7ene\u011fi sunmaktad\u0131r.<\/li>\n<li>Kare \u015fi\u015fe tasar\u0131m\u0131, geleneksel kare s\u00fct \u015fi\u015fesi \u015feklini kullanan modern ve yerden tasarruf sa\u011flayan bir \u00e7\u00f6z\u00fcm yarat\u0131yor.<\/li>\n<li>\u015eirket, \u00f6zel karton saplar\u0131n yan\u0131 s\u0131ra yal\u0131t\u0131m\u0131 ve kavrama performans\u0131n\u0131 art\u0131ran silikon k\u0131l\u0131flar da sunmaktad\u0131r.<\/li>\n<\/ul>","protected":false},"excerpt":{"rendered":"<p>Dayan\u0131kl\u0131 camdan ve g\u00fcvenli kapakl\u0131, birinci s\u0131n\u0131f s\u00fct saklama \u015fi\u015feleri. Ev veya ticari kullan\u0131m i\u00e7in m\u00fckemmel s\u00fct \u015fi\u015fesi. \u00d6zel marka bask\u0131 se\u00e7enekleri desteklenmektedir. \u00dccretsiz numuneler.<\/p>","protected":false},"featured_media":17269,"template":"","meta":[],"product_brand":[],"product_cat":[82,80,20],"product_tag":[],"class_list":{"0":"post-16648","1":"product","2":"type-product","3":"status-publish","4":"has-post-thumbnail","6":"product_cat-milk-bottles","7":"product_cat-glass-bottles","8":"product_cat-glass-containers","10":"first","11":"instock","12":"shipping-taxable","13":"product-type-grouped"},"jetpack_sharing_enabled":true,"_links":{"self":[{"href":"https:\/\/yebodaglass.com\/tr\/wp-json\/wp\/v2\/product\/16648","targetHints":{"allow":["GET"]}}],"collection":[{"href":"https:\/\/yebodaglass.com\/tr\/wp-json\/wp\/v2\/product"}],"about":[{"href":"https:\/\/yebodaglass.com\/tr\/wp-json\/wp\/v2\/types\/product"}],"version-history":[{"count":5,"href":"https:\/\/yebodaglass.com\/tr\/wp-json\/wp\/v2\/product\/16648\/revisions"}],"predecessor-version":[{"id":25764,"href":"https:\/\/yebodaglass.com\/tr\/wp-json\/wp\/v2\/product\/16648\/revisions\/25764"}],"wp:featuredmedia":[{"embeddable":true,"href":"https:\/\/yebodaglass.com\/tr\/wp-json\/wp\/v2\/media\/17269"}],"wp:attachment":[{"href":"https:\/\/yebodaglass.com\/tr\/wp-json\/wp\/v2\/media?parent=16648"}],"wp:term":[{"taxonomy":"product_brand","embeddable":true,"href":"https:\/\/yebodaglass.com\/tr\/wp-json\/wp\/v2\/product_brand?post=16648"},{"taxonomy":"product_cat","embeddable":true,"href":"https:\/\/yebodaglass.com\/tr\/wp-json\/wp\/v2\/product_cat?post=16648"},{"taxonomy":"product_tag","embeddable":true,"href":"https:\/\/yebodaglass.com\/tr\/wp-json\/wp\/v2\/product_tag?post=16648"}],"curies":[{"name":"wp","href":"https:\/\/api.w.org\/{rel}","templated":true}]}}