{"id":16452,"date":"2025-07-09T13:18:01","date_gmt":"2025-07-09T05:18:01","guid":{"rendered":"https:\/\/yebodaglass.com\/?post_type=product&#038;p=16452"},"modified":"2026-03-10T17:54:06","modified_gmt":"2026-03-10T09:54:06","slug":"custom-glass-jar-with-wooden-lid-and-spoon-for-spice-storage","status":"publish","type":"product","link":"https:\/\/yebodaglass.com\/tr\/urun\/custom-glass-jar-with-wooden-lid-and-spoon-for-spice-storage\/","title":{"rendered":"Baharat Saklama \u0130\u00e7in Ah\u015fap Kapakl\u0131 ve Ka\u015f\u0131kl\u0131 \u00d6zel Tasar\u0131m Cam Kavanoz 250 ml"},"content":{"rendered":"<p>Ah\u015fap kapakl\u0131 bu yuvarlak cam kavanoz, \u015feffaf, kur\u015funsuz soda ve kire\u00e7 cam\u0131ndan \u00fcretilmi\u015ftir. Bu malzeme, kab\u0131n raflarda veya tezgah \u00fcstlerinde \u00e7ekici g\u00f6r\u00fcnmesinin yan\u0131 s\u0131ra, i\u00e7ine konulan \u015feker, karabiber, baharat kar\u0131\u015f\u0131mlar\u0131 veya ya\u011f bazl\u0131 soslar gibi i\u00e7eriklerin de g\u00f6r\u00fclebilmesini sa\u011flar. Her cam kavanoz, kal\u0131n do\u011fal mantar kapak, k\u00fc\u00e7\u00fck bir tahta ka\u015f\u0131k ve kavanozun yan taraf\u0131na ustaca yerle\u015ftirilmi\u015f k\u00fc\u00e7\u00fck ka\u015f\u0131k tutucu ile birlikte gelir.<\/p>\n<p>Bu iyi d\u00fc\u015f\u00fcn\u00fclm\u00fc\u015f yap\u0131, bu baharat saklama kaplar\u0131n\u0131 yemek pi\u015firme, f\u0131r\u0131nlama ve baharatlama gibi g\u00fcnl\u00fck kullan\u0131mlar i\u00e7in pratik hale getiriyor. Ayr\u0131ca hediye seti, baharat koleksiyonu veya premium g\u0131da markalar\u0131 i\u00e7in dekoratif cam ambalaj \u00e7\u00f6z\u00fcmlerinden biri olarak da kullan\u0131labilir.<\/p>\n<h2>Temel \u00d6zellikler<\/h2>\n<table style=\"border-collapse: collapse; width: 80%; margin-left: auto; margin-right: auto;\" border=\"0\" width=\"80%\" cellspacing=\"0\" cellpadding=\"0\">\n<tbody>\n<tr style=\"height: 13.50pt;\">\n<td style=\"height: 13.50pt; width: 110.25pt;\" width=\"147\" height=\"18\">\u00dcr\u00fcn Tipi<\/td>\n<td style=\"width: 455.25pt;\" width=\"607\">Ah\u015fap kapakl\u0131 ve ka\u015f\u0131kl\u0131 cam kavanoz<\/td>\n<\/tr>\n<tr style=\"height: 13.50pt;\">\n<td style=\"height: 13.50pt;\" height=\"18\">Malzeme<\/td>\n<td>Kur\u015funsuz soda-kire\u00e7 cam\u0131 + do\u011fal ah\u015fap ka\u015f\u0131k + kal\u0131n mantar kapak<\/td>\n<\/tr>\n<tr style=\"height: 13.50pt;\">\n<td style=\"height: 13.50pt;\" height=\"18\">Kapasite<\/td>\n<td>250 ml \/ 10 oz<\/td>\n<\/tr>\n<tr style=\"height: 13.50pt;\">\n<td style=\"height: 13.50pt;\" height=\"18\">\u015eekil<\/td>\n<td>Yuvarlak cam kavanoz<\/td>\n<\/tr>\n<tr style=\"height: 13.50pt;\">\n<td style=\"height: 13.50pt;\" height=\"18\">Aksesuarlar<\/td>\n<td>Mantar kapak, tahta ka\u015f\u0131k, etiket (\u00f6zel se\u00e7enek mevcuttur)<\/td>\n<\/tr>\n<tr style=\"height: 13.50pt;\">\n<td style=\"height: 13.50pt;\" height=\"18\">Paketleme<\/td>\n<td>Set\/karton ba\u015f\u0131na 12 kavanoz<\/td>\n<\/tr>\n<tr style=\"height: 13.50pt;\">\n<td style=\"height: 13.50pt;\" height=\"18\">Ba\u015fvuru<\/td>\n<td>Baharat kaplar\u0131, \u015feker kavanozu, \u00e7e\u015fni saklama kaplar\u0131, baharat kavanozu<\/td>\n<\/tr>\n<tr style=\"height: 13.50pt;\">\n<td style=\"height: 13.50pt;\" height=\"18\">Tedarik Modu<\/td>\n<td>\u00dcreticiden toptan, toplu ve \u00f6zel tasar\u0131m cam ambalajlar.<\/td>\n<\/tr>\n<tr style=\"height: 13.50pt;\">\n<td style=\"height: 13.50pt;\" height=\"18\">Lojistik<\/td>\n<td>G\u00fcvenli sevkiyat ve k\u00fcresel teslimat i\u00e7in ihracata haz\u0131r ambalaj.<\/td>\n<\/tr>\n<\/tbody>\n<\/table>\n<h2>Ba\u015fl\u0131ca \u00d6zellikler<\/h2>\n<h3>Entegre Ah\u015fap Ka\u015f\u0131k Tasar\u0131m\u0131<\/h3>\n<p>Her cam baharat kavanozunun i\u00e7inde, kavanozun yan taraf\u0131ndaki tutucuya yerle\u015ftirilen do\u011fal ah\u015fap bir ka\u015f\u0131k bulunur; bu da yemek pi\u015firirken baharat, \u015feker veya biberi kolayca alman\u0131z\u0131 sa\u011flar.<\/p>\n<h3>Do\u011fal Mantar Kapak Contas\u0131<\/h3>\n<p>Kal\u0131n mantar kapak, do\u011fal bir kapak astar\u0131 g\u00f6revi g\u00f6rerek kuru g\u0131da malzemelerini korumaya yard\u0131mc\u0131 olurken, sade ve \u00e7evre dostu bir tasar\u0131m\u0131 da korur.<\/p>\n<h3>\u00dcst\u00fcn Kalite \u015eeffaf Cam Ekran<\/h3>\n<p>\u015eeffaf, yuvarlak cam \u015fi\u015fe, baharatlar\u0131n rengini ve dokusunu \u00f6n plana \u00e7\u0131kararak, perakende cam kavanoz koleksiyonlar\u0131, gurme mutfaklar veya markal\u0131 hediye setleri i\u00e7in m\u00fckemmel bir se\u00e7im haline geliyor.<\/p>\n<h2>Ba\u015far\u0131l\u0131 B2B Vakas\u0131<\/h2>\n<p>Kanada&#039;da faaliyet g\u00f6steren \u00f6zel bir gurme baharat markas\u0131, birinci s\u0131n\u0131f bitki ve baharat kar\u0131\u015f\u0131mlar\u0131n\u0131 paketlemek i\u00e7in benzersiz cam baharat kavanozlar\u0131 ar\u0131yordu. \u015eirket, \u00fcst d\u00fczey mutfak merakl\u0131lar\u0131n\u0131 hedefleyen \u00f6zel etiketli bir g\u0131da markas\u0131 ve \u00e7evrimi\u00e7i perakendeci olarak faaliyet g\u00f6stermektedir.<\/p>\n<p>\u0130lk etapta 12.000 adet cam kavanozdan olu\u015fan toptan bir sipari\u015f verdiler ve ana ambalaj format\u0131 olarak ah\u015fap kapakl\u0131 250 ml&#039;lik cam kavanozu se\u00e7tiler. M\u00fc\u015fteri, a\u015fa\u011f\u0131dakiler de dahil olmak \u00fczere \u00e7e\u015fitli \u00f6zel se\u00e7enekler talep etti:<\/p>\n<ul>\n<li>Marka kimliklerini ta\u015f\u0131yan bas\u0131l\u0131 etiketler.<\/li>\n<li>Perakende te\u015fhir i\u00e7in \u00f6zel katalog ambalaj seti.<\/li>\n<li>Markal\u0131 ah\u015fap ka\u015f\u0131k grav\u00fcr\u00fc<\/li>\n<\/ul>\n<p>\u00dcr\u00fcn serisi piyasaya s\u00fcr\u00fcld\u00fckten sonra, g\u00f6rsel olarak dikkat \u00e7ekici cam baharat kaplar\u0131, raf \u00e7ekicili\u011fini ve \u00e7evrimi\u00e7i d\u00f6n\u00fc\u015f\u00fcm oranlar\u0131n\u0131 \u00f6nemli \u00f6l\u00e7\u00fcde art\u0131rd\u0131. Sekiz ay i\u00e7inde, baharat serisinin sat\u0131\u015flar\u0131nda &#039;l\u0131k bir art\u0131\u015f g\u00f6r\u00fcld\u00fc ve m\u00fc\u015fteri, 20.000 kavanozluk tekrar sipari\u015fi vererek ambalaj\u0131 aromal\u0131 ya\u011f ve gurme biber kar\u0131\u015f\u0131mlar\u0131n\u0131 da i\u00e7erecek \u015fekilde geni\u015fletti.<\/p>\n<h2>B2B Uygulamalar\u0131 i\u00e7in \u00d6zelle\u015ftirme \u00d6nerileri<\/h2>\n<ol>\n<li><strong>\u00d6zel Etiket Markalama<\/strong>\u00d6zel etiketler, logo bask\u0131s\u0131 veya oyma ah\u015fap ka\u015f\u0131klar ekleyerek g\u0131da markalar\u0131n\u0131z i\u00e7in \u00f6zg\u00fcn cam baharat kavanozlar\u0131 olu\u015fturun.<\/li>\n<li><strong>Perakende Hediye Seti Ambalaj\u0131<\/strong>: E-ticaret ve gurme ma\u011fazalar\u0131na y\u00f6nelik baharat koleksiyonlar\u0131 veya mutfak hediye paketleri i\u00e7in \u00e7oklu kavanoz setleri geli\u015ftirin.<\/li>\n<li><strong>\u0130\u015flevsel Aksesuar Se\u00e7enekleri<\/strong>Farkl\u0131 kapaklar, i\u00e7 astarlar veya \u00e7alkalama ba\u015fl\u0131klar\u0131 sunarak kavanozu tuz, karabiber, otlar veya baharat tozlar\u0131 i\u00e7in \u00e7e\u015fitli baharat kaplar\u0131na d\u00f6n\u00fc\u015ft\u00fcr\u00fcn.<\/li>\n<\/ol>","protected":false},"excerpt":{"rendered":"<p>Ah\u015fap kapakl\u0131 ve ka\u015f\u0131kl\u0131, dayan\u0131kl\u0131 250 ml cam kavanoz. Toptan sat\u0131\u015f, toplu tedarik ve \u00f6zel marka bask\u0131s\u0131 i\u00e7in birinci s\u0131n\u0131f baharat saklama kaplar\u0131.<\/p>","protected":false},"featured_media":25335,"template":"","meta":[],"product_brand":[],"product_cat":[83,124,122,87,20,128],"product_tag":[],"class_list":{"0":"post-16452","1":"product","2":"type-product","3":"status-publish","4":"has-post-thumbnail","6":"product_cat-glass-jars","7":"product_cat-custom-glass-jars","8":"product_cat-custom-glass-packaging","9":"product_cat-food-storage-jars","10":"product_cat-glass-containers","11":"product_cat-spice-jars","13":"first","14":"instock","15":"shipping-taxable","16":"product-type-grouped"},"jetpack_sharing_enabled":true,"_links":{"self":[{"href":"https:\/\/yebodaglass.com\/tr\/wp-json\/wp\/v2\/product\/16452","targetHints":{"allow":["GET"]}}],"collection":[{"href":"https:\/\/yebodaglass.com\/tr\/wp-json\/wp\/v2\/product"}],"about":[{"href":"https:\/\/yebodaglass.com\/tr\/wp-json\/wp\/v2\/types\/product"}],"version-history":[{"count":5,"href":"https:\/\/yebodaglass.com\/tr\/wp-json\/wp\/v2\/product\/16452\/revisions"}],"predecessor-version":[{"id":25339,"href":"https:\/\/yebodaglass.com\/tr\/wp-json\/wp\/v2\/product\/16452\/revisions\/25339"}],"wp:featuredmedia":[{"embeddable":true,"href":"https:\/\/yebodaglass.com\/tr\/wp-json\/wp\/v2\/media\/25335"}],"wp:attachment":[{"href":"https:\/\/yebodaglass.com\/tr\/wp-json\/wp\/v2\/media?parent=16452"}],"wp:term":[{"taxonomy":"product_brand","embeddable":true,"href":"https:\/\/yebodaglass.com\/tr\/wp-json\/wp\/v2\/product_brand?post=16452"},{"taxonomy":"product_cat","embeddable":true,"href":"https:\/\/yebodaglass.com\/tr\/wp-json\/wp\/v2\/product_cat?post=16452"},{"taxonomy":"product_tag","embeddable":true,"href":"https:\/\/yebodaglass.com\/tr\/wp-json\/wp\/v2\/product_tag?post=16452"}],"curies":[{"name":"wp","href":"https:\/\/api.w.org\/{rel}","templated":true}]}}