{"id":16344,"date":"2025-07-08T15:01:59","date_gmt":"2025-07-08T07:01:59","guid":{"rendered":"https:\/\/yebodaglass.com\/?post_type=product&#038;p=16344"},"modified":"2026-03-26T11:46:23","modified_gmt":"2026-03-26T03:46:23","slug":"clear-round-small-glass-flip-top-bottles-for-beverage-bulk","status":"publish","type":"product","link":"https:\/\/yebodaglass.com\/tr\/urun\/clear-round-small-glass-flip-top-bottles-for-beverage-bulk\/","title":{"rendered":"4 oz (118 ml) \u015eeffaf Yuvarlak K\u00fc\u00e7\u00fck Cam Kapakl\u0131 \u0130\u00e7ecek \u015ei\u015feleri (Toptan Sat\u0131\u015f \u0130\u00e7in)"},"content":{"rendered":"<p>Bu cam kapakl\u0131 \u015fi\u015feler camdan yap\u0131lm\u0131\u015f olup, kompakt, pratik ve klasik bir tasar\u0131ma sahiptir. Minimalist, silindirik ve d\u00fcz tabanl\u0131 formu, i\u00e7indeki i\u00e7ece\u011fi (su veya ev yap\u0131m\u0131 \u015furup) m\u00fckemmel bir \u015fekilde sergileyen y\u00fcksek kaliteli \u015feffaf camdan \u00fcretilmi\u015ftir.<\/p>\n<h2>\u00d6ne \u00e7\u0131kanlar<\/h2>\n<ul>\n<li><strong>Hava Ge\u00e7irmez A\u00e7\u0131l\u0131r Kapan\u0131r Kapak:<\/strong> Metal segman ve s\u0131zd\u0131rmazl\u0131k t\u0131pas\u0131, tekrar kullan\u0131labilir ve g\u00fcvenli bir s\u0131zd\u0131rmazl\u0131k sa\u011flar; bu \u00f6zellik, gazl\u0131 i\u00e7eceklerde veya kab\u0131n i\u00e7eri\u011fini korumak i\u00e7in idealdir.<\/li>\n<li><strong>Kompakt Silindirik Tasar\u0131m:<\/strong> K\u00fc\u00e7\u00fck, silindirik cam \u015fi\u015fe kompakt, y\u0131kanmas\u0131 ve ta\u015f\u0131nmas\u0131 kolayd\u0131r.<\/li>\n<li><strong>Y\u00fcksek G\u00f6r\u00fcn\u00fcrl\u00fckl\u00fc \u015eeffaf Cam:<\/strong> \u015eeffaf \u015fi\u015fe, i\u00e7indekileri kolayca g\u00f6zlemlemenize ve seviyeyi takip etmenize yard\u0131mc\u0131 olacakt\u0131r.<\/li>\n<\/ul>\n<h2 style=\"text-align: left;\">Temel \u00d6zellikler<\/h2>\n<table class=\"aligncenter\" style=\"border-collapse: collapse; width: 661.52pt;\" border=\"0\" width=\"882\" cellspacing=\"0\" cellpadding=\"0\">\n<tbody>\n<tr style=\"height: 13.50pt;\">\n<td style=\"height: 13.50pt; width: 206.25pt;\" width=\"275\" height=\"18\">Belirtim \u00d6\u011fesi<\/td>\n<td style=\"width: 455.25pt;\" width=\"607\">Detaylar<\/td>\n<\/tr>\n<tr style=\"height: 13.50pt;\">\n<td style=\"height: 13.50pt;\" height=\"18\">Kapasite<\/td>\n<td>4oz (120ml)<\/td>\n<\/tr>\n<tr style=\"height: 13.50pt;\">\n<td style=\"height: 13.50pt;\" height=\"18\">Paket Boyutlar\u0131<\/td>\n<td>8,9*6,9*6,7 in\u00e7<\/td>\n<\/tr>\n<tr style=\"height: 13.50pt;\">\n<td style=\"height: 13.50pt;\" height=\"18\">Malzeme<\/td>\n<td>Y\u00fcksek kaliteli cam<\/td>\n<\/tr>\n<tr style=\"height: 13.50pt;\">\n<td style=\"height: 13.50pt;\" height=\"18\">Kasa Ba\u015f\u0131na Paketleme Spesifikasyonu<\/td>\n<td>Kasa ba\u015f\u0131na 12 adet<\/td>\n<\/tr>\n<tr style=\"height: 13.50pt;\">\n<td style=\"height: 13.50pt;\" height=\"18\">\u015ei\u015fe \u00d6zelli\u011fi<\/td>\n<td>\u015eeffaf g\u00f6vde, metal kelep\u00e7e tarz\u0131 kapak (k\u0131rm\u0131z\u0131 contal\u0131 beyaz \u00fcst k\u0131s\u0131m)<\/td>\n<\/tr>\n<\/tbody>\n<\/table>\n<h2>Ba\u015far\u0131 \u00d6yk\u00fcs\u00fc: Avrupa&#039;l\u0131 Bir \u00d6zel Kahve Markas\u0131n\u0131n \u00d6zel Sipari\u015fi<\/h2>\n<p>250 ml&#039;lik cam kapakl\u0131 \u015fi\u015felerimiz, Danimarkal\u0131 bir \u00f6zel kahve kavurma firmas\u0131 taraf\u0131ndan se\u00e7ildi ve daha sonra lazerle \u00fczerlerine kahve bitkisi deseni i\u015flendi. So\u011fuk demleme espressolar\u0131 bu \u00f6zel \u015fi\u015feyle kullan\u0131lmak \u00fczere tasarland\u0131: hava ge\u00e7irmez conta, \u00fcr\u00fcn\u00fcn perakende so\u011futmal\u0131 vitrinlerdeki raf \u00f6mr\u00fcn\u00fc oran\u0131nda uzatma avantaj\u0131na sahip. \u015eeffaf cam, konsantrenin rengini yans\u0131t\u0131yor ve bu da ani sat\u0131n al\u0131mlar\u0131 d\u00f6rtte bir oran\u0131nda art\u0131rd\u0131\u011f\u0131n\u0131 s\u00f6yl\u00fcyorlar. Bu ba\u015far\u0131n\u0131n ard\u0131ndan, haz\u0131r i\u00e7ilebilir kokteyl kahve \u015furuplar\u0131 ve \u00e7ay i\u00e7eceklerinden olu\u015fan ba\u015fka bir \u00fcr\u00fcn yelpazesi sunmak i\u00e7in 480.000 \u015fi\u015fe daha sipari\u015f ettiler.<\/p>\n<h2>Kapakl\u0131 \u015ei\u015felerin Ki\u015fiselle\u015ftirilmesi<\/h2>\n<ul>\n<li>Kanca ve Stoper Renk Se\u00e7enekleri: Markan\u0131za uygun g\u00f6r\u00fcn\u00fcm\u00fc yaratmak i\u00e7in \u00e7e\u015fitli metal kanca kaplamalar\u0131 (bak\u0131r, pirin\u00e7, mat siyah) ve \u00e7e\u015fitli stoper renkleri sunuyoruz.<\/li>\n<li>Kare Tasar\u0131m: Raflar\u0131n stabilitesini art\u0131ran ve \u00fcr\u00fcnlere \u00f6zg\u00fcn bir g\u00f6r\u00fcn\u00fcm kazand\u0131ran, yerden tasarruf sa\u011flayan, \u00e7a\u011fda\u015f kare vidal\u0131 kapakl\u0131 \u015fi\u015feler tasarlanm\u0131\u015ft\u0131r.<\/li>\n<li>Entegre E\u011fimler: Konsantre veya bile\u015fen miktar\u0131n\u0131n daha hassas \u00f6l\u00e7\u00fclmesi gerekti\u011finde (\u00f6rne\u011fin kahve, kokteyller) kullan\u0131lmak \u00fczere kal\u0131c\u0131 bask\u0131l\u0131 e\u011fimler i\u00e7erir.<\/li>\n<\/ul>","protected":false},"excerpt":{"rendered":"<p>G\u00fc\u00e7l\u00fc metal kelep\u00e7eli ve hava ge\u00e7irmez contal\u0131 k\u00fc\u00e7\u00fck cam kapakl\u0131 \u015fi\u015feler. Kapakl\u0131 \u015fi\u015feler i\u00e7eri\u011fi taze tutar. H\u0131zl\u0131 global teslimat hizmetiyle stokta mevcuttur.<\/p>","protected":false},"featured_media":17307,"template":"","meta":[],"product_brand":[],"product_cat":[81,80,20],"product_tag":[],"class_list":{"0":"post-16344","1":"product","2":"type-product","3":"status-publish","4":"has-post-thumbnail","6":"product_cat-flip-top-bottles","7":"product_cat-glass-bottles","8":"product_cat-glass-containers","10":"first","11":"instock","12":"shipping-taxable","13":"product-type-grouped"},"jetpack_sharing_enabled":true,"_links":{"self":[{"href":"https:\/\/yebodaglass.com\/tr\/wp-json\/wp\/v2\/product\/16344","targetHints":{"allow":["GET"]}}],"collection":[{"href":"https:\/\/yebodaglass.com\/tr\/wp-json\/wp\/v2\/product"}],"about":[{"href":"https:\/\/yebodaglass.com\/tr\/wp-json\/wp\/v2\/types\/product"}],"version-history":[{"count":5,"href":"https:\/\/yebodaglass.com\/tr\/wp-json\/wp\/v2\/product\/16344\/revisions"}],"predecessor-version":[{"id":25619,"href":"https:\/\/yebodaglass.com\/tr\/wp-json\/wp\/v2\/product\/16344\/revisions\/25619"}],"wp:featuredmedia":[{"embeddable":true,"href":"https:\/\/yebodaglass.com\/tr\/wp-json\/wp\/v2\/media\/17307"}],"wp:attachment":[{"href":"https:\/\/yebodaglass.com\/tr\/wp-json\/wp\/v2\/media?parent=16344"}],"wp:term":[{"taxonomy":"product_brand","embeddable":true,"href":"https:\/\/yebodaglass.com\/tr\/wp-json\/wp\/v2\/product_brand?post=16344"},{"taxonomy":"product_cat","embeddable":true,"href":"https:\/\/yebodaglass.com\/tr\/wp-json\/wp\/v2\/product_cat?post=16344"},{"taxonomy":"product_tag","embeddable":true,"href":"https:\/\/yebodaglass.com\/tr\/wp-json\/wp\/v2\/product_tag?post=16344"}],"curies":[{"name":"wp","href":"https:\/\/api.w.org\/{rel}","templated":true}]}}